{"id":16303,"date":"2021-10-11T22:05:56","date_gmt":"2021-10-11T19:05:56","guid":{"rendered":"https:\/\/vinilozona.lt\/?post_type=product&#038;p=16303"},"modified":"2025-03-13T17:10:00","modified_gmt":"2025-03-13T15:10:00","slug":"madonna-whos-that-girl-original-motion-picture-soundtrack","status":"publish","type":"product","link":"https:\/\/vinilozona.lt\/en\/parduotuve\/rock-pop\/madonna-whos-that-girl-original-motion-picture-soundtrack\/","title":{"rendered":"Madonna \u2013 Who&#8217;s That Girl (Original Motion Picture Soundtrack)"},"content":{"rendered":"<p>A1\tMadonna\u2013\tWho&#8217;s That Girl 3:58<br \/>\nA2\tMadonna\u2013\tCausing A Commotion 4:20<br \/>\nA3\tMadonna\u2013\tThe Look Of Love 4:03<br \/>\nA4\tDuncan Faure\u2013\t24 Hours 3:38<br \/>\nA5\tClub Nouveau\u2013\tStep By Step 4:43<br \/>\nB1\tMichael Davidson\u2013\tTurn It Up 3:56<br \/>\nB2\tScritti Politti\u2013\tBest Thing Ever 3:51<br \/>\nB3\tMadonna\u2013\tCan&#8217;t Stop 4:45<br \/>\nB4\tCoati Mundi\u2013\tEl Coco Loco (So So Bad) 6:22<\/p>","protected":false},"excerpt":{"rendered":"<p>92 56111<\/p>","protected":false},"featured_media":16305,"template":"","meta":[],"product_cat":[15],"product_tag":[55],"yoast_head":"<!-- This site is optimized with the Yoast SEO plugin v23.5 - https:\/\/yoast.com\/wordpress\/plugins\/seo\/ -->\n<title>Madonna \u2013 Who&#039;s That Girl (Original Motion Picture Soundtrack) Vinilin\u0117 Plok\u0161tel\u0117 | Vinilozona.lt<\/title>\n<meta name=\"robots\" content=\"index, follow, max-snippet:-1, max-image-preview:large, max-video-preview:-1\" \/>\n<link rel=\"canonical\" href=\"https:\/\/vinilozona.lt\/en\/parduotuve\/rock-pop\/madonna-whos-that-girl-original-motion-picture-soundtrack\/\" \/>\n<meta property=\"og:locale\" content=\"en_GB\" \/>\n<meta property=\"og:type\" content=\"article\" \/>\n<meta property=\"og:title\" content=\"Madonna \u2013 Who&#039;s That Girl (Original Motion Picture Soundtrack) Vinilin\u0117 Plok\u0161tel\u0117 | Vinilozona.lt\" \/>\n<meta property=\"og:description\" content=\"92 56111\" \/>\n<meta property=\"og:url\" content=\"https:\/\/vinilozona.lt\/en\/parduotuve\/rock-pop\/madonna-whos-that-girl-original-motion-picture-soundtrack\/\" \/>\n<meta property=\"og:site_name\" content=\"Vinilo Zona\" \/>\n<meta property=\"article:modified_time\" content=\"2025-03-13T15:10:00+00:00\" \/>\n<meta property=\"og:image\" content=\"https:\/\/vinilozona.lt\/wp-content\/uploads\/2021\/10\/R-934649-1366498592-3947.png.jpg\" \/>\n\t<meta property=\"og:image:width\" content=\"600\" \/>\n\t<meta property=\"og:image:height\" content=\"600\" \/>\n\t<meta property=\"og:image:type\" content=\"image\/jpeg\" \/>\n<meta name=\"twitter:card\" content=\"summary_large_image\" \/>\n<script type=\"application\/ld+json\" class=\"yoast-schema-graph\">{\"@context\":\"https:\/\/schema.org\",\"@graph\":[{\"@type\":\"WebPage\",\"@id\":\"https:\/\/vinilozona.lt\/parduotuve\/rock-pop\/madonna-whos-that-girl-original-motion-picture-soundtrack\/\",\"url\":\"https:\/\/vinilozona.lt\/parduotuve\/rock-pop\/madonna-whos-that-girl-original-motion-picture-soundtrack\/\",\"name\":\"Madonna \u2013 Who's That Girl (Original Motion Picture Soundtrack) Vinilin\u0117 Plok\u0161tel\u0117 | Vinilozona.lt\",\"isPartOf\":{\"@id\":\"https:\/\/vinilozona.lt\/#website\"},\"primaryImageOfPage\":{\"@id\":\"https:\/\/vinilozona.lt\/parduotuve\/rock-pop\/madonna-whos-that-girl-original-motion-picture-soundtrack\/#primaryimage\"},\"image\":{\"@id\":\"https:\/\/vinilozona.lt\/parduotuve\/rock-pop\/madonna-whos-that-girl-original-motion-picture-soundtrack\/#primaryimage\"},\"thumbnailUrl\":\"https:\/\/vinilozona.lt\/wp-content\/uploads\/2021\/10\/R-934649-1366498592-3947.png.jpg\",\"datePublished\":\"2021-10-11T19:05:56+00:00\",\"dateModified\":\"2025-03-13T15:10:00+00:00\",\"breadcrumb\":{\"@id\":\"https:\/\/vinilozona.lt\/parduotuve\/rock-pop\/madonna-whos-that-girl-original-motion-picture-soundtrack\/#breadcrumb\"},\"inLanguage\":\"en-GB\",\"potentialAction\":[{\"@type\":\"ReadAction\",\"target\":[\"https:\/\/vinilozona.lt\/parduotuve\/rock-pop\/madonna-whos-that-girl-original-motion-picture-soundtrack\/\"]}]},{\"@type\":\"ImageObject\",\"inLanguage\":\"en-GB\",\"@id\":\"https:\/\/vinilozona.lt\/parduotuve\/rock-pop\/madonna-whos-that-girl-original-motion-picture-soundtrack\/#primaryimage\",\"url\":\"https:\/\/vinilozona.lt\/wp-content\/uploads\/2021\/10\/R-934649-1366498592-3947.png.jpg\",\"contentUrl\":\"https:\/\/vinilozona.lt\/wp-content\/uploads\/2021\/10\/R-934649-1366498592-3947.png.jpg\",\"width\":600,\"height\":600},{\"@type\":\"BreadcrumbList\",\"@id\":\"https:\/\/vinilozona.lt\/parduotuve\/rock-pop\/madonna-whos-that-girl-original-motion-picture-soundtrack\/#breadcrumb\",\"itemListElement\":[{\"@type\":\"ListItem\",\"position\":1,\"name\":\"Home\",\"item\":\"https:\/\/vinilozona.lt\/\"},{\"@type\":\"ListItem\",\"position\":2,\"name\":\"Parduotuv\u0117\",\"item\":\"https:\/\/vinilozona.lt\/parduotuve\/\"},{\"@type\":\"ListItem\",\"position\":3,\"name\":\"Madonna \u2013 Who&#8217;s That Girl (Original Motion Picture Soundtrack)\"}]},{\"@type\":\"WebSite\",\"@id\":\"https:\/\/vinilozona.lt\/#website\",\"url\":\"https:\/\/vinilozona.lt\/\",\"name\":\"Vinilo Zona\",\"description\":\"Nup\u016bsk dulkes ir klausyk LP\",\"potentialAction\":[{\"@type\":\"SearchAction\",\"target\":{\"@type\":\"EntryPoint\",\"urlTemplate\":\"https:\/\/vinilozona.lt\/?s={search_term_string}\"},\"query-input\":{\"@type\":\"PropertyValueSpecification\",\"valueRequired\":true,\"valueName\":\"search_term_string\"}}],\"inLanguage\":\"en-GB\"}]}<\/script>\n<!-- \/ Yoast SEO plugin. -->","yoast_head_json":{"title":"Madonna \u2013 Who's That Girl (Original Motion Picture Soundtrack) Vinilin\u0117 Plok\u0161tel\u0117 | Vinilozona.lt","robots":{"index":"index","follow":"follow","max-snippet":"max-snippet:-1","max-image-preview":"max-image-preview:large","max-video-preview":"max-video-preview:-1"},"canonical":"https:\/\/vinilozona.lt\/en\/parduotuve\/rock-pop\/madonna-whos-that-girl-original-motion-picture-soundtrack\/","og_locale":"en_GB","og_type":"article","og_title":"Madonna \u2013 Who's That Girl (Original Motion Picture Soundtrack) Vinilin\u0117 Plok\u0161tel\u0117 | Vinilozona.lt","og_description":"92 56111","og_url":"https:\/\/vinilozona.lt\/en\/parduotuve\/rock-pop\/madonna-whos-that-girl-original-motion-picture-soundtrack\/","og_site_name":"Vinilo Zona","article_modified_time":"2025-03-13T15:10:00+00:00","og_image":[{"width":600,"height":600,"url":"https:\/\/vinilozona.lt\/wp-content\/uploads\/2021\/10\/R-934649-1366498592-3947.png.jpg","type":"image\/jpeg"}],"twitter_card":"summary_large_image","schema":{"@context":"https:\/\/schema.org","@graph":[{"@type":"WebPage","@id":"https:\/\/vinilozona.lt\/parduotuve\/rock-pop\/madonna-whos-that-girl-original-motion-picture-soundtrack\/","url":"https:\/\/vinilozona.lt\/parduotuve\/rock-pop\/madonna-whos-that-girl-original-motion-picture-soundtrack\/","name":"Madonna \u2013 Who's That Girl (Original Motion Picture Soundtrack) Vinilin\u0117 Plok\u0161tel\u0117 | Vinilozona.lt","isPartOf":{"@id":"https:\/\/vinilozona.lt\/#website"},"primaryImageOfPage":{"@id":"https:\/\/vinilozona.lt\/parduotuve\/rock-pop\/madonna-whos-that-girl-original-motion-picture-soundtrack\/#primaryimage"},"image":{"@id":"https:\/\/vinilozona.lt\/parduotuve\/rock-pop\/madonna-whos-that-girl-original-motion-picture-soundtrack\/#primaryimage"},"thumbnailUrl":"https:\/\/vinilozona.lt\/wp-content\/uploads\/2021\/10\/R-934649-1366498592-3947.png.jpg","datePublished":"2021-10-11T19:05:56+00:00","dateModified":"2025-03-13T15:10:00+00:00","breadcrumb":{"@id":"https:\/\/vinilozona.lt\/parduotuve\/rock-pop\/madonna-whos-that-girl-original-motion-picture-soundtrack\/#breadcrumb"},"inLanguage":"en-GB","potentialAction":[{"@type":"ReadAction","target":["https:\/\/vinilozona.lt\/parduotuve\/rock-pop\/madonna-whos-that-girl-original-motion-picture-soundtrack\/"]}]},{"@type":"ImageObject","inLanguage":"en-GB","@id":"https:\/\/vinilozona.lt\/parduotuve\/rock-pop\/madonna-whos-that-girl-original-motion-picture-soundtrack\/#primaryimage","url":"https:\/\/vinilozona.lt\/wp-content\/uploads\/2021\/10\/R-934649-1366498592-3947.png.jpg","contentUrl":"https:\/\/vinilozona.lt\/wp-content\/uploads\/2021\/10\/R-934649-1366498592-3947.png.jpg","width":600,"height":600},{"@type":"BreadcrumbList","@id":"https:\/\/vinilozona.lt\/parduotuve\/rock-pop\/madonna-whos-that-girl-original-motion-picture-soundtrack\/#breadcrumb","itemListElement":[{"@type":"ListItem","position":1,"name":"Home","item":"https:\/\/vinilozona.lt\/"},{"@type":"ListItem","position":2,"name":"Parduotuv\u0117","item":"https:\/\/vinilozona.lt\/parduotuve\/"},{"@type":"ListItem","position":3,"name":"Madonna \u2013 Who&#8217;s That Girl (Original Motion Picture Soundtrack)"}]},{"@type":"WebSite","@id":"https:\/\/vinilozona.lt\/#website","url":"https:\/\/vinilozona.lt\/","name":"Vinilo Zona","description":"Nup\u016bsk dulkes ir klausyk LP","potentialAction":[{"@type":"SearchAction","target":{"@type":"EntryPoint","urlTemplate":"https:\/\/vinilozona.lt\/?s={search_term_string}"},"query-input":{"@type":"PropertyValueSpecification","valueRequired":true,"valueName":"search_term_string"}}],"inLanguage":"en-GB"}]}},"_links":{"self":[{"href":"https:\/\/vinilozona.lt\/en\/wp-json\/wp\/v2\/product\/16303"}],"collection":[{"href":"https:\/\/vinilozona.lt\/en\/wp-json\/wp\/v2\/product"}],"about":[{"href":"https:\/\/vinilozona.lt\/en\/wp-json\/wp\/v2\/types\/product"}],"wp:featuredmedia":[{"embeddable":true,"href":"https:\/\/vinilozona.lt\/en\/wp-json\/wp\/v2\/media\/16305"}],"wp:attachment":[{"href":"https:\/\/vinilozona.lt\/en\/wp-json\/wp\/v2\/media?parent=16303"}],"wp:term":[{"taxonomy":"product_cat","embeddable":true,"href":"https:\/\/vinilozona.lt\/en\/wp-json\/wp\/v2\/product_cat?post=16303"},{"taxonomy":"product_tag","embeddable":true,"href":"https:\/\/vinilozona.lt\/en\/wp-json\/wp\/v2\/product_tag?post=16303"}],"curies":[{"name":"wp","href":"https:\/\/api.w.org\/{rel}","templated":true}]}}