{"id":16186,"date":"2024-09-21T12:00:14","date_gmt":"2024-09-21T09:00:14","guid":{"rendered":"https:\/\/vinilozona.lt\/?post_type=product&#038;p=16186"},"modified":"2024-09-21T16:32:11","modified_gmt":"2024-09-21T13:32:11","slug":"various-lietuvos-rokas-pradzia","status":"publish","type":"product","link":"https:\/\/vinilozona.lt\/en\/parduotuve\/lietuviska\/various-lietuvos-rokas-pradzia\/","title":{"rendered":"VARIOUS &#8211; LIETUVOS ROKAS: PRAD\u017dIA"},"content":{"rendered":"<p>A pus\u0117<br \/>\nKertukai &#8211; \u012e\u017eanga 1:14<br \/>\nG\u0117li\u0173 vaikai &#8211; G\u0117li\u0173 vaikai 3:29<br \/>\nGintar\u0117liai &#8211; Piev\u0173 Oras 4:00<br \/>\nEglut\u0117s &#8211; \u0160m\u0117klos 2:04<br \/>\nAitvarai &#8211; Kri\u0161tolini\u0173 Pili\u0173 Statyba 2:55<br \/>\nGintar\u0117liai &#8211; Stebis t\u0117tis ir mama 3:10<br \/>\nO.Zacharenkovas, V.Kernagis &#8211; Rie\u0161utai 2:07<br \/>\nKertukai &#8211; Nemunas 2:55<\/p>\n<p>B pus\u0117<br \/>\nNerija &#8211; Dreb\u0117k \u017eemele 2:17<br \/>\nGintar\u0117liai &#8211; \u017dem\u0117s gaudesys 2:58<br \/>\nBit\u0117s &#8211; Oi tu r\u016bta r\u016bta 3:58<br \/>\nKertukai &#8211; Pasvarstyk antela 3:42<br \/>\nG\u0117li\u0173 vaikai &#8211; Neklausk meil\u0117s vardo 3:53<br \/>\nOktava &#8211; \u017dingsniai 5:18<\/p>","protected":false},"excerpt":{"rendered":"<p>Label:\tVinilo Studija \u2013 VS017<br \/>\nSeries:\tLietuvos Pop Roko Muzikos Archyvas \u2013 NR11<br \/>\nFormat:<br \/>\nVinyl, LP, Compilation, Repress<br \/>\nCountry:\tLithuania<br \/>\nReleased:\tDec 20, 2023<\/p>","protected":false},"featured_media":24011,"template":"","meta":[],"product_cat":[19,906,23],"product_tag":[55],"yoast_head":"<!-- This site is optimized with the Yoast SEO plugin v23.5 - https:\/\/yoast.com\/wordpress\/plugins\/seo\/ -->\n<title>VARIOUS - LIETUVOS ROKAS: PRAD\u017dIA Vinilin\u0117 Plok\u0161tel\u0117 | Vinilozona.lt<\/title>\n<meta name=\"robots\" content=\"index, follow, max-snippet:-1, max-image-preview:large, max-video-preview:-1\" \/>\n<link rel=\"canonical\" href=\"https:\/\/vinilozona.lt\/en\/parduotuve\/lietuviska\/various-lietuvos-rokas-pradzia\/\" \/>\n<meta property=\"og:locale\" content=\"en_GB\" \/>\n<meta property=\"og:type\" content=\"article\" \/>\n<meta property=\"og:title\" content=\"VARIOUS - LIETUVOS ROKAS: PRAD\u017dIA Vinilin\u0117 Plok\u0161tel\u0117 | Vinilozona.lt\" \/>\n<meta property=\"og:description\" content=\"Label: Vinilo Studija \u2013 VS017 Series: Lietuvos Pop Roko Muzikos Archyvas \u2013 NR11 Format:  Vinyl, LP, Compilation, Repress Country: Lithuania Released: Dec 20, 2023\" \/>\n<meta property=\"og:url\" content=\"https:\/\/vinilozona.lt\/en\/parduotuve\/lietuviska\/various-lietuvos-rokas-pradzia\/\" \/>\n<meta property=\"og:site_name\" content=\"Vinilo Zona\" \/>\n<meta property=\"article:modified_time\" content=\"2024-09-21T13:32:11+00:00\" \/>\n<meta property=\"og:image\" content=\"https:\/\/vinilozona.lt\/wp-content\/uploads\/2023\/03\/R-29331934-1703794422-2555.jpg\" \/>\n\t<meta property=\"og:image:width\" content=\"600\" \/>\n\t<meta property=\"og:image:height\" content=\"600\" \/>\n\t<meta property=\"og:image:type\" content=\"image\/jpeg\" \/>\n<meta name=\"twitter:card\" content=\"summary_large_image\" \/>\n<script type=\"application\/ld+json\" class=\"yoast-schema-graph\">{\"@context\":\"https:\/\/schema.org\",\"@graph\":[{\"@type\":\"WebPage\",\"@id\":\"https:\/\/vinilozona.lt\/parduotuve\/lietuviska\/various-lietuvos-rokas-pradzia\/\",\"url\":\"https:\/\/vinilozona.lt\/parduotuve\/lietuviska\/various-lietuvos-rokas-pradzia\/\",\"name\":\"VARIOUS - LIETUVOS ROKAS: PRAD\u017dIA Vinilin\u0117 Plok\u0161tel\u0117 | Vinilozona.lt\",\"isPartOf\":{\"@id\":\"https:\/\/vinilozona.lt\/#website\"},\"primaryImageOfPage\":{\"@id\":\"https:\/\/vinilozona.lt\/parduotuve\/lietuviska\/various-lietuvos-rokas-pradzia\/#primaryimage\"},\"image\":{\"@id\":\"https:\/\/vinilozona.lt\/parduotuve\/lietuviska\/various-lietuvos-rokas-pradzia\/#primaryimage\"},\"thumbnailUrl\":\"https:\/\/vinilozona.lt\/wp-content\/uploads\/2023\/03\/R-29331934-1703794422-2555.jpg\",\"datePublished\":\"2024-09-21T09:00:14+00:00\",\"dateModified\":\"2024-09-21T13:32:11+00:00\",\"breadcrumb\":{\"@id\":\"https:\/\/vinilozona.lt\/parduotuve\/lietuviska\/various-lietuvos-rokas-pradzia\/#breadcrumb\"},\"inLanguage\":\"en-GB\",\"potentialAction\":[{\"@type\":\"ReadAction\",\"target\":[\"https:\/\/vinilozona.lt\/parduotuve\/lietuviska\/various-lietuvos-rokas-pradzia\/\"]}]},{\"@type\":\"ImageObject\",\"inLanguage\":\"en-GB\",\"@id\":\"https:\/\/vinilozona.lt\/parduotuve\/lietuviska\/various-lietuvos-rokas-pradzia\/#primaryimage\",\"url\":\"https:\/\/vinilozona.lt\/wp-content\/uploads\/2023\/03\/R-29331934-1703794422-2555.jpg\",\"contentUrl\":\"https:\/\/vinilozona.lt\/wp-content\/uploads\/2023\/03\/R-29331934-1703794422-2555.jpg\",\"width\":600,\"height\":600},{\"@type\":\"BreadcrumbList\",\"@id\":\"https:\/\/vinilozona.lt\/parduotuve\/lietuviska\/various-lietuvos-rokas-pradzia\/#breadcrumb\",\"itemListElement\":[{\"@type\":\"ListItem\",\"position\":1,\"name\":\"Home\",\"item\":\"https:\/\/vinilozona.lt\/\"},{\"@type\":\"ListItem\",\"position\":2,\"name\":\"Parduotuv\u0117\",\"item\":\"https:\/\/vinilozona.lt\/parduotuve\/\"},{\"@type\":\"ListItem\",\"position\":3,\"name\":\"VARIOUS &#8211; LIETUVOS ROKAS: PRAD\u017dIA\"}]},{\"@type\":\"WebSite\",\"@id\":\"https:\/\/vinilozona.lt\/#website\",\"url\":\"https:\/\/vinilozona.lt\/\",\"name\":\"Vinilo Zona\",\"description\":\"Nup\u016bsk dulkes ir klausyk LP\",\"potentialAction\":[{\"@type\":\"SearchAction\",\"target\":{\"@type\":\"EntryPoint\",\"urlTemplate\":\"https:\/\/vinilozona.lt\/?s={search_term_string}\"},\"query-input\":{\"@type\":\"PropertyValueSpecification\",\"valueRequired\":true,\"valueName\":\"search_term_string\"}}],\"inLanguage\":\"en-GB\"}]}<\/script>\n<!-- \/ Yoast SEO plugin. -->","yoast_head_json":{"title":"VARIOUS - LIETUVOS ROKAS: PRAD\u017dIA Vinilin\u0117 Plok\u0161tel\u0117 | Vinilozona.lt","robots":{"index":"index","follow":"follow","max-snippet":"max-snippet:-1","max-image-preview":"max-image-preview:large","max-video-preview":"max-video-preview:-1"},"canonical":"https:\/\/vinilozona.lt\/en\/parduotuve\/lietuviska\/various-lietuvos-rokas-pradzia\/","og_locale":"en_GB","og_type":"article","og_title":"VARIOUS - LIETUVOS ROKAS: PRAD\u017dIA Vinilin\u0117 Plok\u0161tel\u0117 | Vinilozona.lt","og_description":"Label: Vinilo Studija \u2013 VS017 Series: Lietuvos Pop Roko Muzikos Archyvas \u2013 NR11 Format:  Vinyl, LP, Compilation, Repress Country: Lithuania Released: Dec 20, 2023","og_url":"https:\/\/vinilozona.lt\/en\/parduotuve\/lietuviska\/various-lietuvos-rokas-pradzia\/","og_site_name":"Vinilo Zona","article_modified_time":"2024-09-21T13:32:11+00:00","og_image":[{"width":600,"height":600,"url":"https:\/\/vinilozona.lt\/wp-content\/uploads\/2023\/03\/R-29331934-1703794422-2555.jpg","type":"image\/jpeg"}],"twitter_card":"summary_large_image","schema":{"@context":"https:\/\/schema.org","@graph":[{"@type":"WebPage","@id":"https:\/\/vinilozona.lt\/parduotuve\/lietuviska\/various-lietuvos-rokas-pradzia\/","url":"https:\/\/vinilozona.lt\/parduotuve\/lietuviska\/various-lietuvos-rokas-pradzia\/","name":"VARIOUS - LIETUVOS ROKAS: PRAD\u017dIA Vinilin\u0117 Plok\u0161tel\u0117 | Vinilozona.lt","isPartOf":{"@id":"https:\/\/vinilozona.lt\/#website"},"primaryImageOfPage":{"@id":"https:\/\/vinilozona.lt\/parduotuve\/lietuviska\/various-lietuvos-rokas-pradzia\/#primaryimage"},"image":{"@id":"https:\/\/vinilozona.lt\/parduotuve\/lietuviska\/various-lietuvos-rokas-pradzia\/#primaryimage"},"thumbnailUrl":"https:\/\/vinilozona.lt\/wp-content\/uploads\/2023\/03\/R-29331934-1703794422-2555.jpg","datePublished":"2024-09-21T09:00:14+00:00","dateModified":"2024-09-21T13:32:11+00:00","breadcrumb":{"@id":"https:\/\/vinilozona.lt\/parduotuve\/lietuviska\/various-lietuvos-rokas-pradzia\/#breadcrumb"},"inLanguage":"en-GB","potentialAction":[{"@type":"ReadAction","target":["https:\/\/vinilozona.lt\/parduotuve\/lietuviska\/various-lietuvos-rokas-pradzia\/"]}]},{"@type":"ImageObject","inLanguage":"en-GB","@id":"https:\/\/vinilozona.lt\/parduotuve\/lietuviska\/various-lietuvos-rokas-pradzia\/#primaryimage","url":"https:\/\/vinilozona.lt\/wp-content\/uploads\/2023\/03\/R-29331934-1703794422-2555.jpg","contentUrl":"https:\/\/vinilozona.lt\/wp-content\/uploads\/2023\/03\/R-29331934-1703794422-2555.jpg","width":600,"height":600},{"@type":"BreadcrumbList","@id":"https:\/\/vinilozona.lt\/parduotuve\/lietuviska\/various-lietuvos-rokas-pradzia\/#breadcrumb","itemListElement":[{"@type":"ListItem","position":1,"name":"Home","item":"https:\/\/vinilozona.lt\/"},{"@type":"ListItem","position":2,"name":"Parduotuv\u0117","item":"https:\/\/vinilozona.lt\/parduotuve\/"},{"@type":"ListItem","position":3,"name":"VARIOUS &#8211; LIETUVOS ROKAS: PRAD\u017dIA"}]},{"@type":"WebSite","@id":"https:\/\/vinilozona.lt\/#website","url":"https:\/\/vinilozona.lt\/","name":"Vinilo Zona","description":"Nup\u016bsk dulkes ir klausyk LP","potentialAction":[{"@type":"SearchAction","target":{"@type":"EntryPoint","urlTemplate":"https:\/\/vinilozona.lt\/?s={search_term_string}"},"query-input":{"@type":"PropertyValueSpecification","valueRequired":true,"valueName":"search_term_string"}}],"inLanguage":"en-GB"}]}},"_links":{"self":[{"href":"https:\/\/vinilozona.lt\/en\/wp-json\/wp\/v2\/product\/16186"}],"collection":[{"href":"https:\/\/vinilozona.lt\/en\/wp-json\/wp\/v2\/product"}],"about":[{"href":"https:\/\/vinilozona.lt\/en\/wp-json\/wp\/v2\/types\/product"}],"wp:featuredmedia":[{"embeddable":true,"href":"https:\/\/vinilozona.lt\/en\/wp-json\/wp\/v2\/media\/24011"}],"wp:attachment":[{"href":"https:\/\/vinilozona.lt\/en\/wp-json\/wp\/v2\/media?parent=16186"}],"wp:term":[{"taxonomy":"product_cat","embeddable":true,"href":"https:\/\/vinilozona.lt\/en\/wp-json\/wp\/v2\/product_cat?post=16186"},{"taxonomy":"product_tag","embeddable":true,"href":"https:\/\/vinilozona.lt\/en\/wp-json\/wp\/v2\/product_tag?post=16186"}],"curies":[{"name":"wp","href":"https:\/\/api.w.org\/{rel}","templated":true}]}}