{"id":16180,"date":"2022-08-19T11:00:37","date_gmt":"2022-08-19T08:00:37","guid":{"rendered":"https:\/\/vinilozona.lt\/?post_type=product&#038;p=16180"},"modified":"2023-05-10T08:17:53","modified_gmt":"2023-05-10T05:17:53","slug":"black-sabbath-sabbath-bloody-sabbath","status":"publish","type":"product","link":"https:\/\/vinilozona.lt\/en\/parduotuve\/naujos-lp\/black-sabbath-sabbath-bloody-sabbath\/","title":{"rendered":"Black Sabbath \u2013 Sabbath Bloody Sabbath"},"content":{"rendered":"<p>Sabbath Bloody Sabbath\t5:43<br \/>\nA National Acrobat\t6:12<br \/>\nFluff\t4:05<br \/>\nSabbra Cadabra\t5:53<br \/>\nKilling Yourself To Live\t5:39<br \/>\nWho Are You?\t4:10<br \/>\nLooking For Today\t4:58<br \/>\nSpiral Architect\t5:29<\/p>","protected":false},"excerpt":{"rendered":"<p>Label:\tSanctuary \u2013 BMGCAT484, BMG \u2013 BMGCAT484<br \/>\nFormat:\tVinyl, LP, Album, Reissue, Gatefold, 180 Gram<br \/>\nCountry:\tEurope<br \/>\nReleased:\t2020<\/p>","protected":false},"featured_media":16181,"template":"","meta":[],"product_cat":[23],"product_tag":[55],"yoast_head":"<!-- This site is optimized with the Yoast SEO plugin v23.5 - https:\/\/yoast.com\/wordpress\/plugins\/seo\/ -->\n<title>Black Sabbath \u2013 Sabbath Bloody Sabbath Vinilin\u0117 Plok\u0161tel\u0117 | Vinilozona.lt<\/title>\n<meta name=\"robots\" content=\"index, follow, max-snippet:-1, max-image-preview:large, max-video-preview:-1\" \/>\n<link rel=\"canonical\" href=\"https:\/\/vinilozona.lt\/en\/parduotuve\/naujos-lp\/black-sabbath-sabbath-bloody-sabbath\/\" \/>\n<meta property=\"og:locale\" content=\"en_GB\" \/>\n<meta property=\"og:type\" content=\"article\" \/>\n<meta property=\"og:title\" content=\"Black Sabbath \u2013 Sabbath Bloody Sabbath Vinilin\u0117 Plok\u0161tel\u0117 | Vinilozona.lt\" \/>\n<meta property=\"og:description\" content=\"Label: Sanctuary \u2013 BMGCAT484, BMG \u2013 BMGCAT484 Format: Vinyl, LP, Album, Reissue, Gatefold, 180 Gram Country: Europe Released: 2020\" \/>\n<meta property=\"og:url\" content=\"https:\/\/vinilozona.lt\/en\/parduotuve\/naujos-lp\/black-sabbath-sabbath-bloody-sabbath\/\" \/>\n<meta property=\"og:site_name\" content=\"Vinilo Zona\" \/>\n<meta property=\"article:modified_time\" content=\"2023-05-10T05:17:53+00:00\" \/>\n<meta property=\"og:image\" content=\"https:\/\/vinilozona.lt\/wp-content\/uploads\/2021\/10\/R-10898371-1506171583-2135.jpeg.jpg\" \/>\n\t<meta property=\"og:image:width\" content=\"600\" \/>\n\t<meta property=\"og:image:height\" content=\"600\" \/>\n\t<meta property=\"og:image:type\" content=\"image\/jpeg\" \/>\n<meta name=\"twitter:card\" content=\"summary_large_image\" \/>\n<script type=\"application\/ld+json\" class=\"yoast-schema-graph\">{\"@context\":\"https:\/\/schema.org\",\"@graph\":[{\"@type\":\"WebPage\",\"@id\":\"https:\/\/vinilozona.lt\/parduotuve\/naujos-lp\/black-sabbath-sabbath-bloody-sabbath\/\",\"url\":\"https:\/\/vinilozona.lt\/parduotuve\/naujos-lp\/black-sabbath-sabbath-bloody-sabbath\/\",\"name\":\"Black Sabbath \u2013 Sabbath Bloody Sabbath Vinilin\u0117 Plok\u0161tel\u0117 | Vinilozona.lt\",\"isPartOf\":{\"@id\":\"https:\/\/vinilozona.lt\/#website\"},\"primaryImageOfPage\":{\"@id\":\"https:\/\/vinilozona.lt\/parduotuve\/naujos-lp\/black-sabbath-sabbath-bloody-sabbath\/#primaryimage\"},\"image\":{\"@id\":\"https:\/\/vinilozona.lt\/parduotuve\/naujos-lp\/black-sabbath-sabbath-bloody-sabbath\/#primaryimage\"},\"thumbnailUrl\":\"https:\/\/vinilozona.lt\/wp-content\/uploads\/2021\/10\/R-10898371-1506171583-2135.jpeg.jpg\",\"datePublished\":\"2022-08-19T08:00:37+00:00\",\"dateModified\":\"2023-05-10T05:17:53+00:00\",\"breadcrumb\":{\"@id\":\"https:\/\/vinilozona.lt\/parduotuve\/naujos-lp\/black-sabbath-sabbath-bloody-sabbath\/#breadcrumb\"},\"inLanguage\":\"en-GB\",\"potentialAction\":[{\"@type\":\"ReadAction\",\"target\":[\"https:\/\/vinilozona.lt\/parduotuve\/naujos-lp\/black-sabbath-sabbath-bloody-sabbath\/\"]}]},{\"@type\":\"ImageObject\",\"inLanguage\":\"en-GB\",\"@id\":\"https:\/\/vinilozona.lt\/parduotuve\/naujos-lp\/black-sabbath-sabbath-bloody-sabbath\/#primaryimage\",\"url\":\"https:\/\/vinilozona.lt\/wp-content\/uploads\/2021\/10\/R-10898371-1506171583-2135.jpeg.jpg\",\"contentUrl\":\"https:\/\/vinilozona.lt\/wp-content\/uploads\/2021\/10\/R-10898371-1506171583-2135.jpeg.jpg\",\"width\":600,\"height\":600},{\"@type\":\"BreadcrumbList\",\"@id\":\"https:\/\/vinilozona.lt\/parduotuve\/naujos-lp\/black-sabbath-sabbath-bloody-sabbath\/#breadcrumb\",\"itemListElement\":[{\"@type\":\"ListItem\",\"position\":1,\"name\":\"Home\",\"item\":\"https:\/\/vinilozona.lt\/\"},{\"@type\":\"ListItem\",\"position\":2,\"name\":\"Parduotuv\u0117\",\"item\":\"https:\/\/vinilozona.lt\/parduotuve\/\"},{\"@type\":\"ListItem\",\"position\":3,\"name\":\"Black Sabbath \u2013 Sabbath Bloody Sabbath\"}]},{\"@type\":\"WebSite\",\"@id\":\"https:\/\/vinilozona.lt\/#website\",\"url\":\"https:\/\/vinilozona.lt\/\",\"name\":\"Vinilo Zona\",\"description\":\"Nup\u016bsk dulkes ir klausyk LP\",\"potentialAction\":[{\"@type\":\"SearchAction\",\"target\":{\"@type\":\"EntryPoint\",\"urlTemplate\":\"https:\/\/vinilozona.lt\/?s={search_term_string}\"},\"query-input\":{\"@type\":\"PropertyValueSpecification\",\"valueRequired\":true,\"valueName\":\"search_term_string\"}}],\"inLanguage\":\"en-GB\"}]}<\/script>\n<!-- \/ Yoast SEO plugin. -->","yoast_head_json":{"title":"Black Sabbath \u2013 Sabbath Bloody Sabbath Vinilin\u0117 Plok\u0161tel\u0117 | Vinilozona.lt","robots":{"index":"index","follow":"follow","max-snippet":"max-snippet:-1","max-image-preview":"max-image-preview:large","max-video-preview":"max-video-preview:-1"},"canonical":"https:\/\/vinilozona.lt\/en\/parduotuve\/naujos-lp\/black-sabbath-sabbath-bloody-sabbath\/","og_locale":"en_GB","og_type":"article","og_title":"Black Sabbath \u2013 Sabbath Bloody Sabbath Vinilin\u0117 Plok\u0161tel\u0117 | Vinilozona.lt","og_description":"Label: Sanctuary \u2013 BMGCAT484, BMG \u2013 BMGCAT484 Format: Vinyl, LP, Album, Reissue, Gatefold, 180 Gram Country: Europe Released: 2020","og_url":"https:\/\/vinilozona.lt\/en\/parduotuve\/naujos-lp\/black-sabbath-sabbath-bloody-sabbath\/","og_site_name":"Vinilo Zona","article_modified_time":"2023-05-10T05:17:53+00:00","og_image":[{"width":600,"height":600,"url":"https:\/\/vinilozona.lt\/wp-content\/uploads\/2021\/10\/R-10898371-1506171583-2135.jpeg.jpg","type":"image\/jpeg"}],"twitter_card":"summary_large_image","schema":{"@context":"https:\/\/schema.org","@graph":[{"@type":"WebPage","@id":"https:\/\/vinilozona.lt\/parduotuve\/naujos-lp\/black-sabbath-sabbath-bloody-sabbath\/","url":"https:\/\/vinilozona.lt\/parduotuve\/naujos-lp\/black-sabbath-sabbath-bloody-sabbath\/","name":"Black Sabbath \u2013 Sabbath Bloody Sabbath Vinilin\u0117 Plok\u0161tel\u0117 | Vinilozona.lt","isPartOf":{"@id":"https:\/\/vinilozona.lt\/#website"},"primaryImageOfPage":{"@id":"https:\/\/vinilozona.lt\/parduotuve\/naujos-lp\/black-sabbath-sabbath-bloody-sabbath\/#primaryimage"},"image":{"@id":"https:\/\/vinilozona.lt\/parduotuve\/naujos-lp\/black-sabbath-sabbath-bloody-sabbath\/#primaryimage"},"thumbnailUrl":"https:\/\/vinilozona.lt\/wp-content\/uploads\/2021\/10\/R-10898371-1506171583-2135.jpeg.jpg","datePublished":"2022-08-19T08:00:37+00:00","dateModified":"2023-05-10T05:17:53+00:00","breadcrumb":{"@id":"https:\/\/vinilozona.lt\/parduotuve\/naujos-lp\/black-sabbath-sabbath-bloody-sabbath\/#breadcrumb"},"inLanguage":"en-GB","potentialAction":[{"@type":"ReadAction","target":["https:\/\/vinilozona.lt\/parduotuve\/naujos-lp\/black-sabbath-sabbath-bloody-sabbath\/"]}]},{"@type":"ImageObject","inLanguage":"en-GB","@id":"https:\/\/vinilozona.lt\/parduotuve\/naujos-lp\/black-sabbath-sabbath-bloody-sabbath\/#primaryimage","url":"https:\/\/vinilozona.lt\/wp-content\/uploads\/2021\/10\/R-10898371-1506171583-2135.jpeg.jpg","contentUrl":"https:\/\/vinilozona.lt\/wp-content\/uploads\/2021\/10\/R-10898371-1506171583-2135.jpeg.jpg","width":600,"height":600},{"@type":"BreadcrumbList","@id":"https:\/\/vinilozona.lt\/parduotuve\/naujos-lp\/black-sabbath-sabbath-bloody-sabbath\/#breadcrumb","itemListElement":[{"@type":"ListItem","position":1,"name":"Home","item":"https:\/\/vinilozona.lt\/"},{"@type":"ListItem","position":2,"name":"Parduotuv\u0117","item":"https:\/\/vinilozona.lt\/parduotuve\/"},{"@type":"ListItem","position":3,"name":"Black Sabbath \u2013 Sabbath Bloody Sabbath"}]},{"@type":"WebSite","@id":"https:\/\/vinilozona.lt\/#website","url":"https:\/\/vinilozona.lt\/","name":"Vinilo Zona","description":"Nup\u016bsk dulkes ir klausyk LP","potentialAction":[{"@type":"SearchAction","target":{"@type":"EntryPoint","urlTemplate":"https:\/\/vinilozona.lt\/?s={search_term_string}"},"query-input":{"@type":"PropertyValueSpecification","valueRequired":true,"valueName":"search_term_string"}}],"inLanguage":"en-GB"}]}},"_links":{"self":[{"href":"https:\/\/vinilozona.lt\/en\/wp-json\/wp\/v2\/product\/16180"}],"collection":[{"href":"https:\/\/vinilozona.lt\/en\/wp-json\/wp\/v2\/product"}],"about":[{"href":"https:\/\/vinilozona.lt\/en\/wp-json\/wp\/v2\/types\/product"}],"wp:featuredmedia":[{"embeddable":true,"href":"https:\/\/vinilozona.lt\/en\/wp-json\/wp\/v2\/media\/16181"}],"wp:attachment":[{"href":"https:\/\/vinilozona.lt\/en\/wp-json\/wp\/v2\/media?parent=16180"}],"wp:term":[{"taxonomy":"product_cat","embeddable":true,"href":"https:\/\/vinilozona.lt\/en\/wp-json\/wp\/v2\/product_cat?post=16180"},{"taxonomy":"product_tag","embeddable":true,"href":"https:\/\/vinilozona.lt\/en\/wp-json\/wp\/v2\/product_tag?post=16180"}],"curies":[{"name":"wp","href":"https:\/\/api.w.org\/{rel}","templated":true}]}}