{"id":16114,"date":"2023-02-08T11:04:56","date_gmt":"2023-02-08T09:04:56","guid":{"rendered":"https:\/\/vinilozona.lt\/?post_type=product&#038;p=16114"},"modified":"2025-04-17T18:53:14","modified_gmt":"2025-04-17T15:53:14","slug":"various-i-like-no1-oldies-deep-purple-jethro-tull-uriah-heep-kinks-procol-harum","status":"publish","type":"product","link":"https:\/\/vinilozona.lt\/en\/parduotuve\/rock-pop\/various-i-like-no1-oldies-deep-purple-jethro-tull-uriah-heep-kinks-procol-harum\/","title":{"rendered":"Bill Haley &#038; The Comets \u2013 Biggest Hits"},"content":{"rendered":"<p>A1\t\tRock Around The Clock<br \/>\nA2\t\tSkinny Minnie<br \/>\nA3\t\tLing-Ting-Tong<br \/>\nA4\t\tRock The Joint<br \/>\nA5\t\tRock-A-Beatin&#8217; Boogie<br \/>\nB1\t\tSee You Later Alligator<br \/>\nB2\t\tFlip Flop And Fly<br \/>\nB3\t\tLove Letters In The Sand<br \/>\nB4\t\tThe Saints Rock And Roll<br \/>\nB5\t\tShake, Rattle &#038; Roll<\/p>","protected":false},"excerpt":{"rendered":"<p>Grand Prix  \u2013 GP-9945<br \/>\nFormat:<br \/>\nVinyl, LP, Compilation<br \/>\nCountry:\tSweden<br \/>\nReleased:\t1968<\/p>","protected":false},"featured_media":21388,"template":"","meta":[],"product_cat":[15],"product_tag":[44],"yoast_head":"<!-- This site is optimized with the Yoast SEO plugin v23.5 - https:\/\/yoast.com\/wordpress\/plugins\/seo\/ -->\n<title>Bill Haley &amp; The Comets \u2013 Biggest Hits Vinilin\u0117 Plok\u0161tel\u0117 | Vinilozona.lt<\/title>\n<meta name=\"robots\" content=\"index, follow, max-snippet:-1, max-image-preview:large, max-video-preview:-1\" \/>\n<link rel=\"canonical\" href=\"https:\/\/vinilozona.lt\/en\/parduotuve\/rock-pop\/various-i-like-no1-oldies-deep-purple-jethro-tull-uriah-heep-kinks-procol-harum\/\" \/>\n<meta property=\"og:locale\" content=\"en_GB\" \/>\n<meta property=\"og:type\" content=\"article\" \/>\n<meta property=\"og:title\" content=\"Bill Haley &amp; The Comets \u2013 Biggest Hits Vinilin\u0117 Plok\u0161tel\u0117 | Vinilozona.lt\" \/>\n<meta property=\"og:description\" content=\"Grand Prix \u2013 GP-9945 Format:  Vinyl, LP, Compilation Country: Sweden Released: 1968\" \/>\n<meta property=\"og:url\" content=\"https:\/\/vinilozona.lt\/en\/parduotuve\/rock-pop\/various-i-like-no1-oldies-deep-purple-jethro-tull-uriah-heep-kinks-procol-harum\/\" \/>\n<meta property=\"og:site_name\" content=\"Vinilo Zona\" \/>\n<meta property=\"article:modified_time\" content=\"2025-04-17T15:53:14+00:00\" \/>\n<meta property=\"og:image\" content=\"https:\/\/vinilozona.lt\/wp-content\/uploads\/2021\/09\/R-1983881-1582476599-7463.jpg\" \/>\n\t<meta property=\"og:image:width\" content=\"584\" \/>\n\t<meta property=\"og:image:height\" content=\"600\" \/>\n\t<meta property=\"og:image:type\" content=\"image\/jpeg\" \/>\n<meta name=\"twitter:card\" content=\"summary_large_image\" \/>\n<script type=\"application\/ld+json\" class=\"yoast-schema-graph\">{\"@context\":\"https:\/\/schema.org\",\"@graph\":[{\"@type\":\"WebPage\",\"@id\":\"https:\/\/vinilozona.lt\/parduotuve\/rock-pop\/various-i-like-no1-oldies-deep-purple-jethro-tull-uriah-heep-kinks-procol-harum\/\",\"url\":\"https:\/\/vinilozona.lt\/parduotuve\/rock-pop\/various-i-like-no1-oldies-deep-purple-jethro-tull-uriah-heep-kinks-procol-harum\/\",\"name\":\"Bill Haley & The Comets \u2013 Biggest Hits Vinilin\u0117 Plok\u0161tel\u0117 | Vinilozona.lt\",\"isPartOf\":{\"@id\":\"https:\/\/vinilozona.lt\/#website\"},\"primaryImageOfPage\":{\"@id\":\"https:\/\/vinilozona.lt\/parduotuve\/rock-pop\/various-i-like-no1-oldies-deep-purple-jethro-tull-uriah-heep-kinks-procol-harum\/#primaryimage\"},\"image\":{\"@id\":\"https:\/\/vinilozona.lt\/parduotuve\/rock-pop\/various-i-like-no1-oldies-deep-purple-jethro-tull-uriah-heep-kinks-procol-harum\/#primaryimage\"},\"thumbnailUrl\":\"https:\/\/vinilozona.lt\/wp-content\/uploads\/2021\/09\/R-1983881-1582476599-7463.jpg\",\"datePublished\":\"2023-02-08T09:04:56+00:00\",\"dateModified\":\"2025-04-17T15:53:14+00:00\",\"breadcrumb\":{\"@id\":\"https:\/\/vinilozona.lt\/parduotuve\/rock-pop\/various-i-like-no1-oldies-deep-purple-jethro-tull-uriah-heep-kinks-procol-harum\/#breadcrumb\"},\"inLanguage\":\"en-GB\",\"potentialAction\":[{\"@type\":\"ReadAction\",\"target\":[\"https:\/\/vinilozona.lt\/parduotuve\/rock-pop\/various-i-like-no1-oldies-deep-purple-jethro-tull-uriah-heep-kinks-procol-harum\/\"]}]},{\"@type\":\"ImageObject\",\"inLanguage\":\"en-GB\",\"@id\":\"https:\/\/vinilozona.lt\/parduotuve\/rock-pop\/various-i-like-no1-oldies-deep-purple-jethro-tull-uriah-heep-kinks-procol-harum\/#primaryimage\",\"url\":\"https:\/\/vinilozona.lt\/wp-content\/uploads\/2021\/09\/R-1983881-1582476599-7463.jpg\",\"contentUrl\":\"https:\/\/vinilozona.lt\/wp-content\/uploads\/2021\/09\/R-1983881-1582476599-7463.jpg\",\"width\":584,\"height\":600},{\"@type\":\"BreadcrumbList\",\"@id\":\"https:\/\/vinilozona.lt\/parduotuve\/rock-pop\/various-i-like-no1-oldies-deep-purple-jethro-tull-uriah-heep-kinks-procol-harum\/#breadcrumb\",\"itemListElement\":[{\"@type\":\"ListItem\",\"position\":1,\"name\":\"Home\",\"item\":\"https:\/\/vinilozona.lt\/\"},{\"@type\":\"ListItem\",\"position\":2,\"name\":\"Parduotuv\u0117\",\"item\":\"https:\/\/vinilozona.lt\/parduotuve\/\"},{\"@type\":\"ListItem\",\"position\":3,\"name\":\"Bill Haley &#038; The Comets \u2013 Biggest Hits\"}]},{\"@type\":\"WebSite\",\"@id\":\"https:\/\/vinilozona.lt\/#website\",\"url\":\"https:\/\/vinilozona.lt\/\",\"name\":\"Vinilo Zona\",\"description\":\"Nup\u016bsk dulkes ir klausyk LP\",\"potentialAction\":[{\"@type\":\"SearchAction\",\"target\":{\"@type\":\"EntryPoint\",\"urlTemplate\":\"https:\/\/vinilozona.lt\/?s={search_term_string}\"},\"query-input\":{\"@type\":\"PropertyValueSpecification\",\"valueRequired\":true,\"valueName\":\"search_term_string\"}}],\"inLanguage\":\"en-GB\"}]}<\/script>\n<!-- \/ Yoast SEO plugin. -->","yoast_head_json":{"title":"Bill Haley & The Comets \u2013 Biggest Hits Vinilin\u0117 Plok\u0161tel\u0117 | Vinilozona.lt","robots":{"index":"index","follow":"follow","max-snippet":"max-snippet:-1","max-image-preview":"max-image-preview:large","max-video-preview":"max-video-preview:-1"},"canonical":"https:\/\/vinilozona.lt\/en\/parduotuve\/rock-pop\/various-i-like-no1-oldies-deep-purple-jethro-tull-uriah-heep-kinks-procol-harum\/","og_locale":"en_GB","og_type":"article","og_title":"Bill Haley & The Comets \u2013 Biggest Hits Vinilin\u0117 Plok\u0161tel\u0117 | Vinilozona.lt","og_description":"Grand Prix \u2013 GP-9945 Format:  Vinyl, LP, Compilation Country: Sweden Released: 1968","og_url":"https:\/\/vinilozona.lt\/en\/parduotuve\/rock-pop\/various-i-like-no1-oldies-deep-purple-jethro-tull-uriah-heep-kinks-procol-harum\/","og_site_name":"Vinilo Zona","article_modified_time":"2025-04-17T15:53:14+00:00","og_image":[{"width":584,"height":600,"url":"https:\/\/vinilozona.lt\/wp-content\/uploads\/2021\/09\/R-1983881-1582476599-7463.jpg","type":"image\/jpeg"}],"twitter_card":"summary_large_image","schema":{"@context":"https:\/\/schema.org","@graph":[{"@type":"WebPage","@id":"https:\/\/vinilozona.lt\/parduotuve\/rock-pop\/various-i-like-no1-oldies-deep-purple-jethro-tull-uriah-heep-kinks-procol-harum\/","url":"https:\/\/vinilozona.lt\/parduotuve\/rock-pop\/various-i-like-no1-oldies-deep-purple-jethro-tull-uriah-heep-kinks-procol-harum\/","name":"Bill Haley & The Comets \u2013 Biggest Hits Vinilin\u0117 Plok\u0161tel\u0117 | Vinilozona.lt","isPartOf":{"@id":"https:\/\/vinilozona.lt\/#website"},"primaryImageOfPage":{"@id":"https:\/\/vinilozona.lt\/parduotuve\/rock-pop\/various-i-like-no1-oldies-deep-purple-jethro-tull-uriah-heep-kinks-procol-harum\/#primaryimage"},"image":{"@id":"https:\/\/vinilozona.lt\/parduotuve\/rock-pop\/various-i-like-no1-oldies-deep-purple-jethro-tull-uriah-heep-kinks-procol-harum\/#primaryimage"},"thumbnailUrl":"https:\/\/vinilozona.lt\/wp-content\/uploads\/2021\/09\/R-1983881-1582476599-7463.jpg","datePublished":"2023-02-08T09:04:56+00:00","dateModified":"2025-04-17T15:53:14+00:00","breadcrumb":{"@id":"https:\/\/vinilozona.lt\/parduotuve\/rock-pop\/various-i-like-no1-oldies-deep-purple-jethro-tull-uriah-heep-kinks-procol-harum\/#breadcrumb"},"inLanguage":"en-GB","potentialAction":[{"@type":"ReadAction","target":["https:\/\/vinilozona.lt\/parduotuve\/rock-pop\/various-i-like-no1-oldies-deep-purple-jethro-tull-uriah-heep-kinks-procol-harum\/"]}]},{"@type":"ImageObject","inLanguage":"en-GB","@id":"https:\/\/vinilozona.lt\/parduotuve\/rock-pop\/various-i-like-no1-oldies-deep-purple-jethro-tull-uriah-heep-kinks-procol-harum\/#primaryimage","url":"https:\/\/vinilozona.lt\/wp-content\/uploads\/2021\/09\/R-1983881-1582476599-7463.jpg","contentUrl":"https:\/\/vinilozona.lt\/wp-content\/uploads\/2021\/09\/R-1983881-1582476599-7463.jpg","width":584,"height":600},{"@type":"BreadcrumbList","@id":"https:\/\/vinilozona.lt\/parduotuve\/rock-pop\/various-i-like-no1-oldies-deep-purple-jethro-tull-uriah-heep-kinks-procol-harum\/#breadcrumb","itemListElement":[{"@type":"ListItem","position":1,"name":"Home","item":"https:\/\/vinilozona.lt\/"},{"@type":"ListItem","position":2,"name":"Parduotuv\u0117","item":"https:\/\/vinilozona.lt\/parduotuve\/"},{"@type":"ListItem","position":3,"name":"Bill Haley &#038; The Comets \u2013 Biggest Hits"}]},{"@type":"WebSite","@id":"https:\/\/vinilozona.lt\/#website","url":"https:\/\/vinilozona.lt\/","name":"Vinilo Zona","description":"Nup\u016bsk dulkes ir klausyk LP","potentialAction":[{"@type":"SearchAction","target":{"@type":"EntryPoint","urlTemplate":"https:\/\/vinilozona.lt\/?s={search_term_string}"},"query-input":{"@type":"PropertyValueSpecification","valueRequired":true,"valueName":"search_term_string"}}],"inLanguage":"en-GB"}]}},"_links":{"self":[{"href":"https:\/\/vinilozona.lt\/en\/wp-json\/wp\/v2\/product\/16114"}],"collection":[{"href":"https:\/\/vinilozona.lt\/en\/wp-json\/wp\/v2\/product"}],"about":[{"href":"https:\/\/vinilozona.lt\/en\/wp-json\/wp\/v2\/types\/product"}],"wp:featuredmedia":[{"embeddable":true,"href":"https:\/\/vinilozona.lt\/en\/wp-json\/wp\/v2\/media\/21388"}],"wp:attachment":[{"href":"https:\/\/vinilozona.lt\/en\/wp-json\/wp\/v2\/media?parent=16114"}],"wp:term":[{"taxonomy":"product_cat","embeddable":true,"href":"https:\/\/vinilozona.lt\/en\/wp-json\/wp\/v2\/product_cat?post=16114"},{"taxonomy":"product_tag","embeddable":true,"href":"https:\/\/vinilozona.lt\/en\/wp-json\/wp\/v2\/product_tag?post=16114"}],"curies":[{"name":"wp","href":"https:\/\/api.w.org\/{rel}","templated":true}]}}