{"id":16092,"date":"2023-10-24T05:07:36","date_gmt":"2023-10-24T02:07:36","guid":{"rendered":"https:\/\/vinilozona.lt\/?post_type=product&#038;p=16092"},"modified":"2023-10-21T13:08:21","modified_gmt":"2023-10-21T10:08:21","slug":"various-all-stars","status":"publish","type":"product","link":"https:\/\/vinilozona.lt\/en\/parduotuve\/rock-pop\/various-all-stars\/","title":{"rendered":"Various \u2013 So Heavy It Hurts (DIO, AC\/DC, Manowar, Whitesnake&#8230; )"},"content":{"rendered":"<p>A1\tTwisted Sister\u2013\tMe &#038; The Boys<br \/>\nA2\tEurope \u2013\tSeven Doors Hotel<br \/>\nA3\tPoison \u2013\tI Want Action<br \/>\nA4\tWhitesnake\u2013\tBad Boys<br \/>\nA5\tAnthrax\u2013\tMadhouse<br \/>\nA6\tSamson \u2013\tGo To Hell<br \/>\nA7\tDio \u2013\tOverlove<br \/>\nA8\tMot\u00f6rhead    \u2013\tRock &#8216;N&#8217; Roll<br \/>\nB1\tAC\/DC\u2013\tRock &#8216;N&#8217; Roll Ain&#8217;t Noise Pollution<br \/>\nB2\tTNT \u2013\t10,000 Lovers In One<br \/>\nB3\tWarlock \u2013\tThree Minute Warning<br \/>\nB4\tAccept\u2013\tAiming High<br \/>\nB5\tManowar\u2013\tBlow Your Speakers<br \/>\nB6\tKeel\u2013\tKing Of The Rock<br \/>\nB7\tFaster Pussycat\u2013\tDon&#8217;t Change That Song<br \/>\nB8\tMetal Church\u2013\tTon Of Bricks<br \/>\nB9\tVinnie Vincent Invasion\u2013\tBoyz Are Gonna Rock<\/p>","protected":false},"excerpt":{"rendered":"<p>Dino Music \u2013 DIN 086<br \/>\nFormat:<br \/>\nVinyl, LP, Compilation, Gatefold<br \/>\nCountry:\tAustralia<\/p>","protected":false},"featured_media":23242,"template":"","meta":[],"product_cat":[15,906],"product_tag":[44],"yoast_head":"<!-- This site is optimized with the Yoast SEO plugin v23.5 - https:\/\/yoast.com\/wordpress\/plugins\/seo\/ -->\n<title>Various \u2013 So Heavy It Hurts (DIO, AC\/DC, Manowar, Whitesnake... ) Vinilin\u0117 Plok\u0161tel\u0117 | Vinilozona.lt<\/title>\n<meta name=\"robots\" content=\"index, follow, max-snippet:-1, max-image-preview:large, max-video-preview:-1\" \/>\n<link rel=\"canonical\" href=\"https:\/\/vinilozona.lt\/en\/parduotuve\/rock-pop\/various-all-stars\/\" \/>\n<meta property=\"og:locale\" content=\"en_GB\" \/>\n<meta property=\"og:type\" content=\"article\" \/>\n<meta property=\"og:title\" content=\"Various \u2013 So Heavy It Hurts (DIO, AC\/DC, Manowar, Whitesnake... ) Vinilin\u0117 Plok\u0161tel\u0117 | Vinilozona.lt\" \/>\n<meta property=\"og:description\" content=\"Dino Music \u2013 DIN 086 Format:  Vinyl, LP, Compilation, Gatefold Country: Australia\" \/>\n<meta property=\"og:url\" content=\"https:\/\/vinilozona.lt\/en\/parduotuve\/rock-pop\/various-all-stars\/\" \/>\n<meta property=\"og:site_name\" content=\"Vinilo Zona\" \/>\n<meta property=\"article:modified_time\" content=\"2023-10-21T10:08:21+00:00\" \/>\n<meta property=\"og:image\" content=\"https:\/\/vinilozona.lt\/wp-content\/uploads\/2023\/05\/R-4108590-1355505669-9925.jpg\" \/>\n\t<meta property=\"og:image:width\" content=\"400\" \/>\n\t<meta property=\"og:image:height\" content=\"395\" \/>\n\t<meta property=\"og:image:type\" content=\"image\/jpeg\" \/>\n<meta name=\"twitter:card\" content=\"summary_large_image\" \/>\n<script type=\"application\/ld+json\" class=\"yoast-schema-graph\">{\"@context\":\"https:\/\/schema.org\",\"@graph\":[{\"@type\":\"WebPage\",\"@id\":\"https:\/\/vinilozona.lt\/parduotuve\/rock-pop\/various-all-stars\/\",\"url\":\"https:\/\/vinilozona.lt\/parduotuve\/rock-pop\/various-all-stars\/\",\"name\":\"Various \u2013 So Heavy It Hurts (DIO, AC\/DC, Manowar, Whitesnake... ) Vinilin\u0117 Plok\u0161tel\u0117 | Vinilozona.lt\",\"isPartOf\":{\"@id\":\"https:\/\/vinilozona.lt\/#website\"},\"primaryImageOfPage\":{\"@id\":\"https:\/\/vinilozona.lt\/parduotuve\/rock-pop\/various-all-stars\/#primaryimage\"},\"image\":{\"@id\":\"https:\/\/vinilozona.lt\/parduotuve\/rock-pop\/various-all-stars\/#primaryimage\"},\"thumbnailUrl\":\"https:\/\/vinilozona.lt\/wp-content\/uploads\/2023\/05\/R-4108590-1355505669-9925.jpg\",\"datePublished\":\"2023-10-24T02:07:36+00:00\",\"dateModified\":\"2023-10-21T10:08:21+00:00\",\"breadcrumb\":{\"@id\":\"https:\/\/vinilozona.lt\/parduotuve\/rock-pop\/various-all-stars\/#breadcrumb\"},\"inLanguage\":\"en-GB\",\"potentialAction\":[{\"@type\":\"ReadAction\",\"target\":[\"https:\/\/vinilozona.lt\/parduotuve\/rock-pop\/various-all-stars\/\"]}]},{\"@type\":\"ImageObject\",\"inLanguage\":\"en-GB\",\"@id\":\"https:\/\/vinilozona.lt\/parduotuve\/rock-pop\/various-all-stars\/#primaryimage\",\"url\":\"https:\/\/vinilozona.lt\/wp-content\/uploads\/2023\/05\/R-4108590-1355505669-9925.jpg\",\"contentUrl\":\"https:\/\/vinilozona.lt\/wp-content\/uploads\/2023\/05\/R-4108590-1355505669-9925.jpg\",\"width\":400,\"height\":395},{\"@type\":\"BreadcrumbList\",\"@id\":\"https:\/\/vinilozona.lt\/parduotuve\/rock-pop\/various-all-stars\/#breadcrumb\",\"itemListElement\":[{\"@type\":\"ListItem\",\"position\":1,\"name\":\"Home\",\"item\":\"https:\/\/vinilozona.lt\/\"},{\"@type\":\"ListItem\",\"position\":2,\"name\":\"Parduotuv\u0117\",\"item\":\"https:\/\/vinilozona.lt\/parduotuve\/\"},{\"@type\":\"ListItem\",\"position\":3,\"name\":\"Various \u2013 So Heavy It Hurts (DIO, AC\/DC, Manowar, Whitesnake&#8230; )\"}]},{\"@type\":\"WebSite\",\"@id\":\"https:\/\/vinilozona.lt\/#website\",\"url\":\"https:\/\/vinilozona.lt\/\",\"name\":\"Vinilo Zona\",\"description\":\"Nup\u016bsk dulkes ir klausyk LP\",\"potentialAction\":[{\"@type\":\"SearchAction\",\"target\":{\"@type\":\"EntryPoint\",\"urlTemplate\":\"https:\/\/vinilozona.lt\/?s={search_term_string}\"},\"query-input\":{\"@type\":\"PropertyValueSpecification\",\"valueRequired\":true,\"valueName\":\"search_term_string\"}}],\"inLanguage\":\"en-GB\"}]}<\/script>\n<!-- \/ Yoast SEO plugin. -->","yoast_head_json":{"title":"Various \u2013 So Heavy It Hurts (DIO, AC\/DC, Manowar, Whitesnake... ) Vinilin\u0117 Plok\u0161tel\u0117 | Vinilozona.lt","robots":{"index":"index","follow":"follow","max-snippet":"max-snippet:-1","max-image-preview":"max-image-preview:large","max-video-preview":"max-video-preview:-1"},"canonical":"https:\/\/vinilozona.lt\/en\/parduotuve\/rock-pop\/various-all-stars\/","og_locale":"en_GB","og_type":"article","og_title":"Various \u2013 So Heavy It Hurts (DIO, AC\/DC, Manowar, Whitesnake... ) Vinilin\u0117 Plok\u0161tel\u0117 | Vinilozona.lt","og_description":"Dino Music \u2013 DIN 086 Format:  Vinyl, LP, Compilation, Gatefold Country: Australia","og_url":"https:\/\/vinilozona.lt\/en\/parduotuve\/rock-pop\/various-all-stars\/","og_site_name":"Vinilo Zona","article_modified_time":"2023-10-21T10:08:21+00:00","og_image":[{"width":400,"height":395,"url":"https:\/\/vinilozona.lt\/wp-content\/uploads\/2023\/05\/R-4108590-1355505669-9925.jpg","type":"image\/jpeg"}],"twitter_card":"summary_large_image","schema":{"@context":"https:\/\/schema.org","@graph":[{"@type":"WebPage","@id":"https:\/\/vinilozona.lt\/parduotuve\/rock-pop\/various-all-stars\/","url":"https:\/\/vinilozona.lt\/parduotuve\/rock-pop\/various-all-stars\/","name":"Various \u2013 So Heavy It Hurts (DIO, AC\/DC, Manowar, Whitesnake... ) Vinilin\u0117 Plok\u0161tel\u0117 | Vinilozona.lt","isPartOf":{"@id":"https:\/\/vinilozona.lt\/#website"},"primaryImageOfPage":{"@id":"https:\/\/vinilozona.lt\/parduotuve\/rock-pop\/various-all-stars\/#primaryimage"},"image":{"@id":"https:\/\/vinilozona.lt\/parduotuve\/rock-pop\/various-all-stars\/#primaryimage"},"thumbnailUrl":"https:\/\/vinilozona.lt\/wp-content\/uploads\/2023\/05\/R-4108590-1355505669-9925.jpg","datePublished":"2023-10-24T02:07:36+00:00","dateModified":"2023-10-21T10:08:21+00:00","breadcrumb":{"@id":"https:\/\/vinilozona.lt\/parduotuve\/rock-pop\/various-all-stars\/#breadcrumb"},"inLanguage":"en-GB","potentialAction":[{"@type":"ReadAction","target":["https:\/\/vinilozona.lt\/parduotuve\/rock-pop\/various-all-stars\/"]}]},{"@type":"ImageObject","inLanguage":"en-GB","@id":"https:\/\/vinilozona.lt\/parduotuve\/rock-pop\/various-all-stars\/#primaryimage","url":"https:\/\/vinilozona.lt\/wp-content\/uploads\/2023\/05\/R-4108590-1355505669-9925.jpg","contentUrl":"https:\/\/vinilozona.lt\/wp-content\/uploads\/2023\/05\/R-4108590-1355505669-9925.jpg","width":400,"height":395},{"@type":"BreadcrumbList","@id":"https:\/\/vinilozona.lt\/parduotuve\/rock-pop\/various-all-stars\/#breadcrumb","itemListElement":[{"@type":"ListItem","position":1,"name":"Home","item":"https:\/\/vinilozona.lt\/"},{"@type":"ListItem","position":2,"name":"Parduotuv\u0117","item":"https:\/\/vinilozona.lt\/parduotuve\/"},{"@type":"ListItem","position":3,"name":"Various \u2013 So Heavy It Hurts (DIO, AC\/DC, Manowar, Whitesnake&#8230; )"}]},{"@type":"WebSite","@id":"https:\/\/vinilozona.lt\/#website","url":"https:\/\/vinilozona.lt\/","name":"Vinilo Zona","description":"Nup\u016bsk dulkes ir klausyk LP","potentialAction":[{"@type":"SearchAction","target":{"@type":"EntryPoint","urlTemplate":"https:\/\/vinilozona.lt\/?s={search_term_string}"},"query-input":{"@type":"PropertyValueSpecification","valueRequired":true,"valueName":"search_term_string"}}],"inLanguage":"en-GB"}]}},"_links":{"self":[{"href":"https:\/\/vinilozona.lt\/en\/wp-json\/wp\/v2\/product\/16092"}],"collection":[{"href":"https:\/\/vinilozona.lt\/en\/wp-json\/wp\/v2\/product"}],"about":[{"href":"https:\/\/vinilozona.lt\/en\/wp-json\/wp\/v2\/types\/product"}],"wp:featuredmedia":[{"embeddable":true,"href":"https:\/\/vinilozona.lt\/en\/wp-json\/wp\/v2\/media\/23242"}],"wp:attachment":[{"href":"https:\/\/vinilozona.lt\/en\/wp-json\/wp\/v2\/media?parent=16092"}],"wp:term":[{"taxonomy":"product_cat","embeddable":true,"href":"https:\/\/vinilozona.lt\/en\/wp-json\/wp\/v2\/product_cat?post=16092"},{"taxonomy":"product_tag","embeddable":true,"href":"https:\/\/vinilozona.lt\/en\/wp-json\/wp\/v2\/product_tag?post=16092"}],"curies":[{"name":"wp","href":"https:\/\/api.w.org\/{rel}","templated":true}]}}