{"id":16088,"date":"2024-02-19T05:14:10","date_gmt":"2024-02-19T03:14:10","guid":{"rendered":"https:\/\/vinilozona.lt\/?post_type=product&#038;p=16088"},"modified":"2024-02-17T09:19:49","modified_gmt":"2024-02-17T07:19:49","slug":"various-jazz-rocks-miles-davis-weather-report-herbie-hancock-return-to-forever","status":"publish","type":"product","link":"https:\/\/vinilozona.lt\/en\/parduotuve\/rock-pop\/various-jazz-rocks-miles-davis-weather-report-herbie-hancock-return-to-forever\/","title":{"rendered":"Jos\u00e9 Feliciano \u2013 Memphis Menu"},"content":{"rendered":"<p>First Course<br \/>\nA1\t\tMagnolia  3:06<br \/>\nA2\t\tRiver Song  4:23<br \/>\nA3\t\tOne More Mile  3:09<br \/>\nA4\t\tNever Leave You  2:46<br \/>\nA5\t\tTale Of Maria  3:23<br \/>\nSecond Course<br \/>\nB1\t\tIt Doesn&#8217;t Matter  3:59<br \/>\nB2\t\tGood Times  2:54<br \/>\nB3\t\tLay Lady Lay  3:45<br \/>\nB4\t\tWhere Is My Woman  4:25<br \/>\nB5\t\tMovin&#8217;  3:27<\/p>","protected":false},"excerpt":{"rendered":"<p>RCA Victor \u2013 LSP-4656<br \/>\nFormat:<br \/>\nVinyl, LP, Album, Gatefold<br \/>\nCountry:\tUS<br \/>\nReleased:\t1972<\/p>","protected":false},"featured_media":22073,"template":"","meta":[],"product_cat":[15],"product_tag":[44],"yoast_head":"<!-- This site is optimized with the Yoast SEO plugin v23.5 - https:\/\/yoast.com\/wordpress\/plugins\/seo\/ -->\n<title>Jos\u00e9 Feliciano \u2013 Memphis Menu Vinilin\u0117 Plok\u0161tel\u0117 | Vinilozona.lt<\/title>\n<meta name=\"robots\" content=\"index, follow, max-snippet:-1, max-image-preview:large, max-video-preview:-1\" \/>\n<link rel=\"canonical\" href=\"https:\/\/vinilozona.lt\/en\/parduotuve\/rock-pop\/various-jazz-rocks-miles-davis-weather-report-herbie-hancock-return-to-forever\/\" \/>\n<meta property=\"og:locale\" content=\"en_GB\" \/>\n<meta property=\"og:type\" content=\"article\" \/>\n<meta property=\"og:title\" content=\"Jos\u00e9 Feliciano \u2013 Memphis Menu Vinilin\u0117 Plok\u0161tel\u0117 | Vinilozona.lt\" \/>\n<meta property=\"og:description\" content=\"RCA Victor \u2013 LSP-4656 Format:  Vinyl, LP, Album, Gatefold Country: US Released: 1972\" \/>\n<meta property=\"og:url\" content=\"https:\/\/vinilozona.lt\/en\/parduotuve\/rock-pop\/various-jazz-rocks-miles-davis-weather-report-herbie-hancock-return-to-forever\/\" \/>\n<meta property=\"og:site_name\" content=\"Vinilo Zona\" \/>\n<meta property=\"article:modified_time\" content=\"2024-02-17T07:19:49+00:00\" \/>\n<meta property=\"og:image\" content=\"https:\/\/vinilozona.lt\/wp-content\/uploads\/2022\/04\/R-2620528-1538842391-7803.jpg\" \/>\n\t<meta property=\"og:image:width\" content=\"600\" \/>\n\t<meta property=\"og:image:height\" content=\"593\" \/>\n\t<meta property=\"og:image:type\" content=\"image\/jpeg\" \/>\n<meta name=\"twitter:card\" content=\"summary_large_image\" \/>\n<script type=\"application\/ld+json\" class=\"yoast-schema-graph\">{\"@context\":\"https:\/\/schema.org\",\"@graph\":[{\"@type\":\"WebPage\",\"@id\":\"https:\/\/vinilozona.lt\/parduotuve\/rock-pop\/various-jazz-rocks-miles-davis-weather-report-herbie-hancock-return-to-forever\/\",\"url\":\"https:\/\/vinilozona.lt\/parduotuve\/rock-pop\/various-jazz-rocks-miles-davis-weather-report-herbie-hancock-return-to-forever\/\",\"name\":\"Jos\u00e9 Feliciano \u2013 Memphis Menu Vinilin\u0117 Plok\u0161tel\u0117 | Vinilozona.lt\",\"isPartOf\":{\"@id\":\"https:\/\/vinilozona.lt\/#website\"},\"primaryImageOfPage\":{\"@id\":\"https:\/\/vinilozona.lt\/parduotuve\/rock-pop\/various-jazz-rocks-miles-davis-weather-report-herbie-hancock-return-to-forever\/#primaryimage\"},\"image\":{\"@id\":\"https:\/\/vinilozona.lt\/parduotuve\/rock-pop\/various-jazz-rocks-miles-davis-weather-report-herbie-hancock-return-to-forever\/#primaryimage\"},\"thumbnailUrl\":\"https:\/\/vinilozona.lt\/wp-content\/uploads\/2022\/04\/R-2620528-1538842391-7803.jpg\",\"datePublished\":\"2024-02-19T03:14:10+00:00\",\"dateModified\":\"2024-02-17T07:19:49+00:00\",\"breadcrumb\":{\"@id\":\"https:\/\/vinilozona.lt\/parduotuve\/rock-pop\/various-jazz-rocks-miles-davis-weather-report-herbie-hancock-return-to-forever\/#breadcrumb\"},\"inLanguage\":\"en-GB\",\"potentialAction\":[{\"@type\":\"ReadAction\",\"target\":[\"https:\/\/vinilozona.lt\/parduotuve\/rock-pop\/various-jazz-rocks-miles-davis-weather-report-herbie-hancock-return-to-forever\/\"]}]},{\"@type\":\"ImageObject\",\"inLanguage\":\"en-GB\",\"@id\":\"https:\/\/vinilozona.lt\/parduotuve\/rock-pop\/various-jazz-rocks-miles-davis-weather-report-herbie-hancock-return-to-forever\/#primaryimage\",\"url\":\"https:\/\/vinilozona.lt\/wp-content\/uploads\/2022\/04\/R-2620528-1538842391-7803.jpg\",\"contentUrl\":\"https:\/\/vinilozona.lt\/wp-content\/uploads\/2022\/04\/R-2620528-1538842391-7803.jpg\",\"width\":600,\"height\":593},{\"@type\":\"BreadcrumbList\",\"@id\":\"https:\/\/vinilozona.lt\/parduotuve\/rock-pop\/various-jazz-rocks-miles-davis-weather-report-herbie-hancock-return-to-forever\/#breadcrumb\",\"itemListElement\":[{\"@type\":\"ListItem\",\"position\":1,\"name\":\"Home\",\"item\":\"https:\/\/vinilozona.lt\/\"},{\"@type\":\"ListItem\",\"position\":2,\"name\":\"Parduotuv\u0117\",\"item\":\"https:\/\/vinilozona.lt\/parduotuve\/\"},{\"@type\":\"ListItem\",\"position\":3,\"name\":\"Jos\u00e9 Feliciano \u2013 Memphis Menu\"}]},{\"@type\":\"WebSite\",\"@id\":\"https:\/\/vinilozona.lt\/#website\",\"url\":\"https:\/\/vinilozona.lt\/\",\"name\":\"Vinilo Zona\",\"description\":\"Nup\u016bsk dulkes ir klausyk LP\",\"potentialAction\":[{\"@type\":\"SearchAction\",\"target\":{\"@type\":\"EntryPoint\",\"urlTemplate\":\"https:\/\/vinilozona.lt\/?s={search_term_string}\"},\"query-input\":{\"@type\":\"PropertyValueSpecification\",\"valueRequired\":true,\"valueName\":\"search_term_string\"}}],\"inLanguage\":\"en-GB\"}]}<\/script>\n<!-- \/ Yoast SEO plugin. -->","yoast_head_json":{"title":"Jos\u00e9 Feliciano \u2013 Memphis Menu Vinilin\u0117 Plok\u0161tel\u0117 | Vinilozona.lt","robots":{"index":"index","follow":"follow","max-snippet":"max-snippet:-1","max-image-preview":"max-image-preview:large","max-video-preview":"max-video-preview:-1"},"canonical":"https:\/\/vinilozona.lt\/en\/parduotuve\/rock-pop\/various-jazz-rocks-miles-davis-weather-report-herbie-hancock-return-to-forever\/","og_locale":"en_GB","og_type":"article","og_title":"Jos\u00e9 Feliciano \u2013 Memphis Menu Vinilin\u0117 Plok\u0161tel\u0117 | Vinilozona.lt","og_description":"RCA Victor \u2013 LSP-4656 Format:  Vinyl, LP, Album, Gatefold Country: US Released: 1972","og_url":"https:\/\/vinilozona.lt\/en\/parduotuve\/rock-pop\/various-jazz-rocks-miles-davis-weather-report-herbie-hancock-return-to-forever\/","og_site_name":"Vinilo Zona","article_modified_time":"2024-02-17T07:19:49+00:00","og_image":[{"width":600,"height":593,"url":"https:\/\/vinilozona.lt\/wp-content\/uploads\/2022\/04\/R-2620528-1538842391-7803.jpg","type":"image\/jpeg"}],"twitter_card":"summary_large_image","schema":{"@context":"https:\/\/schema.org","@graph":[{"@type":"WebPage","@id":"https:\/\/vinilozona.lt\/parduotuve\/rock-pop\/various-jazz-rocks-miles-davis-weather-report-herbie-hancock-return-to-forever\/","url":"https:\/\/vinilozona.lt\/parduotuve\/rock-pop\/various-jazz-rocks-miles-davis-weather-report-herbie-hancock-return-to-forever\/","name":"Jos\u00e9 Feliciano \u2013 Memphis Menu Vinilin\u0117 Plok\u0161tel\u0117 | Vinilozona.lt","isPartOf":{"@id":"https:\/\/vinilozona.lt\/#website"},"primaryImageOfPage":{"@id":"https:\/\/vinilozona.lt\/parduotuve\/rock-pop\/various-jazz-rocks-miles-davis-weather-report-herbie-hancock-return-to-forever\/#primaryimage"},"image":{"@id":"https:\/\/vinilozona.lt\/parduotuve\/rock-pop\/various-jazz-rocks-miles-davis-weather-report-herbie-hancock-return-to-forever\/#primaryimage"},"thumbnailUrl":"https:\/\/vinilozona.lt\/wp-content\/uploads\/2022\/04\/R-2620528-1538842391-7803.jpg","datePublished":"2024-02-19T03:14:10+00:00","dateModified":"2024-02-17T07:19:49+00:00","breadcrumb":{"@id":"https:\/\/vinilozona.lt\/parduotuve\/rock-pop\/various-jazz-rocks-miles-davis-weather-report-herbie-hancock-return-to-forever\/#breadcrumb"},"inLanguage":"en-GB","potentialAction":[{"@type":"ReadAction","target":["https:\/\/vinilozona.lt\/parduotuve\/rock-pop\/various-jazz-rocks-miles-davis-weather-report-herbie-hancock-return-to-forever\/"]}]},{"@type":"ImageObject","inLanguage":"en-GB","@id":"https:\/\/vinilozona.lt\/parduotuve\/rock-pop\/various-jazz-rocks-miles-davis-weather-report-herbie-hancock-return-to-forever\/#primaryimage","url":"https:\/\/vinilozona.lt\/wp-content\/uploads\/2022\/04\/R-2620528-1538842391-7803.jpg","contentUrl":"https:\/\/vinilozona.lt\/wp-content\/uploads\/2022\/04\/R-2620528-1538842391-7803.jpg","width":600,"height":593},{"@type":"BreadcrumbList","@id":"https:\/\/vinilozona.lt\/parduotuve\/rock-pop\/various-jazz-rocks-miles-davis-weather-report-herbie-hancock-return-to-forever\/#breadcrumb","itemListElement":[{"@type":"ListItem","position":1,"name":"Home","item":"https:\/\/vinilozona.lt\/"},{"@type":"ListItem","position":2,"name":"Parduotuv\u0117","item":"https:\/\/vinilozona.lt\/parduotuve\/"},{"@type":"ListItem","position":3,"name":"Jos\u00e9 Feliciano \u2013 Memphis Menu"}]},{"@type":"WebSite","@id":"https:\/\/vinilozona.lt\/#website","url":"https:\/\/vinilozona.lt\/","name":"Vinilo Zona","description":"Nup\u016bsk dulkes ir klausyk LP","potentialAction":[{"@type":"SearchAction","target":{"@type":"EntryPoint","urlTemplate":"https:\/\/vinilozona.lt\/?s={search_term_string}"},"query-input":{"@type":"PropertyValueSpecification","valueRequired":true,"valueName":"search_term_string"}}],"inLanguage":"en-GB"}]}},"_links":{"self":[{"href":"https:\/\/vinilozona.lt\/en\/wp-json\/wp\/v2\/product\/16088"}],"collection":[{"href":"https:\/\/vinilozona.lt\/en\/wp-json\/wp\/v2\/product"}],"about":[{"href":"https:\/\/vinilozona.lt\/en\/wp-json\/wp\/v2\/types\/product"}],"wp:featuredmedia":[{"embeddable":true,"href":"https:\/\/vinilozona.lt\/en\/wp-json\/wp\/v2\/media\/22073"}],"wp:attachment":[{"href":"https:\/\/vinilozona.lt\/en\/wp-json\/wp\/v2\/media?parent=16088"}],"wp:term":[{"taxonomy":"product_cat","embeddable":true,"href":"https:\/\/vinilozona.lt\/en\/wp-json\/wp\/v2\/product_cat?post=16088"},{"taxonomy":"product_tag","embeddable":true,"href":"https:\/\/vinilozona.lt\/en\/wp-json\/wp\/v2\/product_tag?post=16088"}],"curies":[{"name":"wp","href":"https:\/\/api.w.org\/{rel}","templated":true}]}}