{"id":16075,"date":"2023-03-11T12:04:51","date_gmt":"2023-03-11T10:04:51","guid":{"rendered":"https:\/\/vinilozona.lt\/?post_type=product&#038;p=16075"},"modified":"2023-03-12T19:22:04","modified_gmt":"2023-03-12T17:22:04","slug":"david-willcocks-joseph-haydn-the-kings-college-choir-of-cambridge-heather-harper-robert-tear-john-shirley-quirk-the-academy-of-st-martin-in-the-fields-david-willcocks-the-creation","status":"publish","type":"product","link":"https:\/\/vinilozona.lt\/en\/parduotuve\/classic\/david-willcocks-joseph-haydn-the-kings-college-choir-of-cambridge-heather-harper-robert-tear-john-shirley-quirk-the-academy-of-st-martin-in-the-fields-david-willcocks-the-creation\/","title":{"rendered":"David Willcocks, Joseph Haydn, The King&#8217;s College Choir Of Cambridge, Heather Harper, Robert Tear, John Shirley-Quirk, The Academy Of St. Martin-in-the-Fields, David Willcocks \u2013 The Creation"},"content":{"rendered":"","protected":false},"excerpt":{"rendered":"<p>His Master&#8217;s Voice \u2013 SLS 971 OC 193 \u2080 05538-9, His Master&#8217;s Voice \u2013 SAN.347, His Master&#8217;s Voice \u2013 SAN.348<br \/>\nSeries:<br \/>\nAngel Series \u2013 SLS 971, Stereo Library Series<br \/>\nFormat:<br \/>\n2 x Vinyl, LP, Stereo<br \/>\n2 x Box Set<\/p>","protected":false},"featured_media":0,"template":"","meta":[],"product_cat":[22],"product_tag":[55],"yoast_head":"<!-- This site is optimized with the Yoast SEO plugin v23.5 - https:\/\/yoast.com\/wordpress\/plugins\/seo\/ -->\n<title>David Willcocks, Joseph Haydn, The King&#039;s College Choir Of Cambridge, Heather Harper, Robert Tear, John Shirley-Quirk, The Academy Of St. Martin-in-the-Fields, David Willcocks \u2013 The Creation Vinilin\u0117 Plok\u0161tel\u0117 | Vinilozona.lt<\/title>\n<meta name=\"robots\" content=\"index, follow, max-snippet:-1, max-image-preview:large, max-video-preview:-1\" \/>\n<link rel=\"canonical\" href=\"https:\/\/vinilozona.lt\/en\/parduotuve\/classic\/david-willcocks-joseph-haydn-the-kings-college-choir-of-cambridge-heather-harper-robert-tear-john-shirley-quirk-the-academy-of-st-martin-in-the-fields-david-willcocks-the-creation\/\" \/>\n<meta property=\"og:locale\" content=\"en_GB\" \/>\n<meta property=\"og:type\" content=\"article\" \/>\n<meta property=\"og:title\" content=\"David Willcocks, Joseph Haydn, The King&#039;s College Choir Of Cambridge, Heather Harper, Robert Tear, John Shirley-Quirk, The Academy Of St. Martin-in-the-Fields, David Willcocks \u2013 The Creation Vinilin\u0117 Plok\u0161tel\u0117 | Vinilozona.lt\" \/>\n<meta property=\"og:description\" content=\"His Master&#039;s Voice \u2013 SLS 971 OC 193 \u2080 05538-9, His Master&#039;s Voice \u2013 SAN.347, His Master&#039;s Voice \u2013 SAN.348 Series: Angel Series \u2013 SLS 971, Stereo Library Series Format: 2 x Vinyl, LP, Stereo 2 x Box Set\" \/>\n<meta property=\"og:url\" content=\"https:\/\/vinilozona.lt\/en\/parduotuve\/classic\/david-willcocks-joseph-haydn-the-kings-college-choir-of-cambridge-heather-harper-robert-tear-john-shirley-quirk-the-academy-of-st-martin-in-the-fields-david-willcocks-the-creation\/\" \/>\n<meta property=\"og:site_name\" content=\"Vinilo Zona\" \/>\n<meta property=\"article:modified_time\" content=\"2023-03-12T17:22:04+00:00\" \/>\n<meta name=\"twitter:card\" content=\"summary_large_image\" \/>\n<script type=\"application\/ld+json\" class=\"yoast-schema-graph\">{\"@context\":\"https:\/\/schema.org\",\"@graph\":[{\"@type\":\"WebPage\",\"@id\":\"https:\/\/vinilozona.lt\/parduotuve\/classic\/david-willcocks-joseph-haydn-the-kings-college-choir-of-cambridge-heather-harper-robert-tear-john-shirley-quirk-the-academy-of-st-martin-in-the-fields-david-willcocks-the-creation\/\",\"url\":\"https:\/\/vinilozona.lt\/parduotuve\/classic\/david-willcocks-joseph-haydn-the-kings-college-choir-of-cambridge-heather-harper-robert-tear-john-shirley-quirk-the-academy-of-st-martin-in-the-fields-david-willcocks-the-creation\/\",\"name\":\"David Willcocks, Joseph Haydn, The King's College Choir Of Cambridge, Heather Harper, Robert Tear, John Shirley-Quirk, The Academy Of St. Martin-in-the-Fields, David Willcocks \u2013 The Creation Vinilin\u0117 Plok\u0161tel\u0117 | Vinilozona.lt\",\"isPartOf\":{\"@id\":\"https:\/\/vinilozona.lt\/#website\"},\"datePublished\":\"2023-03-11T10:04:51+00:00\",\"dateModified\":\"2023-03-12T17:22:04+00:00\",\"breadcrumb\":{\"@id\":\"https:\/\/vinilozona.lt\/parduotuve\/classic\/david-willcocks-joseph-haydn-the-kings-college-choir-of-cambridge-heather-harper-robert-tear-john-shirley-quirk-the-academy-of-st-martin-in-the-fields-david-willcocks-the-creation\/#breadcrumb\"},\"inLanguage\":\"en-GB\",\"potentialAction\":[{\"@type\":\"ReadAction\",\"target\":[\"https:\/\/vinilozona.lt\/parduotuve\/classic\/david-willcocks-joseph-haydn-the-kings-college-choir-of-cambridge-heather-harper-robert-tear-john-shirley-quirk-the-academy-of-st-martin-in-the-fields-david-willcocks-the-creation\/\"]}]},{\"@type\":\"BreadcrumbList\",\"@id\":\"https:\/\/vinilozona.lt\/parduotuve\/classic\/david-willcocks-joseph-haydn-the-kings-college-choir-of-cambridge-heather-harper-robert-tear-john-shirley-quirk-the-academy-of-st-martin-in-the-fields-david-willcocks-the-creation\/#breadcrumb\",\"itemListElement\":[{\"@type\":\"ListItem\",\"position\":1,\"name\":\"Home\",\"item\":\"https:\/\/vinilozona.lt\/\"},{\"@type\":\"ListItem\",\"position\":2,\"name\":\"Parduotuv\u0117\",\"item\":\"https:\/\/vinilozona.lt\/parduotuve\/\"},{\"@type\":\"ListItem\",\"position\":3,\"name\":\"David Willcocks, Joseph Haydn, The King&#8217;s College Choir Of Cambridge, Heather Harper, Robert Tear, John Shirley-Quirk, The Academy Of St. Martin-in-the-Fields, David Willcocks \u2013 The Creation\"}]},{\"@type\":\"WebSite\",\"@id\":\"https:\/\/vinilozona.lt\/#website\",\"url\":\"https:\/\/vinilozona.lt\/\",\"name\":\"Vinilo Zona\",\"description\":\"Nup\u016bsk dulkes ir klausyk LP\",\"potentialAction\":[{\"@type\":\"SearchAction\",\"target\":{\"@type\":\"EntryPoint\",\"urlTemplate\":\"https:\/\/vinilozona.lt\/?s={search_term_string}\"},\"query-input\":{\"@type\":\"PropertyValueSpecification\",\"valueRequired\":true,\"valueName\":\"search_term_string\"}}],\"inLanguage\":\"en-GB\"}]}<\/script>\n<!-- \/ Yoast SEO plugin. -->","yoast_head_json":{"title":"David Willcocks, Joseph Haydn, The King's College Choir Of Cambridge, Heather Harper, Robert Tear, John Shirley-Quirk, The Academy Of St. Martin-in-the-Fields, David Willcocks \u2013 The Creation Vinilin\u0117 Plok\u0161tel\u0117 | Vinilozona.lt","robots":{"index":"index","follow":"follow","max-snippet":"max-snippet:-1","max-image-preview":"max-image-preview:large","max-video-preview":"max-video-preview:-1"},"canonical":"https:\/\/vinilozona.lt\/en\/parduotuve\/classic\/david-willcocks-joseph-haydn-the-kings-college-choir-of-cambridge-heather-harper-robert-tear-john-shirley-quirk-the-academy-of-st-martin-in-the-fields-david-willcocks-the-creation\/","og_locale":"en_GB","og_type":"article","og_title":"David Willcocks, Joseph Haydn, The King's College Choir Of Cambridge, Heather Harper, Robert Tear, John Shirley-Quirk, The Academy Of St. Martin-in-the-Fields, David Willcocks \u2013 The Creation Vinilin\u0117 Plok\u0161tel\u0117 | Vinilozona.lt","og_description":"His Master's Voice \u2013 SLS 971 OC 193 \u2080 05538-9, His Master's Voice \u2013 SAN.347, His Master's Voice \u2013 SAN.348 Series: Angel Series \u2013 SLS 971, Stereo Library Series Format: 2 x Vinyl, LP, Stereo 2 x Box Set","og_url":"https:\/\/vinilozona.lt\/en\/parduotuve\/classic\/david-willcocks-joseph-haydn-the-kings-college-choir-of-cambridge-heather-harper-robert-tear-john-shirley-quirk-the-academy-of-st-martin-in-the-fields-david-willcocks-the-creation\/","og_site_name":"Vinilo Zona","article_modified_time":"2023-03-12T17:22:04+00:00","twitter_card":"summary_large_image","schema":{"@context":"https:\/\/schema.org","@graph":[{"@type":"WebPage","@id":"https:\/\/vinilozona.lt\/parduotuve\/classic\/david-willcocks-joseph-haydn-the-kings-college-choir-of-cambridge-heather-harper-robert-tear-john-shirley-quirk-the-academy-of-st-martin-in-the-fields-david-willcocks-the-creation\/","url":"https:\/\/vinilozona.lt\/parduotuve\/classic\/david-willcocks-joseph-haydn-the-kings-college-choir-of-cambridge-heather-harper-robert-tear-john-shirley-quirk-the-academy-of-st-martin-in-the-fields-david-willcocks-the-creation\/","name":"David Willcocks, Joseph Haydn, The King's College Choir Of Cambridge, Heather Harper, Robert Tear, John Shirley-Quirk, The Academy Of St. Martin-in-the-Fields, David Willcocks \u2013 The Creation Vinilin\u0117 Plok\u0161tel\u0117 | Vinilozona.lt","isPartOf":{"@id":"https:\/\/vinilozona.lt\/#website"},"datePublished":"2023-03-11T10:04:51+00:00","dateModified":"2023-03-12T17:22:04+00:00","breadcrumb":{"@id":"https:\/\/vinilozona.lt\/parduotuve\/classic\/david-willcocks-joseph-haydn-the-kings-college-choir-of-cambridge-heather-harper-robert-tear-john-shirley-quirk-the-academy-of-st-martin-in-the-fields-david-willcocks-the-creation\/#breadcrumb"},"inLanguage":"en-GB","potentialAction":[{"@type":"ReadAction","target":["https:\/\/vinilozona.lt\/parduotuve\/classic\/david-willcocks-joseph-haydn-the-kings-college-choir-of-cambridge-heather-harper-robert-tear-john-shirley-quirk-the-academy-of-st-martin-in-the-fields-david-willcocks-the-creation\/"]}]},{"@type":"BreadcrumbList","@id":"https:\/\/vinilozona.lt\/parduotuve\/classic\/david-willcocks-joseph-haydn-the-kings-college-choir-of-cambridge-heather-harper-robert-tear-john-shirley-quirk-the-academy-of-st-martin-in-the-fields-david-willcocks-the-creation\/#breadcrumb","itemListElement":[{"@type":"ListItem","position":1,"name":"Home","item":"https:\/\/vinilozona.lt\/"},{"@type":"ListItem","position":2,"name":"Parduotuv\u0117","item":"https:\/\/vinilozona.lt\/parduotuve\/"},{"@type":"ListItem","position":3,"name":"David Willcocks, Joseph Haydn, The King&#8217;s College Choir Of Cambridge, Heather Harper, Robert Tear, John Shirley-Quirk, The Academy Of St. Martin-in-the-Fields, David Willcocks \u2013 The Creation"}]},{"@type":"WebSite","@id":"https:\/\/vinilozona.lt\/#website","url":"https:\/\/vinilozona.lt\/","name":"Vinilo Zona","description":"Nup\u016bsk dulkes ir klausyk LP","potentialAction":[{"@type":"SearchAction","target":{"@type":"EntryPoint","urlTemplate":"https:\/\/vinilozona.lt\/?s={search_term_string}"},"query-input":{"@type":"PropertyValueSpecification","valueRequired":true,"valueName":"search_term_string"}}],"inLanguage":"en-GB"}]}},"_links":{"self":[{"href":"https:\/\/vinilozona.lt\/en\/wp-json\/wp\/v2\/product\/16075"}],"collection":[{"href":"https:\/\/vinilozona.lt\/en\/wp-json\/wp\/v2\/product"}],"about":[{"href":"https:\/\/vinilozona.lt\/en\/wp-json\/wp\/v2\/types\/product"}],"wp:attachment":[{"href":"https:\/\/vinilozona.lt\/en\/wp-json\/wp\/v2\/media?parent=16075"}],"wp:term":[{"taxonomy":"product_cat","embeddable":true,"href":"https:\/\/vinilozona.lt\/en\/wp-json\/wp\/v2\/product_cat?post=16075"},{"taxonomy":"product_tag","embeddable":true,"href":"https:\/\/vinilozona.lt\/en\/wp-json\/wp\/v2\/product_tag?post=16075"}],"curies":[{"name":"wp","href":"https:\/\/api.w.org\/{rel}","templated":true}]}}