{"id":16033,"date":"2024-11-22T05:11:48","date_gmt":"2024-11-22T03:11:48","guid":{"rendered":"https:\/\/vinilozona.lt\/?post_type=product&#038;p=16033"},"modified":"2024-11-21T16:48:56","modified_gmt":"2024-11-21T14:48:56","slug":"carlos-santana-buddy-miles-carlos-santana-buddy-miles-live","status":"publish","type":"product","link":"https:\/\/vinilozona.lt\/en\/parduotuve\/rock-pop\/carlos-santana-buddy-miles-carlos-santana-buddy-miles-live\/","title":{"rendered":"Carlos Santana &#038; Buddy Miles \u2013 Carlos Santana &#038; Buddy Miles! Live!"},"content":{"rendered":"<p>Marbles\t4:02<br \/>\nLava\t2:03<br \/>\nEvil Ways\t6:22<br \/>\nFaith Interlude\t2:10<br \/>\nThem Changes\t5:39<br \/>\nFree Form Funkafide Filth\t25:05<\/p>","protected":false},"excerpt":{"rendered":"<p>Columbia \u2013 KC 31308<br \/>\nFormat:<br \/>\nVinyl, LP, Album, Gatefold<br \/>\nCountry:<br \/>\nUSA<br \/>\nReleased:<br \/>\n1972<\/p>","protected":false},"featured_media":16034,"template":"","meta":[],"product_cat":[15,20],"product_tag":[44],"yoast_head":"<!-- This site is optimized with the Yoast SEO plugin v23.5 - https:\/\/yoast.com\/wordpress\/plugins\/seo\/ -->\n<title>Carlos Santana &amp; Buddy Miles \u2013 Carlos Santana &amp; Buddy Miles! Live! Vinilin\u0117 Plok\u0161tel\u0117 | Vinilozona.lt<\/title>\n<meta name=\"robots\" content=\"index, follow, max-snippet:-1, max-image-preview:large, max-video-preview:-1\" \/>\n<link rel=\"canonical\" href=\"https:\/\/vinilozona.lt\/en\/parduotuve\/rock-pop\/carlos-santana-buddy-miles-carlos-santana-buddy-miles-live\/\" \/>\n<meta property=\"og:locale\" content=\"en_GB\" \/>\n<meta property=\"og:type\" content=\"article\" \/>\n<meta property=\"og:title\" content=\"Carlos Santana &amp; Buddy Miles \u2013 Carlos Santana &amp; Buddy Miles! Live! Vinilin\u0117 Plok\u0161tel\u0117 | Vinilozona.lt\" \/>\n<meta property=\"og:description\" content=\"Columbia \u2013 KC 31308 Format: Vinyl, LP, Album, Gatefold Country: USA Released: 1972\" \/>\n<meta property=\"og:url\" content=\"https:\/\/vinilozona.lt\/en\/parduotuve\/rock-pop\/carlos-santana-buddy-miles-carlos-santana-buddy-miles-live\/\" \/>\n<meta property=\"og:site_name\" content=\"Vinilo Zona\" \/>\n<meta property=\"article:modified_time\" content=\"2024-11-21T14:48:56+00:00\" \/>\n<meta property=\"og:image\" content=\"https:\/\/vinilozona.lt\/wp-content\/uploads\/2021\/09\/R-2683080-1296408886.jpeg.jpg\" \/>\n\t<meta property=\"og:image:width\" content=\"594\" \/>\n\t<meta property=\"og:image:height\" content=\"600\" \/>\n\t<meta property=\"og:image:type\" content=\"image\/jpeg\" \/>\n<meta name=\"twitter:card\" content=\"summary_large_image\" \/>\n<meta name=\"twitter:label1\" content=\"Estimated reading time\" \/>\n\t<meta name=\"twitter:data1\" content=\"1 minute\" \/>\n<script type=\"application\/ld+json\" class=\"yoast-schema-graph\">{\"@context\":\"https:\/\/schema.org\",\"@graph\":[{\"@type\":\"WebPage\",\"@id\":\"https:\/\/vinilozona.lt\/parduotuve\/rock-pop\/carlos-santana-buddy-miles-carlos-santana-buddy-miles-live\/\",\"url\":\"https:\/\/vinilozona.lt\/parduotuve\/rock-pop\/carlos-santana-buddy-miles-carlos-santana-buddy-miles-live\/\",\"name\":\"Carlos Santana & Buddy Miles \u2013 Carlos Santana & Buddy Miles! Live! Vinilin\u0117 Plok\u0161tel\u0117 | Vinilozona.lt\",\"isPartOf\":{\"@id\":\"https:\/\/vinilozona.lt\/#website\"},\"primaryImageOfPage\":{\"@id\":\"https:\/\/vinilozona.lt\/parduotuve\/rock-pop\/carlos-santana-buddy-miles-carlos-santana-buddy-miles-live\/#primaryimage\"},\"image\":{\"@id\":\"https:\/\/vinilozona.lt\/parduotuve\/rock-pop\/carlos-santana-buddy-miles-carlos-santana-buddy-miles-live\/#primaryimage\"},\"thumbnailUrl\":\"https:\/\/vinilozona.lt\/wp-content\/uploads\/2021\/09\/R-2683080-1296408886.jpeg.jpg\",\"datePublished\":\"2024-11-22T03:11:48+00:00\",\"dateModified\":\"2024-11-21T14:48:56+00:00\",\"breadcrumb\":{\"@id\":\"https:\/\/vinilozona.lt\/parduotuve\/rock-pop\/carlos-santana-buddy-miles-carlos-santana-buddy-miles-live\/#breadcrumb\"},\"inLanguage\":\"en-GB\",\"potentialAction\":[{\"@type\":\"ReadAction\",\"target\":[\"https:\/\/vinilozona.lt\/parduotuve\/rock-pop\/carlos-santana-buddy-miles-carlos-santana-buddy-miles-live\/\"]}]},{\"@type\":\"ImageObject\",\"inLanguage\":\"en-GB\",\"@id\":\"https:\/\/vinilozona.lt\/parduotuve\/rock-pop\/carlos-santana-buddy-miles-carlos-santana-buddy-miles-live\/#primaryimage\",\"url\":\"https:\/\/vinilozona.lt\/wp-content\/uploads\/2021\/09\/R-2683080-1296408886.jpeg.jpg\",\"contentUrl\":\"https:\/\/vinilozona.lt\/wp-content\/uploads\/2021\/09\/R-2683080-1296408886.jpeg.jpg\",\"width\":594,\"height\":600},{\"@type\":\"BreadcrumbList\",\"@id\":\"https:\/\/vinilozona.lt\/parduotuve\/rock-pop\/carlos-santana-buddy-miles-carlos-santana-buddy-miles-live\/#breadcrumb\",\"itemListElement\":[{\"@type\":\"ListItem\",\"position\":1,\"name\":\"Home\",\"item\":\"https:\/\/vinilozona.lt\/\"},{\"@type\":\"ListItem\",\"position\":2,\"name\":\"Parduotuv\u0117\",\"item\":\"https:\/\/vinilozona.lt\/parduotuve\/\"},{\"@type\":\"ListItem\",\"position\":3,\"name\":\"Carlos Santana &#038; Buddy Miles \u2013 Carlos Santana &#038; Buddy Miles! Live!\"}]},{\"@type\":\"WebSite\",\"@id\":\"https:\/\/vinilozona.lt\/#website\",\"url\":\"https:\/\/vinilozona.lt\/\",\"name\":\"Vinilo Zona\",\"description\":\"Nup\u016bsk dulkes ir klausyk LP\",\"potentialAction\":[{\"@type\":\"SearchAction\",\"target\":{\"@type\":\"EntryPoint\",\"urlTemplate\":\"https:\/\/vinilozona.lt\/?s={search_term_string}\"},\"query-input\":{\"@type\":\"PropertyValueSpecification\",\"valueRequired\":true,\"valueName\":\"search_term_string\"}}],\"inLanguage\":\"en-GB\"}]}<\/script>\n<!-- \/ Yoast SEO plugin. -->","yoast_head_json":{"title":"Carlos Santana & Buddy Miles \u2013 Carlos Santana & Buddy Miles! Live! Vinilin\u0117 Plok\u0161tel\u0117 | Vinilozona.lt","robots":{"index":"index","follow":"follow","max-snippet":"max-snippet:-1","max-image-preview":"max-image-preview:large","max-video-preview":"max-video-preview:-1"},"canonical":"https:\/\/vinilozona.lt\/en\/parduotuve\/rock-pop\/carlos-santana-buddy-miles-carlos-santana-buddy-miles-live\/","og_locale":"en_GB","og_type":"article","og_title":"Carlos Santana & Buddy Miles \u2013 Carlos Santana & Buddy Miles! Live! Vinilin\u0117 Plok\u0161tel\u0117 | Vinilozona.lt","og_description":"Columbia \u2013 KC 31308 Format: Vinyl, LP, Album, Gatefold Country: USA Released: 1972","og_url":"https:\/\/vinilozona.lt\/en\/parduotuve\/rock-pop\/carlos-santana-buddy-miles-carlos-santana-buddy-miles-live\/","og_site_name":"Vinilo Zona","article_modified_time":"2024-11-21T14:48:56+00:00","og_image":[{"width":594,"height":600,"url":"https:\/\/vinilozona.lt\/wp-content\/uploads\/2021\/09\/R-2683080-1296408886.jpeg.jpg","type":"image\/jpeg"}],"twitter_card":"summary_large_image","twitter_misc":{"Estimated reading time":"1 minute"},"schema":{"@context":"https:\/\/schema.org","@graph":[{"@type":"WebPage","@id":"https:\/\/vinilozona.lt\/parduotuve\/rock-pop\/carlos-santana-buddy-miles-carlos-santana-buddy-miles-live\/","url":"https:\/\/vinilozona.lt\/parduotuve\/rock-pop\/carlos-santana-buddy-miles-carlos-santana-buddy-miles-live\/","name":"Carlos Santana & Buddy Miles \u2013 Carlos Santana & Buddy Miles! Live! Vinilin\u0117 Plok\u0161tel\u0117 | Vinilozona.lt","isPartOf":{"@id":"https:\/\/vinilozona.lt\/#website"},"primaryImageOfPage":{"@id":"https:\/\/vinilozona.lt\/parduotuve\/rock-pop\/carlos-santana-buddy-miles-carlos-santana-buddy-miles-live\/#primaryimage"},"image":{"@id":"https:\/\/vinilozona.lt\/parduotuve\/rock-pop\/carlos-santana-buddy-miles-carlos-santana-buddy-miles-live\/#primaryimage"},"thumbnailUrl":"https:\/\/vinilozona.lt\/wp-content\/uploads\/2021\/09\/R-2683080-1296408886.jpeg.jpg","datePublished":"2024-11-22T03:11:48+00:00","dateModified":"2024-11-21T14:48:56+00:00","breadcrumb":{"@id":"https:\/\/vinilozona.lt\/parduotuve\/rock-pop\/carlos-santana-buddy-miles-carlos-santana-buddy-miles-live\/#breadcrumb"},"inLanguage":"en-GB","potentialAction":[{"@type":"ReadAction","target":["https:\/\/vinilozona.lt\/parduotuve\/rock-pop\/carlos-santana-buddy-miles-carlos-santana-buddy-miles-live\/"]}]},{"@type":"ImageObject","inLanguage":"en-GB","@id":"https:\/\/vinilozona.lt\/parduotuve\/rock-pop\/carlos-santana-buddy-miles-carlos-santana-buddy-miles-live\/#primaryimage","url":"https:\/\/vinilozona.lt\/wp-content\/uploads\/2021\/09\/R-2683080-1296408886.jpeg.jpg","contentUrl":"https:\/\/vinilozona.lt\/wp-content\/uploads\/2021\/09\/R-2683080-1296408886.jpeg.jpg","width":594,"height":600},{"@type":"BreadcrumbList","@id":"https:\/\/vinilozona.lt\/parduotuve\/rock-pop\/carlos-santana-buddy-miles-carlos-santana-buddy-miles-live\/#breadcrumb","itemListElement":[{"@type":"ListItem","position":1,"name":"Home","item":"https:\/\/vinilozona.lt\/"},{"@type":"ListItem","position":2,"name":"Parduotuv\u0117","item":"https:\/\/vinilozona.lt\/parduotuve\/"},{"@type":"ListItem","position":3,"name":"Carlos Santana &#038; Buddy Miles \u2013 Carlos Santana &#038; Buddy Miles! Live!"}]},{"@type":"WebSite","@id":"https:\/\/vinilozona.lt\/#website","url":"https:\/\/vinilozona.lt\/","name":"Vinilo Zona","description":"Nup\u016bsk dulkes ir klausyk LP","potentialAction":[{"@type":"SearchAction","target":{"@type":"EntryPoint","urlTemplate":"https:\/\/vinilozona.lt\/?s={search_term_string}"},"query-input":{"@type":"PropertyValueSpecification","valueRequired":true,"valueName":"search_term_string"}}],"inLanguage":"en-GB"}]}},"_links":{"self":[{"href":"https:\/\/vinilozona.lt\/en\/wp-json\/wp\/v2\/product\/16033"}],"collection":[{"href":"https:\/\/vinilozona.lt\/en\/wp-json\/wp\/v2\/product"}],"about":[{"href":"https:\/\/vinilozona.lt\/en\/wp-json\/wp\/v2\/types\/product"}],"wp:featuredmedia":[{"embeddable":true,"href":"https:\/\/vinilozona.lt\/en\/wp-json\/wp\/v2\/media\/16034"}],"wp:attachment":[{"href":"https:\/\/vinilozona.lt\/en\/wp-json\/wp\/v2\/media?parent=16033"}],"wp:term":[{"taxonomy":"product_cat","embeddable":true,"href":"https:\/\/vinilozona.lt\/en\/wp-json\/wp\/v2\/product_cat?post=16033"},{"taxonomy":"product_tag","embeddable":true,"href":"https:\/\/vinilozona.lt\/en\/wp-json\/wp\/v2\/product_tag?post=16033"}],"curies":[{"name":"wp","href":"https:\/\/api.w.org\/{rel}","templated":true}]}}