{"id":16000,"date":"2022-12-02T18:00:41","date_gmt":"2022-12-02T16:00:41","guid":{"rendered":"https:\/\/vinilozona.lt\/?post_type=product&#038;p=16000"},"modified":"2022-12-15T08:25:34","modified_gmt":"2022-12-15T06:25:34","slug":"dream-theater-master-of-puppets-live-in-barcelona-2-lp-cd","status":"publish","type":"product","link":"https:\/\/vinilozona.lt\/en\/parduotuve\/naujos-lp\/dream-theater-master-of-puppets-live-in-barcelona-2-lp-cd\/","title":{"rendered":"Dream Theater Master of puppets &#8211; Live in Barcelona 2 Lp + cd"},"content":{"rendered":"<p>Battery<br \/>\nMaster of puppets<br \/>\nThe thing that should not be<br \/>\nWelcome home (Sanitarium)<br \/>\nDisposable heroes<br \/>\nLeper messiah<br \/>\nOrion<br \/>\nDamage, Inc.<\/p>","protected":false},"excerpt":{"rendered":"<p>Sony music &#8211; Inside out 19439907781<br \/>\ngatefold 2 Lp + cd<br \/>\n2021 EU<\/p>","protected":false},"featured_media":16001,"template":"","meta":[],"product_cat":[23],"product_tag":[55],"yoast_head":"<!-- This site is optimized with the Yoast SEO plugin v23.5 - https:\/\/yoast.com\/wordpress\/plugins\/seo\/ -->\n<title>Dream Theater Master of puppets - Live in Barcelona 2 Lp + cd Vinilin\u0117 Plok\u0161tel\u0117 | Vinilozona.lt<\/title>\n<meta name=\"robots\" content=\"index, follow, max-snippet:-1, max-image-preview:large, max-video-preview:-1\" \/>\n<link rel=\"canonical\" href=\"https:\/\/vinilozona.lt\/en\/parduotuve\/naujos-lp\/dream-theater-master-of-puppets-live-in-barcelona-2-lp-cd\/\" \/>\n<meta property=\"og:locale\" content=\"en_GB\" \/>\n<meta property=\"og:type\" content=\"article\" \/>\n<meta property=\"og:title\" content=\"Dream Theater Master of puppets - Live in Barcelona 2 Lp + cd Vinilin\u0117 Plok\u0161tel\u0117 | Vinilozona.lt\" \/>\n<meta property=\"og:description\" content=\"Sony music - Inside out 19439907781 gatefold 2 Lp + cd 2021 EU\" \/>\n<meta property=\"og:url\" content=\"https:\/\/vinilozona.lt\/en\/parduotuve\/naujos-lp\/dream-theater-master-of-puppets-live-in-barcelona-2-lp-cd\/\" \/>\n<meta property=\"og:site_name\" content=\"Vinilo Zona\" \/>\n<meta property=\"article:modified_time\" content=\"2022-12-15T06:25:34+00:00\" \/>\n<meta property=\"og:image\" content=\"https:\/\/vinilozona.lt\/wp-content\/uploads\/2021\/09\/20210916_114122-scaled.jpg\" \/>\n\t<meta property=\"og:image:width\" content=\"2329\" \/>\n\t<meta property=\"og:image:height\" content=\"2560\" \/>\n\t<meta property=\"og:image:type\" content=\"image\/jpeg\" \/>\n<meta name=\"twitter:card\" content=\"summary_large_image\" \/>\n<script type=\"application\/ld+json\" class=\"yoast-schema-graph\">{\"@context\":\"https:\/\/schema.org\",\"@graph\":[{\"@type\":\"WebPage\",\"@id\":\"https:\/\/vinilozona.lt\/parduotuve\/naujos-lp\/dream-theater-master-of-puppets-live-in-barcelona-2-lp-cd\/\",\"url\":\"https:\/\/vinilozona.lt\/parduotuve\/naujos-lp\/dream-theater-master-of-puppets-live-in-barcelona-2-lp-cd\/\",\"name\":\"Dream Theater Master of puppets - Live in Barcelona 2 Lp + cd Vinilin\u0117 Plok\u0161tel\u0117 | Vinilozona.lt\",\"isPartOf\":{\"@id\":\"https:\/\/vinilozona.lt\/#website\"},\"primaryImageOfPage\":{\"@id\":\"https:\/\/vinilozona.lt\/parduotuve\/naujos-lp\/dream-theater-master-of-puppets-live-in-barcelona-2-lp-cd\/#primaryimage\"},\"image\":{\"@id\":\"https:\/\/vinilozona.lt\/parduotuve\/naujos-lp\/dream-theater-master-of-puppets-live-in-barcelona-2-lp-cd\/#primaryimage\"},\"thumbnailUrl\":\"https:\/\/vinilozona.lt\/wp-content\/uploads\/2021\/09\/20210916_114122-scaled.jpg\",\"datePublished\":\"2022-12-02T16:00:41+00:00\",\"dateModified\":\"2022-12-15T06:25:34+00:00\",\"breadcrumb\":{\"@id\":\"https:\/\/vinilozona.lt\/parduotuve\/naujos-lp\/dream-theater-master-of-puppets-live-in-barcelona-2-lp-cd\/#breadcrumb\"},\"inLanguage\":\"en-GB\",\"potentialAction\":[{\"@type\":\"ReadAction\",\"target\":[\"https:\/\/vinilozona.lt\/parduotuve\/naujos-lp\/dream-theater-master-of-puppets-live-in-barcelona-2-lp-cd\/\"]}]},{\"@type\":\"ImageObject\",\"inLanguage\":\"en-GB\",\"@id\":\"https:\/\/vinilozona.lt\/parduotuve\/naujos-lp\/dream-theater-master-of-puppets-live-in-barcelona-2-lp-cd\/#primaryimage\",\"url\":\"https:\/\/vinilozona.lt\/wp-content\/uploads\/2021\/09\/20210916_114122-scaled.jpg\",\"contentUrl\":\"https:\/\/vinilozona.lt\/wp-content\/uploads\/2021\/09\/20210916_114122-scaled.jpg\",\"width\":2329,\"height\":2560},{\"@type\":\"BreadcrumbList\",\"@id\":\"https:\/\/vinilozona.lt\/parduotuve\/naujos-lp\/dream-theater-master-of-puppets-live-in-barcelona-2-lp-cd\/#breadcrumb\",\"itemListElement\":[{\"@type\":\"ListItem\",\"position\":1,\"name\":\"Home\",\"item\":\"https:\/\/vinilozona.lt\/\"},{\"@type\":\"ListItem\",\"position\":2,\"name\":\"Parduotuv\u0117\",\"item\":\"https:\/\/vinilozona.lt\/parduotuve\/\"},{\"@type\":\"ListItem\",\"position\":3,\"name\":\"Dream Theater Master of puppets &#8211; Live in Barcelona 2 Lp + cd\"}]},{\"@type\":\"WebSite\",\"@id\":\"https:\/\/vinilozona.lt\/#website\",\"url\":\"https:\/\/vinilozona.lt\/\",\"name\":\"Vinilo Zona\",\"description\":\"Nup\u016bsk dulkes ir klausyk LP\",\"potentialAction\":[{\"@type\":\"SearchAction\",\"target\":{\"@type\":\"EntryPoint\",\"urlTemplate\":\"https:\/\/vinilozona.lt\/?s={search_term_string}\"},\"query-input\":{\"@type\":\"PropertyValueSpecification\",\"valueRequired\":true,\"valueName\":\"search_term_string\"}}],\"inLanguage\":\"en-GB\"}]}<\/script>\n<!-- \/ Yoast SEO plugin. -->","yoast_head_json":{"title":"Dream Theater Master of puppets - Live in Barcelona 2 Lp + cd Vinilin\u0117 Plok\u0161tel\u0117 | Vinilozona.lt","robots":{"index":"index","follow":"follow","max-snippet":"max-snippet:-1","max-image-preview":"max-image-preview:large","max-video-preview":"max-video-preview:-1"},"canonical":"https:\/\/vinilozona.lt\/en\/parduotuve\/naujos-lp\/dream-theater-master-of-puppets-live-in-barcelona-2-lp-cd\/","og_locale":"en_GB","og_type":"article","og_title":"Dream Theater Master of puppets - Live in Barcelona 2 Lp + cd Vinilin\u0117 Plok\u0161tel\u0117 | Vinilozona.lt","og_description":"Sony music - Inside out 19439907781 gatefold 2 Lp + cd 2021 EU","og_url":"https:\/\/vinilozona.lt\/en\/parduotuve\/naujos-lp\/dream-theater-master-of-puppets-live-in-barcelona-2-lp-cd\/","og_site_name":"Vinilo Zona","article_modified_time":"2022-12-15T06:25:34+00:00","og_image":[{"width":2329,"height":2560,"url":"https:\/\/vinilozona.lt\/wp-content\/uploads\/2021\/09\/20210916_114122-scaled.jpg","type":"image\/jpeg"}],"twitter_card":"summary_large_image","schema":{"@context":"https:\/\/schema.org","@graph":[{"@type":"WebPage","@id":"https:\/\/vinilozona.lt\/parduotuve\/naujos-lp\/dream-theater-master-of-puppets-live-in-barcelona-2-lp-cd\/","url":"https:\/\/vinilozona.lt\/parduotuve\/naujos-lp\/dream-theater-master-of-puppets-live-in-barcelona-2-lp-cd\/","name":"Dream Theater Master of puppets - Live in Barcelona 2 Lp + cd Vinilin\u0117 Plok\u0161tel\u0117 | Vinilozona.lt","isPartOf":{"@id":"https:\/\/vinilozona.lt\/#website"},"primaryImageOfPage":{"@id":"https:\/\/vinilozona.lt\/parduotuve\/naujos-lp\/dream-theater-master-of-puppets-live-in-barcelona-2-lp-cd\/#primaryimage"},"image":{"@id":"https:\/\/vinilozona.lt\/parduotuve\/naujos-lp\/dream-theater-master-of-puppets-live-in-barcelona-2-lp-cd\/#primaryimage"},"thumbnailUrl":"https:\/\/vinilozona.lt\/wp-content\/uploads\/2021\/09\/20210916_114122-scaled.jpg","datePublished":"2022-12-02T16:00:41+00:00","dateModified":"2022-12-15T06:25:34+00:00","breadcrumb":{"@id":"https:\/\/vinilozona.lt\/parduotuve\/naujos-lp\/dream-theater-master-of-puppets-live-in-barcelona-2-lp-cd\/#breadcrumb"},"inLanguage":"en-GB","potentialAction":[{"@type":"ReadAction","target":["https:\/\/vinilozona.lt\/parduotuve\/naujos-lp\/dream-theater-master-of-puppets-live-in-barcelona-2-lp-cd\/"]}]},{"@type":"ImageObject","inLanguage":"en-GB","@id":"https:\/\/vinilozona.lt\/parduotuve\/naujos-lp\/dream-theater-master-of-puppets-live-in-barcelona-2-lp-cd\/#primaryimage","url":"https:\/\/vinilozona.lt\/wp-content\/uploads\/2021\/09\/20210916_114122-scaled.jpg","contentUrl":"https:\/\/vinilozona.lt\/wp-content\/uploads\/2021\/09\/20210916_114122-scaled.jpg","width":2329,"height":2560},{"@type":"BreadcrumbList","@id":"https:\/\/vinilozona.lt\/parduotuve\/naujos-lp\/dream-theater-master-of-puppets-live-in-barcelona-2-lp-cd\/#breadcrumb","itemListElement":[{"@type":"ListItem","position":1,"name":"Home","item":"https:\/\/vinilozona.lt\/"},{"@type":"ListItem","position":2,"name":"Parduotuv\u0117","item":"https:\/\/vinilozona.lt\/parduotuve\/"},{"@type":"ListItem","position":3,"name":"Dream Theater Master of puppets &#8211; Live in Barcelona 2 Lp + cd"}]},{"@type":"WebSite","@id":"https:\/\/vinilozona.lt\/#website","url":"https:\/\/vinilozona.lt\/","name":"Vinilo Zona","description":"Nup\u016bsk dulkes ir klausyk LP","potentialAction":[{"@type":"SearchAction","target":{"@type":"EntryPoint","urlTemplate":"https:\/\/vinilozona.lt\/?s={search_term_string}"},"query-input":{"@type":"PropertyValueSpecification","valueRequired":true,"valueName":"search_term_string"}}],"inLanguage":"en-GB"}]}},"_links":{"self":[{"href":"https:\/\/vinilozona.lt\/en\/wp-json\/wp\/v2\/product\/16000"}],"collection":[{"href":"https:\/\/vinilozona.lt\/en\/wp-json\/wp\/v2\/product"}],"about":[{"href":"https:\/\/vinilozona.lt\/en\/wp-json\/wp\/v2\/types\/product"}],"wp:featuredmedia":[{"embeddable":true,"href":"https:\/\/vinilozona.lt\/en\/wp-json\/wp\/v2\/media\/16001"}],"wp:attachment":[{"href":"https:\/\/vinilozona.lt\/en\/wp-json\/wp\/v2\/media?parent=16000"}],"wp:term":[{"taxonomy":"product_cat","embeddable":true,"href":"https:\/\/vinilozona.lt\/en\/wp-json\/wp\/v2\/product_cat?post=16000"},{"taxonomy":"product_tag","embeddable":true,"href":"https:\/\/vinilozona.lt\/en\/wp-json\/wp\/v2\/product_tag?post=16000"}],"curies":[{"name":"wp","href":"https:\/\/api.w.org\/{rel}","templated":true}]}}