{"id":15994,"date":"2021-10-22T15:11:48","date_gmt":"2021-10-22T12:11:48","guid":{"rendered":"https:\/\/vinilozona.lt\/?post_type=product&#038;p=15994"},"modified":"2024-02-11T10:39:49","modified_gmt":"2024-02-11T08:39:49","slug":"mick-jagger-goddess-in-the-doorway","status":"publish","type":"product","link":"https:\/\/vinilozona.lt\/en\/parduotuve\/naujos-lp\/mick-jagger-goddess-in-the-doorway\/","title":{"rendered":"Mick Jagger \u2013 Goddess In The Doorway"},"content":{"rendered":"<p>A1\t\tVision Of Paradise<br \/>\nA2\t\tJoy<br \/>\nA3\t\tDancing In The Starlight<br \/>\nB1\t\tGod Gave Me Everything<br \/>\nB2\t\tHide Away<br \/>\nB3\t\tDon&#8217;t Call Me Up<br \/>\nC1\t\tGoddess In The Doorway<br \/>\nC2\t\tLucky Day<br \/>\nC3\t\tEverybody Getting High<br \/>\nD1\t\tGun<br \/>\nD2\t\tToo Far Gone<br \/>\nD3\t\tBrand New Set Of Rules<\/p>","protected":false},"excerpt":{"rendered":"<p>Rolling Stones Records \u2013 0602508118463<br \/>\nFormat:<br \/>\n2 x Vinyl, LP, Reissue, Remastered<br \/>\nCountry: Europe<br \/>\nReleased: Dec 6, 2019<\/p>","protected":false},"featured_media":15995,"template":"","meta":[],"product_cat":[23],"product_tag":[44],"yoast_head":"<!-- This site is optimized with the Yoast SEO plugin v23.5 - https:\/\/yoast.com\/wordpress\/plugins\/seo\/ -->\n<title>Mick Jagger \u2013 Goddess In The Doorway Vinilin\u0117 Plok\u0161tel\u0117 | Vinilozona.lt<\/title>\n<meta name=\"robots\" content=\"index, follow, max-snippet:-1, max-image-preview:large, max-video-preview:-1\" \/>\n<link rel=\"canonical\" href=\"https:\/\/vinilozona.lt\/en\/parduotuve\/naujos-lp\/mick-jagger-goddess-in-the-doorway\/\" \/>\n<meta property=\"og:locale\" content=\"en_GB\" \/>\n<meta property=\"og:type\" content=\"article\" \/>\n<meta property=\"og:title\" content=\"Mick Jagger \u2013 Goddess In The Doorway Vinilin\u0117 Plok\u0161tel\u0117 | Vinilozona.lt\" \/>\n<meta property=\"og:description\" content=\"Rolling Stones Records \u2013 0602508118463 Format: 2 x Vinyl, LP, Reissue, Remastered Country: Europe Released: Dec 6, 2019\" \/>\n<meta property=\"og:url\" content=\"https:\/\/vinilozona.lt\/en\/parduotuve\/naujos-lp\/mick-jagger-goddess-in-the-doorway\/\" \/>\n<meta property=\"og:site_name\" content=\"Vinilo Zona\" \/>\n<meta property=\"article:modified_time\" content=\"2024-02-11T08:39:49+00:00\" \/>\n<meta property=\"og:image\" content=\"https:\/\/vinilozona.lt\/wp-content\/uploads\/2021\/09\/R-14492704-1575720850-9002.jpeg.jpg\" \/>\n\t<meta property=\"og:image:width\" content=\"600\" \/>\n\t<meta property=\"og:image:height\" content=\"600\" \/>\n\t<meta property=\"og:image:type\" content=\"image\/jpeg\" \/>\n<meta name=\"twitter:card\" content=\"summary_large_image\" \/>\n<script type=\"application\/ld+json\" class=\"yoast-schema-graph\">{\"@context\":\"https:\/\/schema.org\",\"@graph\":[{\"@type\":\"WebPage\",\"@id\":\"https:\/\/vinilozona.lt\/parduotuve\/naujos-lp\/mick-jagger-goddess-in-the-doorway\/\",\"url\":\"https:\/\/vinilozona.lt\/parduotuve\/naujos-lp\/mick-jagger-goddess-in-the-doorway\/\",\"name\":\"Mick Jagger \u2013 Goddess In The Doorway Vinilin\u0117 Plok\u0161tel\u0117 | Vinilozona.lt\",\"isPartOf\":{\"@id\":\"https:\/\/vinilozona.lt\/#website\"},\"primaryImageOfPage\":{\"@id\":\"https:\/\/vinilozona.lt\/parduotuve\/naujos-lp\/mick-jagger-goddess-in-the-doorway\/#primaryimage\"},\"image\":{\"@id\":\"https:\/\/vinilozona.lt\/parduotuve\/naujos-lp\/mick-jagger-goddess-in-the-doorway\/#primaryimage\"},\"thumbnailUrl\":\"https:\/\/vinilozona.lt\/wp-content\/uploads\/2021\/09\/R-14492704-1575720850-9002.jpeg.jpg\",\"datePublished\":\"2021-10-22T12:11:48+00:00\",\"dateModified\":\"2024-02-11T08:39:49+00:00\",\"breadcrumb\":{\"@id\":\"https:\/\/vinilozona.lt\/parduotuve\/naujos-lp\/mick-jagger-goddess-in-the-doorway\/#breadcrumb\"},\"inLanguage\":\"en-GB\",\"potentialAction\":[{\"@type\":\"ReadAction\",\"target\":[\"https:\/\/vinilozona.lt\/parduotuve\/naujos-lp\/mick-jagger-goddess-in-the-doorway\/\"]}]},{\"@type\":\"ImageObject\",\"inLanguage\":\"en-GB\",\"@id\":\"https:\/\/vinilozona.lt\/parduotuve\/naujos-lp\/mick-jagger-goddess-in-the-doorway\/#primaryimage\",\"url\":\"https:\/\/vinilozona.lt\/wp-content\/uploads\/2021\/09\/R-14492704-1575720850-9002.jpeg.jpg\",\"contentUrl\":\"https:\/\/vinilozona.lt\/wp-content\/uploads\/2021\/09\/R-14492704-1575720850-9002.jpeg.jpg\",\"width\":600,\"height\":600},{\"@type\":\"BreadcrumbList\",\"@id\":\"https:\/\/vinilozona.lt\/parduotuve\/naujos-lp\/mick-jagger-goddess-in-the-doorway\/#breadcrumb\",\"itemListElement\":[{\"@type\":\"ListItem\",\"position\":1,\"name\":\"Home\",\"item\":\"https:\/\/vinilozona.lt\/\"},{\"@type\":\"ListItem\",\"position\":2,\"name\":\"Parduotuv\u0117\",\"item\":\"https:\/\/vinilozona.lt\/parduotuve\/\"},{\"@type\":\"ListItem\",\"position\":3,\"name\":\"Mick Jagger \u2013 Goddess In The Doorway\"}]},{\"@type\":\"WebSite\",\"@id\":\"https:\/\/vinilozona.lt\/#website\",\"url\":\"https:\/\/vinilozona.lt\/\",\"name\":\"Vinilo Zona\",\"description\":\"Nup\u016bsk dulkes ir klausyk LP\",\"potentialAction\":[{\"@type\":\"SearchAction\",\"target\":{\"@type\":\"EntryPoint\",\"urlTemplate\":\"https:\/\/vinilozona.lt\/?s={search_term_string}\"},\"query-input\":{\"@type\":\"PropertyValueSpecification\",\"valueRequired\":true,\"valueName\":\"search_term_string\"}}],\"inLanguage\":\"en-GB\"}]}<\/script>\n<!-- \/ Yoast SEO plugin. -->","yoast_head_json":{"title":"Mick Jagger \u2013 Goddess In The Doorway Vinilin\u0117 Plok\u0161tel\u0117 | Vinilozona.lt","robots":{"index":"index","follow":"follow","max-snippet":"max-snippet:-1","max-image-preview":"max-image-preview:large","max-video-preview":"max-video-preview:-1"},"canonical":"https:\/\/vinilozona.lt\/en\/parduotuve\/naujos-lp\/mick-jagger-goddess-in-the-doorway\/","og_locale":"en_GB","og_type":"article","og_title":"Mick Jagger \u2013 Goddess In The Doorway Vinilin\u0117 Plok\u0161tel\u0117 | Vinilozona.lt","og_description":"Rolling Stones Records \u2013 0602508118463 Format: 2 x Vinyl, LP, Reissue, Remastered Country: Europe Released: Dec 6, 2019","og_url":"https:\/\/vinilozona.lt\/en\/parduotuve\/naujos-lp\/mick-jagger-goddess-in-the-doorway\/","og_site_name":"Vinilo Zona","article_modified_time":"2024-02-11T08:39:49+00:00","og_image":[{"width":600,"height":600,"url":"https:\/\/vinilozona.lt\/wp-content\/uploads\/2021\/09\/R-14492704-1575720850-9002.jpeg.jpg","type":"image\/jpeg"}],"twitter_card":"summary_large_image","schema":{"@context":"https:\/\/schema.org","@graph":[{"@type":"WebPage","@id":"https:\/\/vinilozona.lt\/parduotuve\/naujos-lp\/mick-jagger-goddess-in-the-doorway\/","url":"https:\/\/vinilozona.lt\/parduotuve\/naujos-lp\/mick-jagger-goddess-in-the-doorway\/","name":"Mick Jagger \u2013 Goddess In The Doorway Vinilin\u0117 Plok\u0161tel\u0117 | Vinilozona.lt","isPartOf":{"@id":"https:\/\/vinilozona.lt\/#website"},"primaryImageOfPage":{"@id":"https:\/\/vinilozona.lt\/parduotuve\/naujos-lp\/mick-jagger-goddess-in-the-doorway\/#primaryimage"},"image":{"@id":"https:\/\/vinilozona.lt\/parduotuve\/naujos-lp\/mick-jagger-goddess-in-the-doorway\/#primaryimage"},"thumbnailUrl":"https:\/\/vinilozona.lt\/wp-content\/uploads\/2021\/09\/R-14492704-1575720850-9002.jpeg.jpg","datePublished":"2021-10-22T12:11:48+00:00","dateModified":"2024-02-11T08:39:49+00:00","breadcrumb":{"@id":"https:\/\/vinilozona.lt\/parduotuve\/naujos-lp\/mick-jagger-goddess-in-the-doorway\/#breadcrumb"},"inLanguage":"en-GB","potentialAction":[{"@type":"ReadAction","target":["https:\/\/vinilozona.lt\/parduotuve\/naujos-lp\/mick-jagger-goddess-in-the-doorway\/"]}]},{"@type":"ImageObject","inLanguage":"en-GB","@id":"https:\/\/vinilozona.lt\/parduotuve\/naujos-lp\/mick-jagger-goddess-in-the-doorway\/#primaryimage","url":"https:\/\/vinilozona.lt\/wp-content\/uploads\/2021\/09\/R-14492704-1575720850-9002.jpeg.jpg","contentUrl":"https:\/\/vinilozona.lt\/wp-content\/uploads\/2021\/09\/R-14492704-1575720850-9002.jpeg.jpg","width":600,"height":600},{"@type":"BreadcrumbList","@id":"https:\/\/vinilozona.lt\/parduotuve\/naujos-lp\/mick-jagger-goddess-in-the-doorway\/#breadcrumb","itemListElement":[{"@type":"ListItem","position":1,"name":"Home","item":"https:\/\/vinilozona.lt\/"},{"@type":"ListItem","position":2,"name":"Parduotuv\u0117","item":"https:\/\/vinilozona.lt\/parduotuve\/"},{"@type":"ListItem","position":3,"name":"Mick Jagger \u2013 Goddess In The Doorway"}]},{"@type":"WebSite","@id":"https:\/\/vinilozona.lt\/#website","url":"https:\/\/vinilozona.lt\/","name":"Vinilo Zona","description":"Nup\u016bsk dulkes ir klausyk LP","potentialAction":[{"@type":"SearchAction","target":{"@type":"EntryPoint","urlTemplate":"https:\/\/vinilozona.lt\/?s={search_term_string}"},"query-input":{"@type":"PropertyValueSpecification","valueRequired":true,"valueName":"search_term_string"}}],"inLanguage":"en-GB"}]}},"_links":{"self":[{"href":"https:\/\/vinilozona.lt\/en\/wp-json\/wp\/v2\/product\/15994"}],"collection":[{"href":"https:\/\/vinilozona.lt\/en\/wp-json\/wp\/v2\/product"}],"about":[{"href":"https:\/\/vinilozona.lt\/en\/wp-json\/wp\/v2\/types\/product"}],"wp:featuredmedia":[{"embeddable":true,"href":"https:\/\/vinilozona.lt\/en\/wp-json\/wp\/v2\/media\/15995"}],"wp:attachment":[{"href":"https:\/\/vinilozona.lt\/en\/wp-json\/wp\/v2\/media?parent=15994"}],"wp:term":[{"taxonomy":"product_cat","embeddable":true,"href":"https:\/\/vinilozona.lt\/en\/wp-json\/wp\/v2\/product_cat?post=15994"},{"taxonomy":"product_tag","embeddable":true,"href":"https:\/\/vinilozona.lt\/en\/wp-json\/wp\/v2\/product_tag?post=15994"}],"curies":[{"name":"wp","href":"https:\/\/api.w.org\/{rel}","templated":true}]}}