{"id":15945,"date":"2021-09-02T11:48:04","date_gmt":"2021-09-02T08:48:04","guid":{"rendered":"https:\/\/vinilozona.lt\/?post_type=product&#038;p=15945"},"modified":"2021-09-02T14:13:07","modified_gmt":"2021-09-02T11:13:07","slug":"bruce-springsteen-the-e-street-band-live-1975-85-5lp","status":"publish","type":"product","link":"https:\/\/vinilozona.lt\/en\/parduotuve\/rock-pop\/bruce-springsteen-the-e-street-band-live-1975-85-5lp\/","title":{"rendered":"Bruce Springsteen &#038; The E Street Band \u2013 Live \/ 1975-85 5LP BOX SET"},"content":{"rendered":"<p>A1\t\tThunder Road\t5:41<br \/>\nA2\t\tAdam Raised A Cain\t5:25<br \/>\nA3\t\tSpirit In The Night\t6:22<br \/>\nA4\t\t4th Of July, Asbury Park (Sandy)\t6:29<br \/>\nB1\t\tParadise By The &#8222;C&#8221;\t3:34<br \/>\nB2\t\tFire\t3:12<br \/>\nB3\t\tGrowin&#8217; Up\t7:57<br \/>\nB4\t\tIt&#8217;s Hard To Be A Saint In The City\t4:37<br \/>\nC1\t\tBackstreets\t7:27<br \/>\nC2\t\tRosalita (Come Out Tonight)\t9:59<br \/>\nC3\t\tRaise Your Hand\t5:10<br \/>\nD1\t\tHungry Heart 4:28<br \/>\nD2\t\tTwo Hearts\t3:05<br \/>\nD3\t\tCadillac Ranch\t4:50<br \/>\nD4\t\tYou Can Look (But You Better Not Touch)\t3:51<br \/>\nD5\t\tIndependence Day\t5:09<br \/>\nE1\t\tBadlands\t5:15<br \/>\nE2\t\tBecause The Night\t5:18<br \/>\nE3\t\tCandy&#8217;s Room\t3:09<br \/>\nE4\t\tDarkness On The Edge Of Town\t4:28<br \/>\nE5\t\tRacing In The Street\t8:13<br \/>\nF1\t\tThis Land Is Your Land\t4:17<br \/>\nF2\t\tNebraska\t4:16<br \/>\nF3\t\tJohnny 99\t4:21<br \/>\nF4\t\tReason To Believe\t5:15<br \/>\nG1\t\tBorn In The U.S.A. 6:07<br \/>\nG2\t\tSeeds\t5:13<br \/>\nG3\t\tThe River\t11:37<br \/>\nH1\t\tWar\t4:51<br \/>\nH2\t\tDarlington County\t5:12<br \/>\nH3\t\tWorking On The Highway\t3:59<br \/>\nH4\t\tThe Promised Land\t5:32<br \/>\nI1\t\tCover Me\t6:58<br \/>\nI2\t\tI&#8217;m On Fire\t4:23<br \/>\nI3\t\tBobby Jean\t4:27<br \/>\nI4\t\tMy Hometown 5:08<br \/>\nJ1\t\tBorn To Run\t5:02<br \/>\nJ2\t\tNo Surrender 4:42<br \/>\nJ3\t\tTenth Avenue Freeze-Out 4:18<br \/>\nJ4\t\tJersey Girl 6:31<\/p>","protected":false},"excerpt":{"rendered":"<p>C5X 40558<\/p>","protected":false},"featured_media":15946,"template":"","meta":[],"product_cat":[15,54],"product_tag":[55],"yoast_head":"<!-- This site is optimized with the Yoast SEO plugin v23.5 - https:\/\/yoast.com\/wordpress\/plugins\/seo\/ -->\n<title>Bruce Springsteen &amp; The E Street Band \u2013 Live \/ 1975-85 5LP BOX SET Vinilin\u0117 Plok\u0161tel\u0117 | Vinilozona.lt<\/title>\n<meta name=\"robots\" content=\"index, follow, max-snippet:-1, max-image-preview:large, max-video-preview:-1\" \/>\n<link rel=\"canonical\" href=\"https:\/\/vinilozona.lt\/en\/parduotuve\/rock-pop\/bruce-springsteen-the-e-street-band-live-1975-85-5lp\/\" \/>\n<meta property=\"og:locale\" content=\"en_GB\" \/>\n<meta property=\"og:type\" content=\"article\" \/>\n<meta property=\"og:title\" content=\"Bruce Springsteen &amp; The E Street Band \u2013 Live \/ 1975-85 5LP BOX SET Vinilin\u0117 Plok\u0161tel\u0117 | Vinilozona.lt\" \/>\n<meta property=\"og:description\" content=\"C5X 40558\" \/>\n<meta property=\"og:url\" content=\"https:\/\/vinilozona.lt\/en\/parduotuve\/rock-pop\/bruce-springsteen-the-e-street-band-live-1975-85-5lp\/\" \/>\n<meta property=\"og:site_name\" content=\"Vinilo Zona\" \/>\n<meta property=\"article:modified_time\" content=\"2021-09-02T11:13:07+00:00\" \/>\n<meta property=\"og:image\" content=\"https:\/\/vinilozona.lt\/wp-content\/uploads\/2021\/09\/R-1333395-1381101639-9694.jpeg.jpg\" \/>\n\t<meta property=\"og:image:width\" content=\"584\" \/>\n\t<meta property=\"og:image:height\" content=\"600\" \/>\n\t<meta property=\"og:image:type\" content=\"image\/jpeg\" \/>\n<meta name=\"twitter:card\" content=\"summary_large_image\" \/>\n<meta name=\"twitter:label1\" content=\"Estimated reading time\" \/>\n\t<meta name=\"twitter:data1\" content=\"1 minute\" \/>\n<script type=\"application\/ld+json\" class=\"yoast-schema-graph\">{\"@context\":\"https:\/\/schema.org\",\"@graph\":[{\"@type\":\"WebPage\",\"@id\":\"https:\/\/vinilozona.lt\/parduotuve\/rock-pop\/bruce-springsteen-the-e-street-band-live-1975-85-5lp\/\",\"url\":\"https:\/\/vinilozona.lt\/parduotuve\/rock-pop\/bruce-springsteen-the-e-street-band-live-1975-85-5lp\/\",\"name\":\"Bruce Springsteen & The E Street Band \u2013 Live \/ 1975-85 5LP BOX SET Vinilin\u0117 Plok\u0161tel\u0117 | Vinilozona.lt\",\"isPartOf\":{\"@id\":\"https:\/\/vinilozona.lt\/#website\"},\"primaryImageOfPage\":{\"@id\":\"https:\/\/vinilozona.lt\/parduotuve\/rock-pop\/bruce-springsteen-the-e-street-band-live-1975-85-5lp\/#primaryimage\"},\"image\":{\"@id\":\"https:\/\/vinilozona.lt\/parduotuve\/rock-pop\/bruce-springsteen-the-e-street-band-live-1975-85-5lp\/#primaryimage\"},\"thumbnailUrl\":\"https:\/\/vinilozona.lt\/wp-content\/uploads\/2021\/09\/R-1333395-1381101639-9694.jpeg.jpg\",\"datePublished\":\"2021-09-02T08:48:04+00:00\",\"dateModified\":\"2021-09-02T11:13:07+00:00\",\"breadcrumb\":{\"@id\":\"https:\/\/vinilozona.lt\/parduotuve\/rock-pop\/bruce-springsteen-the-e-street-band-live-1975-85-5lp\/#breadcrumb\"},\"inLanguage\":\"en-GB\",\"potentialAction\":[{\"@type\":\"ReadAction\",\"target\":[\"https:\/\/vinilozona.lt\/parduotuve\/rock-pop\/bruce-springsteen-the-e-street-band-live-1975-85-5lp\/\"]}]},{\"@type\":\"ImageObject\",\"inLanguage\":\"en-GB\",\"@id\":\"https:\/\/vinilozona.lt\/parduotuve\/rock-pop\/bruce-springsteen-the-e-street-band-live-1975-85-5lp\/#primaryimage\",\"url\":\"https:\/\/vinilozona.lt\/wp-content\/uploads\/2021\/09\/R-1333395-1381101639-9694.jpeg.jpg\",\"contentUrl\":\"https:\/\/vinilozona.lt\/wp-content\/uploads\/2021\/09\/R-1333395-1381101639-9694.jpeg.jpg\",\"width\":584,\"height\":600},{\"@type\":\"BreadcrumbList\",\"@id\":\"https:\/\/vinilozona.lt\/parduotuve\/rock-pop\/bruce-springsteen-the-e-street-band-live-1975-85-5lp\/#breadcrumb\",\"itemListElement\":[{\"@type\":\"ListItem\",\"position\":1,\"name\":\"Home\",\"item\":\"https:\/\/vinilozona.lt\/\"},{\"@type\":\"ListItem\",\"position\":2,\"name\":\"Parduotuv\u0117\",\"item\":\"https:\/\/vinilozona.lt\/parduotuve\/\"},{\"@type\":\"ListItem\",\"position\":3,\"name\":\"Bruce Springsteen &#038; The E Street Band \u2013 Live \/ 1975-85 5LP BOX SET\"}]},{\"@type\":\"WebSite\",\"@id\":\"https:\/\/vinilozona.lt\/#website\",\"url\":\"https:\/\/vinilozona.lt\/\",\"name\":\"Vinilo Zona\",\"description\":\"Nup\u016bsk dulkes ir klausyk LP\",\"potentialAction\":[{\"@type\":\"SearchAction\",\"target\":{\"@type\":\"EntryPoint\",\"urlTemplate\":\"https:\/\/vinilozona.lt\/?s={search_term_string}\"},\"query-input\":{\"@type\":\"PropertyValueSpecification\",\"valueRequired\":true,\"valueName\":\"search_term_string\"}}],\"inLanguage\":\"en-GB\"}]}<\/script>\n<!-- \/ Yoast SEO plugin. -->","yoast_head_json":{"title":"Bruce Springsteen & The E Street Band \u2013 Live \/ 1975-85 5LP BOX SET Vinilin\u0117 Plok\u0161tel\u0117 | Vinilozona.lt","robots":{"index":"index","follow":"follow","max-snippet":"max-snippet:-1","max-image-preview":"max-image-preview:large","max-video-preview":"max-video-preview:-1"},"canonical":"https:\/\/vinilozona.lt\/en\/parduotuve\/rock-pop\/bruce-springsteen-the-e-street-band-live-1975-85-5lp\/","og_locale":"en_GB","og_type":"article","og_title":"Bruce Springsteen & The E Street Band \u2013 Live \/ 1975-85 5LP BOX SET Vinilin\u0117 Plok\u0161tel\u0117 | Vinilozona.lt","og_description":"C5X 40558","og_url":"https:\/\/vinilozona.lt\/en\/parduotuve\/rock-pop\/bruce-springsteen-the-e-street-band-live-1975-85-5lp\/","og_site_name":"Vinilo Zona","article_modified_time":"2021-09-02T11:13:07+00:00","og_image":[{"width":584,"height":600,"url":"https:\/\/vinilozona.lt\/wp-content\/uploads\/2021\/09\/R-1333395-1381101639-9694.jpeg.jpg","type":"image\/jpeg"}],"twitter_card":"summary_large_image","twitter_misc":{"Estimated reading time":"1 minute"},"schema":{"@context":"https:\/\/schema.org","@graph":[{"@type":"WebPage","@id":"https:\/\/vinilozona.lt\/parduotuve\/rock-pop\/bruce-springsteen-the-e-street-band-live-1975-85-5lp\/","url":"https:\/\/vinilozona.lt\/parduotuve\/rock-pop\/bruce-springsteen-the-e-street-band-live-1975-85-5lp\/","name":"Bruce Springsteen & The E Street Band \u2013 Live \/ 1975-85 5LP BOX SET Vinilin\u0117 Plok\u0161tel\u0117 | Vinilozona.lt","isPartOf":{"@id":"https:\/\/vinilozona.lt\/#website"},"primaryImageOfPage":{"@id":"https:\/\/vinilozona.lt\/parduotuve\/rock-pop\/bruce-springsteen-the-e-street-band-live-1975-85-5lp\/#primaryimage"},"image":{"@id":"https:\/\/vinilozona.lt\/parduotuve\/rock-pop\/bruce-springsteen-the-e-street-band-live-1975-85-5lp\/#primaryimage"},"thumbnailUrl":"https:\/\/vinilozona.lt\/wp-content\/uploads\/2021\/09\/R-1333395-1381101639-9694.jpeg.jpg","datePublished":"2021-09-02T08:48:04+00:00","dateModified":"2021-09-02T11:13:07+00:00","breadcrumb":{"@id":"https:\/\/vinilozona.lt\/parduotuve\/rock-pop\/bruce-springsteen-the-e-street-band-live-1975-85-5lp\/#breadcrumb"},"inLanguage":"en-GB","potentialAction":[{"@type":"ReadAction","target":["https:\/\/vinilozona.lt\/parduotuve\/rock-pop\/bruce-springsteen-the-e-street-band-live-1975-85-5lp\/"]}]},{"@type":"ImageObject","inLanguage":"en-GB","@id":"https:\/\/vinilozona.lt\/parduotuve\/rock-pop\/bruce-springsteen-the-e-street-band-live-1975-85-5lp\/#primaryimage","url":"https:\/\/vinilozona.lt\/wp-content\/uploads\/2021\/09\/R-1333395-1381101639-9694.jpeg.jpg","contentUrl":"https:\/\/vinilozona.lt\/wp-content\/uploads\/2021\/09\/R-1333395-1381101639-9694.jpeg.jpg","width":584,"height":600},{"@type":"BreadcrumbList","@id":"https:\/\/vinilozona.lt\/parduotuve\/rock-pop\/bruce-springsteen-the-e-street-band-live-1975-85-5lp\/#breadcrumb","itemListElement":[{"@type":"ListItem","position":1,"name":"Home","item":"https:\/\/vinilozona.lt\/"},{"@type":"ListItem","position":2,"name":"Parduotuv\u0117","item":"https:\/\/vinilozona.lt\/parduotuve\/"},{"@type":"ListItem","position":3,"name":"Bruce Springsteen &#038; The E Street Band \u2013 Live \/ 1975-85 5LP BOX SET"}]},{"@type":"WebSite","@id":"https:\/\/vinilozona.lt\/#website","url":"https:\/\/vinilozona.lt\/","name":"Vinilo Zona","description":"Nup\u016bsk dulkes ir klausyk LP","potentialAction":[{"@type":"SearchAction","target":{"@type":"EntryPoint","urlTemplate":"https:\/\/vinilozona.lt\/?s={search_term_string}"},"query-input":{"@type":"PropertyValueSpecification","valueRequired":true,"valueName":"search_term_string"}}],"inLanguage":"en-GB"}]}},"_links":{"self":[{"href":"https:\/\/vinilozona.lt\/en\/wp-json\/wp\/v2\/product\/15945"}],"collection":[{"href":"https:\/\/vinilozona.lt\/en\/wp-json\/wp\/v2\/product"}],"about":[{"href":"https:\/\/vinilozona.lt\/en\/wp-json\/wp\/v2\/types\/product"}],"wp:featuredmedia":[{"embeddable":true,"href":"https:\/\/vinilozona.lt\/en\/wp-json\/wp\/v2\/media\/15946"}],"wp:attachment":[{"href":"https:\/\/vinilozona.lt\/en\/wp-json\/wp\/v2\/media?parent=15945"}],"wp:term":[{"taxonomy":"product_cat","embeddable":true,"href":"https:\/\/vinilozona.lt\/en\/wp-json\/wp\/v2\/product_cat?post=15945"},{"taxonomy":"product_tag","embeddable":true,"href":"https:\/\/vinilozona.lt\/en\/wp-json\/wp\/v2\/product_tag?post=15945"}],"curies":[{"name":"wp","href":"https:\/\/api.w.org\/{rel}","templated":true}]}}