{"id":15919,"date":"2023-05-17T05:21:03","date_gmt":"2023-05-17T02:21:03","guid":{"rendered":"https:\/\/vinilozona.lt\/?post_type=product&#038;p=15919"},"modified":"2024-03-11T07:58:17","modified_gmt":"2024-03-11T05:58:17","slug":"andrew-lloyd-webber-the-phantom-of-the-opera-2lp","status":"publish","type":"product","link":"https:\/\/vinilozona.lt\/en\/parduotuve\/rock-pop\/andrew-lloyd-webber-the-phantom-of-the-opera-2lp\/","title":{"rendered":"Andrew Lloyd Webber \u2013 Das Phantom Der Oper 2LP"},"content":{"rendered":"<p>A1\t\tProlog\t2:54<br \/>\nA2\t\tOuvert\u00fcre\t2:08<br \/>\nErster Akt &#8211; Paris 1861<br \/>\n1. Szene<br \/>\nA3\t\tProben Zu &#8222;Hannibal&#8221;\t2:52<br \/>\nA4\t\tDenk An Mich\t1:34<br \/>\n2. Szene &#8211; Galavorstellung<br \/>\nA5\t\tDenk An Mich\t3:28<br \/>\n3. Szene &#8211; Nach Der Galavorstellung<br \/>\nA6\t\tEngel Der Lieder\t2:28<br \/>\nA7\t\tLiebes Lottchen&#8230; \/ Der Spiegel&#8230; \/ Engel Der Lieder\t3:10<br \/>\n4. Szene &#8211; Das Unterirdische Labyrinth<br \/>\nA8\t\tDas Phantom Der Oper\t4:16<br \/>\n5. Szene &#8211; Jenseits Des Sees<br \/>\nA9\t\tDie Musik Der Dunkelheit\t6:39<br \/>\n6. Szene &#8211; Jenseits Des Sees &#8211; Am N\u00e4chsten Morgen<br \/>\nA10\t\tDie Erinn&#8217;rung Kommt Zur\u00fcrck Schlimmer Als Ein Alptraum\t3:51<br \/>\n7. Szene &#8211; Hinter Der B\u00fchne<br \/>\nB1\t\tZauberlasso\t1:04<br \/>\n8. Szene &#8211; Im Direktionsb\u00fcro<br \/>\nB2\t\tBriefe\t6:35<br \/>\nB3\t\tPrimadonna\t3:35<br \/>\n9. Szene<br \/>\nB4\t\tEine Vorstellung Der Oper &#8222;Il Muto&#8221;\t1:51<br \/>\nB5\t\tZum Lachen Dieser Narr\t3:25<br \/>\n10. Szene &#8211; Das Dach Der Pariser Oper<br \/>\nB6\t\tWarum So Weit Hinauf\t0:52<br \/>\nB7\t\tRaoul, Ich Sah Ihn\t2:13<br \/>\nB8\t\tMehr Will Ich Nicht Von Dir\t4:48<br \/>\nB9\t\tNun Bist Du Dem Untergang Geweiht\t2:26<br \/>\n&#8211;<br \/>\nC1\t\tEntr&#8217;acte (Zwischenaktmusik)\t2:29<br \/>\n&#8211;<br \/>\n2. Akt &#8211; Sechs Monate Sp\u00e4ter<br \/>\n1. Szene &#8211; Die Freitreppe Im Foyer Der Oper<br \/>\nC2\t\tMaskenball\t5:19<br \/>\nC3\t\tWas Erschreckt Sie So?\t1:17<br \/>\n3. Szene &#8211; Das Direktionsb\u00fcro<br \/>\nC4\t\tBriefe\t6:01<br \/>\nC5\t\tHier Steh Ich Allein\t1:42<br \/>\n4. Szene<br \/>\nC6\t\tEine Musikalische Probe F\u00fcr &#8222;Don Juan, Der Sieger&#8221;\t2:55<br \/>\n5. Szene &#8211; Ein Friedhof<br \/>\nC7\t\tK\u00f6nntest Du Doch Wieder Bei Mir Sein\t2:59<br \/>\nC8\t\tHilfloses Kind&#8230;\/Bravo, Monsieur\t2:42<br \/>\n7. Szene<br \/>\nD1\t\t&#8222;Don Juan, Der Sieger&#8221;\t2:49<br \/>\nD2\t\tDer Letzte Schritt\t5:36<br \/>\n8. Szene<br \/>\nD3\t\tAuf Der B\u00fchne\t0:33<br \/>\n9. Szene &#8211; Das Unterirdische Labyrinth<br \/>\nD4\t\tNun Hinab&#8230;\/Sp\u00fcrt Diesen M\u00f6rder Auf\t1:28<br \/>\n10. Szene<br \/>\nD5\t\tDas Versteck Des Phantoms\t10:00<\/p>","protected":false},"excerpt":{"rendered":"<p>Polydor \u2013 839 206-1<br \/>\nFormat:<br \/>\n2 x Vinyl, LP, Album<br \/>\nCountry:\tEurope<br \/>\nReleased:\t1989<\/p>","protected":false},"featured_media":22224,"template":"","meta":[],"product_cat":[15],"product_tag":[44],"yoast_head":"<!-- This site is optimized with the Yoast SEO plugin v23.5 - https:\/\/yoast.com\/wordpress\/plugins\/seo\/ -->\n<title>Andrew Lloyd Webber \u2013 Das Phantom Der Oper 2LP Vinilin\u0117 Plok\u0161tel\u0117 | Vinilozona.lt<\/title>\n<meta name=\"robots\" content=\"index, follow, max-snippet:-1, max-image-preview:large, max-video-preview:-1\" \/>\n<link rel=\"canonical\" href=\"https:\/\/vinilozona.lt\/en\/parduotuve\/rock-pop\/andrew-lloyd-webber-the-phantom-of-the-opera-2lp\/\" \/>\n<meta property=\"og:locale\" content=\"en_GB\" \/>\n<meta property=\"og:type\" content=\"article\" \/>\n<meta property=\"og:title\" content=\"Andrew Lloyd Webber \u2013 Das Phantom Der Oper 2LP Vinilin\u0117 Plok\u0161tel\u0117 | Vinilozona.lt\" \/>\n<meta property=\"og:description\" content=\"Polydor \u2013 839 206-1 Format:  2 x Vinyl, LP, Album Country: Europe Released: 1989\" \/>\n<meta property=\"og:url\" content=\"https:\/\/vinilozona.lt\/en\/parduotuve\/rock-pop\/andrew-lloyd-webber-the-phantom-of-the-opera-2lp\/\" \/>\n<meta property=\"og:site_name\" content=\"Vinilo Zona\" \/>\n<meta property=\"article:modified_time\" content=\"2024-03-11T05:58:17+00:00\" \/>\n<meta property=\"og:image\" content=\"https:\/\/vinilozona.lt\/wp-content\/uploads\/2021\/09\/R-3902831-1587568221-7180.jpg\" \/>\n\t<meta property=\"og:image:width\" content=\"600\" \/>\n\t<meta property=\"og:image:height\" content=\"600\" \/>\n\t<meta property=\"og:image:type\" content=\"image\/jpeg\" \/>\n<meta name=\"twitter:card\" content=\"summary_large_image\" \/>\n<meta name=\"twitter:label1\" content=\"Estimated reading time\" \/>\n\t<meta name=\"twitter:data1\" content=\"1 minute\" \/>\n<script type=\"application\/ld+json\" class=\"yoast-schema-graph\">{\"@context\":\"https:\/\/schema.org\",\"@graph\":[{\"@type\":\"WebPage\",\"@id\":\"https:\/\/vinilozona.lt\/parduotuve\/rock-pop\/andrew-lloyd-webber-the-phantom-of-the-opera-2lp\/\",\"url\":\"https:\/\/vinilozona.lt\/parduotuve\/rock-pop\/andrew-lloyd-webber-the-phantom-of-the-opera-2lp\/\",\"name\":\"Andrew Lloyd Webber \u2013 Das Phantom Der Oper 2LP Vinilin\u0117 Plok\u0161tel\u0117 | Vinilozona.lt\",\"isPartOf\":{\"@id\":\"https:\/\/vinilozona.lt\/#website\"},\"primaryImageOfPage\":{\"@id\":\"https:\/\/vinilozona.lt\/parduotuve\/rock-pop\/andrew-lloyd-webber-the-phantom-of-the-opera-2lp\/#primaryimage\"},\"image\":{\"@id\":\"https:\/\/vinilozona.lt\/parduotuve\/rock-pop\/andrew-lloyd-webber-the-phantom-of-the-opera-2lp\/#primaryimage\"},\"thumbnailUrl\":\"https:\/\/vinilozona.lt\/wp-content\/uploads\/2021\/09\/R-3902831-1587568221-7180.jpg\",\"datePublished\":\"2023-05-17T02:21:03+00:00\",\"dateModified\":\"2024-03-11T05:58:17+00:00\",\"breadcrumb\":{\"@id\":\"https:\/\/vinilozona.lt\/parduotuve\/rock-pop\/andrew-lloyd-webber-the-phantom-of-the-opera-2lp\/#breadcrumb\"},\"inLanguage\":\"en-GB\",\"potentialAction\":[{\"@type\":\"ReadAction\",\"target\":[\"https:\/\/vinilozona.lt\/parduotuve\/rock-pop\/andrew-lloyd-webber-the-phantom-of-the-opera-2lp\/\"]}]},{\"@type\":\"ImageObject\",\"inLanguage\":\"en-GB\",\"@id\":\"https:\/\/vinilozona.lt\/parduotuve\/rock-pop\/andrew-lloyd-webber-the-phantom-of-the-opera-2lp\/#primaryimage\",\"url\":\"https:\/\/vinilozona.lt\/wp-content\/uploads\/2021\/09\/R-3902831-1587568221-7180.jpg\",\"contentUrl\":\"https:\/\/vinilozona.lt\/wp-content\/uploads\/2021\/09\/R-3902831-1587568221-7180.jpg\",\"width\":600,\"height\":600},{\"@type\":\"BreadcrumbList\",\"@id\":\"https:\/\/vinilozona.lt\/parduotuve\/rock-pop\/andrew-lloyd-webber-the-phantom-of-the-opera-2lp\/#breadcrumb\",\"itemListElement\":[{\"@type\":\"ListItem\",\"position\":1,\"name\":\"Home\",\"item\":\"https:\/\/vinilozona.lt\/\"},{\"@type\":\"ListItem\",\"position\":2,\"name\":\"Parduotuv\u0117\",\"item\":\"https:\/\/vinilozona.lt\/parduotuve\/\"},{\"@type\":\"ListItem\",\"position\":3,\"name\":\"Andrew Lloyd Webber \u2013 Das Phantom Der Oper 2LP\"}]},{\"@type\":\"WebSite\",\"@id\":\"https:\/\/vinilozona.lt\/#website\",\"url\":\"https:\/\/vinilozona.lt\/\",\"name\":\"Vinilo Zona\",\"description\":\"Nup\u016bsk dulkes ir klausyk LP\",\"potentialAction\":[{\"@type\":\"SearchAction\",\"target\":{\"@type\":\"EntryPoint\",\"urlTemplate\":\"https:\/\/vinilozona.lt\/?s={search_term_string}\"},\"query-input\":{\"@type\":\"PropertyValueSpecification\",\"valueRequired\":true,\"valueName\":\"search_term_string\"}}],\"inLanguage\":\"en-GB\"}]}<\/script>\n<!-- \/ Yoast SEO plugin. -->","yoast_head_json":{"title":"Andrew Lloyd Webber \u2013 Das Phantom Der Oper 2LP Vinilin\u0117 Plok\u0161tel\u0117 | Vinilozona.lt","robots":{"index":"index","follow":"follow","max-snippet":"max-snippet:-1","max-image-preview":"max-image-preview:large","max-video-preview":"max-video-preview:-1"},"canonical":"https:\/\/vinilozona.lt\/en\/parduotuve\/rock-pop\/andrew-lloyd-webber-the-phantom-of-the-opera-2lp\/","og_locale":"en_GB","og_type":"article","og_title":"Andrew Lloyd Webber \u2013 Das Phantom Der Oper 2LP Vinilin\u0117 Plok\u0161tel\u0117 | Vinilozona.lt","og_description":"Polydor \u2013 839 206-1 Format:  2 x Vinyl, LP, Album Country: Europe Released: 1989","og_url":"https:\/\/vinilozona.lt\/en\/parduotuve\/rock-pop\/andrew-lloyd-webber-the-phantom-of-the-opera-2lp\/","og_site_name":"Vinilo Zona","article_modified_time":"2024-03-11T05:58:17+00:00","og_image":[{"width":600,"height":600,"url":"https:\/\/vinilozona.lt\/wp-content\/uploads\/2021\/09\/R-3902831-1587568221-7180.jpg","type":"image\/jpeg"}],"twitter_card":"summary_large_image","twitter_misc":{"Estimated reading time":"1 minute"},"schema":{"@context":"https:\/\/schema.org","@graph":[{"@type":"WebPage","@id":"https:\/\/vinilozona.lt\/parduotuve\/rock-pop\/andrew-lloyd-webber-the-phantom-of-the-opera-2lp\/","url":"https:\/\/vinilozona.lt\/parduotuve\/rock-pop\/andrew-lloyd-webber-the-phantom-of-the-opera-2lp\/","name":"Andrew Lloyd Webber \u2013 Das Phantom Der Oper 2LP Vinilin\u0117 Plok\u0161tel\u0117 | Vinilozona.lt","isPartOf":{"@id":"https:\/\/vinilozona.lt\/#website"},"primaryImageOfPage":{"@id":"https:\/\/vinilozona.lt\/parduotuve\/rock-pop\/andrew-lloyd-webber-the-phantom-of-the-opera-2lp\/#primaryimage"},"image":{"@id":"https:\/\/vinilozona.lt\/parduotuve\/rock-pop\/andrew-lloyd-webber-the-phantom-of-the-opera-2lp\/#primaryimage"},"thumbnailUrl":"https:\/\/vinilozona.lt\/wp-content\/uploads\/2021\/09\/R-3902831-1587568221-7180.jpg","datePublished":"2023-05-17T02:21:03+00:00","dateModified":"2024-03-11T05:58:17+00:00","breadcrumb":{"@id":"https:\/\/vinilozona.lt\/parduotuve\/rock-pop\/andrew-lloyd-webber-the-phantom-of-the-opera-2lp\/#breadcrumb"},"inLanguage":"en-GB","potentialAction":[{"@type":"ReadAction","target":["https:\/\/vinilozona.lt\/parduotuve\/rock-pop\/andrew-lloyd-webber-the-phantom-of-the-opera-2lp\/"]}]},{"@type":"ImageObject","inLanguage":"en-GB","@id":"https:\/\/vinilozona.lt\/parduotuve\/rock-pop\/andrew-lloyd-webber-the-phantom-of-the-opera-2lp\/#primaryimage","url":"https:\/\/vinilozona.lt\/wp-content\/uploads\/2021\/09\/R-3902831-1587568221-7180.jpg","contentUrl":"https:\/\/vinilozona.lt\/wp-content\/uploads\/2021\/09\/R-3902831-1587568221-7180.jpg","width":600,"height":600},{"@type":"BreadcrumbList","@id":"https:\/\/vinilozona.lt\/parduotuve\/rock-pop\/andrew-lloyd-webber-the-phantom-of-the-opera-2lp\/#breadcrumb","itemListElement":[{"@type":"ListItem","position":1,"name":"Home","item":"https:\/\/vinilozona.lt\/"},{"@type":"ListItem","position":2,"name":"Parduotuv\u0117","item":"https:\/\/vinilozona.lt\/parduotuve\/"},{"@type":"ListItem","position":3,"name":"Andrew Lloyd Webber \u2013 Das Phantom Der Oper 2LP"}]},{"@type":"WebSite","@id":"https:\/\/vinilozona.lt\/#website","url":"https:\/\/vinilozona.lt\/","name":"Vinilo Zona","description":"Nup\u016bsk dulkes ir klausyk LP","potentialAction":[{"@type":"SearchAction","target":{"@type":"EntryPoint","urlTemplate":"https:\/\/vinilozona.lt\/?s={search_term_string}"},"query-input":{"@type":"PropertyValueSpecification","valueRequired":true,"valueName":"search_term_string"}}],"inLanguage":"en-GB"}]}},"_links":{"self":[{"href":"https:\/\/vinilozona.lt\/en\/wp-json\/wp\/v2\/product\/15919"}],"collection":[{"href":"https:\/\/vinilozona.lt\/en\/wp-json\/wp\/v2\/product"}],"about":[{"href":"https:\/\/vinilozona.lt\/en\/wp-json\/wp\/v2\/types\/product"}],"wp:featuredmedia":[{"embeddable":true,"href":"https:\/\/vinilozona.lt\/en\/wp-json\/wp\/v2\/media\/22224"}],"wp:attachment":[{"href":"https:\/\/vinilozona.lt\/en\/wp-json\/wp\/v2\/media?parent=15919"}],"wp:term":[{"taxonomy":"product_cat","embeddable":true,"href":"https:\/\/vinilozona.lt\/en\/wp-json\/wp\/v2\/product_cat?post=15919"},{"taxonomy":"product_tag","embeddable":true,"href":"https:\/\/vinilozona.lt\/en\/wp-json\/wp\/v2\/product_tag?post=15919"}],"curies":[{"name":"wp","href":"https:\/\/api.w.org\/{rel}","templated":true}]}}