{"id":15907,"date":"2023-02-24T05:12:02","date_gmt":"2023-02-24T03:12:02","guid":{"rendered":"https:\/\/vinilozona.lt\/?post_type=product&#038;p=15907"},"modified":"2023-02-23T12:49:01","modified_gmt":"2023-02-23T10:49:01","slug":"vvarious-a-monument-to-british-rock-volume-1","status":"publish","type":"product","link":"https:\/\/vinilozona.lt\/en\/parduotuve\/rock-pop\/vvarious-a-monument-to-british-rock-volume-1\/","title":{"rendered":"Steve Harley &#038; Cockney Rebel \u2013 The Best Of Steve Harley &#038; Cockney Rebel"},"content":{"rendered":"<p>A1\t\tMake Me Smile (Come Up And See Me)\t3:56<br \/>\nA2\t\tBig Big Deal\t4:30<br \/>\nA3\t\tPsychomodo\t4:00<br \/>\nA4\t\tMr. Soft\t3:18<br \/>\nA5\t\tJudy Teen\t3:39<br \/>\nA6\t\tCavaliers\t8:07<br \/>\nB1\t\tSebastian\t6:50<br \/>\nB2\t\tHere Comes The Sun\t2:56<br \/>\nB3\t\tRiding The Waves (For Virginia Woolf)\t4:27<br \/>\nB4\t\tBlack Or White\t5:43<br \/>\nB5\t\tMr. Raffles (Man, It Was Mean)\t4:32<br \/>\nB6\t\tTumbling Down\t5:46<\/p>","protected":false},"excerpt":{"rendered":"<p>EMI \u2013 EMC 3345<br \/>\nFormat:<br \/>\nVinyl, LP, Compilation, Stereo<br \/>\nCountry:\tEU<br \/>\nReleased:\t1980<\/p>","protected":false},"featured_media":21595,"template":"","meta":[],"product_cat":[15],"product_tag":[44],"yoast_head":"<!-- This site is optimized with the Yoast SEO plugin v23.5 - https:\/\/yoast.com\/wordpress\/plugins\/seo\/ -->\n<title>Steve Harley &amp; Cockney Rebel \u2013 The Best Of Steve Harley &amp; Cockney Rebel Vinilin\u0117 Plok\u0161tel\u0117 | Vinilozona.lt<\/title>\n<meta name=\"robots\" content=\"index, follow, max-snippet:-1, max-image-preview:large, max-video-preview:-1\" \/>\n<link rel=\"canonical\" href=\"https:\/\/vinilozona.lt\/en\/parduotuve\/rock-pop\/vvarious-a-monument-to-british-rock-volume-1\/\" \/>\n<meta property=\"og:locale\" content=\"en_GB\" \/>\n<meta property=\"og:type\" content=\"article\" \/>\n<meta property=\"og:title\" content=\"Steve Harley &amp; Cockney Rebel \u2013 The Best Of Steve Harley &amp; Cockney Rebel Vinilin\u0117 Plok\u0161tel\u0117 | Vinilozona.lt\" \/>\n<meta property=\"og:description\" content=\"EMI \u2013 EMC 3345 Format:  Vinyl, LP, Compilation, Stereo Country: EU Released: 1980\" \/>\n<meta property=\"og:url\" content=\"https:\/\/vinilozona.lt\/en\/parduotuve\/rock-pop\/vvarious-a-monument-to-british-rock-volume-1\/\" \/>\n<meta property=\"og:site_name\" content=\"Vinilo Zona\" \/>\n<meta property=\"article:modified_time\" content=\"2023-02-23T10:49:01+00:00\" \/>\n<meta property=\"og:image\" content=\"https:\/\/vinilozona.lt\/wp-content\/uploads\/2021\/09\/R-15623584-1594741221-6773.jpg\" \/>\n\t<meta property=\"og:image:width\" content=\"600\" \/>\n\t<meta property=\"og:image:height\" content=\"591\" \/>\n\t<meta property=\"og:image:type\" content=\"image\/jpeg\" \/>\n<meta name=\"twitter:card\" content=\"summary_large_image\" \/>\n<script type=\"application\/ld+json\" class=\"yoast-schema-graph\">{\"@context\":\"https:\/\/schema.org\",\"@graph\":[{\"@type\":\"WebPage\",\"@id\":\"https:\/\/vinilozona.lt\/parduotuve\/rock-pop\/vvarious-a-monument-to-british-rock-volume-1\/\",\"url\":\"https:\/\/vinilozona.lt\/parduotuve\/rock-pop\/vvarious-a-monument-to-british-rock-volume-1\/\",\"name\":\"Steve Harley & Cockney Rebel \u2013 The Best Of Steve Harley & Cockney Rebel Vinilin\u0117 Plok\u0161tel\u0117 | Vinilozona.lt\",\"isPartOf\":{\"@id\":\"https:\/\/vinilozona.lt\/#website\"},\"primaryImageOfPage\":{\"@id\":\"https:\/\/vinilozona.lt\/parduotuve\/rock-pop\/vvarious-a-monument-to-british-rock-volume-1\/#primaryimage\"},\"image\":{\"@id\":\"https:\/\/vinilozona.lt\/parduotuve\/rock-pop\/vvarious-a-monument-to-british-rock-volume-1\/#primaryimage\"},\"thumbnailUrl\":\"https:\/\/vinilozona.lt\/wp-content\/uploads\/2021\/09\/R-15623584-1594741221-6773.jpg\",\"datePublished\":\"2023-02-24T03:12:02+00:00\",\"dateModified\":\"2023-02-23T10:49:01+00:00\",\"breadcrumb\":{\"@id\":\"https:\/\/vinilozona.lt\/parduotuve\/rock-pop\/vvarious-a-monument-to-british-rock-volume-1\/#breadcrumb\"},\"inLanguage\":\"en-GB\",\"potentialAction\":[{\"@type\":\"ReadAction\",\"target\":[\"https:\/\/vinilozona.lt\/parduotuve\/rock-pop\/vvarious-a-monument-to-british-rock-volume-1\/\"]}]},{\"@type\":\"ImageObject\",\"inLanguage\":\"en-GB\",\"@id\":\"https:\/\/vinilozona.lt\/parduotuve\/rock-pop\/vvarious-a-monument-to-british-rock-volume-1\/#primaryimage\",\"url\":\"https:\/\/vinilozona.lt\/wp-content\/uploads\/2021\/09\/R-15623584-1594741221-6773.jpg\",\"contentUrl\":\"https:\/\/vinilozona.lt\/wp-content\/uploads\/2021\/09\/R-15623584-1594741221-6773.jpg\",\"width\":600,\"height\":591},{\"@type\":\"BreadcrumbList\",\"@id\":\"https:\/\/vinilozona.lt\/parduotuve\/rock-pop\/vvarious-a-monument-to-british-rock-volume-1\/#breadcrumb\",\"itemListElement\":[{\"@type\":\"ListItem\",\"position\":1,\"name\":\"Home\",\"item\":\"https:\/\/vinilozona.lt\/\"},{\"@type\":\"ListItem\",\"position\":2,\"name\":\"Parduotuv\u0117\",\"item\":\"https:\/\/vinilozona.lt\/parduotuve\/\"},{\"@type\":\"ListItem\",\"position\":3,\"name\":\"Steve Harley &#038; Cockney Rebel \u2013 The Best Of Steve Harley &#038; Cockney Rebel\"}]},{\"@type\":\"WebSite\",\"@id\":\"https:\/\/vinilozona.lt\/#website\",\"url\":\"https:\/\/vinilozona.lt\/\",\"name\":\"Vinilo Zona\",\"description\":\"Nup\u016bsk dulkes ir klausyk LP\",\"potentialAction\":[{\"@type\":\"SearchAction\",\"target\":{\"@type\":\"EntryPoint\",\"urlTemplate\":\"https:\/\/vinilozona.lt\/?s={search_term_string}\"},\"query-input\":{\"@type\":\"PropertyValueSpecification\",\"valueRequired\":true,\"valueName\":\"search_term_string\"}}],\"inLanguage\":\"en-GB\"}]}<\/script>\n<!-- \/ Yoast SEO plugin. -->","yoast_head_json":{"title":"Steve Harley & Cockney Rebel \u2013 The Best Of Steve Harley & Cockney Rebel Vinilin\u0117 Plok\u0161tel\u0117 | Vinilozona.lt","robots":{"index":"index","follow":"follow","max-snippet":"max-snippet:-1","max-image-preview":"max-image-preview:large","max-video-preview":"max-video-preview:-1"},"canonical":"https:\/\/vinilozona.lt\/en\/parduotuve\/rock-pop\/vvarious-a-monument-to-british-rock-volume-1\/","og_locale":"en_GB","og_type":"article","og_title":"Steve Harley & Cockney Rebel \u2013 The Best Of Steve Harley & Cockney Rebel Vinilin\u0117 Plok\u0161tel\u0117 | Vinilozona.lt","og_description":"EMI \u2013 EMC 3345 Format:  Vinyl, LP, Compilation, Stereo Country: EU Released: 1980","og_url":"https:\/\/vinilozona.lt\/en\/parduotuve\/rock-pop\/vvarious-a-monument-to-british-rock-volume-1\/","og_site_name":"Vinilo Zona","article_modified_time":"2023-02-23T10:49:01+00:00","og_image":[{"width":600,"height":591,"url":"https:\/\/vinilozona.lt\/wp-content\/uploads\/2021\/09\/R-15623584-1594741221-6773.jpg","type":"image\/jpeg"}],"twitter_card":"summary_large_image","schema":{"@context":"https:\/\/schema.org","@graph":[{"@type":"WebPage","@id":"https:\/\/vinilozona.lt\/parduotuve\/rock-pop\/vvarious-a-monument-to-british-rock-volume-1\/","url":"https:\/\/vinilozona.lt\/parduotuve\/rock-pop\/vvarious-a-monument-to-british-rock-volume-1\/","name":"Steve Harley & Cockney Rebel \u2013 The Best Of Steve Harley & Cockney Rebel Vinilin\u0117 Plok\u0161tel\u0117 | Vinilozona.lt","isPartOf":{"@id":"https:\/\/vinilozona.lt\/#website"},"primaryImageOfPage":{"@id":"https:\/\/vinilozona.lt\/parduotuve\/rock-pop\/vvarious-a-monument-to-british-rock-volume-1\/#primaryimage"},"image":{"@id":"https:\/\/vinilozona.lt\/parduotuve\/rock-pop\/vvarious-a-monument-to-british-rock-volume-1\/#primaryimage"},"thumbnailUrl":"https:\/\/vinilozona.lt\/wp-content\/uploads\/2021\/09\/R-15623584-1594741221-6773.jpg","datePublished":"2023-02-24T03:12:02+00:00","dateModified":"2023-02-23T10:49:01+00:00","breadcrumb":{"@id":"https:\/\/vinilozona.lt\/parduotuve\/rock-pop\/vvarious-a-monument-to-british-rock-volume-1\/#breadcrumb"},"inLanguage":"en-GB","potentialAction":[{"@type":"ReadAction","target":["https:\/\/vinilozona.lt\/parduotuve\/rock-pop\/vvarious-a-monument-to-british-rock-volume-1\/"]}]},{"@type":"ImageObject","inLanguage":"en-GB","@id":"https:\/\/vinilozona.lt\/parduotuve\/rock-pop\/vvarious-a-monument-to-british-rock-volume-1\/#primaryimage","url":"https:\/\/vinilozona.lt\/wp-content\/uploads\/2021\/09\/R-15623584-1594741221-6773.jpg","contentUrl":"https:\/\/vinilozona.lt\/wp-content\/uploads\/2021\/09\/R-15623584-1594741221-6773.jpg","width":600,"height":591},{"@type":"BreadcrumbList","@id":"https:\/\/vinilozona.lt\/parduotuve\/rock-pop\/vvarious-a-monument-to-british-rock-volume-1\/#breadcrumb","itemListElement":[{"@type":"ListItem","position":1,"name":"Home","item":"https:\/\/vinilozona.lt\/"},{"@type":"ListItem","position":2,"name":"Parduotuv\u0117","item":"https:\/\/vinilozona.lt\/parduotuve\/"},{"@type":"ListItem","position":3,"name":"Steve Harley &#038; Cockney Rebel \u2013 The Best Of Steve Harley &#038; Cockney Rebel"}]},{"@type":"WebSite","@id":"https:\/\/vinilozona.lt\/#website","url":"https:\/\/vinilozona.lt\/","name":"Vinilo Zona","description":"Nup\u016bsk dulkes ir klausyk LP","potentialAction":[{"@type":"SearchAction","target":{"@type":"EntryPoint","urlTemplate":"https:\/\/vinilozona.lt\/?s={search_term_string}"},"query-input":{"@type":"PropertyValueSpecification","valueRequired":true,"valueName":"search_term_string"}}],"inLanguage":"en-GB"}]}},"_links":{"self":[{"href":"https:\/\/vinilozona.lt\/en\/wp-json\/wp\/v2\/product\/15907"}],"collection":[{"href":"https:\/\/vinilozona.lt\/en\/wp-json\/wp\/v2\/product"}],"about":[{"href":"https:\/\/vinilozona.lt\/en\/wp-json\/wp\/v2\/types\/product"}],"wp:featuredmedia":[{"embeddable":true,"href":"https:\/\/vinilozona.lt\/en\/wp-json\/wp\/v2\/media\/21595"}],"wp:attachment":[{"href":"https:\/\/vinilozona.lt\/en\/wp-json\/wp\/v2\/media?parent=15907"}],"wp:term":[{"taxonomy":"product_cat","embeddable":true,"href":"https:\/\/vinilozona.lt\/en\/wp-json\/wp\/v2\/product_cat?post=15907"},{"taxonomy":"product_tag","embeddable":true,"href":"https:\/\/vinilozona.lt\/en\/wp-json\/wp\/v2\/product_tag?post=15907"}],"curies":[{"name":"wp","href":"https:\/\/api.w.org\/{rel}","templated":true}]}}