{"id":15890,"date":"2021-08-30T16:11:15","date_gmt":"2021-08-30T13:11:15","guid":{"rendered":"https:\/\/vinilozona.lt\/?post_type=product&#038;p=15890"},"modified":"2022-05-24T22:02:18","modified_gmt":"2022-05-24T19:02:18","slug":"alan-parsons-project-tales-of-mystery-and-imagination","status":"publish","type":"product","link":"https:\/\/vinilozona.lt\/en\/parduotuve\/rock-pop\/alan-parsons-project-tales-of-mystery-and-imagination\/","title":{"rendered":"Alan Parsons Project \u2013 Tales Of Mystery And Imagination"},"content":{"rendered":"<p>A1\t\tA Dream Within A Dream\t3:42<br \/>\nA2\t\tThe Raven\t4:35<br \/>\nA3\t\tThe Tell-Tale Heart\t4:29<br \/>\nA4\t\tThe Cask Of Amontillado\t4:29<br \/>\nA5\t\t(The System Of) Doctor Tarr And Professor Fether\t4:12<br \/>\nThe Fall Of The House Of Usher\t(15:13)<br \/>\nB1.1\t\tPrelude<br \/>\nB1.2\t\tArrival<br \/>\nB1.3\t\tIntermezzo<br \/>\nB1.4\t\tPavane<br \/>\nB1.5\t\tFall<br \/>\nB2\t\tTo One In Paradise\t4:21<\/p>","protected":false},"excerpt":{"rendered":"<p>20th Century Fox Records \u2013 T-539<\/p>","protected":false},"featured_media":15891,"template":"","meta":[],"product_cat":[15],"product_tag":[44],"yoast_head":"<!-- This site is optimized with the Yoast SEO plugin v23.5 - https:\/\/yoast.com\/wordpress\/plugins\/seo\/ -->\n<title>Alan Parsons Project \u2013 Tales Of Mystery And Imagination Vinilin\u0117 Plok\u0161tel\u0117 | Vinilozona.lt<\/title>\n<meta name=\"robots\" content=\"index, follow, max-snippet:-1, max-image-preview:large, max-video-preview:-1\" \/>\n<link rel=\"canonical\" href=\"https:\/\/vinilozona.lt\/en\/parduotuve\/rock-pop\/alan-parsons-project-tales-of-mystery-and-imagination\/\" \/>\n<meta property=\"og:locale\" content=\"en_GB\" \/>\n<meta property=\"og:type\" content=\"article\" \/>\n<meta property=\"og:title\" content=\"Alan Parsons Project \u2013 Tales Of Mystery And Imagination Vinilin\u0117 Plok\u0161tel\u0117 | Vinilozona.lt\" \/>\n<meta property=\"og:description\" content=\"20th Century Fox Records \u2013 T-539\" \/>\n<meta property=\"og:url\" content=\"https:\/\/vinilozona.lt\/en\/parduotuve\/rock-pop\/alan-parsons-project-tales-of-mystery-and-imagination\/\" \/>\n<meta property=\"og:site_name\" content=\"Vinilo Zona\" \/>\n<meta property=\"article:modified_time\" content=\"2022-05-24T19:02:18+00:00\" \/>\n<meta property=\"og:image\" content=\"https:\/\/vinilozona.lt\/wp-content\/uploads\/2021\/08\/R-1583034-1304279061.jpeg.jpg\" \/>\n\t<meta property=\"og:image:width\" content=\"600\" \/>\n\t<meta property=\"og:image:height\" content=\"600\" \/>\n\t<meta property=\"og:image:type\" content=\"image\/jpeg\" \/>\n<meta name=\"twitter:card\" content=\"summary_large_image\" \/>\n<script type=\"application\/ld+json\" class=\"yoast-schema-graph\">{\"@context\":\"https:\/\/schema.org\",\"@graph\":[{\"@type\":\"WebPage\",\"@id\":\"https:\/\/vinilozona.lt\/parduotuve\/rock-pop\/alan-parsons-project-tales-of-mystery-and-imagination\/\",\"url\":\"https:\/\/vinilozona.lt\/parduotuve\/rock-pop\/alan-parsons-project-tales-of-mystery-and-imagination\/\",\"name\":\"Alan Parsons Project \u2013 Tales Of Mystery And Imagination Vinilin\u0117 Plok\u0161tel\u0117 | Vinilozona.lt\",\"isPartOf\":{\"@id\":\"https:\/\/vinilozona.lt\/#website\"},\"primaryImageOfPage\":{\"@id\":\"https:\/\/vinilozona.lt\/parduotuve\/rock-pop\/alan-parsons-project-tales-of-mystery-and-imagination\/#primaryimage\"},\"image\":{\"@id\":\"https:\/\/vinilozona.lt\/parduotuve\/rock-pop\/alan-parsons-project-tales-of-mystery-and-imagination\/#primaryimage\"},\"thumbnailUrl\":\"https:\/\/vinilozona.lt\/wp-content\/uploads\/2021\/08\/R-1583034-1304279061.jpeg.jpg\",\"datePublished\":\"2021-08-30T13:11:15+00:00\",\"dateModified\":\"2022-05-24T19:02:18+00:00\",\"breadcrumb\":{\"@id\":\"https:\/\/vinilozona.lt\/parduotuve\/rock-pop\/alan-parsons-project-tales-of-mystery-and-imagination\/#breadcrumb\"},\"inLanguage\":\"en-GB\",\"potentialAction\":[{\"@type\":\"ReadAction\",\"target\":[\"https:\/\/vinilozona.lt\/parduotuve\/rock-pop\/alan-parsons-project-tales-of-mystery-and-imagination\/\"]}]},{\"@type\":\"ImageObject\",\"inLanguage\":\"en-GB\",\"@id\":\"https:\/\/vinilozona.lt\/parduotuve\/rock-pop\/alan-parsons-project-tales-of-mystery-and-imagination\/#primaryimage\",\"url\":\"https:\/\/vinilozona.lt\/wp-content\/uploads\/2021\/08\/R-1583034-1304279061.jpeg.jpg\",\"contentUrl\":\"https:\/\/vinilozona.lt\/wp-content\/uploads\/2021\/08\/R-1583034-1304279061.jpeg.jpg\",\"width\":600,\"height\":600},{\"@type\":\"BreadcrumbList\",\"@id\":\"https:\/\/vinilozona.lt\/parduotuve\/rock-pop\/alan-parsons-project-tales-of-mystery-and-imagination\/#breadcrumb\",\"itemListElement\":[{\"@type\":\"ListItem\",\"position\":1,\"name\":\"Home\",\"item\":\"https:\/\/vinilozona.lt\/\"},{\"@type\":\"ListItem\",\"position\":2,\"name\":\"Parduotuv\u0117\",\"item\":\"https:\/\/vinilozona.lt\/parduotuve\/\"},{\"@type\":\"ListItem\",\"position\":3,\"name\":\"Alan Parsons Project \u2013 Tales Of Mystery And Imagination\"}]},{\"@type\":\"WebSite\",\"@id\":\"https:\/\/vinilozona.lt\/#website\",\"url\":\"https:\/\/vinilozona.lt\/\",\"name\":\"Vinilo Zona\",\"description\":\"Nup\u016bsk dulkes ir klausyk LP\",\"potentialAction\":[{\"@type\":\"SearchAction\",\"target\":{\"@type\":\"EntryPoint\",\"urlTemplate\":\"https:\/\/vinilozona.lt\/?s={search_term_string}\"},\"query-input\":{\"@type\":\"PropertyValueSpecification\",\"valueRequired\":true,\"valueName\":\"search_term_string\"}}],\"inLanguage\":\"en-GB\"}]}<\/script>\n<!-- \/ Yoast SEO plugin. -->","yoast_head_json":{"title":"Alan Parsons Project \u2013 Tales Of Mystery And Imagination Vinilin\u0117 Plok\u0161tel\u0117 | Vinilozona.lt","robots":{"index":"index","follow":"follow","max-snippet":"max-snippet:-1","max-image-preview":"max-image-preview:large","max-video-preview":"max-video-preview:-1"},"canonical":"https:\/\/vinilozona.lt\/en\/parduotuve\/rock-pop\/alan-parsons-project-tales-of-mystery-and-imagination\/","og_locale":"en_GB","og_type":"article","og_title":"Alan Parsons Project \u2013 Tales Of Mystery And Imagination Vinilin\u0117 Plok\u0161tel\u0117 | Vinilozona.lt","og_description":"20th Century Fox Records \u2013 T-539","og_url":"https:\/\/vinilozona.lt\/en\/parduotuve\/rock-pop\/alan-parsons-project-tales-of-mystery-and-imagination\/","og_site_name":"Vinilo Zona","article_modified_time":"2022-05-24T19:02:18+00:00","og_image":[{"width":600,"height":600,"url":"https:\/\/vinilozona.lt\/wp-content\/uploads\/2021\/08\/R-1583034-1304279061.jpeg.jpg","type":"image\/jpeg"}],"twitter_card":"summary_large_image","schema":{"@context":"https:\/\/schema.org","@graph":[{"@type":"WebPage","@id":"https:\/\/vinilozona.lt\/parduotuve\/rock-pop\/alan-parsons-project-tales-of-mystery-and-imagination\/","url":"https:\/\/vinilozona.lt\/parduotuve\/rock-pop\/alan-parsons-project-tales-of-mystery-and-imagination\/","name":"Alan Parsons Project \u2013 Tales Of Mystery And Imagination Vinilin\u0117 Plok\u0161tel\u0117 | Vinilozona.lt","isPartOf":{"@id":"https:\/\/vinilozona.lt\/#website"},"primaryImageOfPage":{"@id":"https:\/\/vinilozona.lt\/parduotuve\/rock-pop\/alan-parsons-project-tales-of-mystery-and-imagination\/#primaryimage"},"image":{"@id":"https:\/\/vinilozona.lt\/parduotuve\/rock-pop\/alan-parsons-project-tales-of-mystery-and-imagination\/#primaryimage"},"thumbnailUrl":"https:\/\/vinilozona.lt\/wp-content\/uploads\/2021\/08\/R-1583034-1304279061.jpeg.jpg","datePublished":"2021-08-30T13:11:15+00:00","dateModified":"2022-05-24T19:02:18+00:00","breadcrumb":{"@id":"https:\/\/vinilozona.lt\/parduotuve\/rock-pop\/alan-parsons-project-tales-of-mystery-and-imagination\/#breadcrumb"},"inLanguage":"en-GB","potentialAction":[{"@type":"ReadAction","target":["https:\/\/vinilozona.lt\/parduotuve\/rock-pop\/alan-parsons-project-tales-of-mystery-and-imagination\/"]}]},{"@type":"ImageObject","inLanguage":"en-GB","@id":"https:\/\/vinilozona.lt\/parduotuve\/rock-pop\/alan-parsons-project-tales-of-mystery-and-imagination\/#primaryimage","url":"https:\/\/vinilozona.lt\/wp-content\/uploads\/2021\/08\/R-1583034-1304279061.jpeg.jpg","contentUrl":"https:\/\/vinilozona.lt\/wp-content\/uploads\/2021\/08\/R-1583034-1304279061.jpeg.jpg","width":600,"height":600},{"@type":"BreadcrumbList","@id":"https:\/\/vinilozona.lt\/parduotuve\/rock-pop\/alan-parsons-project-tales-of-mystery-and-imagination\/#breadcrumb","itemListElement":[{"@type":"ListItem","position":1,"name":"Home","item":"https:\/\/vinilozona.lt\/"},{"@type":"ListItem","position":2,"name":"Parduotuv\u0117","item":"https:\/\/vinilozona.lt\/parduotuve\/"},{"@type":"ListItem","position":3,"name":"Alan Parsons Project \u2013 Tales Of Mystery And Imagination"}]},{"@type":"WebSite","@id":"https:\/\/vinilozona.lt\/#website","url":"https:\/\/vinilozona.lt\/","name":"Vinilo Zona","description":"Nup\u016bsk dulkes ir klausyk LP","potentialAction":[{"@type":"SearchAction","target":{"@type":"EntryPoint","urlTemplate":"https:\/\/vinilozona.lt\/?s={search_term_string}"},"query-input":{"@type":"PropertyValueSpecification","valueRequired":true,"valueName":"search_term_string"}}],"inLanguage":"en-GB"}]}},"_links":{"self":[{"href":"https:\/\/vinilozona.lt\/en\/wp-json\/wp\/v2\/product\/15890"}],"collection":[{"href":"https:\/\/vinilozona.lt\/en\/wp-json\/wp\/v2\/product"}],"about":[{"href":"https:\/\/vinilozona.lt\/en\/wp-json\/wp\/v2\/types\/product"}],"wp:featuredmedia":[{"embeddable":true,"href":"https:\/\/vinilozona.lt\/en\/wp-json\/wp\/v2\/media\/15891"}],"wp:attachment":[{"href":"https:\/\/vinilozona.lt\/en\/wp-json\/wp\/v2\/media?parent=15890"}],"wp:term":[{"taxonomy":"product_cat","embeddable":true,"href":"https:\/\/vinilozona.lt\/en\/wp-json\/wp\/v2\/product_cat?post=15890"},{"taxonomy":"product_tag","embeddable":true,"href":"https:\/\/vinilozona.lt\/en\/wp-json\/wp\/v2\/product_tag?post=15890"}],"curies":[{"name":"wp","href":"https:\/\/api.w.org\/{rel}","templated":true}]}}