{"id":15875,"date":"2024-03-31T05:06:58","date_gmt":"2024-03-31T02:06:58","guid":{"rendered":"https:\/\/vinilozona.lt\/?post_type=product&#038;p=15875"},"modified":"2024-12-08T11:19:56","modified_gmt":"2024-12-08T09:19:56","slug":"bruce-dickinson-scream-for-me-sarajevo","status":"publish","type":"product","link":"https:\/\/vinilozona.lt\/en\/parduotuve\/naujos-lp\/bruce-dickinson-scream-for-me-sarajevo\/","title":{"rendered":"Bruce Dickinson \u2013 Scream For Me Sarajevo"},"content":{"rendered":"<p>Change Of Heart\t4:58<br \/>\nTears Of The Dragon\t6:19<br \/>\nGods Of War\t5:02<br \/>\nDarkside Of Aquarius\t6:50<br \/>\nNavigate The Seas Of The Sun\t5:52<br \/>\nRoad To Hell\t3:57<br \/>\nArc Of Space\t4:18<br \/>\nOmega\t6:24<br \/>\nRiver Of No Return\t5:13<br \/>\nPower Of The Sun\t3:30<br \/>\nStrange Death In Paradise\t4:52<br \/>\nInertia (Live)\t3:54<br \/>\nAcoustic Song\t4:24<br \/>\nEternal\t5:59<\/p>","protected":false},"excerpt":{"rendered":"<p>BMG \u2013 BMGCAT265DLP, Sanctuary \u2013 BMGCAT265DLP<br \/>\nFormat:<br \/>\n2 x Vinyl, LP, Compilation, Remastered<\/p>","protected":false},"featured_media":15876,"template":"","meta":[],"product_cat":[23],"product_tag":[44],"yoast_head":"<!-- This site is optimized with the Yoast SEO plugin v23.5 - https:\/\/yoast.com\/wordpress\/plugins\/seo\/ -->\n<title>Bruce Dickinson \u2013 Scream For Me Sarajevo Vinilin\u0117 Plok\u0161tel\u0117 | Vinilozona.lt<\/title>\n<meta name=\"robots\" content=\"index, follow, max-snippet:-1, max-image-preview:large, max-video-preview:-1\" \/>\n<link rel=\"canonical\" href=\"https:\/\/vinilozona.lt\/en\/parduotuve\/naujos-lp\/bruce-dickinson-scream-for-me-sarajevo\/\" \/>\n<meta property=\"og:locale\" content=\"en_GB\" \/>\n<meta property=\"og:type\" content=\"article\" \/>\n<meta property=\"og:title\" content=\"Bruce Dickinson \u2013 Scream For Me Sarajevo Vinilin\u0117 Plok\u0161tel\u0117 | Vinilozona.lt\" \/>\n<meta property=\"og:description\" content=\"BMG \u2013 BMGCAT265DLP, Sanctuary \u2013 BMGCAT265DLP Format: 2 x Vinyl, LP, Compilation, Remastered\" \/>\n<meta property=\"og:url\" content=\"https:\/\/vinilozona.lt\/en\/parduotuve\/naujos-lp\/bruce-dickinson-scream-for-me-sarajevo\/\" \/>\n<meta property=\"og:site_name\" content=\"Vinilo Zona\" \/>\n<meta property=\"article:modified_time\" content=\"2024-12-08T09:19:56+00:00\" \/>\n<meta property=\"og:image\" content=\"https:\/\/vinilozona.lt\/wp-content\/uploads\/2021\/08\/R-12197272-1530275474-5731.jpeg.jpg\" \/>\n\t<meta property=\"og:image:width\" content=\"599\" \/>\n\t<meta property=\"og:image:height\" content=\"620\" \/>\n\t<meta property=\"og:image:type\" content=\"image\/jpeg\" \/>\n<meta name=\"twitter:card\" content=\"summary_large_image\" \/>\n<script type=\"application\/ld+json\" class=\"yoast-schema-graph\">{\"@context\":\"https:\/\/schema.org\",\"@graph\":[{\"@type\":\"WebPage\",\"@id\":\"https:\/\/vinilozona.lt\/parduotuve\/naujos-lp\/bruce-dickinson-scream-for-me-sarajevo\/\",\"url\":\"https:\/\/vinilozona.lt\/parduotuve\/naujos-lp\/bruce-dickinson-scream-for-me-sarajevo\/\",\"name\":\"Bruce Dickinson \u2013 Scream For Me Sarajevo Vinilin\u0117 Plok\u0161tel\u0117 | Vinilozona.lt\",\"isPartOf\":{\"@id\":\"https:\/\/vinilozona.lt\/#website\"},\"primaryImageOfPage\":{\"@id\":\"https:\/\/vinilozona.lt\/parduotuve\/naujos-lp\/bruce-dickinson-scream-for-me-sarajevo\/#primaryimage\"},\"image\":{\"@id\":\"https:\/\/vinilozona.lt\/parduotuve\/naujos-lp\/bruce-dickinson-scream-for-me-sarajevo\/#primaryimage\"},\"thumbnailUrl\":\"https:\/\/vinilozona.lt\/wp-content\/uploads\/2021\/08\/R-12197272-1530275474-5731.jpeg.jpg\",\"datePublished\":\"2024-03-31T02:06:58+00:00\",\"dateModified\":\"2024-12-08T09:19:56+00:00\",\"breadcrumb\":{\"@id\":\"https:\/\/vinilozona.lt\/parduotuve\/naujos-lp\/bruce-dickinson-scream-for-me-sarajevo\/#breadcrumb\"},\"inLanguage\":\"en-GB\",\"potentialAction\":[{\"@type\":\"ReadAction\",\"target\":[\"https:\/\/vinilozona.lt\/parduotuve\/naujos-lp\/bruce-dickinson-scream-for-me-sarajevo\/\"]}]},{\"@type\":\"ImageObject\",\"inLanguage\":\"en-GB\",\"@id\":\"https:\/\/vinilozona.lt\/parduotuve\/naujos-lp\/bruce-dickinson-scream-for-me-sarajevo\/#primaryimage\",\"url\":\"https:\/\/vinilozona.lt\/wp-content\/uploads\/2021\/08\/R-12197272-1530275474-5731.jpeg.jpg\",\"contentUrl\":\"https:\/\/vinilozona.lt\/wp-content\/uploads\/2021\/08\/R-12197272-1530275474-5731.jpeg.jpg\",\"width\":599,\"height\":620},{\"@type\":\"BreadcrumbList\",\"@id\":\"https:\/\/vinilozona.lt\/parduotuve\/naujos-lp\/bruce-dickinson-scream-for-me-sarajevo\/#breadcrumb\",\"itemListElement\":[{\"@type\":\"ListItem\",\"position\":1,\"name\":\"Home\",\"item\":\"https:\/\/vinilozona.lt\/\"},{\"@type\":\"ListItem\",\"position\":2,\"name\":\"Parduotuv\u0117\",\"item\":\"https:\/\/vinilozona.lt\/parduotuve\/\"},{\"@type\":\"ListItem\",\"position\":3,\"name\":\"Bruce Dickinson \u2013 Scream For Me Sarajevo\"}]},{\"@type\":\"WebSite\",\"@id\":\"https:\/\/vinilozona.lt\/#website\",\"url\":\"https:\/\/vinilozona.lt\/\",\"name\":\"Vinilo Zona\",\"description\":\"Nup\u016bsk dulkes ir klausyk LP\",\"potentialAction\":[{\"@type\":\"SearchAction\",\"target\":{\"@type\":\"EntryPoint\",\"urlTemplate\":\"https:\/\/vinilozona.lt\/?s={search_term_string}\"},\"query-input\":{\"@type\":\"PropertyValueSpecification\",\"valueRequired\":true,\"valueName\":\"search_term_string\"}}],\"inLanguage\":\"en-GB\"}]}<\/script>\n<!-- \/ Yoast SEO plugin. -->","yoast_head_json":{"title":"Bruce Dickinson \u2013 Scream For Me Sarajevo Vinilin\u0117 Plok\u0161tel\u0117 | Vinilozona.lt","robots":{"index":"index","follow":"follow","max-snippet":"max-snippet:-1","max-image-preview":"max-image-preview:large","max-video-preview":"max-video-preview:-1"},"canonical":"https:\/\/vinilozona.lt\/en\/parduotuve\/naujos-lp\/bruce-dickinson-scream-for-me-sarajevo\/","og_locale":"en_GB","og_type":"article","og_title":"Bruce Dickinson \u2013 Scream For Me Sarajevo Vinilin\u0117 Plok\u0161tel\u0117 | Vinilozona.lt","og_description":"BMG \u2013 BMGCAT265DLP, Sanctuary \u2013 BMGCAT265DLP Format: 2 x Vinyl, LP, Compilation, Remastered","og_url":"https:\/\/vinilozona.lt\/en\/parduotuve\/naujos-lp\/bruce-dickinson-scream-for-me-sarajevo\/","og_site_name":"Vinilo Zona","article_modified_time":"2024-12-08T09:19:56+00:00","og_image":[{"width":599,"height":620,"url":"https:\/\/vinilozona.lt\/wp-content\/uploads\/2021\/08\/R-12197272-1530275474-5731.jpeg.jpg","type":"image\/jpeg"}],"twitter_card":"summary_large_image","schema":{"@context":"https:\/\/schema.org","@graph":[{"@type":"WebPage","@id":"https:\/\/vinilozona.lt\/parduotuve\/naujos-lp\/bruce-dickinson-scream-for-me-sarajevo\/","url":"https:\/\/vinilozona.lt\/parduotuve\/naujos-lp\/bruce-dickinson-scream-for-me-sarajevo\/","name":"Bruce Dickinson \u2013 Scream For Me Sarajevo Vinilin\u0117 Plok\u0161tel\u0117 | Vinilozona.lt","isPartOf":{"@id":"https:\/\/vinilozona.lt\/#website"},"primaryImageOfPage":{"@id":"https:\/\/vinilozona.lt\/parduotuve\/naujos-lp\/bruce-dickinson-scream-for-me-sarajevo\/#primaryimage"},"image":{"@id":"https:\/\/vinilozona.lt\/parduotuve\/naujos-lp\/bruce-dickinson-scream-for-me-sarajevo\/#primaryimage"},"thumbnailUrl":"https:\/\/vinilozona.lt\/wp-content\/uploads\/2021\/08\/R-12197272-1530275474-5731.jpeg.jpg","datePublished":"2024-03-31T02:06:58+00:00","dateModified":"2024-12-08T09:19:56+00:00","breadcrumb":{"@id":"https:\/\/vinilozona.lt\/parduotuve\/naujos-lp\/bruce-dickinson-scream-for-me-sarajevo\/#breadcrumb"},"inLanguage":"en-GB","potentialAction":[{"@type":"ReadAction","target":["https:\/\/vinilozona.lt\/parduotuve\/naujos-lp\/bruce-dickinson-scream-for-me-sarajevo\/"]}]},{"@type":"ImageObject","inLanguage":"en-GB","@id":"https:\/\/vinilozona.lt\/parduotuve\/naujos-lp\/bruce-dickinson-scream-for-me-sarajevo\/#primaryimage","url":"https:\/\/vinilozona.lt\/wp-content\/uploads\/2021\/08\/R-12197272-1530275474-5731.jpeg.jpg","contentUrl":"https:\/\/vinilozona.lt\/wp-content\/uploads\/2021\/08\/R-12197272-1530275474-5731.jpeg.jpg","width":599,"height":620},{"@type":"BreadcrumbList","@id":"https:\/\/vinilozona.lt\/parduotuve\/naujos-lp\/bruce-dickinson-scream-for-me-sarajevo\/#breadcrumb","itemListElement":[{"@type":"ListItem","position":1,"name":"Home","item":"https:\/\/vinilozona.lt\/"},{"@type":"ListItem","position":2,"name":"Parduotuv\u0117","item":"https:\/\/vinilozona.lt\/parduotuve\/"},{"@type":"ListItem","position":3,"name":"Bruce Dickinson \u2013 Scream For Me Sarajevo"}]},{"@type":"WebSite","@id":"https:\/\/vinilozona.lt\/#website","url":"https:\/\/vinilozona.lt\/","name":"Vinilo Zona","description":"Nup\u016bsk dulkes ir klausyk LP","potentialAction":[{"@type":"SearchAction","target":{"@type":"EntryPoint","urlTemplate":"https:\/\/vinilozona.lt\/?s={search_term_string}"},"query-input":{"@type":"PropertyValueSpecification","valueRequired":true,"valueName":"search_term_string"}}],"inLanguage":"en-GB"}]}},"_links":{"self":[{"href":"https:\/\/vinilozona.lt\/en\/wp-json\/wp\/v2\/product\/15875"}],"collection":[{"href":"https:\/\/vinilozona.lt\/en\/wp-json\/wp\/v2\/product"}],"about":[{"href":"https:\/\/vinilozona.lt\/en\/wp-json\/wp\/v2\/types\/product"}],"wp:featuredmedia":[{"embeddable":true,"href":"https:\/\/vinilozona.lt\/en\/wp-json\/wp\/v2\/media\/15876"}],"wp:attachment":[{"href":"https:\/\/vinilozona.lt\/en\/wp-json\/wp\/v2\/media?parent=15875"}],"wp:term":[{"taxonomy":"product_cat","embeddable":true,"href":"https:\/\/vinilozona.lt\/en\/wp-json\/wp\/v2\/product_cat?post=15875"},{"taxonomy":"product_tag","embeddable":true,"href":"https:\/\/vinilozona.lt\/en\/wp-json\/wp\/v2\/product_tag?post=15875"}],"curies":[{"name":"wp","href":"https:\/\/api.w.org\/{rel}","templated":true}]}}