{"id":15854,"date":"2024-02-06T05:21:10","date_gmt":"2024-02-06T03:21:10","guid":{"rendered":"https:\/\/vinilozona.lt\/?post_type=product&#038;p=15854"},"modified":"2024-02-05T12:15:56","modified_gmt":"2024-02-05T10:15:56","slug":"diana-krall-featuring-the-clayton-hamilton-jazz-orchestra-christmas-songs","status":"publish","type":"product","link":"https:\/\/vinilozona.lt\/en\/parduotuve\/rock-pop\/diana-krall-featuring-the-clayton-hamilton-jazz-orchestra-christmas-songs\/","title":{"rendered":"Johnny &#038; Edgar Winter \u2013 Together"},"content":{"rendered":"<p>A1\t\tHarlem Shuffle  3:41<br \/>\nA2\t\tSoul Man  2:55<br \/>\nA3\t\tYou&#8217;ve Lost That Lovin&#8217; Feelin&#8217;  5:04<br \/>\nRock &#038; Roll Medley\t(6:17)<br \/>\nA4a\t\tSlippin&#8217; &#038; Slidin&#8217;<br \/>\nA4b\t\tJailhouse Rock<br \/>\nA4c\t\tTutti Frutti<br \/>\nA4d\t\tSick &#038; Tired<br \/>\nA4e\t\tI&#8217;m Ready<br \/>\nA4f\t\tRealin&#8217; And Rockin&#8217;<br \/>\nA4g\t\tBlue Suede Shoes<br \/>\nA4h\t\tJenny Take A Ride<br \/>\nA4i\t\tGood Golly Miss Molly<br \/>\nB1\t\tLet The Good Times Roll  3:15<br \/>\nB2\t\tMercy, Mercy  3:46<br \/>\nB3\t\tBaby, Whatcha Want Me To Do  11:06<\/p>","protected":false},"excerpt":{"rendered":"<p>Blue Sky \u2013 PZ 34033<br \/>\nFormat:<br \/>\nVinyl, LP, Album, Santa Maria Pressing<br \/>\nCountry:\tUS<br \/>\nReleased:\t1976<\/p>","protected":false},"featured_media":24149,"template":"","meta":[],"product_cat":[15],"product_tag":[44],"yoast_head":"<!-- This site is optimized with the Yoast SEO plugin v23.5 - https:\/\/yoast.com\/wordpress\/plugins\/seo\/ -->\n<title>Johnny &amp; Edgar Winter \u2013 Together Vinilin\u0117 Plok\u0161tel\u0117 | Vinilozona.lt<\/title>\n<meta name=\"robots\" content=\"index, follow, max-snippet:-1, max-image-preview:large, max-video-preview:-1\" \/>\n<link rel=\"canonical\" href=\"https:\/\/vinilozona.lt\/en\/parduotuve\/rock-pop\/diana-krall-featuring-the-clayton-hamilton-jazz-orchestra-christmas-songs\/\" \/>\n<meta property=\"og:locale\" content=\"en_GB\" \/>\n<meta property=\"og:type\" content=\"article\" \/>\n<meta property=\"og:title\" content=\"Johnny &amp; Edgar Winter \u2013 Together Vinilin\u0117 Plok\u0161tel\u0117 | Vinilozona.lt\" \/>\n<meta property=\"og:description\" content=\"Blue Sky \u2013 PZ 34033 Format:  Vinyl, LP, Album, Santa Maria Pressing Country: US Released: 1976\" \/>\n<meta property=\"og:url\" content=\"https:\/\/vinilozona.lt\/en\/parduotuve\/rock-pop\/diana-krall-featuring-the-clayton-hamilton-jazz-orchestra-christmas-songs\/\" \/>\n<meta property=\"og:site_name\" content=\"Vinilo Zona\" \/>\n<meta property=\"article:modified_time\" content=\"2024-02-05T10:15:56+00:00\" \/>\n<meta property=\"og:image\" content=\"https:\/\/vinilozona.lt\/wp-content\/uploads\/2021\/08\/R-3937040-1557631729-4564.jpg\" \/>\n\t<meta property=\"og:image:width\" content=\"566\" \/>\n\t<meta property=\"og:image:height\" content=\"600\" \/>\n\t<meta property=\"og:image:type\" content=\"image\/jpeg\" \/>\n<meta name=\"twitter:card\" content=\"summary_large_image\" \/>\n<script type=\"application\/ld+json\" class=\"yoast-schema-graph\">{\"@context\":\"https:\/\/schema.org\",\"@graph\":[{\"@type\":\"WebPage\",\"@id\":\"https:\/\/vinilozona.lt\/parduotuve\/rock-pop\/diana-krall-featuring-the-clayton-hamilton-jazz-orchestra-christmas-songs\/\",\"url\":\"https:\/\/vinilozona.lt\/parduotuve\/rock-pop\/diana-krall-featuring-the-clayton-hamilton-jazz-orchestra-christmas-songs\/\",\"name\":\"Johnny & Edgar Winter \u2013 Together Vinilin\u0117 Plok\u0161tel\u0117 | Vinilozona.lt\",\"isPartOf\":{\"@id\":\"https:\/\/vinilozona.lt\/#website\"},\"primaryImageOfPage\":{\"@id\":\"https:\/\/vinilozona.lt\/parduotuve\/rock-pop\/diana-krall-featuring-the-clayton-hamilton-jazz-orchestra-christmas-songs\/#primaryimage\"},\"image\":{\"@id\":\"https:\/\/vinilozona.lt\/parduotuve\/rock-pop\/diana-krall-featuring-the-clayton-hamilton-jazz-orchestra-christmas-songs\/#primaryimage\"},\"thumbnailUrl\":\"https:\/\/vinilozona.lt\/wp-content\/uploads\/2021\/08\/R-3937040-1557631729-4564.jpg\",\"datePublished\":\"2024-02-06T03:21:10+00:00\",\"dateModified\":\"2024-02-05T10:15:56+00:00\",\"breadcrumb\":{\"@id\":\"https:\/\/vinilozona.lt\/parduotuve\/rock-pop\/diana-krall-featuring-the-clayton-hamilton-jazz-orchestra-christmas-songs\/#breadcrumb\"},\"inLanguage\":\"en-GB\",\"potentialAction\":[{\"@type\":\"ReadAction\",\"target\":[\"https:\/\/vinilozona.lt\/parduotuve\/rock-pop\/diana-krall-featuring-the-clayton-hamilton-jazz-orchestra-christmas-songs\/\"]}]},{\"@type\":\"ImageObject\",\"inLanguage\":\"en-GB\",\"@id\":\"https:\/\/vinilozona.lt\/parduotuve\/rock-pop\/diana-krall-featuring-the-clayton-hamilton-jazz-orchestra-christmas-songs\/#primaryimage\",\"url\":\"https:\/\/vinilozona.lt\/wp-content\/uploads\/2021\/08\/R-3937040-1557631729-4564.jpg\",\"contentUrl\":\"https:\/\/vinilozona.lt\/wp-content\/uploads\/2021\/08\/R-3937040-1557631729-4564.jpg\",\"width\":566,\"height\":600},{\"@type\":\"BreadcrumbList\",\"@id\":\"https:\/\/vinilozona.lt\/parduotuve\/rock-pop\/diana-krall-featuring-the-clayton-hamilton-jazz-orchestra-christmas-songs\/#breadcrumb\",\"itemListElement\":[{\"@type\":\"ListItem\",\"position\":1,\"name\":\"Home\",\"item\":\"https:\/\/vinilozona.lt\/\"},{\"@type\":\"ListItem\",\"position\":2,\"name\":\"Parduotuv\u0117\",\"item\":\"https:\/\/vinilozona.lt\/parduotuve\/\"},{\"@type\":\"ListItem\",\"position\":3,\"name\":\"Johnny &#038; Edgar Winter \u2013 Together\"}]},{\"@type\":\"WebSite\",\"@id\":\"https:\/\/vinilozona.lt\/#website\",\"url\":\"https:\/\/vinilozona.lt\/\",\"name\":\"Vinilo Zona\",\"description\":\"Nup\u016bsk dulkes ir klausyk LP\",\"potentialAction\":[{\"@type\":\"SearchAction\",\"target\":{\"@type\":\"EntryPoint\",\"urlTemplate\":\"https:\/\/vinilozona.lt\/?s={search_term_string}\"},\"query-input\":{\"@type\":\"PropertyValueSpecification\",\"valueRequired\":true,\"valueName\":\"search_term_string\"}}],\"inLanguage\":\"en-GB\"}]}<\/script>\n<!-- \/ Yoast SEO plugin. -->","yoast_head_json":{"title":"Johnny & Edgar Winter \u2013 Together Vinilin\u0117 Plok\u0161tel\u0117 | Vinilozona.lt","robots":{"index":"index","follow":"follow","max-snippet":"max-snippet:-1","max-image-preview":"max-image-preview:large","max-video-preview":"max-video-preview:-1"},"canonical":"https:\/\/vinilozona.lt\/en\/parduotuve\/rock-pop\/diana-krall-featuring-the-clayton-hamilton-jazz-orchestra-christmas-songs\/","og_locale":"en_GB","og_type":"article","og_title":"Johnny & Edgar Winter \u2013 Together Vinilin\u0117 Plok\u0161tel\u0117 | Vinilozona.lt","og_description":"Blue Sky \u2013 PZ 34033 Format:  Vinyl, LP, Album, Santa Maria Pressing Country: US Released: 1976","og_url":"https:\/\/vinilozona.lt\/en\/parduotuve\/rock-pop\/diana-krall-featuring-the-clayton-hamilton-jazz-orchestra-christmas-songs\/","og_site_name":"Vinilo Zona","article_modified_time":"2024-02-05T10:15:56+00:00","og_image":[{"width":566,"height":600,"url":"https:\/\/vinilozona.lt\/wp-content\/uploads\/2021\/08\/R-3937040-1557631729-4564.jpg","type":"image\/jpeg"}],"twitter_card":"summary_large_image","schema":{"@context":"https:\/\/schema.org","@graph":[{"@type":"WebPage","@id":"https:\/\/vinilozona.lt\/parduotuve\/rock-pop\/diana-krall-featuring-the-clayton-hamilton-jazz-orchestra-christmas-songs\/","url":"https:\/\/vinilozona.lt\/parduotuve\/rock-pop\/diana-krall-featuring-the-clayton-hamilton-jazz-orchestra-christmas-songs\/","name":"Johnny & Edgar Winter \u2013 Together Vinilin\u0117 Plok\u0161tel\u0117 | Vinilozona.lt","isPartOf":{"@id":"https:\/\/vinilozona.lt\/#website"},"primaryImageOfPage":{"@id":"https:\/\/vinilozona.lt\/parduotuve\/rock-pop\/diana-krall-featuring-the-clayton-hamilton-jazz-orchestra-christmas-songs\/#primaryimage"},"image":{"@id":"https:\/\/vinilozona.lt\/parduotuve\/rock-pop\/diana-krall-featuring-the-clayton-hamilton-jazz-orchestra-christmas-songs\/#primaryimage"},"thumbnailUrl":"https:\/\/vinilozona.lt\/wp-content\/uploads\/2021\/08\/R-3937040-1557631729-4564.jpg","datePublished":"2024-02-06T03:21:10+00:00","dateModified":"2024-02-05T10:15:56+00:00","breadcrumb":{"@id":"https:\/\/vinilozona.lt\/parduotuve\/rock-pop\/diana-krall-featuring-the-clayton-hamilton-jazz-orchestra-christmas-songs\/#breadcrumb"},"inLanguage":"en-GB","potentialAction":[{"@type":"ReadAction","target":["https:\/\/vinilozona.lt\/parduotuve\/rock-pop\/diana-krall-featuring-the-clayton-hamilton-jazz-orchestra-christmas-songs\/"]}]},{"@type":"ImageObject","inLanguage":"en-GB","@id":"https:\/\/vinilozona.lt\/parduotuve\/rock-pop\/diana-krall-featuring-the-clayton-hamilton-jazz-orchestra-christmas-songs\/#primaryimage","url":"https:\/\/vinilozona.lt\/wp-content\/uploads\/2021\/08\/R-3937040-1557631729-4564.jpg","contentUrl":"https:\/\/vinilozona.lt\/wp-content\/uploads\/2021\/08\/R-3937040-1557631729-4564.jpg","width":566,"height":600},{"@type":"BreadcrumbList","@id":"https:\/\/vinilozona.lt\/parduotuve\/rock-pop\/diana-krall-featuring-the-clayton-hamilton-jazz-orchestra-christmas-songs\/#breadcrumb","itemListElement":[{"@type":"ListItem","position":1,"name":"Home","item":"https:\/\/vinilozona.lt\/"},{"@type":"ListItem","position":2,"name":"Parduotuv\u0117","item":"https:\/\/vinilozona.lt\/parduotuve\/"},{"@type":"ListItem","position":3,"name":"Johnny &#038; Edgar Winter \u2013 Together"}]},{"@type":"WebSite","@id":"https:\/\/vinilozona.lt\/#website","url":"https:\/\/vinilozona.lt\/","name":"Vinilo Zona","description":"Nup\u016bsk dulkes ir klausyk LP","potentialAction":[{"@type":"SearchAction","target":{"@type":"EntryPoint","urlTemplate":"https:\/\/vinilozona.lt\/?s={search_term_string}"},"query-input":{"@type":"PropertyValueSpecification","valueRequired":true,"valueName":"search_term_string"}}],"inLanguage":"en-GB"}]}},"_links":{"self":[{"href":"https:\/\/vinilozona.lt\/en\/wp-json\/wp\/v2\/product\/15854"}],"collection":[{"href":"https:\/\/vinilozona.lt\/en\/wp-json\/wp\/v2\/product"}],"about":[{"href":"https:\/\/vinilozona.lt\/en\/wp-json\/wp\/v2\/types\/product"}],"wp:featuredmedia":[{"embeddable":true,"href":"https:\/\/vinilozona.lt\/en\/wp-json\/wp\/v2\/media\/24149"}],"wp:attachment":[{"href":"https:\/\/vinilozona.lt\/en\/wp-json\/wp\/v2\/media?parent=15854"}],"wp:term":[{"taxonomy":"product_cat","embeddable":true,"href":"https:\/\/vinilozona.lt\/en\/wp-json\/wp\/v2\/product_cat?post=15854"},{"taxonomy":"product_tag","embeddable":true,"href":"https:\/\/vinilozona.lt\/en\/wp-json\/wp\/v2\/product_tag?post=15854"}],"curies":[{"name":"wp","href":"https:\/\/api.w.org\/{rel}","templated":true}]}}