{"id":15843,"date":"2026-04-21T05:07:52","date_gmt":"2026-04-21T02:07:52","guid":{"rendered":"https:\/\/vinilozona.lt\/?post_type=product&#038;p=15843"},"modified":"2026-04-21T10:56:32","modified_gmt":"2026-04-21T07:56:32","slug":"al-di-meola-splendido-hotel-2-lp","status":"publish","type":"product","link":"https:\/\/vinilozona.lt\/en\/parduotuve\/jazz\/al-di-meola-splendido-hotel-2-lp\/","title":{"rendered":"Al Di Meola \u2013 Splendido Hotel 2 Lp"},"content":{"rendered":"<p>Alien Chase On Arabian Desert\t8:54<br \/>\nSilent Story In Her Eyes\t7:32<br \/>\nRoller Jubilee\t4:42<br \/>\nTwo To Tango\t4:12<br \/>\nAl Di&#8217;s Dream Theme\t6:48<br \/>\nDinner Music Of The Gods\t8:33<br \/>\nSplendido Sundance\t4:48<br \/>\nI Can Tell\t3:59<br \/>\nSpanish Eyes\t5:07<br \/>\nIsfahan\t11:35<br \/>\nBianca&#8217;s Midnight Lullaby\t1:53<\/p>","protected":false},"excerpt":{"rendered":"<p>CBS \u2013 CBS 88468, CBS \u2013 88468<br \/>\nFormat:<br \/>\n2 x Vinyl, LP, Album, Stereo, Gatefold<br \/>\nCountry:<br \/>\nEurope<br \/>\nReleased:<br \/>\n1980<\/p>","protected":false},"featured_media":15844,"template":"","meta":[],"product_cat":[20],"product_tag":[44],"yoast_head":"<!-- This site is optimized with the Yoast SEO plugin v23.5 - https:\/\/yoast.com\/wordpress\/plugins\/seo\/ -->\n<title>Al Di Meola \u2013 Splendido Hotel 2 Lp Vinilin\u0117 Plok\u0161tel\u0117 | Vinilozona.lt<\/title>\n<meta name=\"robots\" content=\"index, follow, max-snippet:-1, max-image-preview:large, max-video-preview:-1\" \/>\n<link rel=\"canonical\" href=\"https:\/\/vinilozona.lt\/en\/parduotuve\/jazz\/al-di-meola-splendido-hotel-2-lp\/\" \/>\n<meta property=\"og:locale\" content=\"en_GB\" \/>\n<meta property=\"og:type\" content=\"article\" \/>\n<meta property=\"og:title\" content=\"Al Di Meola \u2013 Splendido Hotel 2 Lp Vinilin\u0117 Plok\u0161tel\u0117 | Vinilozona.lt\" \/>\n<meta property=\"og:description\" content=\"CBS \u2013 CBS 88468, CBS \u2013 88468 Format: 2 x Vinyl, LP, Album, Stereo, Gatefold Country: Europe Released: 1980\" \/>\n<meta property=\"og:url\" content=\"https:\/\/vinilozona.lt\/en\/parduotuve\/jazz\/al-di-meola-splendido-hotel-2-lp\/\" \/>\n<meta property=\"og:site_name\" content=\"Vinilo Zona\" \/>\n<meta property=\"article:modified_time\" content=\"2026-04-21T07:56:32+00:00\" \/>\n<meta property=\"og:image\" content=\"https:\/\/vinilozona.lt\/wp-content\/uploads\/2021\/08\/R-459881-1467284804-5296.jpeg.jpg\" \/>\n\t<meta property=\"og:image:width\" content=\"599\" \/>\n\t<meta property=\"og:image:height\" content=\"604\" \/>\n\t<meta property=\"og:image:type\" content=\"image\/jpeg\" \/>\n<meta name=\"twitter:card\" content=\"summary_large_image\" \/>\n<meta name=\"twitter:label1\" content=\"Estimated reading time\" \/>\n\t<meta name=\"twitter:data1\" content=\"1 minute\" \/>\n<script type=\"application\/ld+json\" class=\"yoast-schema-graph\">{\"@context\":\"https:\/\/schema.org\",\"@graph\":[{\"@type\":\"WebPage\",\"@id\":\"https:\/\/vinilozona.lt\/parduotuve\/jazz\/al-di-meola-splendido-hotel-2-lp\/\",\"url\":\"https:\/\/vinilozona.lt\/parduotuve\/jazz\/al-di-meola-splendido-hotel-2-lp\/\",\"name\":\"Al Di Meola \u2013 Splendido Hotel 2 Lp Vinilin\u0117 Plok\u0161tel\u0117 | Vinilozona.lt\",\"isPartOf\":{\"@id\":\"https:\/\/vinilozona.lt\/#website\"},\"primaryImageOfPage\":{\"@id\":\"https:\/\/vinilozona.lt\/parduotuve\/jazz\/al-di-meola-splendido-hotel-2-lp\/#primaryimage\"},\"image\":{\"@id\":\"https:\/\/vinilozona.lt\/parduotuve\/jazz\/al-di-meola-splendido-hotel-2-lp\/#primaryimage\"},\"thumbnailUrl\":\"https:\/\/vinilozona.lt\/wp-content\/uploads\/2021\/08\/R-459881-1467284804-5296.jpeg.jpg\",\"datePublished\":\"2026-04-21T02:07:52+00:00\",\"dateModified\":\"2026-04-21T07:56:32+00:00\",\"breadcrumb\":{\"@id\":\"https:\/\/vinilozona.lt\/parduotuve\/jazz\/al-di-meola-splendido-hotel-2-lp\/#breadcrumb\"},\"inLanguage\":\"en-GB\",\"potentialAction\":[{\"@type\":\"ReadAction\",\"target\":[\"https:\/\/vinilozona.lt\/parduotuve\/jazz\/al-di-meola-splendido-hotel-2-lp\/\"]}]},{\"@type\":\"ImageObject\",\"inLanguage\":\"en-GB\",\"@id\":\"https:\/\/vinilozona.lt\/parduotuve\/jazz\/al-di-meola-splendido-hotel-2-lp\/#primaryimage\",\"url\":\"https:\/\/vinilozona.lt\/wp-content\/uploads\/2021\/08\/R-459881-1467284804-5296.jpeg.jpg\",\"contentUrl\":\"https:\/\/vinilozona.lt\/wp-content\/uploads\/2021\/08\/R-459881-1467284804-5296.jpeg.jpg\",\"width\":599,\"height\":604},{\"@type\":\"BreadcrumbList\",\"@id\":\"https:\/\/vinilozona.lt\/parduotuve\/jazz\/al-di-meola-splendido-hotel-2-lp\/#breadcrumb\",\"itemListElement\":[{\"@type\":\"ListItem\",\"position\":1,\"name\":\"Home\",\"item\":\"https:\/\/vinilozona.lt\/\"},{\"@type\":\"ListItem\",\"position\":2,\"name\":\"Parduotuv\u0117\",\"item\":\"https:\/\/vinilozona.lt\/parduotuve\/\"},{\"@type\":\"ListItem\",\"position\":3,\"name\":\"Al Di Meola \u2013 Splendido Hotel 2 Lp\"}]},{\"@type\":\"WebSite\",\"@id\":\"https:\/\/vinilozona.lt\/#website\",\"url\":\"https:\/\/vinilozona.lt\/\",\"name\":\"Vinilo Zona\",\"description\":\"Nup\u016bsk dulkes ir klausyk LP\",\"potentialAction\":[{\"@type\":\"SearchAction\",\"target\":{\"@type\":\"EntryPoint\",\"urlTemplate\":\"https:\/\/vinilozona.lt\/?s={search_term_string}\"},\"query-input\":{\"@type\":\"PropertyValueSpecification\",\"valueRequired\":true,\"valueName\":\"search_term_string\"}}],\"inLanguage\":\"en-GB\"}]}<\/script>\n<!-- \/ Yoast SEO plugin. -->","yoast_head_json":{"title":"Al Di Meola \u2013 Splendido Hotel 2 Lp Vinilin\u0117 Plok\u0161tel\u0117 | Vinilozona.lt","robots":{"index":"index","follow":"follow","max-snippet":"max-snippet:-1","max-image-preview":"max-image-preview:large","max-video-preview":"max-video-preview:-1"},"canonical":"https:\/\/vinilozona.lt\/en\/parduotuve\/jazz\/al-di-meola-splendido-hotel-2-lp\/","og_locale":"en_GB","og_type":"article","og_title":"Al Di Meola \u2013 Splendido Hotel 2 Lp Vinilin\u0117 Plok\u0161tel\u0117 | Vinilozona.lt","og_description":"CBS \u2013 CBS 88468, CBS \u2013 88468 Format: 2 x Vinyl, LP, Album, Stereo, Gatefold Country: Europe Released: 1980","og_url":"https:\/\/vinilozona.lt\/en\/parduotuve\/jazz\/al-di-meola-splendido-hotel-2-lp\/","og_site_name":"Vinilo Zona","article_modified_time":"2026-04-21T07:56:32+00:00","og_image":[{"width":599,"height":604,"url":"https:\/\/vinilozona.lt\/wp-content\/uploads\/2021\/08\/R-459881-1467284804-5296.jpeg.jpg","type":"image\/jpeg"}],"twitter_card":"summary_large_image","twitter_misc":{"Estimated reading time":"1 minute"},"schema":{"@context":"https:\/\/schema.org","@graph":[{"@type":"WebPage","@id":"https:\/\/vinilozona.lt\/parduotuve\/jazz\/al-di-meola-splendido-hotel-2-lp\/","url":"https:\/\/vinilozona.lt\/parduotuve\/jazz\/al-di-meola-splendido-hotel-2-lp\/","name":"Al Di Meola \u2013 Splendido Hotel 2 Lp Vinilin\u0117 Plok\u0161tel\u0117 | Vinilozona.lt","isPartOf":{"@id":"https:\/\/vinilozona.lt\/#website"},"primaryImageOfPage":{"@id":"https:\/\/vinilozona.lt\/parduotuve\/jazz\/al-di-meola-splendido-hotel-2-lp\/#primaryimage"},"image":{"@id":"https:\/\/vinilozona.lt\/parduotuve\/jazz\/al-di-meola-splendido-hotel-2-lp\/#primaryimage"},"thumbnailUrl":"https:\/\/vinilozona.lt\/wp-content\/uploads\/2021\/08\/R-459881-1467284804-5296.jpeg.jpg","datePublished":"2026-04-21T02:07:52+00:00","dateModified":"2026-04-21T07:56:32+00:00","breadcrumb":{"@id":"https:\/\/vinilozona.lt\/parduotuve\/jazz\/al-di-meola-splendido-hotel-2-lp\/#breadcrumb"},"inLanguage":"en-GB","potentialAction":[{"@type":"ReadAction","target":["https:\/\/vinilozona.lt\/parduotuve\/jazz\/al-di-meola-splendido-hotel-2-lp\/"]}]},{"@type":"ImageObject","inLanguage":"en-GB","@id":"https:\/\/vinilozona.lt\/parduotuve\/jazz\/al-di-meola-splendido-hotel-2-lp\/#primaryimage","url":"https:\/\/vinilozona.lt\/wp-content\/uploads\/2021\/08\/R-459881-1467284804-5296.jpeg.jpg","contentUrl":"https:\/\/vinilozona.lt\/wp-content\/uploads\/2021\/08\/R-459881-1467284804-5296.jpeg.jpg","width":599,"height":604},{"@type":"BreadcrumbList","@id":"https:\/\/vinilozona.lt\/parduotuve\/jazz\/al-di-meola-splendido-hotel-2-lp\/#breadcrumb","itemListElement":[{"@type":"ListItem","position":1,"name":"Home","item":"https:\/\/vinilozona.lt\/"},{"@type":"ListItem","position":2,"name":"Parduotuv\u0117","item":"https:\/\/vinilozona.lt\/parduotuve\/"},{"@type":"ListItem","position":3,"name":"Al Di Meola \u2013 Splendido Hotel 2 Lp"}]},{"@type":"WebSite","@id":"https:\/\/vinilozona.lt\/#website","url":"https:\/\/vinilozona.lt\/","name":"Vinilo Zona","description":"Nup\u016bsk dulkes ir klausyk LP","potentialAction":[{"@type":"SearchAction","target":{"@type":"EntryPoint","urlTemplate":"https:\/\/vinilozona.lt\/?s={search_term_string}"},"query-input":{"@type":"PropertyValueSpecification","valueRequired":true,"valueName":"search_term_string"}}],"inLanguage":"en-GB"}]}},"_links":{"self":[{"href":"https:\/\/vinilozona.lt\/en\/wp-json\/wp\/v2\/product\/15843"}],"collection":[{"href":"https:\/\/vinilozona.lt\/en\/wp-json\/wp\/v2\/product"}],"about":[{"href":"https:\/\/vinilozona.lt\/en\/wp-json\/wp\/v2\/types\/product"}],"wp:featuredmedia":[{"embeddable":true,"href":"https:\/\/vinilozona.lt\/en\/wp-json\/wp\/v2\/media\/15844"}],"wp:attachment":[{"href":"https:\/\/vinilozona.lt\/en\/wp-json\/wp\/v2\/media?parent=15843"}],"wp:term":[{"taxonomy":"product_cat","embeddable":true,"href":"https:\/\/vinilozona.lt\/en\/wp-json\/wp\/v2\/product_cat?post=15843"},{"taxonomy":"product_tag","embeddable":true,"href":"https:\/\/vinilozona.lt\/en\/wp-json\/wp\/v2\/product_tag?post=15843"}],"curies":[{"name":"wp","href":"https:\/\/api.w.org\/{rel}","templated":true}]}}