{"id":15772,"date":"2024-01-15T05:15:47","date_gmt":"2024-01-15T03:15:47","guid":{"rendered":"https:\/\/vinilozona.lt\/?post_type=product&#038;p=15772"},"modified":"2026-03-26T13:38:21","modified_gmt":"2026-03-26T11:38:21","slug":"various-%e2%80%8e-rock-heroes-2-lp","status":"publish","type":"product","link":"https:\/\/vinilozona.lt\/en\/parduotuve\/rock-pop\/various-%e2%80%8e-rock-heroes-2-lp\/","title":{"rendered":"Robin Trower \u2013 The Steel Album = El Album De Acero"},"content":{"rendered":"<p>A1\t\tBridge Of Sighs\t4:52<br \/>\nA2\t\tCaledonia\t5:37<br \/>\nA3\t\tShame The Devil\t3:32<br \/>\nA4\t\tMessin&#8217; The Blues\t3:16<br \/>\nA5\t\tI Can&#8217;t Stand It\t3:36<br \/>\nB1\t\tToo Rolling Stoned\t7:25<br \/>\nB2\t\tMan Of The World\t2:37<br \/>\nB3\t\tMy Love (Burning Love)\t3:17<br \/>\nB4\t\tSame Rain Falls\t3:05<br \/>\nB5\t\tFarther Up The Road\t2:32<\/p>","protected":false},"excerpt":{"rendered":"<p>Chrysalis \u2013 ECPL-3073<br \/>\nSeries:\tHistoria De La Musica Rock \u2013 91<br \/>\nFormat:<br \/>\nVinyl, LP, Compilation, Stereo<br \/>\nCountry:\tSpain<br \/>\nReleased:\t1983<\/p>","protected":false},"featured_media":23999,"template":"","meta":[],"product_cat":[15],"product_tag":[44],"yoast_head":"<!-- This site is optimized with the Yoast SEO plugin v23.5 - https:\/\/yoast.com\/wordpress\/plugins\/seo\/ -->\n<title>Robin Trower \u2013 The Steel Album = El Album De Acero Vinilin\u0117 Plok\u0161tel\u0117 | Vinilozona.lt<\/title>\n<meta name=\"robots\" content=\"index, follow, max-snippet:-1, max-image-preview:large, max-video-preview:-1\" \/>\n<link rel=\"canonical\" href=\"https:\/\/vinilozona.lt\/en\/parduotuve\/rock-pop\/various-\u200e-rock-heroes-2-lp\/\" \/>\n<meta property=\"og:locale\" content=\"en_GB\" \/>\n<meta property=\"og:type\" content=\"article\" \/>\n<meta property=\"og:title\" content=\"Robin Trower \u2013 The Steel Album = El Album De Acero Vinilin\u0117 Plok\u0161tel\u0117 | Vinilozona.lt\" \/>\n<meta property=\"og:description\" content=\"Chrysalis \u2013 ECPL-3073 Series: Historia De La Musica Rock \u2013 91 Format:  Vinyl, LP, Compilation, Stereo Country: Spain Released: 1983\" \/>\n<meta property=\"og:url\" content=\"https:\/\/vinilozona.lt\/en\/parduotuve\/rock-pop\/various-\u200e-rock-heroes-2-lp\/\" \/>\n<meta property=\"og:site_name\" content=\"Vinilo Zona\" \/>\n<meta property=\"article:modified_time\" content=\"2026-03-26T11:38:21+00:00\" \/>\n<meta property=\"og:image\" content=\"https:\/\/vinilozona.lt\/wp-content\/uploads\/2023\/03\/R-2332983-1344875604-5436.jpg\" \/>\n\t<meta property=\"og:image:width\" content=\"497\" \/>\n\t<meta property=\"og:image:height\" content=\"500\" \/>\n\t<meta property=\"og:image:type\" content=\"image\/jpeg\" \/>\n<meta name=\"twitter:card\" content=\"summary_large_image\" \/>\n<script type=\"application\/ld+json\" class=\"yoast-schema-graph\">{\"@context\":\"https:\/\/schema.org\",\"@graph\":[{\"@type\":\"WebPage\",\"@id\":\"https:\/\/vinilozona.lt\/parduotuve\/rock-pop\/various-%e2%80%8e-rock-heroes-2-lp\/\",\"url\":\"https:\/\/vinilozona.lt\/parduotuve\/rock-pop\/various-%e2%80%8e-rock-heroes-2-lp\/\",\"name\":\"Robin Trower \u2013 The Steel Album = El Album De Acero Vinilin\u0117 Plok\u0161tel\u0117 | Vinilozona.lt\",\"isPartOf\":{\"@id\":\"https:\/\/vinilozona.lt\/#website\"},\"primaryImageOfPage\":{\"@id\":\"https:\/\/vinilozona.lt\/parduotuve\/rock-pop\/various-%e2%80%8e-rock-heroes-2-lp\/#primaryimage\"},\"image\":{\"@id\":\"https:\/\/vinilozona.lt\/parduotuve\/rock-pop\/various-%e2%80%8e-rock-heroes-2-lp\/#primaryimage\"},\"thumbnailUrl\":\"https:\/\/vinilozona.lt\/wp-content\/uploads\/2023\/03\/R-2332983-1344875604-5436.jpg\",\"datePublished\":\"2024-01-15T03:15:47+00:00\",\"dateModified\":\"2026-03-26T11:38:21+00:00\",\"breadcrumb\":{\"@id\":\"https:\/\/vinilozona.lt\/parduotuve\/rock-pop\/various-%e2%80%8e-rock-heroes-2-lp\/#breadcrumb\"},\"inLanguage\":\"en-GB\",\"potentialAction\":[{\"@type\":\"ReadAction\",\"target\":[\"https:\/\/vinilozona.lt\/parduotuve\/rock-pop\/various-%e2%80%8e-rock-heroes-2-lp\/\"]}]},{\"@type\":\"ImageObject\",\"inLanguage\":\"en-GB\",\"@id\":\"https:\/\/vinilozona.lt\/parduotuve\/rock-pop\/various-%e2%80%8e-rock-heroes-2-lp\/#primaryimage\",\"url\":\"https:\/\/vinilozona.lt\/wp-content\/uploads\/2023\/03\/R-2332983-1344875604-5436.jpg\",\"contentUrl\":\"https:\/\/vinilozona.lt\/wp-content\/uploads\/2023\/03\/R-2332983-1344875604-5436.jpg\",\"width\":497,\"height\":500},{\"@type\":\"BreadcrumbList\",\"@id\":\"https:\/\/vinilozona.lt\/parduotuve\/rock-pop\/various-%e2%80%8e-rock-heroes-2-lp\/#breadcrumb\",\"itemListElement\":[{\"@type\":\"ListItem\",\"position\":1,\"name\":\"Home\",\"item\":\"https:\/\/vinilozona.lt\/\"},{\"@type\":\"ListItem\",\"position\":2,\"name\":\"Parduotuv\u0117\",\"item\":\"https:\/\/vinilozona.lt\/parduotuve\/\"},{\"@type\":\"ListItem\",\"position\":3,\"name\":\"Robin Trower \u2013 The Steel Album = El Album De Acero\"}]},{\"@type\":\"WebSite\",\"@id\":\"https:\/\/vinilozona.lt\/#website\",\"url\":\"https:\/\/vinilozona.lt\/\",\"name\":\"Vinilo Zona\",\"description\":\"Nup\u016bsk dulkes ir klausyk LP\",\"potentialAction\":[{\"@type\":\"SearchAction\",\"target\":{\"@type\":\"EntryPoint\",\"urlTemplate\":\"https:\/\/vinilozona.lt\/?s={search_term_string}\"},\"query-input\":{\"@type\":\"PropertyValueSpecification\",\"valueRequired\":true,\"valueName\":\"search_term_string\"}}],\"inLanguage\":\"en-GB\"}]}<\/script>\n<!-- \/ Yoast SEO plugin. -->","yoast_head_json":{"title":"Robin Trower \u2013 The Steel Album = El Album De Acero Vinilin\u0117 Plok\u0161tel\u0117 | Vinilozona.lt","robots":{"index":"index","follow":"follow","max-snippet":"max-snippet:-1","max-image-preview":"max-image-preview:large","max-video-preview":"max-video-preview:-1"},"canonical":"https:\/\/vinilozona.lt\/en\/parduotuve\/rock-pop\/various-\u200e-rock-heroes-2-lp\/","og_locale":"en_GB","og_type":"article","og_title":"Robin Trower \u2013 The Steel Album = El Album De Acero Vinilin\u0117 Plok\u0161tel\u0117 | Vinilozona.lt","og_description":"Chrysalis \u2013 ECPL-3073 Series: Historia De La Musica Rock \u2013 91 Format:  Vinyl, LP, Compilation, Stereo Country: Spain Released: 1983","og_url":"https:\/\/vinilozona.lt\/en\/parduotuve\/rock-pop\/various-\u200e-rock-heroes-2-lp\/","og_site_name":"Vinilo Zona","article_modified_time":"2026-03-26T11:38:21+00:00","og_image":[{"width":497,"height":500,"url":"https:\/\/vinilozona.lt\/wp-content\/uploads\/2023\/03\/R-2332983-1344875604-5436.jpg","type":"image\/jpeg"}],"twitter_card":"summary_large_image","schema":{"@context":"https:\/\/schema.org","@graph":[{"@type":"WebPage","@id":"https:\/\/vinilozona.lt\/parduotuve\/rock-pop\/various-%e2%80%8e-rock-heroes-2-lp\/","url":"https:\/\/vinilozona.lt\/parduotuve\/rock-pop\/various-%e2%80%8e-rock-heroes-2-lp\/","name":"Robin Trower \u2013 The Steel Album = El Album De Acero Vinilin\u0117 Plok\u0161tel\u0117 | Vinilozona.lt","isPartOf":{"@id":"https:\/\/vinilozona.lt\/#website"},"primaryImageOfPage":{"@id":"https:\/\/vinilozona.lt\/parduotuve\/rock-pop\/various-%e2%80%8e-rock-heroes-2-lp\/#primaryimage"},"image":{"@id":"https:\/\/vinilozona.lt\/parduotuve\/rock-pop\/various-%e2%80%8e-rock-heroes-2-lp\/#primaryimage"},"thumbnailUrl":"https:\/\/vinilozona.lt\/wp-content\/uploads\/2023\/03\/R-2332983-1344875604-5436.jpg","datePublished":"2024-01-15T03:15:47+00:00","dateModified":"2026-03-26T11:38:21+00:00","breadcrumb":{"@id":"https:\/\/vinilozona.lt\/parduotuve\/rock-pop\/various-%e2%80%8e-rock-heroes-2-lp\/#breadcrumb"},"inLanguage":"en-GB","potentialAction":[{"@type":"ReadAction","target":["https:\/\/vinilozona.lt\/parduotuve\/rock-pop\/various-%e2%80%8e-rock-heroes-2-lp\/"]}]},{"@type":"ImageObject","inLanguage":"en-GB","@id":"https:\/\/vinilozona.lt\/parduotuve\/rock-pop\/various-%e2%80%8e-rock-heroes-2-lp\/#primaryimage","url":"https:\/\/vinilozona.lt\/wp-content\/uploads\/2023\/03\/R-2332983-1344875604-5436.jpg","contentUrl":"https:\/\/vinilozona.lt\/wp-content\/uploads\/2023\/03\/R-2332983-1344875604-5436.jpg","width":497,"height":500},{"@type":"BreadcrumbList","@id":"https:\/\/vinilozona.lt\/parduotuve\/rock-pop\/various-%e2%80%8e-rock-heroes-2-lp\/#breadcrumb","itemListElement":[{"@type":"ListItem","position":1,"name":"Home","item":"https:\/\/vinilozona.lt\/"},{"@type":"ListItem","position":2,"name":"Parduotuv\u0117","item":"https:\/\/vinilozona.lt\/parduotuve\/"},{"@type":"ListItem","position":3,"name":"Robin Trower \u2013 The Steel Album = El Album De Acero"}]},{"@type":"WebSite","@id":"https:\/\/vinilozona.lt\/#website","url":"https:\/\/vinilozona.lt\/","name":"Vinilo Zona","description":"Nup\u016bsk dulkes ir klausyk LP","potentialAction":[{"@type":"SearchAction","target":{"@type":"EntryPoint","urlTemplate":"https:\/\/vinilozona.lt\/?s={search_term_string}"},"query-input":{"@type":"PropertyValueSpecification","valueRequired":true,"valueName":"search_term_string"}}],"inLanguage":"en-GB"}]}},"_links":{"self":[{"href":"https:\/\/vinilozona.lt\/en\/wp-json\/wp\/v2\/product\/15772"}],"collection":[{"href":"https:\/\/vinilozona.lt\/en\/wp-json\/wp\/v2\/product"}],"about":[{"href":"https:\/\/vinilozona.lt\/en\/wp-json\/wp\/v2\/types\/product"}],"wp:featuredmedia":[{"embeddable":true,"href":"https:\/\/vinilozona.lt\/en\/wp-json\/wp\/v2\/media\/23999"}],"wp:attachment":[{"href":"https:\/\/vinilozona.lt\/en\/wp-json\/wp\/v2\/media?parent=15772"}],"wp:term":[{"taxonomy":"product_cat","embeddable":true,"href":"https:\/\/vinilozona.lt\/en\/wp-json\/wp\/v2\/product_cat?post=15772"},{"taxonomy":"product_tag","embeddable":true,"href":"https:\/\/vinilozona.lt\/en\/wp-json\/wp\/v2\/product_tag?post=15772"}],"curies":[{"name":"wp","href":"https:\/\/api.w.org\/{rel}","templated":true}]}}