{"id":15744,"date":"2021-08-05T11:55:41","date_gmt":"2021-08-05T08:55:41","guid":{"rendered":"https:\/\/vinilozona.lt\/?post_type=product&#038;p=15744"},"modified":"2021-10-22T15:53:44","modified_gmt":"2021-10-22T12:53:44","slug":"art-pepper-%e2%80%8e-one-september-afternoon","status":"publish","type":"product","link":"https:\/\/vinilozona.lt\/en\/parduotuve\/jazz\/art-pepper-%e2%80%8e-one-september-afternoon\/","title":{"rendered":"Art Pepper \u200e\u2013 One September Afternoon"},"content":{"rendered":"<p>A1\tMr. Big Falls His J. G. Hand\t6:09<br \/>\nA2\tClose To You Alone\t6:43<br \/>\nA3\tThere Will Never Be Another You\t6:09<br \/>\nB1\tMelolev\t5:27<br \/>\nB2\tGoodbye, Again!\t6:23<br \/>\nB3\tBrazil\t8:30<\/p>","protected":false},"excerpt":{"rendered":"<p>Galaxy \u200e\u2013 GXY 5141<\/p>","protected":false},"featured_media":15745,"template":"","meta":[],"product_cat":[20],"product_tag":[44],"yoast_head":"<!-- This site is optimized with the Yoast SEO plugin v23.5 - https:\/\/yoast.com\/wordpress\/plugins\/seo\/ -->\n<title>Art Pepper \u200e\u2013 One September Afternoon Vinilin\u0117 Plok\u0161tel\u0117 | Vinilozona.lt<\/title>\n<meta name=\"robots\" content=\"index, follow, max-snippet:-1, max-image-preview:large, max-video-preview:-1\" \/>\n<link rel=\"canonical\" href=\"https:\/\/vinilozona.lt\/en\/parduotuve\/jazz\/art-pepper-\u200e-one-september-afternoon\/\" \/>\n<meta property=\"og:locale\" content=\"en_GB\" \/>\n<meta property=\"og:type\" content=\"article\" \/>\n<meta property=\"og:title\" content=\"Art Pepper \u200e\u2013 One September Afternoon Vinilin\u0117 Plok\u0161tel\u0117 | Vinilozona.lt\" \/>\n<meta property=\"og:description\" content=\"Galaxy \u200e\u2013 GXY 5141\" \/>\n<meta property=\"og:url\" content=\"https:\/\/vinilozona.lt\/en\/parduotuve\/jazz\/art-pepper-\u200e-one-september-afternoon\/\" \/>\n<meta property=\"og:site_name\" content=\"Vinilo Zona\" \/>\n<meta property=\"article:modified_time\" content=\"2021-10-22T12:53:44+00:00\" \/>\n<meta property=\"og:image\" content=\"https:\/\/vinilozona.lt\/wp-content\/uploads\/2021\/08\/R-6277994-1602161867-8401.jpeg.jpg\" \/>\n\t<meta property=\"og:image:width\" content=\"300\" \/>\n\t<meta property=\"og:image:height\" content=\"299\" \/>\n\t<meta property=\"og:image:type\" content=\"image\/jpeg\" \/>\n<meta name=\"twitter:card\" content=\"summary_large_image\" \/>\n<script type=\"application\/ld+json\" class=\"yoast-schema-graph\">{\"@context\":\"https:\/\/schema.org\",\"@graph\":[{\"@type\":\"WebPage\",\"@id\":\"https:\/\/vinilozona.lt\/parduotuve\/jazz\/art-pepper-%e2%80%8e-one-september-afternoon\/\",\"url\":\"https:\/\/vinilozona.lt\/parduotuve\/jazz\/art-pepper-%e2%80%8e-one-september-afternoon\/\",\"name\":\"Art Pepper \u200e\u2013 One September Afternoon Vinilin\u0117 Plok\u0161tel\u0117 | Vinilozona.lt\",\"isPartOf\":{\"@id\":\"https:\/\/vinilozona.lt\/#website\"},\"primaryImageOfPage\":{\"@id\":\"https:\/\/vinilozona.lt\/parduotuve\/jazz\/art-pepper-%e2%80%8e-one-september-afternoon\/#primaryimage\"},\"image\":{\"@id\":\"https:\/\/vinilozona.lt\/parduotuve\/jazz\/art-pepper-%e2%80%8e-one-september-afternoon\/#primaryimage\"},\"thumbnailUrl\":\"https:\/\/vinilozona.lt\/wp-content\/uploads\/2021\/08\/R-6277994-1602161867-8401.jpeg.jpg\",\"datePublished\":\"2021-08-05T08:55:41+00:00\",\"dateModified\":\"2021-10-22T12:53:44+00:00\",\"breadcrumb\":{\"@id\":\"https:\/\/vinilozona.lt\/parduotuve\/jazz\/art-pepper-%e2%80%8e-one-september-afternoon\/#breadcrumb\"},\"inLanguage\":\"en-GB\",\"potentialAction\":[{\"@type\":\"ReadAction\",\"target\":[\"https:\/\/vinilozona.lt\/parduotuve\/jazz\/art-pepper-%e2%80%8e-one-september-afternoon\/\"]}]},{\"@type\":\"ImageObject\",\"inLanguage\":\"en-GB\",\"@id\":\"https:\/\/vinilozona.lt\/parduotuve\/jazz\/art-pepper-%e2%80%8e-one-september-afternoon\/#primaryimage\",\"url\":\"https:\/\/vinilozona.lt\/wp-content\/uploads\/2021\/08\/R-6277994-1602161867-8401.jpeg.jpg\",\"contentUrl\":\"https:\/\/vinilozona.lt\/wp-content\/uploads\/2021\/08\/R-6277994-1602161867-8401.jpeg.jpg\",\"width\":300,\"height\":299},{\"@type\":\"BreadcrumbList\",\"@id\":\"https:\/\/vinilozona.lt\/parduotuve\/jazz\/art-pepper-%e2%80%8e-one-september-afternoon\/#breadcrumb\",\"itemListElement\":[{\"@type\":\"ListItem\",\"position\":1,\"name\":\"Home\",\"item\":\"https:\/\/vinilozona.lt\/\"},{\"@type\":\"ListItem\",\"position\":2,\"name\":\"Parduotuv\u0117\",\"item\":\"https:\/\/vinilozona.lt\/parduotuve\/\"},{\"@type\":\"ListItem\",\"position\":3,\"name\":\"Art Pepper \u200e\u2013 One September Afternoon\"}]},{\"@type\":\"WebSite\",\"@id\":\"https:\/\/vinilozona.lt\/#website\",\"url\":\"https:\/\/vinilozona.lt\/\",\"name\":\"Vinilo Zona\",\"description\":\"Nup\u016bsk dulkes ir klausyk LP\",\"potentialAction\":[{\"@type\":\"SearchAction\",\"target\":{\"@type\":\"EntryPoint\",\"urlTemplate\":\"https:\/\/vinilozona.lt\/?s={search_term_string}\"},\"query-input\":{\"@type\":\"PropertyValueSpecification\",\"valueRequired\":true,\"valueName\":\"search_term_string\"}}],\"inLanguage\":\"en-GB\"}]}<\/script>\n<!-- \/ Yoast SEO plugin. -->","yoast_head_json":{"title":"Art Pepper \u200e\u2013 One September Afternoon Vinilin\u0117 Plok\u0161tel\u0117 | Vinilozona.lt","robots":{"index":"index","follow":"follow","max-snippet":"max-snippet:-1","max-image-preview":"max-image-preview:large","max-video-preview":"max-video-preview:-1"},"canonical":"https:\/\/vinilozona.lt\/en\/parduotuve\/jazz\/art-pepper-\u200e-one-september-afternoon\/","og_locale":"en_GB","og_type":"article","og_title":"Art Pepper \u200e\u2013 One September Afternoon Vinilin\u0117 Plok\u0161tel\u0117 | Vinilozona.lt","og_description":"Galaxy \u200e\u2013 GXY 5141","og_url":"https:\/\/vinilozona.lt\/en\/parduotuve\/jazz\/art-pepper-\u200e-one-september-afternoon\/","og_site_name":"Vinilo Zona","article_modified_time":"2021-10-22T12:53:44+00:00","og_image":[{"width":300,"height":299,"url":"https:\/\/vinilozona.lt\/wp-content\/uploads\/2021\/08\/R-6277994-1602161867-8401.jpeg.jpg","type":"image\/jpeg"}],"twitter_card":"summary_large_image","schema":{"@context":"https:\/\/schema.org","@graph":[{"@type":"WebPage","@id":"https:\/\/vinilozona.lt\/parduotuve\/jazz\/art-pepper-%e2%80%8e-one-september-afternoon\/","url":"https:\/\/vinilozona.lt\/parduotuve\/jazz\/art-pepper-%e2%80%8e-one-september-afternoon\/","name":"Art Pepper \u200e\u2013 One September Afternoon Vinilin\u0117 Plok\u0161tel\u0117 | Vinilozona.lt","isPartOf":{"@id":"https:\/\/vinilozona.lt\/#website"},"primaryImageOfPage":{"@id":"https:\/\/vinilozona.lt\/parduotuve\/jazz\/art-pepper-%e2%80%8e-one-september-afternoon\/#primaryimage"},"image":{"@id":"https:\/\/vinilozona.lt\/parduotuve\/jazz\/art-pepper-%e2%80%8e-one-september-afternoon\/#primaryimage"},"thumbnailUrl":"https:\/\/vinilozona.lt\/wp-content\/uploads\/2021\/08\/R-6277994-1602161867-8401.jpeg.jpg","datePublished":"2021-08-05T08:55:41+00:00","dateModified":"2021-10-22T12:53:44+00:00","breadcrumb":{"@id":"https:\/\/vinilozona.lt\/parduotuve\/jazz\/art-pepper-%e2%80%8e-one-september-afternoon\/#breadcrumb"},"inLanguage":"en-GB","potentialAction":[{"@type":"ReadAction","target":["https:\/\/vinilozona.lt\/parduotuve\/jazz\/art-pepper-%e2%80%8e-one-september-afternoon\/"]}]},{"@type":"ImageObject","inLanguage":"en-GB","@id":"https:\/\/vinilozona.lt\/parduotuve\/jazz\/art-pepper-%e2%80%8e-one-september-afternoon\/#primaryimage","url":"https:\/\/vinilozona.lt\/wp-content\/uploads\/2021\/08\/R-6277994-1602161867-8401.jpeg.jpg","contentUrl":"https:\/\/vinilozona.lt\/wp-content\/uploads\/2021\/08\/R-6277994-1602161867-8401.jpeg.jpg","width":300,"height":299},{"@type":"BreadcrumbList","@id":"https:\/\/vinilozona.lt\/parduotuve\/jazz\/art-pepper-%e2%80%8e-one-september-afternoon\/#breadcrumb","itemListElement":[{"@type":"ListItem","position":1,"name":"Home","item":"https:\/\/vinilozona.lt\/"},{"@type":"ListItem","position":2,"name":"Parduotuv\u0117","item":"https:\/\/vinilozona.lt\/parduotuve\/"},{"@type":"ListItem","position":3,"name":"Art Pepper \u200e\u2013 One September Afternoon"}]},{"@type":"WebSite","@id":"https:\/\/vinilozona.lt\/#website","url":"https:\/\/vinilozona.lt\/","name":"Vinilo Zona","description":"Nup\u016bsk dulkes ir klausyk LP","potentialAction":[{"@type":"SearchAction","target":{"@type":"EntryPoint","urlTemplate":"https:\/\/vinilozona.lt\/?s={search_term_string}"},"query-input":{"@type":"PropertyValueSpecification","valueRequired":true,"valueName":"search_term_string"}}],"inLanguage":"en-GB"}]}},"_links":{"self":[{"href":"https:\/\/vinilozona.lt\/en\/wp-json\/wp\/v2\/product\/15744"}],"collection":[{"href":"https:\/\/vinilozona.lt\/en\/wp-json\/wp\/v2\/product"}],"about":[{"href":"https:\/\/vinilozona.lt\/en\/wp-json\/wp\/v2\/types\/product"}],"wp:featuredmedia":[{"embeddable":true,"href":"https:\/\/vinilozona.lt\/en\/wp-json\/wp\/v2\/media\/15745"}],"wp:attachment":[{"href":"https:\/\/vinilozona.lt\/en\/wp-json\/wp\/v2\/media?parent=15744"}],"wp:term":[{"taxonomy":"product_cat","embeddable":true,"href":"https:\/\/vinilozona.lt\/en\/wp-json\/wp\/v2\/product_cat?post=15744"},{"taxonomy":"product_tag","embeddable":true,"href":"https:\/\/vinilozona.lt\/en\/wp-json\/wp\/v2\/product_tag?post=15744"}],"curies":[{"name":"wp","href":"https:\/\/api.w.org\/{rel}","templated":true}]}}