{"id":15727,"date":"2026-02-16T05:12:45","date_gmt":"2026-02-16T03:12:45","guid":{"rendered":"https:\/\/vinilozona.lt\/?post_type=product&#038;p=15727"},"modified":"2026-02-27T17:59:50","modified_gmt":"2026-02-27T15:59:50","slug":"various-%e2%80%8e-absolute-music-2-r-e-m-peter-gabriel-vaya-con-dios-annie-lenox-u2","status":"publish","type":"product","link":"https:\/\/vinilozona.lt\/en\/parduotuve\/rock-pop\/various-%e2%80%8e-absolute-music-2-r-e-m-peter-gabriel-vaya-con-dios-annie-lenox-u2\/","title":{"rendered":"Simply Red \u2013 Stars"},"content":{"rendered":"<p>A1\t\tSomething Got Me Started  4:01<br \/>\nA2\t\tStars  4:07<br \/>\nA3\t\tThrill Me  5:03<br \/>\nA4\t\tYour Mirror  3:59<br \/>\nA5\t\tShe&#8217;s Got It Bad   3:33<br \/>\nB1\t\tFor Your Babies   4:16<br \/>\nB2\t\tModel   3:46<br \/>\nB3\t\tHow Could I Fall   4:44<br \/>\nB4\t\tFreedom  3:52<br \/>\nB5\t\tWonderland   3:45<\/p>","protected":false},"excerpt":{"rendered":"<p>EastWest \u2013 WX 427, EastWest \u2013 9031-75284-1<br \/>\nFormat:<br \/>\nVinyl, LP, Album, Stereo<br \/>\nCountry:\tUK &#038; Europe<br \/>\nReleased:\tSep 30, 1991<\/p>","protected":false},"featured_media":21587,"template":"","meta":[],"product_cat":[15],"product_tag":[44],"yoast_head":"<!-- This site is optimized with the Yoast SEO plugin v23.5 - https:\/\/yoast.com\/wordpress\/plugins\/seo\/ -->\n<title>Simply Red \u2013 Stars Vinilin\u0117 Plok\u0161tel\u0117 | Vinilozona.lt<\/title>\n<meta name=\"robots\" content=\"index, follow, max-snippet:-1, max-image-preview:large, max-video-preview:-1\" \/>\n<link rel=\"canonical\" href=\"https:\/\/vinilozona.lt\/en\/parduotuve\/rock-pop\/various-\u200e-absolute-music-2-r-e-m-peter-gabriel-vaya-con-dios-annie-lenox-u2\/\" \/>\n<meta property=\"og:locale\" content=\"en_GB\" \/>\n<meta property=\"og:type\" content=\"article\" \/>\n<meta property=\"og:title\" content=\"Simply Red \u2013 Stars Vinilin\u0117 Plok\u0161tel\u0117 | Vinilozona.lt\" \/>\n<meta property=\"og:description\" content=\"EastWest \u2013 WX 427, EastWest \u2013 9031-75284-1 Format:  Vinyl, LP, Album, Stereo Country: UK &amp; Europe Released: Sep 30, 1991\" \/>\n<meta property=\"og:url\" content=\"https:\/\/vinilozona.lt\/en\/parduotuve\/rock-pop\/various-\u200e-absolute-music-2-r-e-m-peter-gabriel-vaya-con-dios-annie-lenox-u2\/\" \/>\n<meta property=\"og:site_name\" content=\"Vinilo Zona\" \/>\n<meta property=\"article:modified_time\" content=\"2026-02-27T15:59:50+00:00\" \/>\n<meta property=\"og:image\" content=\"https:\/\/vinilozona.lt\/wp-content\/uploads\/2021\/08\/R-785299-1345903773-5994.jpg\" \/>\n\t<meta property=\"og:image:width\" content=\"600\" \/>\n\t<meta property=\"og:image:height\" content=\"595\" \/>\n\t<meta property=\"og:image:type\" content=\"image\/jpeg\" \/>\n<meta name=\"twitter:card\" content=\"summary_large_image\" \/>\n<meta name=\"twitter:label1\" content=\"Estimated reading time\" \/>\n\t<meta name=\"twitter:data1\" content=\"1 minute\" \/>\n<script type=\"application\/ld+json\" class=\"yoast-schema-graph\">{\"@context\":\"https:\/\/schema.org\",\"@graph\":[{\"@type\":\"WebPage\",\"@id\":\"https:\/\/vinilozona.lt\/parduotuve\/rock-pop\/various-%e2%80%8e-absolute-music-2-r-e-m-peter-gabriel-vaya-con-dios-annie-lenox-u2\/\",\"url\":\"https:\/\/vinilozona.lt\/parduotuve\/rock-pop\/various-%e2%80%8e-absolute-music-2-r-e-m-peter-gabriel-vaya-con-dios-annie-lenox-u2\/\",\"name\":\"Simply Red \u2013 Stars Vinilin\u0117 Plok\u0161tel\u0117 | Vinilozona.lt\",\"isPartOf\":{\"@id\":\"https:\/\/vinilozona.lt\/#website\"},\"primaryImageOfPage\":{\"@id\":\"https:\/\/vinilozona.lt\/parduotuve\/rock-pop\/various-%e2%80%8e-absolute-music-2-r-e-m-peter-gabriel-vaya-con-dios-annie-lenox-u2\/#primaryimage\"},\"image\":{\"@id\":\"https:\/\/vinilozona.lt\/parduotuve\/rock-pop\/various-%e2%80%8e-absolute-music-2-r-e-m-peter-gabriel-vaya-con-dios-annie-lenox-u2\/#primaryimage\"},\"thumbnailUrl\":\"https:\/\/vinilozona.lt\/wp-content\/uploads\/2021\/08\/R-785299-1345903773-5994.jpg\",\"datePublished\":\"2026-02-16T03:12:45+00:00\",\"dateModified\":\"2026-02-27T15:59:50+00:00\",\"breadcrumb\":{\"@id\":\"https:\/\/vinilozona.lt\/parduotuve\/rock-pop\/various-%e2%80%8e-absolute-music-2-r-e-m-peter-gabriel-vaya-con-dios-annie-lenox-u2\/#breadcrumb\"},\"inLanguage\":\"en-GB\",\"potentialAction\":[{\"@type\":\"ReadAction\",\"target\":[\"https:\/\/vinilozona.lt\/parduotuve\/rock-pop\/various-%e2%80%8e-absolute-music-2-r-e-m-peter-gabriel-vaya-con-dios-annie-lenox-u2\/\"]}]},{\"@type\":\"ImageObject\",\"inLanguage\":\"en-GB\",\"@id\":\"https:\/\/vinilozona.lt\/parduotuve\/rock-pop\/various-%e2%80%8e-absolute-music-2-r-e-m-peter-gabriel-vaya-con-dios-annie-lenox-u2\/#primaryimage\",\"url\":\"https:\/\/vinilozona.lt\/wp-content\/uploads\/2021\/08\/R-785299-1345903773-5994.jpg\",\"contentUrl\":\"https:\/\/vinilozona.lt\/wp-content\/uploads\/2021\/08\/R-785299-1345903773-5994.jpg\",\"width\":600,\"height\":595},{\"@type\":\"BreadcrumbList\",\"@id\":\"https:\/\/vinilozona.lt\/parduotuve\/rock-pop\/various-%e2%80%8e-absolute-music-2-r-e-m-peter-gabriel-vaya-con-dios-annie-lenox-u2\/#breadcrumb\",\"itemListElement\":[{\"@type\":\"ListItem\",\"position\":1,\"name\":\"Home\",\"item\":\"https:\/\/vinilozona.lt\/\"},{\"@type\":\"ListItem\",\"position\":2,\"name\":\"Parduotuv\u0117\",\"item\":\"https:\/\/vinilozona.lt\/parduotuve\/\"},{\"@type\":\"ListItem\",\"position\":3,\"name\":\"Simply Red \u2013 Stars\"}]},{\"@type\":\"WebSite\",\"@id\":\"https:\/\/vinilozona.lt\/#website\",\"url\":\"https:\/\/vinilozona.lt\/\",\"name\":\"Vinilo Zona\",\"description\":\"Nup\u016bsk dulkes ir klausyk LP\",\"potentialAction\":[{\"@type\":\"SearchAction\",\"target\":{\"@type\":\"EntryPoint\",\"urlTemplate\":\"https:\/\/vinilozona.lt\/?s={search_term_string}\"},\"query-input\":{\"@type\":\"PropertyValueSpecification\",\"valueRequired\":true,\"valueName\":\"search_term_string\"}}],\"inLanguage\":\"en-GB\"}]}<\/script>\n<!-- \/ Yoast SEO plugin. -->","yoast_head_json":{"title":"Simply Red \u2013 Stars Vinilin\u0117 Plok\u0161tel\u0117 | Vinilozona.lt","robots":{"index":"index","follow":"follow","max-snippet":"max-snippet:-1","max-image-preview":"max-image-preview:large","max-video-preview":"max-video-preview:-1"},"canonical":"https:\/\/vinilozona.lt\/en\/parduotuve\/rock-pop\/various-\u200e-absolute-music-2-r-e-m-peter-gabriel-vaya-con-dios-annie-lenox-u2\/","og_locale":"en_GB","og_type":"article","og_title":"Simply Red \u2013 Stars Vinilin\u0117 Plok\u0161tel\u0117 | Vinilozona.lt","og_description":"EastWest \u2013 WX 427, EastWest \u2013 9031-75284-1 Format:  Vinyl, LP, Album, Stereo Country: UK & Europe Released: Sep 30, 1991","og_url":"https:\/\/vinilozona.lt\/en\/parduotuve\/rock-pop\/various-\u200e-absolute-music-2-r-e-m-peter-gabriel-vaya-con-dios-annie-lenox-u2\/","og_site_name":"Vinilo Zona","article_modified_time":"2026-02-27T15:59:50+00:00","og_image":[{"width":600,"height":595,"url":"https:\/\/vinilozona.lt\/wp-content\/uploads\/2021\/08\/R-785299-1345903773-5994.jpg","type":"image\/jpeg"}],"twitter_card":"summary_large_image","twitter_misc":{"Estimated reading time":"1 minute"},"schema":{"@context":"https:\/\/schema.org","@graph":[{"@type":"WebPage","@id":"https:\/\/vinilozona.lt\/parduotuve\/rock-pop\/various-%e2%80%8e-absolute-music-2-r-e-m-peter-gabriel-vaya-con-dios-annie-lenox-u2\/","url":"https:\/\/vinilozona.lt\/parduotuve\/rock-pop\/various-%e2%80%8e-absolute-music-2-r-e-m-peter-gabriel-vaya-con-dios-annie-lenox-u2\/","name":"Simply Red \u2013 Stars Vinilin\u0117 Plok\u0161tel\u0117 | Vinilozona.lt","isPartOf":{"@id":"https:\/\/vinilozona.lt\/#website"},"primaryImageOfPage":{"@id":"https:\/\/vinilozona.lt\/parduotuve\/rock-pop\/various-%e2%80%8e-absolute-music-2-r-e-m-peter-gabriel-vaya-con-dios-annie-lenox-u2\/#primaryimage"},"image":{"@id":"https:\/\/vinilozona.lt\/parduotuve\/rock-pop\/various-%e2%80%8e-absolute-music-2-r-e-m-peter-gabriel-vaya-con-dios-annie-lenox-u2\/#primaryimage"},"thumbnailUrl":"https:\/\/vinilozona.lt\/wp-content\/uploads\/2021\/08\/R-785299-1345903773-5994.jpg","datePublished":"2026-02-16T03:12:45+00:00","dateModified":"2026-02-27T15:59:50+00:00","breadcrumb":{"@id":"https:\/\/vinilozona.lt\/parduotuve\/rock-pop\/various-%e2%80%8e-absolute-music-2-r-e-m-peter-gabriel-vaya-con-dios-annie-lenox-u2\/#breadcrumb"},"inLanguage":"en-GB","potentialAction":[{"@type":"ReadAction","target":["https:\/\/vinilozona.lt\/parduotuve\/rock-pop\/various-%e2%80%8e-absolute-music-2-r-e-m-peter-gabriel-vaya-con-dios-annie-lenox-u2\/"]}]},{"@type":"ImageObject","inLanguage":"en-GB","@id":"https:\/\/vinilozona.lt\/parduotuve\/rock-pop\/various-%e2%80%8e-absolute-music-2-r-e-m-peter-gabriel-vaya-con-dios-annie-lenox-u2\/#primaryimage","url":"https:\/\/vinilozona.lt\/wp-content\/uploads\/2021\/08\/R-785299-1345903773-5994.jpg","contentUrl":"https:\/\/vinilozona.lt\/wp-content\/uploads\/2021\/08\/R-785299-1345903773-5994.jpg","width":600,"height":595},{"@type":"BreadcrumbList","@id":"https:\/\/vinilozona.lt\/parduotuve\/rock-pop\/various-%e2%80%8e-absolute-music-2-r-e-m-peter-gabriel-vaya-con-dios-annie-lenox-u2\/#breadcrumb","itemListElement":[{"@type":"ListItem","position":1,"name":"Home","item":"https:\/\/vinilozona.lt\/"},{"@type":"ListItem","position":2,"name":"Parduotuv\u0117","item":"https:\/\/vinilozona.lt\/parduotuve\/"},{"@type":"ListItem","position":3,"name":"Simply Red \u2013 Stars"}]},{"@type":"WebSite","@id":"https:\/\/vinilozona.lt\/#website","url":"https:\/\/vinilozona.lt\/","name":"Vinilo Zona","description":"Nup\u016bsk dulkes ir klausyk LP","potentialAction":[{"@type":"SearchAction","target":{"@type":"EntryPoint","urlTemplate":"https:\/\/vinilozona.lt\/?s={search_term_string}"},"query-input":{"@type":"PropertyValueSpecification","valueRequired":true,"valueName":"search_term_string"}}],"inLanguage":"en-GB"}]}},"_links":{"self":[{"href":"https:\/\/vinilozona.lt\/en\/wp-json\/wp\/v2\/product\/15727"}],"collection":[{"href":"https:\/\/vinilozona.lt\/en\/wp-json\/wp\/v2\/product"}],"about":[{"href":"https:\/\/vinilozona.lt\/en\/wp-json\/wp\/v2\/types\/product"}],"wp:featuredmedia":[{"embeddable":true,"href":"https:\/\/vinilozona.lt\/en\/wp-json\/wp\/v2\/media\/21587"}],"wp:attachment":[{"href":"https:\/\/vinilozona.lt\/en\/wp-json\/wp\/v2\/media?parent=15727"}],"wp:term":[{"taxonomy":"product_cat","embeddable":true,"href":"https:\/\/vinilozona.lt\/en\/wp-json\/wp\/v2\/product_cat?post=15727"},{"taxonomy":"product_tag","embeddable":true,"href":"https:\/\/vinilozona.lt\/en\/wp-json\/wp\/v2\/product_tag?post=15727"}],"curies":[{"name":"wp","href":"https:\/\/api.w.org\/{rel}","templated":true}]}}