{"id":15716,"date":"2021-08-18T09:02:28","date_gmt":"2021-08-18T06:02:28","guid":{"rendered":"https:\/\/vinilozona.lt\/?post_type=product&#038;p=15716"},"modified":"2021-12-12T16:57:23","modified_gmt":"2021-12-12T14:57:23","slug":"andrea-bocelli-%e2%80%8e-passione-2-lp","status":"publish","type":"product","link":"https:\/\/vinilozona.lt\/en\/parduotuve\/naujos-lp\/andrea-bocelli-%e2%80%8e-passione-2-lp\/","title":{"rendered":"Andrea Bocelli \u200e\u2013 Passione 2 Lp"},"content":{"rendered":"<p>Perfidia<br \/>\nRoma Nun Fa&#8217; La Stupida Stasera<br \/>\nChampagne<br \/>\nAnema E Core<br \/>\nQuiz\u00e1s, Quiz\u00e1s, Quiz\u00e1s<br \/>\nEra Gi\u00e0 Tutto Previsto<br \/>\nTristeza<br \/>\nLa Vie En Rose<br \/>\nCorcovado &#8211; Quiet Nights Of Quiet Stars<br \/>\nSara&#8217; Settembre (September Morn)<br \/>\nLove In Portofino<br \/>\nGarota De Ipanema<br \/>\nMalafemmena<br \/>\nLove Me Tender<\/p>","protected":false},"excerpt":{"rendered":"<p>Sugar Music \u200e\u2013 0602547193698, Universal \u200e\u2013 0602547193698<br \/>\nSeries:<br \/>\nBack To Black \u2013<br \/>\nFormat:<br \/>\n2 \u00d7 Vinyl, LP, Album, Remastered, 180 Gram<\/p>","protected":false},"featured_media":15717,"template":"","meta":[],"product_cat":[23],"product_tag":[44],"yoast_head":"<!-- This site is optimized with the Yoast SEO plugin v23.5 - https:\/\/yoast.com\/wordpress\/plugins\/seo\/ -->\n<title>Andrea Bocelli \u200e\u2013 Passione 2 Lp Vinilin\u0117 Plok\u0161tel\u0117 | Vinilozona.lt<\/title>\n<meta name=\"robots\" content=\"index, follow, max-snippet:-1, max-image-preview:large, max-video-preview:-1\" \/>\n<link rel=\"canonical\" href=\"https:\/\/vinilozona.lt\/en\/parduotuve\/naujos-lp\/andrea-bocelli-\u200e-passione-2-lp\/\" \/>\n<meta property=\"og:locale\" content=\"en_GB\" \/>\n<meta property=\"og:type\" content=\"article\" \/>\n<meta property=\"og:title\" content=\"Andrea Bocelli \u200e\u2013 Passione 2 Lp Vinilin\u0117 Plok\u0161tel\u0117 | Vinilozona.lt\" \/>\n<meta property=\"og:description\" content=\"Sugar Music \u200e\u2013 0602547193698, Universal \u200e\u2013 0602547193698 Series: Back To Black \u2013 Format: 2 \u00d7 Vinyl, LP, Album, Remastered, 180 Gram\" \/>\n<meta property=\"og:url\" content=\"https:\/\/vinilozona.lt\/en\/parduotuve\/naujos-lp\/andrea-bocelli-\u200e-passione-2-lp\/\" \/>\n<meta property=\"og:site_name\" content=\"Vinilo Zona\" \/>\n<meta property=\"article:modified_time\" content=\"2021-12-12T14:57:23+00:00\" \/>\n<meta property=\"og:image\" content=\"https:\/\/vinilozona.lt\/wp-content\/uploads\/2021\/08\/R-7817966-1449420924-3477.jpeg.jpg\" \/>\n\t<meta property=\"og:image:width\" content=\"500\" \/>\n\t<meta property=\"og:image:height\" content=\"500\" \/>\n\t<meta property=\"og:image:type\" content=\"image\/jpeg\" \/>\n<meta name=\"twitter:card\" content=\"summary_large_image\" \/>\n<script type=\"application\/ld+json\" class=\"yoast-schema-graph\">{\"@context\":\"https:\/\/schema.org\",\"@graph\":[{\"@type\":\"WebPage\",\"@id\":\"https:\/\/vinilozona.lt\/parduotuve\/naujos-lp\/andrea-bocelli-%e2%80%8e-passione-2-lp\/\",\"url\":\"https:\/\/vinilozona.lt\/parduotuve\/naujos-lp\/andrea-bocelli-%e2%80%8e-passione-2-lp\/\",\"name\":\"Andrea Bocelli \u200e\u2013 Passione 2 Lp Vinilin\u0117 Plok\u0161tel\u0117 | Vinilozona.lt\",\"isPartOf\":{\"@id\":\"https:\/\/vinilozona.lt\/#website\"},\"primaryImageOfPage\":{\"@id\":\"https:\/\/vinilozona.lt\/parduotuve\/naujos-lp\/andrea-bocelli-%e2%80%8e-passione-2-lp\/#primaryimage\"},\"image\":{\"@id\":\"https:\/\/vinilozona.lt\/parduotuve\/naujos-lp\/andrea-bocelli-%e2%80%8e-passione-2-lp\/#primaryimage\"},\"thumbnailUrl\":\"https:\/\/vinilozona.lt\/wp-content\/uploads\/2021\/08\/R-7817966-1449420924-3477.jpeg.jpg\",\"datePublished\":\"2021-08-18T06:02:28+00:00\",\"dateModified\":\"2021-12-12T14:57:23+00:00\",\"breadcrumb\":{\"@id\":\"https:\/\/vinilozona.lt\/parduotuve\/naujos-lp\/andrea-bocelli-%e2%80%8e-passione-2-lp\/#breadcrumb\"},\"inLanguage\":\"en-GB\",\"potentialAction\":[{\"@type\":\"ReadAction\",\"target\":[\"https:\/\/vinilozona.lt\/parduotuve\/naujos-lp\/andrea-bocelli-%e2%80%8e-passione-2-lp\/\"]}]},{\"@type\":\"ImageObject\",\"inLanguage\":\"en-GB\",\"@id\":\"https:\/\/vinilozona.lt\/parduotuve\/naujos-lp\/andrea-bocelli-%e2%80%8e-passione-2-lp\/#primaryimage\",\"url\":\"https:\/\/vinilozona.lt\/wp-content\/uploads\/2021\/08\/R-7817966-1449420924-3477.jpeg.jpg\",\"contentUrl\":\"https:\/\/vinilozona.lt\/wp-content\/uploads\/2021\/08\/R-7817966-1449420924-3477.jpeg.jpg\",\"width\":500,\"height\":500},{\"@type\":\"BreadcrumbList\",\"@id\":\"https:\/\/vinilozona.lt\/parduotuve\/naujos-lp\/andrea-bocelli-%e2%80%8e-passione-2-lp\/#breadcrumb\",\"itemListElement\":[{\"@type\":\"ListItem\",\"position\":1,\"name\":\"Home\",\"item\":\"https:\/\/vinilozona.lt\/\"},{\"@type\":\"ListItem\",\"position\":2,\"name\":\"Parduotuv\u0117\",\"item\":\"https:\/\/vinilozona.lt\/parduotuve\/\"},{\"@type\":\"ListItem\",\"position\":3,\"name\":\"Andrea Bocelli \u200e\u2013 Passione 2 Lp\"}]},{\"@type\":\"WebSite\",\"@id\":\"https:\/\/vinilozona.lt\/#website\",\"url\":\"https:\/\/vinilozona.lt\/\",\"name\":\"Vinilo Zona\",\"description\":\"Nup\u016bsk dulkes ir klausyk LP\",\"potentialAction\":[{\"@type\":\"SearchAction\",\"target\":{\"@type\":\"EntryPoint\",\"urlTemplate\":\"https:\/\/vinilozona.lt\/?s={search_term_string}\"},\"query-input\":{\"@type\":\"PropertyValueSpecification\",\"valueRequired\":true,\"valueName\":\"search_term_string\"}}],\"inLanguage\":\"en-GB\"}]}<\/script>\n<!-- \/ Yoast SEO plugin. -->","yoast_head_json":{"title":"Andrea Bocelli \u200e\u2013 Passione 2 Lp Vinilin\u0117 Plok\u0161tel\u0117 | Vinilozona.lt","robots":{"index":"index","follow":"follow","max-snippet":"max-snippet:-1","max-image-preview":"max-image-preview:large","max-video-preview":"max-video-preview:-1"},"canonical":"https:\/\/vinilozona.lt\/en\/parduotuve\/naujos-lp\/andrea-bocelli-\u200e-passione-2-lp\/","og_locale":"en_GB","og_type":"article","og_title":"Andrea Bocelli \u200e\u2013 Passione 2 Lp Vinilin\u0117 Plok\u0161tel\u0117 | Vinilozona.lt","og_description":"Sugar Music \u200e\u2013 0602547193698, Universal \u200e\u2013 0602547193698 Series: Back To Black \u2013 Format: 2 \u00d7 Vinyl, LP, Album, Remastered, 180 Gram","og_url":"https:\/\/vinilozona.lt\/en\/parduotuve\/naujos-lp\/andrea-bocelli-\u200e-passione-2-lp\/","og_site_name":"Vinilo Zona","article_modified_time":"2021-12-12T14:57:23+00:00","og_image":[{"width":500,"height":500,"url":"https:\/\/vinilozona.lt\/wp-content\/uploads\/2021\/08\/R-7817966-1449420924-3477.jpeg.jpg","type":"image\/jpeg"}],"twitter_card":"summary_large_image","schema":{"@context":"https:\/\/schema.org","@graph":[{"@type":"WebPage","@id":"https:\/\/vinilozona.lt\/parduotuve\/naujos-lp\/andrea-bocelli-%e2%80%8e-passione-2-lp\/","url":"https:\/\/vinilozona.lt\/parduotuve\/naujos-lp\/andrea-bocelli-%e2%80%8e-passione-2-lp\/","name":"Andrea Bocelli \u200e\u2013 Passione 2 Lp Vinilin\u0117 Plok\u0161tel\u0117 | Vinilozona.lt","isPartOf":{"@id":"https:\/\/vinilozona.lt\/#website"},"primaryImageOfPage":{"@id":"https:\/\/vinilozona.lt\/parduotuve\/naujos-lp\/andrea-bocelli-%e2%80%8e-passione-2-lp\/#primaryimage"},"image":{"@id":"https:\/\/vinilozona.lt\/parduotuve\/naujos-lp\/andrea-bocelli-%e2%80%8e-passione-2-lp\/#primaryimage"},"thumbnailUrl":"https:\/\/vinilozona.lt\/wp-content\/uploads\/2021\/08\/R-7817966-1449420924-3477.jpeg.jpg","datePublished":"2021-08-18T06:02:28+00:00","dateModified":"2021-12-12T14:57:23+00:00","breadcrumb":{"@id":"https:\/\/vinilozona.lt\/parduotuve\/naujos-lp\/andrea-bocelli-%e2%80%8e-passione-2-lp\/#breadcrumb"},"inLanguage":"en-GB","potentialAction":[{"@type":"ReadAction","target":["https:\/\/vinilozona.lt\/parduotuve\/naujos-lp\/andrea-bocelli-%e2%80%8e-passione-2-lp\/"]}]},{"@type":"ImageObject","inLanguage":"en-GB","@id":"https:\/\/vinilozona.lt\/parduotuve\/naujos-lp\/andrea-bocelli-%e2%80%8e-passione-2-lp\/#primaryimage","url":"https:\/\/vinilozona.lt\/wp-content\/uploads\/2021\/08\/R-7817966-1449420924-3477.jpeg.jpg","contentUrl":"https:\/\/vinilozona.lt\/wp-content\/uploads\/2021\/08\/R-7817966-1449420924-3477.jpeg.jpg","width":500,"height":500},{"@type":"BreadcrumbList","@id":"https:\/\/vinilozona.lt\/parduotuve\/naujos-lp\/andrea-bocelli-%e2%80%8e-passione-2-lp\/#breadcrumb","itemListElement":[{"@type":"ListItem","position":1,"name":"Home","item":"https:\/\/vinilozona.lt\/"},{"@type":"ListItem","position":2,"name":"Parduotuv\u0117","item":"https:\/\/vinilozona.lt\/parduotuve\/"},{"@type":"ListItem","position":3,"name":"Andrea Bocelli \u200e\u2013 Passione 2 Lp"}]},{"@type":"WebSite","@id":"https:\/\/vinilozona.lt\/#website","url":"https:\/\/vinilozona.lt\/","name":"Vinilo Zona","description":"Nup\u016bsk dulkes ir klausyk LP","potentialAction":[{"@type":"SearchAction","target":{"@type":"EntryPoint","urlTemplate":"https:\/\/vinilozona.lt\/?s={search_term_string}"},"query-input":{"@type":"PropertyValueSpecification","valueRequired":true,"valueName":"search_term_string"}}],"inLanguage":"en-GB"}]}},"_links":{"self":[{"href":"https:\/\/vinilozona.lt\/en\/wp-json\/wp\/v2\/product\/15716"}],"collection":[{"href":"https:\/\/vinilozona.lt\/en\/wp-json\/wp\/v2\/product"}],"about":[{"href":"https:\/\/vinilozona.lt\/en\/wp-json\/wp\/v2\/types\/product"}],"wp:featuredmedia":[{"embeddable":true,"href":"https:\/\/vinilozona.lt\/en\/wp-json\/wp\/v2\/media\/15717"}],"wp:attachment":[{"href":"https:\/\/vinilozona.lt\/en\/wp-json\/wp\/v2\/media?parent=15716"}],"wp:term":[{"taxonomy":"product_cat","embeddable":true,"href":"https:\/\/vinilozona.lt\/en\/wp-json\/wp\/v2\/product_cat?post=15716"},{"taxonomy":"product_tag","embeddable":true,"href":"https:\/\/vinilozona.lt\/en\/wp-json\/wp\/v2\/product_tag?post=15716"}],"curies":[{"name":"wp","href":"https:\/\/api.w.org\/{rel}","templated":true}]}}