{"id":15670,"date":"2021-08-27T09:02:29","date_gmt":"2021-08-27T06:02:29","guid":{"rendered":"https:\/\/vinilozona.lt\/?post_type=product&#038;p=15670"},"modified":"2022-02-27T08:01:48","modified_gmt":"2022-02-27T06:01:48","slug":"slade-%e2%80%8e-cum-on-feel-the-hitz-the-best-of-slade","status":"publish","type":"product","link":"https:\/\/vinilozona.lt\/en\/parduotuve\/naujos-lp\/slade-%e2%80%8e-cum-on-feel-the-hitz-the-best-of-slade\/","title":{"rendered":"Slade \u200e\u2013 Cum On Feel The Hitz &#8211; The Best Of Slade"},"content":{"rendered":"<p>A1\tGet Down And Get With It\t3:48<br \/>\nA2\tCoz I Luv You\t3:23<br \/>\nA3\tLook Wot You Dun\t2:56<br \/>\nA4\tTake Me Bak &#8216;Ome\t3:13<br \/>\nA5\tMama Weer All Crazee Now\t3:43<br \/>\nA6\tGudbuy T&#8217; Jane\t3:31<br \/>\nB1\tCum On Feel The Noize\t4:23<br \/>\nB2\tSkweeze Me, Pleeze Me\t4:28<br \/>\nB3\tMy Friend Stan\t2:40<br \/>\nB4\tEveryday\t3:09<br \/>\nB5\tThe Bangin&#8217; Man\t4:10<br \/>\nB6\tFar Far Away\t3:35<br \/>\nC1\tHow Does It Feel\t5:53<br \/>\nC2\tThanks For The Memory\t4:32<br \/>\nC3\tIn For A Penny\t3:34<br \/>\nC4\tLet&#8217;s Call It Quits\t3:30<br \/>\nC5\tWe&#8217;ll Bring The House Down\t3:31<br \/>\nC6\tLock Up Your Daughters\t3:29<br \/>\nD1\tMy Oh My\t4:10<br \/>\nD2\tRun Runaway\t3:42<br \/>\nD3\tAll Join Hands\t4:13<br \/>\nD4\tMyzsterious Mizster Jones\t3:36<br \/>\nD5\tRadio Wall of Sound\t3:46<br \/>\nD6\tMerry Xmas Everybody\t3:44<\/p>","protected":false},"excerpt":{"rendered":"<p>BMG \u200e\u2013 BMGCAT464DLP<br \/>\nFormat:<br \/>\n2 \u00d7 Vinyl, LP, Compilation<\/p>","protected":false},"featured_media":15671,"template":"","meta":[],"product_cat":[23],"product_tag":[44],"yoast_head":"<!-- This site is optimized with the Yoast SEO plugin v23.5 - https:\/\/yoast.com\/wordpress\/plugins\/seo\/ -->\n<title>Slade \u200e\u2013 Cum On Feel The Hitz - The Best Of Slade Vinilin\u0117 Plok\u0161tel\u0117 | Vinilozona.lt<\/title>\n<meta name=\"robots\" content=\"index, follow, max-snippet:-1, max-image-preview:large, max-video-preview:-1\" \/>\n<link rel=\"canonical\" href=\"https:\/\/vinilozona.lt\/en\/parduotuve\/naujos-lp\/slade-\u200e-cum-on-feel-the-hitz-the-best-of-slade\/\" \/>\n<meta property=\"og:locale\" content=\"en_GB\" \/>\n<meta property=\"og:type\" content=\"article\" \/>\n<meta property=\"og:title\" content=\"Slade \u200e\u2013 Cum On Feel The Hitz - The Best Of Slade Vinilin\u0117 Plok\u0161tel\u0117 | Vinilozona.lt\" \/>\n<meta property=\"og:description\" content=\"BMG \u200e\u2013 BMGCAT464DLP Format: 2 \u00d7 Vinyl, LP, Compilation\" \/>\n<meta property=\"og:url\" content=\"https:\/\/vinilozona.lt\/en\/parduotuve\/naujos-lp\/slade-\u200e-cum-on-feel-the-hitz-the-best-of-slade\/\" \/>\n<meta property=\"og:site_name\" content=\"Vinilo Zona\" \/>\n<meta property=\"article:modified_time\" content=\"2022-02-27T06:01:48+00:00\" \/>\n<meta property=\"og:image\" content=\"https:\/\/vinilozona.lt\/wp-content\/uploads\/2021\/07\/R-15970044-1601797512-5147.jpeg.jpg\" \/>\n\t<meta property=\"og:image:width\" content=\"600\" \/>\n\t<meta property=\"og:image:height\" content=\"588\" \/>\n\t<meta property=\"og:image:type\" content=\"image\/jpeg\" \/>\n<meta name=\"twitter:card\" content=\"summary_large_image\" \/>\n<meta name=\"twitter:label1\" content=\"Estimated reading time\" \/>\n\t<meta name=\"twitter:data1\" content=\"1 minute\" \/>\n<script type=\"application\/ld+json\" class=\"yoast-schema-graph\">{\"@context\":\"https:\/\/schema.org\",\"@graph\":[{\"@type\":\"WebPage\",\"@id\":\"https:\/\/vinilozona.lt\/parduotuve\/naujos-lp\/slade-%e2%80%8e-cum-on-feel-the-hitz-the-best-of-slade\/\",\"url\":\"https:\/\/vinilozona.lt\/parduotuve\/naujos-lp\/slade-%e2%80%8e-cum-on-feel-the-hitz-the-best-of-slade\/\",\"name\":\"Slade \u200e\u2013 Cum On Feel The Hitz - The Best Of Slade Vinilin\u0117 Plok\u0161tel\u0117 | Vinilozona.lt\",\"isPartOf\":{\"@id\":\"https:\/\/vinilozona.lt\/#website\"},\"primaryImageOfPage\":{\"@id\":\"https:\/\/vinilozona.lt\/parduotuve\/naujos-lp\/slade-%e2%80%8e-cum-on-feel-the-hitz-the-best-of-slade\/#primaryimage\"},\"image\":{\"@id\":\"https:\/\/vinilozona.lt\/parduotuve\/naujos-lp\/slade-%e2%80%8e-cum-on-feel-the-hitz-the-best-of-slade\/#primaryimage\"},\"thumbnailUrl\":\"https:\/\/vinilozona.lt\/wp-content\/uploads\/2021\/07\/R-15970044-1601797512-5147.jpeg.jpg\",\"datePublished\":\"2021-08-27T06:02:29+00:00\",\"dateModified\":\"2022-02-27T06:01:48+00:00\",\"breadcrumb\":{\"@id\":\"https:\/\/vinilozona.lt\/parduotuve\/naujos-lp\/slade-%e2%80%8e-cum-on-feel-the-hitz-the-best-of-slade\/#breadcrumb\"},\"inLanguage\":\"en-GB\",\"potentialAction\":[{\"@type\":\"ReadAction\",\"target\":[\"https:\/\/vinilozona.lt\/parduotuve\/naujos-lp\/slade-%e2%80%8e-cum-on-feel-the-hitz-the-best-of-slade\/\"]}]},{\"@type\":\"ImageObject\",\"inLanguage\":\"en-GB\",\"@id\":\"https:\/\/vinilozona.lt\/parduotuve\/naujos-lp\/slade-%e2%80%8e-cum-on-feel-the-hitz-the-best-of-slade\/#primaryimage\",\"url\":\"https:\/\/vinilozona.lt\/wp-content\/uploads\/2021\/07\/R-15970044-1601797512-5147.jpeg.jpg\",\"contentUrl\":\"https:\/\/vinilozona.lt\/wp-content\/uploads\/2021\/07\/R-15970044-1601797512-5147.jpeg.jpg\",\"width\":600,\"height\":588},{\"@type\":\"BreadcrumbList\",\"@id\":\"https:\/\/vinilozona.lt\/parduotuve\/naujos-lp\/slade-%e2%80%8e-cum-on-feel-the-hitz-the-best-of-slade\/#breadcrumb\",\"itemListElement\":[{\"@type\":\"ListItem\",\"position\":1,\"name\":\"Home\",\"item\":\"https:\/\/vinilozona.lt\/\"},{\"@type\":\"ListItem\",\"position\":2,\"name\":\"Parduotuv\u0117\",\"item\":\"https:\/\/vinilozona.lt\/parduotuve\/\"},{\"@type\":\"ListItem\",\"position\":3,\"name\":\"Slade \u200e\u2013 Cum On Feel The Hitz &#8211; The Best Of Slade\"}]},{\"@type\":\"WebSite\",\"@id\":\"https:\/\/vinilozona.lt\/#website\",\"url\":\"https:\/\/vinilozona.lt\/\",\"name\":\"Vinilo Zona\",\"description\":\"Nup\u016bsk dulkes ir klausyk LP\",\"potentialAction\":[{\"@type\":\"SearchAction\",\"target\":{\"@type\":\"EntryPoint\",\"urlTemplate\":\"https:\/\/vinilozona.lt\/?s={search_term_string}\"},\"query-input\":{\"@type\":\"PropertyValueSpecification\",\"valueRequired\":true,\"valueName\":\"search_term_string\"}}],\"inLanguage\":\"en-GB\"}]}<\/script>\n<!-- \/ Yoast SEO plugin. -->","yoast_head_json":{"title":"Slade \u200e\u2013 Cum On Feel The Hitz - The Best Of Slade Vinilin\u0117 Plok\u0161tel\u0117 | Vinilozona.lt","robots":{"index":"index","follow":"follow","max-snippet":"max-snippet:-1","max-image-preview":"max-image-preview:large","max-video-preview":"max-video-preview:-1"},"canonical":"https:\/\/vinilozona.lt\/en\/parduotuve\/naujos-lp\/slade-\u200e-cum-on-feel-the-hitz-the-best-of-slade\/","og_locale":"en_GB","og_type":"article","og_title":"Slade \u200e\u2013 Cum On Feel The Hitz - The Best Of Slade Vinilin\u0117 Plok\u0161tel\u0117 | Vinilozona.lt","og_description":"BMG \u200e\u2013 BMGCAT464DLP Format: 2 \u00d7 Vinyl, LP, Compilation","og_url":"https:\/\/vinilozona.lt\/en\/parduotuve\/naujos-lp\/slade-\u200e-cum-on-feel-the-hitz-the-best-of-slade\/","og_site_name":"Vinilo Zona","article_modified_time":"2022-02-27T06:01:48+00:00","og_image":[{"width":600,"height":588,"url":"https:\/\/vinilozona.lt\/wp-content\/uploads\/2021\/07\/R-15970044-1601797512-5147.jpeg.jpg","type":"image\/jpeg"}],"twitter_card":"summary_large_image","twitter_misc":{"Estimated reading time":"1 minute"},"schema":{"@context":"https:\/\/schema.org","@graph":[{"@type":"WebPage","@id":"https:\/\/vinilozona.lt\/parduotuve\/naujos-lp\/slade-%e2%80%8e-cum-on-feel-the-hitz-the-best-of-slade\/","url":"https:\/\/vinilozona.lt\/parduotuve\/naujos-lp\/slade-%e2%80%8e-cum-on-feel-the-hitz-the-best-of-slade\/","name":"Slade \u200e\u2013 Cum On Feel The Hitz - The Best Of Slade Vinilin\u0117 Plok\u0161tel\u0117 | Vinilozona.lt","isPartOf":{"@id":"https:\/\/vinilozona.lt\/#website"},"primaryImageOfPage":{"@id":"https:\/\/vinilozona.lt\/parduotuve\/naujos-lp\/slade-%e2%80%8e-cum-on-feel-the-hitz-the-best-of-slade\/#primaryimage"},"image":{"@id":"https:\/\/vinilozona.lt\/parduotuve\/naujos-lp\/slade-%e2%80%8e-cum-on-feel-the-hitz-the-best-of-slade\/#primaryimage"},"thumbnailUrl":"https:\/\/vinilozona.lt\/wp-content\/uploads\/2021\/07\/R-15970044-1601797512-5147.jpeg.jpg","datePublished":"2021-08-27T06:02:29+00:00","dateModified":"2022-02-27T06:01:48+00:00","breadcrumb":{"@id":"https:\/\/vinilozona.lt\/parduotuve\/naujos-lp\/slade-%e2%80%8e-cum-on-feel-the-hitz-the-best-of-slade\/#breadcrumb"},"inLanguage":"en-GB","potentialAction":[{"@type":"ReadAction","target":["https:\/\/vinilozona.lt\/parduotuve\/naujos-lp\/slade-%e2%80%8e-cum-on-feel-the-hitz-the-best-of-slade\/"]}]},{"@type":"ImageObject","inLanguage":"en-GB","@id":"https:\/\/vinilozona.lt\/parduotuve\/naujos-lp\/slade-%e2%80%8e-cum-on-feel-the-hitz-the-best-of-slade\/#primaryimage","url":"https:\/\/vinilozona.lt\/wp-content\/uploads\/2021\/07\/R-15970044-1601797512-5147.jpeg.jpg","contentUrl":"https:\/\/vinilozona.lt\/wp-content\/uploads\/2021\/07\/R-15970044-1601797512-5147.jpeg.jpg","width":600,"height":588},{"@type":"BreadcrumbList","@id":"https:\/\/vinilozona.lt\/parduotuve\/naujos-lp\/slade-%e2%80%8e-cum-on-feel-the-hitz-the-best-of-slade\/#breadcrumb","itemListElement":[{"@type":"ListItem","position":1,"name":"Home","item":"https:\/\/vinilozona.lt\/"},{"@type":"ListItem","position":2,"name":"Parduotuv\u0117","item":"https:\/\/vinilozona.lt\/parduotuve\/"},{"@type":"ListItem","position":3,"name":"Slade \u200e\u2013 Cum On Feel The Hitz &#8211; The Best Of Slade"}]},{"@type":"WebSite","@id":"https:\/\/vinilozona.lt\/#website","url":"https:\/\/vinilozona.lt\/","name":"Vinilo Zona","description":"Nup\u016bsk dulkes ir klausyk LP","potentialAction":[{"@type":"SearchAction","target":{"@type":"EntryPoint","urlTemplate":"https:\/\/vinilozona.lt\/?s={search_term_string}"},"query-input":{"@type":"PropertyValueSpecification","valueRequired":true,"valueName":"search_term_string"}}],"inLanguage":"en-GB"}]}},"_links":{"self":[{"href":"https:\/\/vinilozona.lt\/en\/wp-json\/wp\/v2\/product\/15670"}],"collection":[{"href":"https:\/\/vinilozona.lt\/en\/wp-json\/wp\/v2\/product"}],"about":[{"href":"https:\/\/vinilozona.lt\/en\/wp-json\/wp\/v2\/types\/product"}],"wp:featuredmedia":[{"embeddable":true,"href":"https:\/\/vinilozona.lt\/en\/wp-json\/wp\/v2\/media\/15671"}],"wp:attachment":[{"href":"https:\/\/vinilozona.lt\/en\/wp-json\/wp\/v2\/media?parent=15670"}],"wp:term":[{"taxonomy":"product_cat","embeddable":true,"href":"https:\/\/vinilozona.lt\/en\/wp-json\/wp\/v2\/product_cat?post=15670"},{"taxonomy":"product_tag","embeddable":true,"href":"https:\/\/vinilozona.lt\/en\/wp-json\/wp\/v2\/product_tag?post=15670"}],"curies":[{"name":"wp","href":"https:\/\/api.w.org\/{rel}","templated":true}]}}