{"id":15648,"date":"2023-04-19T06:06:23","date_gmt":"2023-04-19T03:06:23","guid":{"rendered":"https:\/\/vinilozona.lt\/?post_type=product&#038;p=15648"},"modified":"2023-04-19T09:52:45","modified_gmt":"2023-04-19T06:52:45","slug":"anthrax-%e2%80%8e-im-the-man-12-ep","status":"publish","type":"product","link":"https:\/\/vinilozona.lt\/en\/parduotuve\/classic\/anthrax-%e2%80%8e-im-the-man-12-ep\/","title":{"rendered":"Nigel Kennedy \u2013 Der Herbst"},"content":{"rendered":"<p>A1\t\tKonzert In F-dur Fur Violine, Streicher Und Cembalo Op.8 Nr.3 &#8222;Der Herbst&#8221;,<br \/>\nA2\t\tKonzert in f-moll f\u00fcr Violine, Streicher und Cembalo op.8 Nr. 4 &#8222;Der Winter&#8221;<br \/>\nA3\t\tKonzert in F-dur f\u00fcr Violine, Streicher und Cembalo op.8 Nr. 3 &#8222;Der Herbst&#8221;,  <\/p>\n<p>B\t\tSummertime<\/p>","protected":false},"excerpt":{"rendered":"<p>His Master&#8217;s Voice \u2013 006-25 2932 6, His Master&#8217;s Voice \u2013 25 2932 6<br \/>\nFormat:<br \/>\nVinyl, 12&#8243;, 45 RPM, Maxi-Single<br \/>\nCountry:\tGermany<br \/>\nReleased:\t1989<br \/>\nGenre:\tClassical<br \/>\nStyle:\tModern<\/p>","protected":false},"featured_media":22032,"template":"","meta":[],"product_cat":[22,684],"product_tag":[44],"yoast_head":"<!-- This site is optimized with the Yoast SEO plugin v23.5 - https:\/\/yoast.com\/wordpress\/plugins\/seo\/ -->\n<title>Nigel Kennedy \u2013 Der Herbst Vinilin\u0117 Plok\u0161tel\u0117 | Vinilozona.lt<\/title>\n<meta name=\"robots\" content=\"index, follow, max-snippet:-1, max-image-preview:large, max-video-preview:-1\" \/>\n<link rel=\"canonical\" href=\"https:\/\/vinilozona.lt\/en\/parduotuve\/classic\/anthrax-\u200e-im-the-man-12-ep\/\" \/>\n<meta property=\"og:locale\" content=\"en_GB\" \/>\n<meta property=\"og:type\" content=\"article\" \/>\n<meta property=\"og:title\" content=\"Nigel Kennedy \u2013 Der Herbst Vinilin\u0117 Plok\u0161tel\u0117 | Vinilozona.lt\" \/>\n<meta property=\"og:description\" content=\"His Master&#039;s Voice \u2013 006-25 2932 6, His Master&#039;s Voice \u2013 25 2932 6 Format:  Vinyl, 12&quot;, 45 RPM, Maxi-Single Country: Germany Released: 1989 Genre: Classical Style: Modern\" \/>\n<meta property=\"og:url\" content=\"https:\/\/vinilozona.lt\/en\/parduotuve\/classic\/anthrax-\u200e-im-the-man-12-ep\/\" \/>\n<meta property=\"og:site_name\" content=\"Vinilo Zona\" \/>\n<meta property=\"article:modified_time\" content=\"2023-04-19T06:52:45+00:00\" \/>\n<meta property=\"og:image\" content=\"https:\/\/vinilozona.lt\/wp-content\/uploads\/2021\/07\/R-4394987-1363799262-2094.jpg\" \/>\n\t<meta property=\"og:image:width\" content=\"544\" \/>\n\t<meta property=\"og:image:height\" content=\"550\" \/>\n\t<meta property=\"og:image:type\" content=\"image\/jpeg\" \/>\n<meta name=\"twitter:card\" content=\"summary_large_image\" \/>\n<script type=\"application\/ld+json\" class=\"yoast-schema-graph\">{\"@context\":\"https:\/\/schema.org\",\"@graph\":[{\"@type\":\"WebPage\",\"@id\":\"https:\/\/vinilozona.lt\/parduotuve\/classic\/anthrax-%e2%80%8e-im-the-man-12-ep\/\",\"url\":\"https:\/\/vinilozona.lt\/parduotuve\/classic\/anthrax-%e2%80%8e-im-the-man-12-ep\/\",\"name\":\"Nigel Kennedy \u2013 Der Herbst Vinilin\u0117 Plok\u0161tel\u0117 | Vinilozona.lt\",\"isPartOf\":{\"@id\":\"https:\/\/vinilozona.lt\/#website\"},\"primaryImageOfPage\":{\"@id\":\"https:\/\/vinilozona.lt\/parduotuve\/classic\/anthrax-%e2%80%8e-im-the-man-12-ep\/#primaryimage\"},\"image\":{\"@id\":\"https:\/\/vinilozona.lt\/parduotuve\/classic\/anthrax-%e2%80%8e-im-the-man-12-ep\/#primaryimage\"},\"thumbnailUrl\":\"https:\/\/vinilozona.lt\/wp-content\/uploads\/2021\/07\/R-4394987-1363799262-2094.jpg\",\"datePublished\":\"2023-04-19T03:06:23+00:00\",\"dateModified\":\"2023-04-19T06:52:45+00:00\",\"breadcrumb\":{\"@id\":\"https:\/\/vinilozona.lt\/parduotuve\/classic\/anthrax-%e2%80%8e-im-the-man-12-ep\/#breadcrumb\"},\"inLanguage\":\"en-GB\",\"potentialAction\":[{\"@type\":\"ReadAction\",\"target\":[\"https:\/\/vinilozona.lt\/parduotuve\/classic\/anthrax-%e2%80%8e-im-the-man-12-ep\/\"]}]},{\"@type\":\"ImageObject\",\"inLanguage\":\"en-GB\",\"@id\":\"https:\/\/vinilozona.lt\/parduotuve\/classic\/anthrax-%e2%80%8e-im-the-man-12-ep\/#primaryimage\",\"url\":\"https:\/\/vinilozona.lt\/wp-content\/uploads\/2021\/07\/R-4394987-1363799262-2094.jpg\",\"contentUrl\":\"https:\/\/vinilozona.lt\/wp-content\/uploads\/2021\/07\/R-4394987-1363799262-2094.jpg\",\"width\":544,\"height\":550},{\"@type\":\"BreadcrumbList\",\"@id\":\"https:\/\/vinilozona.lt\/parduotuve\/classic\/anthrax-%e2%80%8e-im-the-man-12-ep\/#breadcrumb\",\"itemListElement\":[{\"@type\":\"ListItem\",\"position\":1,\"name\":\"Home\",\"item\":\"https:\/\/vinilozona.lt\/\"},{\"@type\":\"ListItem\",\"position\":2,\"name\":\"Parduotuv\u0117\",\"item\":\"https:\/\/vinilozona.lt\/parduotuve\/\"},{\"@type\":\"ListItem\",\"position\":3,\"name\":\"Nigel Kennedy \u2013 Der Herbst\"}]},{\"@type\":\"WebSite\",\"@id\":\"https:\/\/vinilozona.lt\/#website\",\"url\":\"https:\/\/vinilozona.lt\/\",\"name\":\"Vinilo Zona\",\"description\":\"Nup\u016bsk dulkes ir klausyk LP\",\"potentialAction\":[{\"@type\":\"SearchAction\",\"target\":{\"@type\":\"EntryPoint\",\"urlTemplate\":\"https:\/\/vinilozona.lt\/?s={search_term_string}\"},\"query-input\":{\"@type\":\"PropertyValueSpecification\",\"valueRequired\":true,\"valueName\":\"search_term_string\"}}],\"inLanguage\":\"en-GB\"}]}<\/script>\n<!-- \/ Yoast SEO plugin. -->","yoast_head_json":{"title":"Nigel Kennedy \u2013 Der Herbst Vinilin\u0117 Plok\u0161tel\u0117 | Vinilozona.lt","robots":{"index":"index","follow":"follow","max-snippet":"max-snippet:-1","max-image-preview":"max-image-preview:large","max-video-preview":"max-video-preview:-1"},"canonical":"https:\/\/vinilozona.lt\/en\/parduotuve\/classic\/anthrax-\u200e-im-the-man-12-ep\/","og_locale":"en_GB","og_type":"article","og_title":"Nigel Kennedy \u2013 Der Herbst Vinilin\u0117 Plok\u0161tel\u0117 | Vinilozona.lt","og_description":"His Master's Voice \u2013 006-25 2932 6, His Master's Voice \u2013 25 2932 6 Format:  Vinyl, 12\", 45 RPM, Maxi-Single Country: Germany Released: 1989 Genre: Classical Style: Modern","og_url":"https:\/\/vinilozona.lt\/en\/parduotuve\/classic\/anthrax-\u200e-im-the-man-12-ep\/","og_site_name":"Vinilo Zona","article_modified_time":"2023-04-19T06:52:45+00:00","og_image":[{"width":544,"height":550,"url":"https:\/\/vinilozona.lt\/wp-content\/uploads\/2021\/07\/R-4394987-1363799262-2094.jpg","type":"image\/jpeg"}],"twitter_card":"summary_large_image","schema":{"@context":"https:\/\/schema.org","@graph":[{"@type":"WebPage","@id":"https:\/\/vinilozona.lt\/parduotuve\/classic\/anthrax-%e2%80%8e-im-the-man-12-ep\/","url":"https:\/\/vinilozona.lt\/parduotuve\/classic\/anthrax-%e2%80%8e-im-the-man-12-ep\/","name":"Nigel Kennedy \u2013 Der Herbst Vinilin\u0117 Plok\u0161tel\u0117 | Vinilozona.lt","isPartOf":{"@id":"https:\/\/vinilozona.lt\/#website"},"primaryImageOfPage":{"@id":"https:\/\/vinilozona.lt\/parduotuve\/classic\/anthrax-%e2%80%8e-im-the-man-12-ep\/#primaryimage"},"image":{"@id":"https:\/\/vinilozona.lt\/parduotuve\/classic\/anthrax-%e2%80%8e-im-the-man-12-ep\/#primaryimage"},"thumbnailUrl":"https:\/\/vinilozona.lt\/wp-content\/uploads\/2021\/07\/R-4394987-1363799262-2094.jpg","datePublished":"2023-04-19T03:06:23+00:00","dateModified":"2023-04-19T06:52:45+00:00","breadcrumb":{"@id":"https:\/\/vinilozona.lt\/parduotuve\/classic\/anthrax-%e2%80%8e-im-the-man-12-ep\/#breadcrumb"},"inLanguage":"en-GB","potentialAction":[{"@type":"ReadAction","target":["https:\/\/vinilozona.lt\/parduotuve\/classic\/anthrax-%e2%80%8e-im-the-man-12-ep\/"]}]},{"@type":"ImageObject","inLanguage":"en-GB","@id":"https:\/\/vinilozona.lt\/parduotuve\/classic\/anthrax-%e2%80%8e-im-the-man-12-ep\/#primaryimage","url":"https:\/\/vinilozona.lt\/wp-content\/uploads\/2021\/07\/R-4394987-1363799262-2094.jpg","contentUrl":"https:\/\/vinilozona.lt\/wp-content\/uploads\/2021\/07\/R-4394987-1363799262-2094.jpg","width":544,"height":550},{"@type":"BreadcrumbList","@id":"https:\/\/vinilozona.lt\/parduotuve\/classic\/anthrax-%e2%80%8e-im-the-man-12-ep\/#breadcrumb","itemListElement":[{"@type":"ListItem","position":1,"name":"Home","item":"https:\/\/vinilozona.lt\/"},{"@type":"ListItem","position":2,"name":"Parduotuv\u0117","item":"https:\/\/vinilozona.lt\/parduotuve\/"},{"@type":"ListItem","position":3,"name":"Nigel Kennedy \u2013 Der Herbst"}]},{"@type":"WebSite","@id":"https:\/\/vinilozona.lt\/#website","url":"https:\/\/vinilozona.lt\/","name":"Vinilo Zona","description":"Nup\u016bsk dulkes ir klausyk LP","potentialAction":[{"@type":"SearchAction","target":{"@type":"EntryPoint","urlTemplate":"https:\/\/vinilozona.lt\/?s={search_term_string}"},"query-input":{"@type":"PropertyValueSpecification","valueRequired":true,"valueName":"search_term_string"}}],"inLanguage":"en-GB"}]}},"_links":{"self":[{"href":"https:\/\/vinilozona.lt\/en\/wp-json\/wp\/v2\/product\/15648"}],"collection":[{"href":"https:\/\/vinilozona.lt\/en\/wp-json\/wp\/v2\/product"}],"about":[{"href":"https:\/\/vinilozona.lt\/en\/wp-json\/wp\/v2\/types\/product"}],"wp:featuredmedia":[{"embeddable":true,"href":"https:\/\/vinilozona.lt\/en\/wp-json\/wp\/v2\/media\/22032"}],"wp:attachment":[{"href":"https:\/\/vinilozona.lt\/en\/wp-json\/wp\/v2\/media?parent=15648"}],"wp:term":[{"taxonomy":"product_cat","embeddable":true,"href":"https:\/\/vinilozona.lt\/en\/wp-json\/wp\/v2\/product_cat?post=15648"},{"taxonomy":"product_tag","embeddable":true,"href":"https:\/\/vinilozona.lt\/en\/wp-json\/wp\/v2\/product_tag?post=15648"}],"curies":[{"name":"wp","href":"https:\/\/api.w.org\/{rel}","templated":true}]}}