{"id":15641,"date":"2026-04-27T05:06:27","date_gmt":"2026-04-27T02:06:27","guid":{"rendered":"https:\/\/vinilozona.lt\/?post_type=product&#038;p=15641"},"modified":"2026-04-27T07:48:58","modified_gmt":"2026-04-27T04:48:58","slug":"santana-%e2%80%8e-abraxas","status":"publish","type":"product","link":"https:\/\/vinilozona.lt\/en\/parduotuve\/rock-pop\/santana-%e2%80%8e-abraxas\/","title":{"rendered":"Santana \u200e\u2013 Abraxas"},"content":{"rendered":"<p>A1\tSinging Winds, Crying Beasts\t4:48<br \/>\nA2\tBlack Magic Woman \/ Gypsy Queen\t5:17<br \/>\nA3\tOye Como Va\t4:17<br \/>\nA4\tIncident At Neshabur\t4:58<br \/>\nB1\tSe A Cabo\t2:49<br \/>\nB2\tMother&#8217;s Daughter\t4:25<br \/>\nB3\tSamba Pa Ti\t4:46<br \/>\nB4\tHope You&#8217;re Feeling Better\t4:10<br \/>\nB5\tEl Nicoya\t1:29<\/p>","protected":false},"excerpt":{"rendered":"<p>CBS \u2013 S 64087<br \/>\nFormat:<br \/>\nVinyl, LP, Album, gatefold<br \/>\nCountry:<br \/>\nNetherlands<br \/>\nReleased:<br \/>\n1970<\/p>","protected":false},"featured_media":15642,"template":"","meta":[],"product_cat":[15],"product_tag":[44],"yoast_head":"<!-- This site is optimized with the Yoast SEO plugin v23.5 - https:\/\/yoast.com\/wordpress\/plugins\/seo\/ -->\n<title>Santana \u200e\u2013 Abraxas Vinilin\u0117 Plok\u0161tel\u0117 | Vinilozona.lt<\/title>\n<meta name=\"robots\" content=\"index, follow, max-snippet:-1, max-image-preview:large, max-video-preview:-1\" \/>\n<link rel=\"canonical\" href=\"https:\/\/vinilozona.lt\/en\/parduotuve\/rock-pop\/santana-\u200e-abraxas\/\" \/>\n<meta property=\"og:locale\" content=\"en_GB\" \/>\n<meta property=\"og:type\" content=\"article\" \/>\n<meta property=\"og:title\" content=\"Santana \u200e\u2013 Abraxas Vinilin\u0117 Plok\u0161tel\u0117 | Vinilozona.lt\" \/>\n<meta property=\"og:description\" content=\"CBS \u2013 S 64087 Format: Vinyl, LP, Album, gatefold Country: Netherlands Released: 1970\" \/>\n<meta property=\"og:url\" content=\"https:\/\/vinilozona.lt\/en\/parduotuve\/rock-pop\/santana-\u200e-abraxas\/\" \/>\n<meta property=\"og:site_name\" content=\"Vinilo Zona\" \/>\n<meta property=\"article:modified_time\" content=\"2026-04-27T04:48:58+00:00\" \/>\n<meta property=\"og:image\" content=\"https:\/\/vinilozona.lt\/wp-content\/uploads\/2021\/07\/R-6534046-1616261345-5414.jpeg.jpg\" \/>\n\t<meta property=\"og:image:width\" content=\"599\" \/>\n\t<meta property=\"og:image:height\" content=\"610\" \/>\n\t<meta property=\"og:image:type\" content=\"image\/jpeg\" \/>\n<meta name=\"twitter:card\" content=\"summary_large_image\" \/>\n<meta name=\"twitter:label1\" content=\"Estimated reading time\" \/>\n\t<meta name=\"twitter:data1\" content=\"1 minute\" \/>\n<script type=\"application\/ld+json\" class=\"yoast-schema-graph\">{\"@context\":\"https:\/\/schema.org\",\"@graph\":[{\"@type\":\"WebPage\",\"@id\":\"https:\/\/vinilozona.lt\/parduotuve\/rock-pop\/santana-%e2%80%8e-abraxas\/\",\"url\":\"https:\/\/vinilozona.lt\/parduotuve\/rock-pop\/santana-%e2%80%8e-abraxas\/\",\"name\":\"Santana \u200e\u2013 Abraxas Vinilin\u0117 Plok\u0161tel\u0117 | Vinilozona.lt\",\"isPartOf\":{\"@id\":\"https:\/\/vinilozona.lt\/#website\"},\"primaryImageOfPage\":{\"@id\":\"https:\/\/vinilozona.lt\/parduotuve\/rock-pop\/santana-%e2%80%8e-abraxas\/#primaryimage\"},\"image\":{\"@id\":\"https:\/\/vinilozona.lt\/parduotuve\/rock-pop\/santana-%e2%80%8e-abraxas\/#primaryimage\"},\"thumbnailUrl\":\"https:\/\/vinilozona.lt\/wp-content\/uploads\/2021\/07\/R-6534046-1616261345-5414.jpeg.jpg\",\"datePublished\":\"2026-04-27T02:06:27+00:00\",\"dateModified\":\"2026-04-27T04:48:58+00:00\",\"breadcrumb\":{\"@id\":\"https:\/\/vinilozona.lt\/parduotuve\/rock-pop\/santana-%e2%80%8e-abraxas\/#breadcrumb\"},\"inLanguage\":\"en-GB\",\"potentialAction\":[{\"@type\":\"ReadAction\",\"target\":[\"https:\/\/vinilozona.lt\/parduotuve\/rock-pop\/santana-%e2%80%8e-abraxas\/\"]}]},{\"@type\":\"ImageObject\",\"inLanguage\":\"en-GB\",\"@id\":\"https:\/\/vinilozona.lt\/parduotuve\/rock-pop\/santana-%e2%80%8e-abraxas\/#primaryimage\",\"url\":\"https:\/\/vinilozona.lt\/wp-content\/uploads\/2021\/07\/R-6534046-1616261345-5414.jpeg.jpg\",\"contentUrl\":\"https:\/\/vinilozona.lt\/wp-content\/uploads\/2021\/07\/R-6534046-1616261345-5414.jpeg.jpg\",\"width\":599,\"height\":610},{\"@type\":\"BreadcrumbList\",\"@id\":\"https:\/\/vinilozona.lt\/parduotuve\/rock-pop\/santana-%e2%80%8e-abraxas\/#breadcrumb\",\"itemListElement\":[{\"@type\":\"ListItem\",\"position\":1,\"name\":\"Home\",\"item\":\"https:\/\/vinilozona.lt\/\"},{\"@type\":\"ListItem\",\"position\":2,\"name\":\"Parduotuv\u0117\",\"item\":\"https:\/\/vinilozona.lt\/parduotuve\/\"},{\"@type\":\"ListItem\",\"position\":3,\"name\":\"Santana \u200e\u2013 Abraxas\"}]},{\"@type\":\"WebSite\",\"@id\":\"https:\/\/vinilozona.lt\/#website\",\"url\":\"https:\/\/vinilozona.lt\/\",\"name\":\"Vinilo Zona\",\"description\":\"Nup\u016bsk dulkes ir klausyk LP\",\"potentialAction\":[{\"@type\":\"SearchAction\",\"target\":{\"@type\":\"EntryPoint\",\"urlTemplate\":\"https:\/\/vinilozona.lt\/?s={search_term_string}\"},\"query-input\":{\"@type\":\"PropertyValueSpecification\",\"valueRequired\":true,\"valueName\":\"search_term_string\"}}],\"inLanguage\":\"en-GB\"}]}<\/script>\n<!-- \/ Yoast SEO plugin. -->","yoast_head_json":{"title":"Santana \u200e\u2013 Abraxas Vinilin\u0117 Plok\u0161tel\u0117 | Vinilozona.lt","robots":{"index":"index","follow":"follow","max-snippet":"max-snippet:-1","max-image-preview":"max-image-preview:large","max-video-preview":"max-video-preview:-1"},"canonical":"https:\/\/vinilozona.lt\/en\/parduotuve\/rock-pop\/santana-\u200e-abraxas\/","og_locale":"en_GB","og_type":"article","og_title":"Santana \u200e\u2013 Abraxas Vinilin\u0117 Plok\u0161tel\u0117 | Vinilozona.lt","og_description":"CBS \u2013 S 64087 Format: Vinyl, LP, Album, gatefold Country: Netherlands Released: 1970","og_url":"https:\/\/vinilozona.lt\/en\/parduotuve\/rock-pop\/santana-\u200e-abraxas\/","og_site_name":"Vinilo Zona","article_modified_time":"2026-04-27T04:48:58+00:00","og_image":[{"width":599,"height":610,"url":"https:\/\/vinilozona.lt\/wp-content\/uploads\/2021\/07\/R-6534046-1616261345-5414.jpeg.jpg","type":"image\/jpeg"}],"twitter_card":"summary_large_image","twitter_misc":{"Estimated reading time":"1 minute"},"schema":{"@context":"https:\/\/schema.org","@graph":[{"@type":"WebPage","@id":"https:\/\/vinilozona.lt\/parduotuve\/rock-pop\/santana-%e2%80%8e-abraxas\/","url":"https:\/\/vinilozona.lt\/parduotuve\/rock-pop\/santana-%e2%80%8e-abraxas\/","name":"Santana \u200e\u2013 Abraxas Vinilin\u0117 Plok\u0161tel\u0117 | Vinilozona.lt","isPartOf":{"@id":"https:\/\/vinilozona.lt\/#website"},"primaryImageOfPage":{"@id":"https:\/\/vinilozona.lt\/parduotuve\/rock-pop\/santana-%e2%80%8e-abraxas\/#primaryimage"},"image":{"@id":"https:\/\/vinilozona.lt\/parduotuve\/rock-pop\/santana-%e2%80%8e-abraxas\/#primaryimage"},"thumbnailUrl":"https:\/\/vinilozona.lt\/wp-content\/uploads\/2021\/07\/R-6534046-1616261345-5414.jpeg.jpg","datePublished":"2026-04-27T02:06:27+00:00","dateModified":"2026-04-27T04:48:58+00:00","breadcrumb":{"@id":"https:\/\/vinilozona.lt\/parduotuve\/rock-pop\/santana-%e2%80%8e-abraxas\/#breadcrumb"},"inLanguage":"en-GB","potentialAction":[{"@type":"ReadAction","target":["https:\/\/vinilozona.lt\/parduotuve\/rock-pop\/santana-%e2%80%8e-abraxas\/"]}]},{"@type":"ImageObject","inLanguage":"en-GB","@id":"https:\/\/vinilozona.lt\/parduotuve\/rock-pop\/santana-%e2%80%8e-abraxas\/#primaryimage","url":"https:\/\/vinilozona.lt\/wp-content\/uploads\/2021\/07\/R-6534046-1616261345-5414.jpeg.jpg","contentUrl":"https:\/\/vinilozona.lt\/wp-content\/uploads\/2021\/07\/R-6534046-1616261345-5414.jpeg.jpg","width":599,"height":610},{"@type":"BreadcrumbList","@id":"https:\/\/vinilozona.lt\/parduotuve\/rock-pop\/santana-%e2%80%8e-abraxas\/#breadcrumb","itemListElement":[{"@type":"ListItem","position":1,"name":"Home","item":"https:\/\/vinilozona.lt\/"},{"@type":"ListItem","position":2,"name":"Parduotuv\u0117","item":"https:\/\/vinilozona.lt\/parduotuve\/"},{"@type":"ListItem","position":3,"name":"Santana \u200e\u2013 Abraxas"}]},{"@type":"WebSite","@id":"https:\/\/vinilozona.lt\/#website","url":"https:\/\/vinilozona.lt\/","name":"Vinilo Zona","description":"Nup\u016bsk dulkes ir klausyk LP","potentialAction":[{"@type":"SearchAction","target":{"@type":"EntryPoint","urlTemplate":"https:\/\/vinilozona.lt\/?s={search_term_string}"},"query-input":{"@type":"PropertyValueSpecification","valueRequired":true,"valueName":"search_term_string"}}],"inLanguage":"en-GB"}]}},"_links":{"self":[{"href":"https:\/\/vinilozona.lt\/en\/wp-json\/wp\/v2\/product\/15641"}],"collection":[{"href":"https:\/\/vinilozona.lt\/en\/wp-json\/wp\/v2\/product"}],"about":[{"href":"https:\/\/vinilozona.lt\/en\/wp-json\/wp\/v2\/types\/product"}],"wp:featuredmedia":[{"embeddable":true,"href":"https:\/\/vinilozona.lt\/en\/wp-json\/wp\/v2\/media\/15642"}],"wp:attachment":[{"href":"https:\/\/vinilozona.lt\/en\/wp-json\/wp\/v2\/media?parent=15641"}],"wp:term":[{"taxonomy":"product_cat","embeddable":true,"href":"https:\/\/vinilozona.lt\/en\/wp-json\/wp\/v2\/product_cat?post=15641"},{"taxonomy":"product_tag","embeddable":true,"href":"https:\/\/vinilozona.lt\/en\/wp-json\/wp\/v2\/product_tag?post=15641"}],"curies":[{"name":"wp","href":"https:\/\/api.w.org\/{rel}","templated":true}]}}