{"id":15634,"date":"2025-05-18T05:04:28","date_gmt":"2025-05-18T02:04:28","guid":{"rendered":"https:\/\/vinilozona.lt\/?post_type=product&#038;p=15634"},"modified":"2025-05-18T07:15:01","modified_gmt":"2025-05-18T04:15:01","slug":"martin-stephenson-and-the-daintees-gladsome-humour-blue","status":"publish","type":"product","link":"https:\/\/vinilozona.lt\/en\/parduotuve\/rock-pop\/martin-stephenson-and-the-daintees-gladsome-humour-blue\/","title":{"rendered":"Martin Stephenson And The Daintees \u2013 Gladsome, Humour &#038; Blue"},"content":{"rendered":"<p>There Comes A Time\t4:10<br \/>\nSlaughterman\t4:01<br \/>\nThe Wait\t3:51<br \/>\nI Can See\t5:08<br \/>\nThe Old Church Is Still Standing\t2:54<br \/>\nEven The Night\t3:43<br \/>\nWholly Humble Heart\t5:20<br \/>\nMe &#038; Mathew\t3:49<br \/>\nNancy\t3:47<br \/>\nGoodbye John\t3:46<br \/>\nI Pray\t6:11<\/p>","protected":false},"excerpt":{"rendered":"<p>Kitchenware Records \u2013 KWLP 8, London Records \u2013 828091-1<br \/>\nFormat:<br \/>\nVinyl, LP, Album, Gatefold<br \/>\nCountry:<br \/>\nUK<br \/>\nReleased:<br \/>\n1988<\/p>","protected":false},"featured_media":15635,"template":"","meta":[],"product_cat":[15],"product_tag":[55],"yoast_head":"<!-- This site is optimized with the Yoast SEO plugin v23.5 - https:\/\/yoast.com\/wordpress\/plugins\/seo\/ -->\n<title>Martin Stephenson And The Daintees \u2013 Gladsome, Humour &amp; Blue Vinilin\u0117 Plok\u0161tel\u0117 | Vinilozona.lt<\/title>\n<meta name=\"robots\" content=\"index, follow, max-snippet:-1, max-image-preview:large, max-video-preview:-1\" \/>\n<link rel=\"canonical\" href=\"https:\/\/vinilozona.lt\/en\/parduotuve\/rock-pop\/martin-stephenson-and-the-daintees-gladsome-humour-blue\/\" \/>\n<meta property=\"og:locale\" content=\"en_GB\" \/>\n<meta property=\"og:type\" content=\"article\" \/>\n<meta property=\"og:title\" content=\"Martin Stephenson And The Daintees \u2013 Gladsome, Humour &amp; Blue Vinilin\u0117 Plok\u0161tel\u0117 | Vinilozona.lt\" \/>\n<meta property=\"og:description\" content=\"Kitchenware Records \u2013 KWLP 8, London Records \u2013 828091-1 Format: Vinyl, LP, Album, Gatefold Country: UK Released: 1988\" \/>\n<meta property=\"og:url\" content=\"https:\/\/vinilozona.lt\/en\/parduotuve\/rock-pop\/martin-stephenson-and-the-daintees-gladsome-humour-blue\/\" \/>\n<meta property=\"og:site_name\" content=\"Vinilo Zona\" \/>\n<meta property=\"article:modified_time\" content=\"2025-05-18T04:15:01+00:00\" \/>\n<meta property=\"og:image\" content=\"https:\/\/vinilozona.lt\/wp-content\/uploads\/2021\/07\/R-1278656-1485024263-6972.jpeg.jpg\" \/>\n\t<meta property=\"og:image:width\" content=\"300\" \/>\n\t<meta property=\"og:image:height\" content=\"300\" \/>\n\t<meta property=\"og:image:type\" content=\"image\/jpeg\" \/>\n<meta name=\"twitter:card\" content=\"summary_large_image\" \/>\n<meta name=\"twitter:label1\" content=\"Estimated reading time\" \/>\n\t<meta name=\"twitter:data1\" content=\"1 minute\" \/>\n<script type=\"application\/ld+json\" class=\"yoast-schema-graph\">{\"@context\":\"https:\/\/schema.org\",\"@graph\":[{\"@type\":\"WebPage\",\"@id\":\"https:\/\/vinilozona.lt\/parduotuve\/rock-pop\/martin-stephenson-and-the-daintees-gladsome-humour-blue\/\",\"url\":\"https:\/\/vinilozona.lt\/parduotuve\/rock-pop\/martin-stephenson-and-the-daintees-gladsome-humour-blue\/\",\"name\":\"Martin Stephenson And The Daintees \u2013 Gladsome, Humour & Blue Vinilin\u0117 Plok\u0161tel\u0117 | Vinilozona.lt\",\"isPartOf\":{\"@id\":\"https:\/\/vinilozona.lt\/#website\"},\"primaryImageOfPage\":{\"@id\":\"https:\/\/vinilozona.lt\/parduotuve\/rock-pop\/martin-stephenson-and-the-daintees-gladsome-humour-blue\/#primaryimage\"},\"image\":{\"@id\":\"https:\/\/vinilozona.lt\/parduotuve\/rock-pop\/martin-stephenson-and-the-daintees-gladsome-humour-blue\/#primaryimage\"},\"thumbnailUrl\":\"https:\/\/vinilozona.lt\/wp-content\/uploads\/2021\/07\/R-1278656-1485024263-6972.jpeg.jpg\",\"datePublished\":\"2025-05-18T02:04:28+00:00\",\"dateModified\":\"2025-05-18T04:15:01+00:00\",\"breadcrumb\":{\"@id\":\"https:\/\/vinilozona.lt\/parduotuve\/rock-pop\/martin-stephenson-and-the-daintees-gladsome-humour-blue\/#breadcrumb\"},\"inLanguage\":\"en-GB\",\"potentialAction\":[{\"@type\":\"ReadAction\",\"target\":[\"https:\/\/vinilozona.lt\/parduotuve\/rock-pop\/martin-stephenson-and-the-daintees-gladsome-humour-blue\/\"]}]},{\"@type\":\"ImageObject\",\"inLanguage\":\"en-GB\",\"@id\":\"https:\/\/vinilozona.lt\/parduotuve\/rock-pop\/martin-stephenson-and-the-daintees-gladsome-humour-blue\/#primaryimage\",\"url\":\"https:\/\/vinilozona.lt\/wp-content\/uploads\/2021\/07\/R-1278656-1485024263-6972.jpeg.jpg\",\"contentUrl\":\"https:\/\/vinilozona.lt\/wp-content\/uploads\/2021\/07\/R-1278656-1485024263-6972.jpeg.jpg\",\"width\":300,\"height\":300},{\"@type\":\"BreadcrumbList\",\"@id\":\"https:\/\/vinilozona.lt\/parduotuve\/rock-pop\/martin-stephenson-and-the-daintees-gladsome-humour-blue\/#breadcrumb\",\"itemListElement\":[{\"@type\":\"ListItem\",\"position\":1,\"name\":\"Home\",\"item\":\"https:\/\/vinilozona.lt\/\"},{\"@type\":\"ListItem\",\"position\":2,\"name\":\"Parduotuv\u0117\",\"item\":\"https:\/\/vinilozona.lt\/parduotuve\/\"},{\"@type\":\"ListItem\",\"position\":3,\"name\":\"Martin Stephenson And The Daintees \u2013 Gladsome, Humour &#038; Blue\"}]},{\"@type\":\"WebSite\",\"@id\":\"https:\/\/vinilozona.lt\/#website\",\"url\":\"https:\/\/vinilozona.lt\/\",\"name\":\"Vinilo Zona\",\"description\":\"Nup\u016bsk dulkes ir klausyk LP\",\"potentialAction\":[{\"@type\":\"SearchAction\",\"target\":{\"@type\":\"EntryPoint\",\"urlTemplate\":\"https:\/\/vinilozona.lt\/?s={search_term_string}\"},\"query-input\":{\"@type\":\"PropertyValueSpecification\",\"valueRequired\":true,\"valueName\":\"search_term_string\"}}],\"inLanguage\":\"en-GB\"}]}<\/script>\n<!-- \/ Yoast SEO plugin. -->","yoast_head_json":{"title":"Martin Stephenson And The Daintees \u2013 Gladsome, Humour & Blue Vinilin\u0117 Plok\u0161tel\u0117 | Vinilozona.lt","robots":{"index":"index","follow":"follow","max-snippet":"max-snippet:-1","max-image-preview":"max-image-preview:large","max-video-preview":"max-video-preview:-1"},"canonical":"https:\/\/vinilozona.lt\/en\/parduotuve\/rock-pop\/martin-stephenson-and-the-daintees-gladsome-humour-blue\/","og_locale":"en_GB","og_type":"article","og_title":"Martin Stephenson And The Daintees \u2013 Gladsome, Humour & Blue Vinilin\u0117 Plok\u0161tel\u0117 | Vinilozona.lt","og_description":"Kitchenware Records \u2013 KWLP 8, London Records \u2013 828091-1 Format: Vinyl, LP, Album, Gatefold Country: UK Released: 1988","og_url":"https:\/\/vinilozona.lt\/en\/parduotuve\/rock-pop\/martin-stephenson-and-the-daintees-gladsome-humour-blue\/","og_site_name":"Vinilo Zona","article_modified_time":"2025-05-18T04:15:01+00:00","og_image":[{"width":300,"height":300,"url":"https:\/\/vinilozona.lt\/wp-content\/uploads\/2021\/07\/R-1278656-1485024263-6972.jpeg.jpg","type":"image\/jpeg"}],"twitter_card":"summary_large_image","twitter_misc":{"Estimated reading time":"1 minute"},"schema":{"@context":"https:\/\/schema.org","@graph":[{"@type":"WebPage","@id":"https:\/\/vinilozona.lt\/parduotuve\/rock-pop\/martin-stephenson-and-the-daintees-gladsome-humour-blue\/","url":"https:\/\/vinilozona.lt\/parduotuve\/rock-pop\/martin-stephenson-and-the-daintees-gladsome-humour-blue\/","name":"Martin Stephenson And The Daintees \u2013 Gladsome, Humour & Blue Vinilin\u0117 Plok\u0161tel\u0117 | Vinilozona.lt","isPartOf":{"@id":"https:\/\/vinilozona.lt\/#website"},"primaryImageOfPage":{"@id":"https:\/\/vinilozona.lt\/parduotuve\/rock-pop\/martin-stephenson-and-the-daintees-gladsome-humour-blue\/#primaryimage"},"image":{"@id":"https:\/\/vinilozona.lt\/parduotuve\/rock-pop\/martin-stephenson-and-the-daintees-gladsome-humour-blue\/#primaryimage"},"thumbnailUrl":"https:\/\/vinilozona.lt\/wp-content\/uploads\/2021\/07\/R-1278656-1485024263-6972.jpeg.jpg","datePublished":"2025-05-18T02:04:28+00:00","dateModified":"2025-05-18T04:15:01+00:00","breadcrumb":{"@id":"https:\/\/vinilozona.lt\/parduotuve\/rock-pop\/martin-stephenson-and-the-daintees-gladsome-humour-blue\/#breadcrumb"},"inLanguage":"en-GB","potentialAction":[{"@type":"ReadAction","target":["https:\/\/vinilozona.lt\/parduotuve\/rock-pop\/martin-stephenson-and-the-daintees-gladsome-humour-blue\/"]}]},{"@type":"ImageObject","inLanguage":"en-GB","@id":"https:\/\/vinilozona.lt\/parduotuve\/rock-pop\/martin-stephenson-and-the-daintees-gladsome-humour-blue\/#primaryimage","url":"https:\/\/vinilozona.lt\/wp-content\/uploads\/2021\/07\/R-1278656-1485024263-6972.jpeg.jpg","contentUrl":"https:\/\/vinilozona.lt\/wp-content\/uploads\/2021\/07\/R-1278656-1485024263-6972.jpeg.jpg","width":300,"height":300},{"@type":"BreadcrumbList","@id":"https:\/\/vinilozona.lt\/parduotuve\/rock-pop\/martin-stephenson-and-the-daintees-gladsome-humour-blue\/#breadcrumb","itemListElement":[{"@type":"ListItem","position":1,"name":"Home","item":"https:\/\/vinilozona.lt\/"},{"@type":"ListItem","position":2,"name":"Parduotuv\u0117","item":"https:\/\/vinilozona.lt\/parduotuve\/"},{"@type":"ListItem","position":3,"name":"Martin Stephenson And The Daintees \u2013 Gladsome, Humour &#038; Blue"}]},{"@type":"WebSite","@id":"https:\/\/vinilozona.lt\/#website","url":"https:\/\/vinilozona.lt\/","name":"Vinilo Zona","description":"Nup\u016bsk dulkes ir klausyk LP","potentialAction":[{"@type":"SearchAction","target":{"@type":"EntryPoint","urlTemplate":"https:\/\/vinilozona.lt\/?s={search_term_string}"},"query-input":{"@type":"PropertyValueSpecification","valueRequired":true,"valueName":"search_term_string"}}],"inLanguage":"en-GB"}]}},"_links":{"self":[{"href":"https:\/\/vinilozona.lt\/en\/wp-json\/wp\/v2\/product\/15634"}],"collection":[{"href":"https:\/\/vinilozona.lt\/en\/wp-json\/wp\/v2\/product"}],"about":[{"href":"https:\/\/vinilozona.lt\/en\/wp-json\/wp\/v2\/types\/product"}],"wp:featuredmedia":[{"embeddable":true,"href":"https:\/\/vinilozona.lt\/en\/wp-json\/wp\/v2\/media\/15635"}],"wp:attachment":[{"href":"https:\/\/vinilozona.lt\/en\/wp-json\/wp\/v2\/media?parent=15634"}],"wp:term":[{"taxonomy":"product_cat","embeddable":true,"href":"https:\/\/vinilozona.lt\/en\/wp-json\/wp\/v2\/product_cat?post=15634"},{"taxonomy":"product_tag","embeddable":true,"href":"https:\/\/vinilozona.lt\/en\/wp-json\/wp\/v2\/product_tag?post=15634"}],"curies":[{"name":"wp","href":"https:\/\/api.w.org\/{rel}","templated":true}]}}