{"id":15626,"date":"2024-10-21T05:11:40","date_gmt":"2024-10-21T02:11:40","guid":{"rendered":"https:\/\/vinilozona.lt\/?post_type=product&#038;p=15626"},"modified":"2024-10-21T14:08:14","modified_gmt":"2024-10-21T11:08:14","slug":"genesis-the-lamb-lies-down-on-broadway","status":"publish","type":"product","link":"https:\/\/vinilozona.lt\/en\/parduotuve\/rock-pop\/genesis-the-lamb-lies-down-on-broadway\/","title":{"rendered":"Genesis \u2013 The Lamb Lies Down On Broadway 2LP"},"content":{"rendered":"<p>A1\tThe Lamb Lies Down On Broadway<br \/>\nA2\tFly On A Windshield<br \/>\nA3\tBroadway Melody Of 1974<br \/>\nA4\tCuckoo Cocoon<br \/>\nA5\tIn The Cage<br \/>\nA6\tThe Grand Parade Of Lifeless Packaging<br \/>\nB1\tBack In N.Y.C.<br \/>\nB2\tHairless Heart<br \/>\nB3\tCounting Out Time<br \/>\nB4\tCarpet Crawl<br \/>\nB5\tThe Chamber Of 32 Doors<br \/>\nC1\tLilywhite Lilith<br \/>\nC2\tThe Waiting Room<br \/>\nC3\tAnyway<br \/>\nC4\tHere Comes The Supernatural Anaesthetist<br \/>\nC5\tThe Lamia<br \/>\nC6\tSilent Sorrow In Empty Boats<br \/>\nD1\tThe Colony Of Slippermen<br \/>\nD1a\tThe Arrival<br \/>\nD1b\tA Visit To The Doktor<br \/>\nD1c\tThe Raven<br \/>\nD2\tRavine<br \/>\nD3\tThe Light Dies Down On Broadway<br \/>\nD4\tRiding The Scree<br \/>\nD5\tIn The Rapids<br \/>\nD6\tIt<\/p>","protected":false},"excerpt":{"rendered":"<p>Charisma \u2013 CGS 101<br \/>\nFormat:<br \/>\n2 x Vinyl, LP, Album,<br \/>\nCountry:\tUK<\/p>","protected":false},"featured_media":15627,"template":"","meta":[],"product_cat":[15],"product_tag":[44],"yoast_head":"<!-- This site is optimized with the Yoast SEO plugin v23.5 - https:\/\/yoast.com\/wordpress\/plugins\/seo\/ -->\n<title>Genesis \u2013 The Lamb Lies Down On Broadway 2LP Vinilin\u0117 Plok\u0161tel\u0117 | Vinilozona.lt<\/title>\n<meta name=\"robots\" content=\"index, follow, max-snippet:-1, max-image-preview:large, max-video-preview:-1\" \/>\n<link rel=\"canonical\" href=\"https:\/\/vinilozona.lt\/en\/parduotuve\/rock-pop\/genesis-the-lamb-lies-down-on-broadway\/\" \/>\n<meta property=\"og:locale\" content=\"en_GB\" \/>\n<meta property=\"og:type\" content=\"article\" \/>\n<meta property=\"og:title\" content=\"Genesis \u2013 The Lamb Lies Down On Broadway 2LP Vinilin\u0117 Plok\u0161tel\u0117 | Vinilozona.lt\" \/>\n<meta property=\"og:description\" content=\"Charisma \u2013 CGS 101 Format:  2 x Vinyl, LP, Album,  Country: UK\" \/>\n<meta property=\"og:url\" content=\"https:\/\/vinilozona.lt\/en\/parduotuve\/rock-pop\/genesis-the-lamb-lies-down-on-broadway\/\" \/>\n<meta property=\"og:site_name\" content=\"Vinilo Zona\" \/>\n<meta property=\"article:modified_time\" content=\"2024-10-21T11:08:14+00:00\" \/>\n<meta property=\"og:image\" content=\"https:\/\/vinilozona.lt\/wp-content\/uploads\/2021\/07\/R-4383526-1363447018-5459.jpeg.jpg\" \/>\n\t<meta property=\"og:image:width\" content=\"300\" \/>\n\t<meta property=\"og:image:height\" content=\"300\" \/>\n\t<meta property=\"og:image:type\" content=\"image\/jpeg\" \/>\n<meta name=\"twitter:card\" content=\"summary_large_image\" \/>\n<meta name=\"twitter:label1\" content=\"Estimated reading time\" \/>\n\t<meta name=\"twitter:data1\" content=\"1 minute\" \/>\n<script type=\"application\/ld+json\" class=\"yoast-schema-graph\">{\"@context\":\"https:\/\/schema.org\",\"@graph\":[{\"@type\":\"WebPage\",\"@id\":\"https:\/\/vinilozona.lt\/parduotuve\/rock-pop\/genesis-the-lamb-lies-down-on-broadway\/\",\"url\":\"https:\/\/vinilozona.lt\/parduotuve\/rock-pop\/genesis-the-lamb-lies-down-on-broadway\/\",\"name\":\"Genesis \u2013 The Lamb Lies Down On Broadway 2LP Vinilin\u0117 Plok\u0161tel\u0117 | Vinilozona.lt\",\"isPartOf\":{\"@id\":\"https:\/\/vinilozona.lt\/#website\"},\"primaryImageOfPage\":{\"@id\":\"https:\/\/vinilozona.lt\/parduotuve\/rock-pop\/genesis-the-lamb-lies-down-on-broadway\/#primaryimage\"},\"image\":{\"@id\":\"https:\/\/vinilozona.lt\/parduotuve\/rock-pop\/genesis-the-lamb-lies-down-on-broadway\/#primaryimage\"},\"thumbnailUrl\":\"https:\/\/vinilozona.lt\/wp-content\/uploads\/2021\/07\/R-4383526-1363447018-5459.jpeg.jpg\",\"datePublished\":\"2024-10-21T02:11:40+00:00\",\"dateModified\":\"2024-10-21T11:08:14+00:00\",\"breadcrumb\":{\"@id\":\"https:\/\/vinilozona.lt\/parduotuve\/rock-pop\/genesis-the-lamb-lies-down-on-broadway\/#breadcrumb\"},\"inLanguage\":\"en-GB\",\"potentialAction\":[{\"@type\":\"ReadAction\",\"target\":[\"https:\/\/vinilozona.lt\/parduotuve\/rock-pop\/genesis-the-lamb-lies-down-on-broadway\/\"]}]},{\"@type\":\"ImageObject\",\"inLanguage\":\"en-GB\",\"@id\":\"https:\/\/vinilozona.lt\/parduotuve\/rock-pop\/genesis-the-lamb-lies-down-on-broadway\/#primaryimage\",\"url\":\"https:\/\/vinilozona.lt\/wp-content\/uploads\/2021\/07\/R-4383526-1363447018-5459.jpeg.jpg\",\"contentUrl\":\"https:\/\/vinilozona.lt\/wp-content\/uploads\/2021\/07\/R-4383526-1363447018-5459.jpeg.jpg\",\"width\":300,\"height\":300},{\"@type\":\"BreadcrumbList\",\"@id\":\"https:\/\/vinilozona.lt\/parduotuve\/rock-pop\/genesis-the-lamb-lies-down-on-broadway\/#breadcrumb\",\"itemListElement\":[{\"@type\":\"ListItem\",\"position\":1,\"name\":\"Home\",\"item\":\"https:\/\/vinilozona.lt\/\"},{\"@type\":\"ListItem\",\"position\":2,\"name\":\"Parduotuv\u0117\",\"item\":\"https:\/\/vinilozona.lt\/parduotuve\/\"},{\"@type\":\"ListItem\",\"position\":3,\"name\":\"Genesis \u2013 The Lamb Lies Down On Broadway 2LP\"}]},{\"@type\":\"WebSite\",\"@id\":\"https:\/\/vinilozona.lt\/#website\",\"url\":\"https:\/\/vinilozona.lt\/\",\"name\":\"Vinilo Zona\",\"description\":\"Nup\u016bsk dulkes ir klausyk LP\",\"potentialAction\":[{\"@type\":\"SearchAction\",\"target\":{\"@type\":\"EntryPoint\",\"urlTemplate\":\"https:\/\/vinilozona.lt\/?s={search_term_string}\"},\"query-input\":{\"@type\":\"PropertyValueSpecification\",\"valueRequired\":true,\"valueName\":\"search_term_string\"}}],\"inLanguage\":\"en-GB\"}]}<\/script>\n<!-- \/ Yoast SEO plugin. -->","yoast_head_json":{"title":"Genesis \u2013 The Lamb Lies Down On Broadway 2LP Vinilin\u0117 Plok\u0161tel\u0117 | Vinilozona.lt","robots":{"index":"index","follow":"follow","max-snippet":"max-snippet:-1","max-image-preview":"max-image-preview:large","max-video-preview":"max-video-preview:-1"},"canonical":"https:\/\/vinilozona.lt\/en\/parduotuve\/rock-pop\/genesis-the-lamb-lies-down-on-broadway\/","og_locale":"en_GB","og_type":"article","og_title":"Genesis \u2013 The Lamb Lies Down On Broadway 2LP Vinilin\u0117 Plok\u0161tel\u0117 | Vinilozona.lt","og_description":"Charisma \u2013 CGS 101 Format:  2 x Vinyl, LP, Album,  Country: UK","og_url":"https:\/\/vinilozona.lt\/en\/parduotuve\/rock-pop\/genesis-the-lamb-lies-down-on-broadway\/","og_site_name":"Vinilo Zona","article_modified_time":"2024-10-21T11:08:14+00:00","og_image":[{"width":300,"height":300,"url":"https:\/\/vinilozona.lt\/wp-content\/uploads\/2021\/07\/R-4383526-1363447018-5459.jpeg.jpg","type":"image\/jpeg"}],"twitter_card":"summary_large_image","twitter_misc":{"Estimated reading time":"1 minute"},"schema":{"@context":"https:\/\/schema.org","@graph":[{"@type":"WebPage","@id":"https:\/\/vinilozona.lt\/parduotuve\/rock-pop\/genesis-the-lamb-lies-down-on-broadway\/","url":"https:\/\/vinilozona.lt\/parduotuve\/rock-pop\/genesis-the-lamb-lies-down-on-broadway\/","name":"Genesis \u2013 The Lamb Lies Down On Broadway 2LP Vinilin\u0117 Plok\u0161tel\u0117 | Vinilozona.lt","isPartOf":{"@id":"https:\/\/vinilozona.lt\/#website"},"primaryImageOfPage":{"@id":"https:\/\/vinilozona.lt\/parduotuve\/rock-pop\/genesis-the-lamb-lies-down-on-broadway\/#primaryimage"},"image":{"@id":"https:\/\/vinilozona.lt\/parduotuve\/rock-pop\/genesis-the-lamb-lies-down-on-broadway\/#primaryimage"},"thumbnailUrl":"https:\/\/vinilozona.lt\/wp-content\/uploads\/2021\/07\/R-4383526-1363447018-5459.jpeg.jpg","datePublished":"2024-10-21T02:11:40+00:00","dateModified":"2024-10-21T11:08:14+00:00","breadcrumb":{"@id":"https:\/\/vinilozona.lt\/parduotuve\/rock-pop\/genesis-the-lamb-lies-down-on-broadway\/#breadcrumb"},"inLanguage":"en-GB","potentialAction":[{"@type":"ReadAction","target":["https:\/\/vinilozona.lt\/parduotuve\/rock-pop\/genesis-the-lamb-lies-down-on-broadway\/"]}]},{"@type":"ImageObject","inLanguage":"en-GB","@id":"https:\/\/vinilozona.lt\/parduotuve\/rock-pop\/genesis-the-lamb-lies-down-on-broadway\/#primaryimage","url":"https:\/\/vinilozona.lt\/wp-content\/uploads\/2021\/07\/R-4383526-1363447018-5459.jpeg.jpg","contentUrl":"https:\/\/vinilozona.lt\/wp-content\/uploads\/2021\/07\/R-4383526-1363447018-5459.jpeg.jpg","width":300,"height":300},{"@type":"BreadcrumbList","@id":"https:\/\/vinilozona.lt\/parduotuve\/rock-pop\/genesis-the-lamb-lies-down-on-broadway\/#breadcrumb","itemListElement":[{"@type":"ListItem","position":1,"name":"Home","item":"https:\/\/vinilozona.lt\/"},{"@type":"ListItem","position":2,"name":"Parduotuv\u0117","item":"https:\/\/vinilozona.lt\/parduotuve\/"},{"@type":"ListItem","position":3,"name":"Genesis \u2013 The Lamb Lies Down On Broadway 2LP"}]},{"@type":"WebSite","@id":"https:\/\/vinilozona.lt\/#website","url":"https:\/\/vinilozona.lt\/","name":"Vinilo Zona","description":"Nup\u016bsk dulkes ir klausyk LP","potentialAction":[{"@type":"SearchAction","target":{"@type":"EntryPoint","urlTemplate":"https:\/\/vinilozona.lt\/?s={search_term_string}"},"query-input":{"@type":"PropertyValueSpecification","valueRequired":true,"valueName":"search_term_string"}}],"inLanguage":"en-GB"}]}},"_links":{"self":[{"href":"https:\/\/vinilozona.lt\/en\/wp-json\/wp\/v2\/product\/15626"}],"collection":[{"href":"https:\/\/vinilozona.lt\/en\/wp-json\/wp\/v2\/product"}],"about":[{"href":"https:\/\/vinilozona.lt\/en\/wp-json\/wp\/v2\/types\/product"}],"wp:featuredmedia":[{"embeddable":true,"href":"https:\/\/vinilozona.lt\/en\/wp-json\/wp\/v2\/media\/15627"}],"wp:attachment":[{"href":"https:\/\/vinilozona.lt\/en\/wp-json\/wp\/v2\/media?parent=15626"}],"wp:term":[{"taxonomy":"product_cat","embeddable":true,"href":"https:\/\/vinilozona.lt\/en\/wp-json\/wp\/v2\/product_cat?post=15626"},{"taxonomy":"product_tag","embeddable":true,"href":"https:\/\/vinilozona.lt\/en\/wp-json\/wp\/v2\/product_tag?post=15626"}],"curies":[{"name":"wp","href":"https:\/\/api.w.org\/{rel}","templated":true}]}}