{"id":15624,"date":"2025-08-13T05:06:45","date_gmt":"2025-08-13T02:06:45","guid":{"rendered":"https:\/\/vinilozona.lt\/?post_type=product&#038;p=15624"},"modified":"2025-08-17T12:13:39","modified_gmt":"2025-08-17T09:13:39","slug":"jimmy-rushing-with-oliver-nelson-and-his-orchestra-%e2%80%8e-every-day-i-have-the-blues","status":"publish","type":"product","link":"https:\/\/vinilozona.lt\/en\/parduotuve\/rock-pop\/jimmy-rushing-with-oliver-nelson-and-his-orchestra-%e2%80%8e-every-day-i-have-the-blues\/","title":{"rendered":"Rush \u2013 Exit&#8230;Stage Left  2LP"},"content":{"rendered":"<p>A1\t\tThe Spirit Of Radio<br \/>\nA2\t\tRed Barchetta<br \/>\nA3\t\tYYZ<br \/>\nB1\t\tA Passage To Bangkok<br \/>\nB2\t\tCloser To The Heart<br \/>\nB3\t\tBeneath, Between &#038; Behind<br \/>\nB4\t\tJacob&#8217;s Ladder<br \/>\nC1\t\tBroon&#8217;s Bane<br \/>\nC2\t\tThe Trees<br \/>\nC3\t\tXanadu<br \/>\nD1\t\tFreewill<br \/>\nD2\t\tTom Sawyer<br \/>\nD3\t\tLa Villa Strangiato<\/p>","protected":false},"excerpt":{"rendered":"<p>Mercury \u2013 6619 053<br \/>\nFormat:<br \/>\n2 x Vinyl, LP, Album<br \/>\nCountry:\tEU<br \/>\nReleased:\t1981<\/p>","protected":false},"featured_media":23331,"template":"","meta":[],"product_cat":[15],"product_tag":[44],"yoast_head":"<!-- This site is optimized with the Yoast SEO plugin v23.5 - https:\/\/yoast.com\/wordpress\/plugins\/seo\/ -->\n<title>Rush \u2013 Exit...Stage Left 2LP Vinilin\u0117 Plok\u0161tel\u0117 | Vinilozona.lt<\/title>\n<meta name=\"robots\" content=\"index, follow, max-snippet:-1, max-image-preview:large, max-video-preview:-1\" \/>\n<link rel=\"canonical\" href=\"https:\/\/vinilozona.lt\/en\/parduotuve\/rock-pop\/jimmy-rushing-with-oliver-nelson-and-his-orchestra-\u200e-every-day-i-have-the-blues\/\" \/>\n<meta property=\"og:locale\" content=\"en_GB\" \/>\n<meta property=\"og:type\" content=\"article\" \/>\n<meta property=\"og:title\" content=\"Rush \u2013 Exit...Stage Left 2LP Vinilin\u0117 Plok\u0161tel\u0117 | Vinilozona.lt\" \/>\n<meta property=\"og:description\" content=\"Mercury \u2013 6619 053 Format:  2 x Vinyl, LP, Album Country: EU Released: 1981\" \/>\n<meta property=\"og:url\" content=\"https:\/\/vinilozona.lt\/en\/parduotuve\/rock-pop\/jimmy-rushing-with-oliver-nelson-and-his-orchestra-\u200e-every-day-i-have-the-blues\/\" \/>\n<meta property=\"og:site_name\" content=\"Vinilo Zona\" \/>\n<meta property=\"article:modified_time\" content=\"2025-08-17T09:13:39+00:00\" \/>\n<meta property=\"og:image\" content=\"https:\/\/vinilozona.lt\/wp-content\/uploads\/2021\/07\/R-3786357-1344358877-7776.jpg\" \/>\n\t<meta property=\"og:image:width\" content=\"600\" \/>\n\t<meta property=\"og:image:height\" content=\"600\" \/>\n\t<meta property=\"og:image:type\" content=\"image\/jpeg\" \/>\n<meta name=\"twitter:card\" content=\"summary_large_image\" \/>\n<meta name=\"twitter:label1\" content=\"Estimated reading time\" \/>\n\t<meta name=\"twitter:data1\" content=\"1 minute\" \/>\n<script type=\"application\/ld+json\" class=\"yoast-schema-graph\">{\"@context\":\"https:\/\/schema.org\",\"@graph\":[{\"@type\":\"WebPage\",\"@id\":\"https:\/\/vinilozona.lt\/parduotuve\/rock-pop\/jimmy-rushing-with-oliver-nelson-and-his-orchestra-%e2%80%8e-every-day-i-have-the-blues\/\",\"url\":\"https:\/\/vinilozona.lt\/parduotuve\/rock-pop\/jimmy-rushing-with-oliver-nelson-and-his-orchestra-%e2%80%8e-every-day-i-have-the-blues\/\",\"name\":\"Rush \u2013 Exit...Stage Left 2LP Vinilin\u0117 Plok\u0161tel\u0117 | Vinilozona.lt\",\"isPartOf\":{\"@id\":\"https:\/\/vinilozona.lt\/#website\"},\"primaryImageOfPage\":{\"@id\":\"https:\/\/vinilozona.lt\/parduotuve\/rock-pop\/jimmy-rushing-with-oliver-nelson-and-his-orchestra-%e2%80%8e-every-day-i-have-the-blues\/#primaryimage\"},\"image\":{\"@id\":\"https:\/\/vinilozona.lt\/parduotuve\/rock-pop\/jimmy-rushing-with-oliver-nelson-and-his-orchestra-%e2%80%8e-every-day-i-have-the-blues\/#primaryimage\"},\"thumbnailUrl\":\"https:\/\/vinilozona.lt\/wp-content\/uploads\/2021\/07\/R-3786357-1344358877-7776.jpg\",\"datePublished\":\"2025-08-13T02:06:45+00:00\",\"dateModified\":\"2025-08-17T09:13:39+00:00\",\"breadcrumb\":{\"@id\":\"https:\/\/vinilozona.lt\/parduotuve\/rock-pop\/jimmy-rushing-with-oliver-nelson-and-his-orchestra-%e2%80%8e-every-day-i-have-the-blues\/#breadcrumb\"},\"inLanguage\":\"en-GB\",\"potentialAction\":[{\"@type\":\"ReadAction\",\"target\":[\"https:\/\/vinilozona.lt\/parduotuve\/rock-pop\/jimmy-rushing-with-oliver-nelson-and-his-orchestra-%e2%80%8e-every-day-i-have-the-blues\/\"]}]},{\"@type\":\"ImageObject\",\"inLanguage\":\"en-GB\",\"@id\":\"https:\/\/vinilozona.lt\/parduotuve\/rock-pop\/jimmy-rushing-with-oliver-nelson-and-his-orchestra-%e2%80%8e-every-day-i-have-the-blues\/#primaryimage\",\"url\":\"https:\/\/vinilozona.lt\/wp-content\/uploads\/2021\/07\/R-3786357-1344358877-7776.jpg\",\"contentUrl\":\"https:\/\/vinilozona.lt\/wp-content\/uploads\/2021\/07\/R-3786357-1344358877-7776.jpg\",\"width\":600,\"height\":600},{\"@type\":\"BreadcrumbList\",\"@id\":\"https:\/\/vinilozona.lt\/parduotuve\/rock-pop\/jimmy-rushing-with-oliver-nelson-and-his-orchestra-%e2%80%8e-every-day-i-have-the-blues\/#breadcrumb\",\"itemListElement\":[{\"@type\":\"ListItem\",\"position\":1,\"name\":\"Home\",\"item\":\"https:\/\/vinilozona.lt\/\"},{\"@type\":\"ListItem\",\"position\":2,\"name\":\"Parduotuv\u0117\",\"item\":\"https:\/\/vinilozona.lt\/parduotuve\/\"},{\"@type\":\"ListItem\",\"position\":3,\"name\":\"Rush \u2013 Exit&#8230;Stage Left 2LP\"}]},{\"@type\":\"WebSite\",\"@id\":\"https:\/\/vinilozona.lt\/#website\",\"url\":\"https:\/\/vinilozona.lt\/\",\"name\":\"Vinilo Zona\",\"description\":\"Nup\u016bsk dulkes ir klausyk LP\",\"potentialAction\":[{\"@type\":\"SearchAction\",\"target\":{\"@type\":\"EntryPoint\",\"urlTemplate\":\"https:\/\/vinilozona.lt\/?s={search_term_string}\"},\"query-input\":{\"@type\":\"PropertyValueSpecification\",\"valueRequired\":true,\"valueName\":\"search_term_string\"}}],\"inLanguage\":\"en-GB\"}]}<\/script>\n<!-- \/ Yoast SEO plugin. -->","yoast_head_json":{"title":"Rush \u2013 Exit...Stage Left 2LP Vinilin\u0117 Plok\u0161tel\u0117 | Vinilozona.lt","robots":{"index":"index","follow":"follow","max-snippet":"max-snippet:-1","max-image-preview":"max-image-preview:large","max-video-preview":"max-video-preview:-1"},"canonical":"https:\/\/vinilozona.lt\/en\/parduotuve\/rock-pop\/jimmy-rushing-with-oliver-nelson-and-his-orchestra-\u200e-every-day-i-have-the-blues\/","og_locale":"en_GB","og_type":"article","og_title":"Rush \u2013 Exit...Stage Left 2LP Vinilin\u0117 Plok\u0161tel\u0117 | Vinilozona.lt","og_description":"Mercury \u2013 6619 053 Format:  2 x Vinyl, LP, Album Country: EU Released: 1981","og_url":"https:\/\/vinilozona.lt\/en\/parduotuve\/rock-pop\/jimmy-rushing-with-oliver-nelson-and-his-orchestra-\u200e-every-day-i-have-the-blues\/","og_site_name":"Vinilo Zona","article_modified_time":"2025-08-17T09:13:39+00:00","og_image":[{"width":600,"height":600,"url":"https:\/\/vinilozona.lt\/wp-content\/uploads\/2021\/07\/R-3786357-1344358877-7776.jpg","type":"image\/jpeg"}],"twitter_card":"summary_large_image","twitter_misc":{"Estimated reading time":"1 minute"},"schema":{"@context":"https:\/\/schema.org","@graph":[{"@type":"WebPage","@id":"https:\/\/vinilozona.lt\/parduotuve\/rock-pop\/jimmy-rushing-with-oliver-nelson-and-his-orchestra-%e2%80%8e-every-day-i-have-the-blues\/","url":"https:\/\/vinilozona.lt\/parduotuve\/rock-pop\/jimmy-rushing-with-oliver-nelson-and-his-orchestra-%e2%80%8e-every-day-i-have-the-blues\/","name":"Rush \u2013 Exit...Stage Left 2LP Vinilin\u0117 Plok\u0161tel\u0117 | Vinilozona.lt","isPartOf":{"@id":"https:\/\/vinilozona.lt\/#website"},"primaryImageOfPage":{"@id":"https:\/\/vinilozona.lt\/parduotuve\/rock-pop\/jimmy-rushing-with-oliver-nelson-and-his-orchestra-%e2%80%8e-every-day-i-have-the-blues\/#primaryimage"},"image":{"@id":"https:\/\/vinilozona.lt\/parduotuve\/rock-pop\/jimmy-rushing-with-oliver-nelson-and-his-orchestra-%e2%80%8e-every-day-i-have-the-blues\/#primaryimage"},"thumbnailUrl":"https:\/\/vinilozona.lt\/wp-content\/uploads\/2021\/07\/R-3786357-1344358877-7776.jpg","datePublished":"2025-08-13T02:06:45+00:00","dateModified":"2025-08-17T09:13:39+00:00","breadcrumb":{"@id":"https:\/\/vinilozona.lt\/parduotuve\/rock-pop\/jimmy-rushing-with-oliver-nelson-and-his-orchestra-%e2%80%8e-every-day-i-have-the-blues\/#breadcrumb"},"inLanguage":"en-GB","potentialAction":[{"@type":"ReadAction","target":["https:\/\/vinilozona.lt\/parduotuve\/rock-pop\/jimmy-rushing-with-oliver-nelson-and-his-orchestra-%e2%80%8e-every-day-i-have-the-blues\/"]}]},{"@type":"ImageObject","inLanguage":"en-GB","@id":"https:\/\/vinilozona.lt\/parduotuve\/rock-pop\/jimmy-rushing-with-oliver-nelson-and-his-orchestra-%e2%80%8e-every-day-i-have-the-blues\/#primaryimage","url":"https:\/\/vinilozona.lt\/wp-content\/uploads\/2021\/07\/R-3786357-1344358877-7776.jpg","contentUrl":"https:\/\/vinilozona.lt\/wp-content\/uploads\/2021\/07\/R-3786357-1344358877-7776.jpg","width":600,"height":600},{"@type":"BreadcrumbList","@id":"https:\/\/vinilozona.lt\/parduotuve\/rock-pop\/jimmy-rushing-with-oliver-nelson-and-his-orchestra-%e2%80%8e-every-day-i-have-the-blues\/#breadcrumb","itemListElement":[{"@type":"ListItem","position":1,"name":"Home","item":"https:\/\/vinilozona.lt\/"},{"@type":"ListItem","position":2,"name":"Parduotuv\u0117","item":"https:\/\/vinilozona.lt\/parduotuve\/"},{"@type":"ListItem","position":3,"name":"Rush \u2013 Exit&#8230;Stage Left 2LP"}]},{"@type":"WebSite","@id":"https:\/\/vinilozona.lt\/#website","url":"https:\/\/vinilozona.lt\/","name":"Vinilo Zona","description":"Nup\u016bsk dulkes ir klausyk LP","potentialAction":[{"@type":"SearchAction","target":{"@type":"EntryPoint","urlTemplate":"https:\/\/vinilozona.lt\/?s={search_term_string}"},"query-input":{"@type":"PropertyValueSpecification","valueRequired":true,"valueName":"search_term_string"}}],"inLanguage":"en-GB"}]}},"_links":{"self":[{"href":"https:\/\/vinilozona.lt\/en\/wp-json\/wp\/v2\/product\/15624"}],"collection":[{"href":"https:\/\/vinilozona.lt\/en\/wp-json\/wp\/v2\/product"}],"about":[{"href":"https:\/\/vinilozona.lt\/en\/wp-json\/wp\/v2\/types\/product"}],"wp:featuredmedia":[{"embeddable":true,"href":"https:\/\/vinilozona.lt\/en\/wp-json\/wp\/v2\/media\/23331"}],"wp:attachment":[{"href":"https:\/\/vinilozona.lt\/en\/wp-json\/wp\/v2\/media?parent=15624"}],"wp:term":[{"taxonomy":"product_cat","embeddable":true,"href":"https:\/\/vinilozona.lt\/en\/wp-json\/wp\/v2\/product_cat?post=15624"},{"taxonomy":"product_tag","embeddable":true,"href":"https:\/\/vinilozona.lt\/en\/wp-json\/wp\/v2\/product_tag?post=15624"}],"curies":[{"name":"wp","href":"https:\/\/api.w.org\/{rel}","templated":true}]}}