{"id":15598,"date":"2024-04-15T05:00:48","date_gmt":"2024-04-15T02:00:48","guid":{"rendered":"https:\/\/vinilozona.lt\/?post_type=product&#038;p=15598"},"modified":"2024-04-13T06:46:15","modified_gmt":"2024-04-13T03:46:15","slug":"various-amore-romantico__trashed","status":"publish","type":"product","link":"https:\/\/vinilozona.lt\/en\/parduotuve\/various-rinkiniai\/various-amore-romantico__trashed\/","title":{"rendered":"Various \u2013 California Jam 2"},"content":{"rendered":"<p>A1\tSantana\u2013\tJugando 2:04<br \/>\nA2\tSantana\u2013\tDance Sister Dance (Baila Mi Hermana)  7:41<br \/>\nA3\tDave Mason\u2013\tLet It Go, Let It Flow  4:21<br \/>\nA4\tDave Mason\u2013\tWe Just Disagree  3:04<br \/>\nB1\tHeart\u2013\tLove Alive  4:29<br \/>\nB2\tHeart\u2013\tLittle Queen  6:49<br \/>\nB3\tTed Nugent\u2013\tFree-For-All  5:09<br \/>\nB4\tTed Nugent\u2013\tSnakeskin Cowboys  4:35<br \/>\nC1\tAerosmith\u2013\tSame Old Song And Dance  5:09<br \/>\nC2\tAerosmith\u2013\tDraw The Line  4:34<br \/>\nC3\tAerosmith\u2013\tChip Away The Stone  4:06<br \/>\nC4\tJean Michel Jarre*\u2013\tOxygene (Part 5)<br \/>\nD1\tFrank Marino &#038; Mahogany Rush\u2013\tI&#8217;m A King Bee  6:22<br \/>\nD2\tFrank Marino &#038; Mahogany Rush\u2013\tJohnny B. Goode  6:04<br \/>\nD3\tRubicon (2)\u2013\tNever Gonna Leave  3:43<br \/>\nD4\tRubicon (2)\u2013\tToo Hot To Handle  4:06<\/p>","protected":false},"excerpt":{"rendered":"<p>CBS \u2013 CBS 88318, CBS \u2013 88318<br \/>\nFormat:<br \/>\n2 x Vinyl, LP, Album, Stereo, Gatefold<br \/>\nCountry:\tEurope<br \/>\nReleased:\t1978<\/p>","protected":false},"featured_media":24776,"template":"","meta":[],"product_cat":[906],"product_tag":[44],"yoast_head":"<!-- This site is optimized with the Yoast SEO plugin v23.5 - https:\/\/yoast.com\/wordpress\/plugins\/seo\/ -->\n<title>Various \u2013 California Jam 2 Vinilin\u0117 Plok\u0161tel\u0117 | Vinilozona.lt<\/title>\n<meta name=\"robots\" content=\"index, follow, max-snippet:-1, max-image-preview:large, max-video-preview:-1\" \/>\n<link rel=\"canonical\" href=\"https:\/\/vinilozona.lt\/en\/parduotuve\/various-rinkiniai\/various-amore-romantico__trashed\/\" \/>\n<meta property=\"og:locale\" content=\"en_GB\" \/>\n<meta property=\"og:type\" content=\"article\" \/>\n<meta property=\"og:title\" content=\"Various \u2013 California Jam 2 Vinilin\u0117 Plok\u0161tel\u0117 | Vinilozona.lt\" \/>\n<meta property=\"og:description\" content=\"CBS \u2013 CBS 88318, CBS \u2013 88318 Format:  2 x Vinyl, LP, Album, Stereo, Gatefold Country: Europe Released: 1978\" \/>\n<meta property=\"og:url\" content=\"https:\/\/vinilozona.lt\/en\/parduotuve\/various-rinkiniai\/various-amore-romantico__trashed\/\" \/>\n<meta property=\"og:site_name\" content=\"Vinilo Zona\" \/>\n<meta property=\"article:modified_time\" content=\"2024-04-13T03:46:15+00:00\" \/>\n<meta property=\"og:image\" content=\"https:\/\/vinilozona.lt\/wp-content\/uploads\/2024\/04\/R-1850251-1687693333-8020.jpg\" \/>\n\t<meta property=\"og:image:width\" content=\"600\" \/>\n\t<meta property=\"og:image:height\" content=\"600\" \/>\n\t<meta property=\"og:image:type\" content=\"image\/jpeg\" \/>\n<meta name=\"twitter:card\" content=\"summary_large_image\" \/>\n<script type=\"application\/ld+json\" class=\"yoast-schema-graph\">{\"@context\":\"https:\/\/schema.org\",\"@graph\":[{\"@type\":\"WebPage\",\"@id\":\"https:\/\/vinilozona.lt\/parduotuve\/various-rinkiniai\/various-amore-romantico__trashed\/\",\"url\":\"https:\/\/vinilozona.lt\/parduotuve\/various-rinkiniai\/various-amore-romantico__trashed\/\",\"name\":\"Various \u2013 California Jam 2 Vinilin\u0117 Plok\u0161tel\u0117 | Vinilozona.lt\",\"isPartOf\":{\"@id\":\"https:\/\/vinilozona.lt\/#website\"},\"primaryImageOfPage\":{\"@id\":\"https:\/\/vinilozona.lt\/parduotuve\/various-rinkiniai\/various-amore-romantico__trashed\/#primaryimage\"},\"image\":{\"@id\":\"https:\/\/vinilozona.lt\/parduotuve\/various-rinkiniai\/various-amore-romantico__trashed\/#primaryimage\"},\"thumbnailUrl\":\"https:\/\/vinilozona.lt\/wp-content\/uploads\/2024\/04\/R-1850251-1687693333-8020.jpg\",\"datePublished\":\"2024-04-15T02:00:48+00:00\",\"dateModified\":\"2024-04-13T03:46:15+00:00\",\"breadcrumb\":{\"@id\":\"https:\/\/vinilozona.lt\/parduotuve\/various-rinkiniai\/various-amore-romantico__trashed\/#breadcrumb\"},\"inLanguage\":\"en-GB\",\"potentialAction\":[{\"@type\":\"ReadAction\",\"target\":[\"https:\/\/vinilozona.lt\/parduotuve\/various-rinkiniai\/various-amore-romantico__trashed\/\"]}]},{\"@type\":\"ImageObject\",\"inLanguage\":\"en-GB\",\"@id\":\"https:\/\/vinilozona.lt\/parduotuve\/various-rinkiniai\/various-amore-romantico__trashed\/#primaryimage\",\"url\":\"https:\/\/vinilozona.lt\/wp-content\/uploads\/2024\/04\/R-1850251-1687693333-8020.jpg\",\"contentUrl\":\"https:\/\/vinilozona.lt\/wp-content\/uploads\/2024\/04\/R-1850251-1687693333-8020.jpg\",\"width\":600,\"height\":600},{\"@type\":\"BreadcrumbList\",\"@id\":\"https:\/\/vinilozona.lt\/parduotuve\/various-rinkiniai\/various-amore-romantico__trashed\/#breadcrumb\",\"itemListElement\":[{\"@type\":\"ListItem\",\"position\":1,\"name\":\"Home\",\"item\":\"https:\/\/vinilozona.lt\/\"},{\"@type\":\"ListItem\",\"position\":2,\"name\":\"Parduotuv\u0117\",\"item\":\"https:\/\/vinilozona.lt\/parduotuve\/\"},{\"@type\":\"ListItem\",\"position\":3,\"name\":\"Various \u2013 California Jam 2\"}]},{\"@type\":\"WebSite\",\"@id\":\"https:\/\/vinilozona.lt\/#website\",\"url\":\"https:\/\/vinilozona.lt\/\",\"name\":\"Vinilo Zona\",\"description\":\"Nup\u016bsk dulkes ir klausyk LP\",\"potentialAction\":[{\"@type\":\"SearchAction\",\"target\":{\"@type\":\"EntryPoint\",\"urlTemplate\":\"https:\/\/vinilozona.lt\/?s={search_term_string}\"},\"query-input\":{\"@type\":\"PropertyValueSpecification\",\"valueRequired\":true,\"valueName\":\"search_term_string\"}}],\"inLanguage\":\"en-GB\"}]}<\/script>\n<!-- \/ Yoast SEO plugin. -->","yoast_head_json":{"title":"Various \u2013 California Jam 2 Vinilin\u0117 Plok\u0161tel\u0117 | Vinilozona.lt","robots":{"index":"index","follow":"follow","max-snippet":"max-snippet:-1","max-image-preview":"max-image-preview:large","max-video-preview":"max-video-preview:-1"},"canonical":"https:\/\/vinilozona.lt\/en\/parduotuve\/various-rinkiniai\/various-amore-romantico__trashed\/","og_locale":"en_GB","og_type":"article","og_title":"Various \u2013 California Jam 2 Vinilin\u0117 Plok\u0161tel\u0117 | Vinilozona.lt","og_description":"CBS \u2013 CBS 88318, CBS \u2013 88318 Format:  2 x Vinyl, LP, Album, Stereo, Gatefold Country: Europe Released: 1978","og_url":"https:\/\/vinilozona.lt\/en\/parduotuve\/various-rinkiniai\/various-amore-romantico__trashed\/","og_site_name":"Vinilo Zona","article_modified_time":"2024-04-13T03:46:15+00:00","og_image":[{"width":600,"height":600,"url":"https:\/\/vinilozona.lt\/wp-content\/uploads\/2024\/04\/R-1850251-1687693333-8020.jpg","type":"image\/jpeg"}],"twitter_card":"summary_large_image","schema":{"@context":"https:\/\/schema.org","@graph":[{"@type":"WebPage","@id":"https:\/\/vinilozona.lt\/parduotuve\/various-rinkiniai\/various-amore-romantico__trashed\/","url":"https:\/\/vinilozona.lt\/parduotuve\/various-rinkiniai\/various-amore-romantico__trashed\/","name":"Various \u2013 California Jam 2 Vinilin\u0117 Plok\u0161tel\u0117 | Vinilozona.lt","isPartOf":{"@id":"https:\/\/vinilozona.lt\/#website"},"primaryImageOfPage":{"@id":"https:\/\/vinilozona.lt\/parduotuve\/various-rinkiniai\/various-amore-romantico__trashed\/#primaryimage"},"image":{"@id":"https:\/\/vinilozona.lt\/parduotuve\/various-rinkiniai\/various-amore-romantico__trashed\/#primaryimage"},"thumbnailUrl":"https:\/\/vinilozona.lt\/wp-content\/uploads\/2024\/04\/R-1850251-1687693333-8020.jpg","datePublished":"2024-04-15T02:00:48+00:00","dateModified":"2024-04-13T03:46:15+00:00","breadcrumb":{"@id":"https:\/\/vinilozona.lt\/parduotuve\/various-rinkiniai\/various-amore-romantico__trashed\/#breadcrumb"},"inLanguage":"en-GB","potentialAction":[{"@type":"ReadAction","target":["https:\/\/vinilozona.lt\/parduotuve\/various-rinkiniai\/various-amore-romantico__trashed\/"]}]},{"@type":"ImageObject","inLanguage":"en-GB","@id":"https:\/\/vinilozona.lt\/parduotuve\/various-rinkiniai\/various-amore-romantico__trashed\/#primaryimage","url":"https:\/\/vinilozona.lt\/wp-content\/uploads\/2024\/04\/R-1850251-1687693333-8020.jpg","contentUrl":"https:\/\/vinilozona.lt\/wp-content\/uploads\/2024\/04\/R-1850251-1687693333-8020.jpg","width":600,"height":600},{"@type":"BreadcrumbList","@id":"https:\/\/vinilozona.lt\/parduotuve\/various-rinkiniai\/various-amore-romantico__trashed\/#breadcrumb","itemListElement":[{"@type":"ListItem","position":1,"name":"Home","item":"https:\/\/vinilozona.lt\/"},{"@type":"ListItem","position":2,"name":"Parduotuv\u0117","item":"https:\/\/vinilozona.lt\/parduotuve\/"},{"@type":"ListItem","position":3,"name":"Various \u2013 California Jam 2"}]},{"@type":"WebSite","@id":"https:\/\/vinilozona.lt\/#website","url":"https:\/\/vinilozona.lt\/","name":"Vinilo Zona","description":"Nup\u016bsk dulkes ir klausyk LP","potentialAction":[{"@type":"SearchAction","target":{"@type":"EntryPoint","urlTemplate":"https:\/\/vinilozona.lt\/?s={search_term_string}"},"query-input":{"@type":"PropertyValueSpecification","valueRequired":true,"valueName":"search_term_string"}}],"inLanguage":"en-GB"}]}},"_links":{"self":[{"href":"https:\/\/vinilozona.lt\/en\/wp-json\/wp\/v2\/product\/15598"}],"collection":[{"href":"https:\/\/vinilozona.lt\/en\/wp-json\/wp\/v2\/product"}],"about":[{"href":"https:\/\/vinilozona.lt\/en\/wp-json\/wp\/v2\/types\/product"}],"wp:featuredmedia":[{"embeddable":true,"href":"https:\/\/vinilozona.lt\/en\/wp-json\/wp\/v2\/media\/24776"}],"wp:attachment":[{"href":"https:\/\/vinilozona.lt\/en\/wp-json\/wp\/v2\/media?parent=15598"}],"wp:term":[{"taxonomy":"product_cat","embeddable":true,"href":"https:\/\/vinilozona.lt\/en\/wp-json\/wp\/v2\/product_cat?post=15598"},{"taxonomy":"product_tag","embeddable":true,"href":"https:\/\/vinilozona.lt\/en\/wp-json\/wp\/v2\/product_tag?post=15598"}],"curies":[{"name":"wp","href":"https:\/\/api.w.org\/{rel}","templated":true}]}}