{"id":15581,"date":"2024-01-06T05:02:10","date_gmt":"2024-01-06T03:02:10","guid":{"rendered":"https:\/\/vinilozona.lt\/?post_type=product&#038;p=15581"},"modified":"2025-03-17T20:27:02","modified_gmt":"2025-03-17T18:27:02","slug":"ella-fitzgerald-louis-armstrong-%e2%80%8e-porgy-and-bess","status":"publish","type":"product","link":"https:\/\/vinilozona.lt\/en\/parduotuve\/jazz\/ella-fitzgerald-louis-armstrong-%e2%80%8e-porgy-and-bess\/","title":{"rendered":"Oscar Peterson \u2013 Montreux &#8217;77"},"content":{"rendered":"<p>A1\t\tSlippery  12:00<br \/>\nA2\t\tA Beautiful Friendship  8:10<br \/>\nA3\t\tMean To Me  4:34<br \/>\nB1\t\tYou Are My Sunshine  11:19<br \/>\nB2\t\tC.M.J.  13:00<\/p>","protected":false},"excerpt":{"rendered":"<p>Pablo Live \u2013 2308 205<br \/>\nSeries:\tMontreux &#8217;77<br \/>\nFormat:<br \/>\nVinyl, LP, Album, Stereo<br \/>\nCountry:\tGermany<br \/>\nReleased:\t1977<\/p>","protected":false},"featured_media":23934,"template":"","meta":[],"product_cat":[20],"product_tag":[44],"yoast_head":"<!-- This site is optimized with the Yoast SEO plugin v23.5 - https:\/\/yoast.com\/wordpress\/plugins\/seo\/ -->\n<title>Oscar Peterson \u2013 Montreux &#039;77 Vinilin\u0117 Plok\u0161tel\u0117 | Vinilozona.lt<\/title>\n<meta name=\"robots\" content=\"index, follow, max-snippet:-1, max-image-preview:large, max-video-preview:-1\" \/>\n<link rel=\"canonical\" href=\"https:\/\/vinilozona.lt\/en\/parduotuve\/jazz\/ella-fitzgerald-louis-armstrong-\u200e-porgy-and-bess\/\" \/>\n<meta property=\"og:locale\" content=\"en_GB\" \/>\n<meta property=\"og:type\" content=\"article\" \/>\n<meta property=\"og:title\" content=\"Oscar Peterson \u2013 Montreux &#039;77 Vinilin\u0117 Plok\u0161tel\u0117 | Vinilozona.lt\" \/>\n<meta property=\"og:description\" content=\"Pablo Live \u2013 2308 205 Series: Montreux &#039;77 Format:  Vinyl, LP, Album, Stereo Country: Germany Released: 1977\" \/>\n<meta property=\"og:url\" content=\"https:\/\/vinilozona.lt\/en\/parduotuve\/jazz\/ella-fitzgerald-louis-armstrong-\u200e-porgy-and-bess\/\" \/>\n<meta property=\"og:site_name\" content=\"Vinilo Zona\" \/>\n<meta property=\"article:modified_time\" content=\"2025-03-17T18:27:02+00:00\" \/>\n<meta property=\"og:image\" content=\"https:\/\/vinilozona.lt\/wp-content\/uploads\/2023\/11\/R-5107273-1558383595-5656.jpg\" \/>\n\t<meta property=\"og:image:width\" content=\"599\" \/>\n\t<meta property=\"og:image:height\" content=\"594\" \/>\n\t<meta property=\"og:image:type\" content=\"image\/jpeg\" \/>\n<meta name=\"twitter:card\" content=\"summary_large_image\" \/>\n<script type=\"application\/ld+json\" class=\"yoast-schema-graph\">{\"@context\":\"https:\/\/schema.org\",\"@graph\":[{\"@type\":\"WebPage\",\"@id\":\"https:\/\/vinilozona.lt\/parduotuve\/jazz\/ella-fitzgerald-louis-armstrong-%e2%80%8e-porgy-and-bess\/\",\"url\":\"https:\/\/vinilozona.lt\/parduotuve\/jazz\/ella-fitzgerald-louis-armstrong-%e2%80%8e-porgy-and-bess\/\",\"name\":\"Oscar Peterson \u2013 Montreux '77 Vinilin\u0117 Plok\u0161tel\u0117 | Vinilozona.lt\",\"isPartOf\":{\"@id\":\"https:\/\/vinilozona.lt\/#website\"},\"primaryImageOfPage\":{\"@id\":\"https:\/\/vinilozona.lt\/parduotuve\/jazz\/ella-fitzgerald-louis-armstrong-%e2%80%8e-porgy-and-bess\/#primaryimage\"},\"image\":{\"@id\":\"https:\/\/vinilozona.lt\/parduotuve\/jazz\/ella-fitzgerald-louis-armstrong-%e2%80%8e-porgy-and-bess\/#primaryimage\"},\"thumbnailUrl\":\"https:\/\/vinilozona.lt\/wp-content\/uploads\/2023\/11\/R-5107273-1558383595-5656.jpg\",\"datePublished\":\"2024-01-06T03:02:10+00:00\",\"dateModified\":\"2025-03-17T18:27:02+00:00\",\"breadcrumb\":{\"@id\":\"https:\/\/vinilozona.lt\/parduotuve\/jazz\/ella-fitzgerald-louis-armstrong-%e2%80%8e-porgy-and-bess\/#breadcrumb\"},\"inLanguage\":\"en-GB\",\"potentialAction\":[{\"@type\":\"ReadAction\",\"target\":[\"https:\/\/vinilozona.lt\/parduotuve\/jazz\/ella-fitzgerald-louis-armstrong-%e2%80%8e-porgy-and-bess\/\"]}]},{\"@type\":\"ImageObject\",\"inLanguage\":\"en-GB\",\"@id\":\"https:\/\/vinilozona.lt\/parduotuve\/jazz\/ella-fitzgerald-louis-armstrong-%e2%80%8e-porgy-and-bess\/#primaryimage\",\"url\":\"https:\/\/vinilozona.lt\/wp-content\/uploads\/2023\/11\/R-5107273-1558383595-5656.jpg\",\"contentUrl\":\"https:\/\/vinilozona.lt\/wp-content\/uploads\/2023\/11\/R-5107273-1558383595-5656.jpg\",\"width\":599,\"height\":594},{\"@type\":\"BreadcrumbList\",\"@id\":\"https:\/\/vinilozona.lt\/parduotuve\/jazz\/ella-fitzgerald-louis-armstrong-%e2%80%8e-porgy-and-bess\/#breadcrumb\",\"itemListElement\":[{\"@type\":\"ListItem\",\"position\":1,\"name\":\"Home\",\"item\":\"https:\/\/vinilozona.lt\/\"},{\"@type\":\"ListItem\",\"position\":2,\"name\":\"Parduotuv\u0117\",\"item\":\"https:\/\/vinilozona.lt\/parduotuve\/\"},{\"@type\":\"ListItem\",\"position\":3,\"name\":\"Oscar Peterson \u2013 Montreux &#8217;77\"}]},{\"@type\":\"WebSite\",\"@id\":\"https:\/\/vinilozona.lt\/#website\",\"url\":\"https:\/\/vinilozona.lt\/\",\"name\":\"Vinilo Zona\",\"description\":\"Nup\u016bsk dulkes ir klausyk LP\",\"potentialAction\":[{\"@type\":\"SearchAction\",\"target\":{\"@type\":\"EntryPoint\",\"urlTemplate\":\"https:\/\/vinilozona.lt\/?s={search_term_string}\"},\"query-input\":{\"@type\":\"PropertyValueSpecification\",\"valueRequired\":true,\"valueName\":\"search_term_string\"}}],\"inLanguage\":\"en-GB\"}]}<\/script>\n<!-- \/ Yoast SEO plugin. -->","yoast_head_json":{"title":"Oscar Peterson \u2013 Montreux '77 Vinilin\u0117 Plok\u0161tel\u0117 | Vinilozona.lt","robots":{"index":"index","follow":"follow","max-snippet":"max-snippet:-1","max-image-preview":"max-image-preview:large","max-video-preview":"max-video-preview:-1"},"canonical":"https:\/\/vinilozona.lt\/en\/parduotuve\/jazz\/ella-fitzgerald-louis-armstrong-\u200e-porgy-and-bess\/","og_locale":"en_GB","og_type":"article","og_title":"Oscar Peterson \u2013 Montreux '77 Vinilin\u0117 Plok\u0161tel\u0117 | Vinilozona.lt","og_description":"Pablo Live \u2013 2308 205 Series: Montreux '77 Format:  Vinyl, LP, Album, Stereo Country: Germany Released: 1977","og_url":"https:\/\/vinilozona.lt\/en\/parduotuve\/jazz\/ella-fitzgerald-louis-armstrong-\u200e-porgy-and-bess\/","og_site_name":"Vinilo Zona","article_modified_time":"2025-03-17T18:27:02+00:00","og_image":[{"width":599,"height":594,"url":"https:\/\/vinilozona.lt\/wp-content\/uploads\/2023\/11\/R-5107273-1558383595-5656.jpg","type":"image\/jpeg"}],"twitter_card":"summary_large_image","schema":{"@context":"https:\/\/schema.org","@graph":[{"@type":"WebPage","@id":"https:\/\/vinilozona.lt\/parduotuve\/jazz\/ella-fitzgerald-louis-armstrong-%e2%80%8e-porgy-and-bess\/","url":"https:\/\/vinilozona.lt\/parduotuve\/jazz\/ella-fitzgerald-louis-armstrong-%e2%80%8e-porgy-and-bess\/","name":"Oscar Peterson \u2013 Montreux '77 Vinilin\u0117 Plok\u0161tel\u0117 | Vinilozona.lt","isPartOf":{"@id":"https:\/\/vinilozona.lt\/#website"},"primaryImageOfPage":{"@id":"https:\/\/vinilozona.lt\/parduotuve\/jazz\/ella-fitzgerald-louis-armstrong-%e2%80%8e-porgy-and-bess\/#primaryimage"},"image":{"@id":"https:\/\/vinilozona.lt\/parduotuve\/jazz\/ella-fitzgerald-louis-armstrong-%e2%80%8e-porgy-and-bess\/#primaryimage"},"thumbnailUrl":"https:\/\/vinilozona.lt\/wp-content\/uploads\/2023\/11\/R-5107273-1558383595-5656.jpg","datePublished":"2024-01-06T03:02:10+00:00","dateModified":"2025-03-17T18:27:02+00:00","breadcrumb":{"@id":"https:\/\/vinilozona.lt\/parduotuve\/jazz\/ella-fitzgerald-louis-armstrong-%e2%80%8e-porgy-and-bess\/#breadcrumb"},"inLanguage":"en-GB","potentialAction":[{"@type":"ReadAction","target":["https:\/\/vinilozona.lt\/parduotuve\/jazz\/ella-fitzgerald-louis-armstrong-%e2%80%8e-porgy-and-bess\/"]}]},{"@type":"ImageObject","inLanguage":"en-GB","@id":"https:\/\/vinilozona.lt\/parduotuve\/jazz\/ella-fitzgerald-louis-armstrong-%e2%80%8e-porgy-and-bess\/#primaryimage","url":"https:\/\/vinilozona.lt\/wp-content\/uploads\/2023\/11\/R-5107273-1558383595-5656.jpg","contentUrl":"https:\/\/vinilozona.lt\/wp-content\/uploads\/2023\/11\/R-5107273-1558383595-5656.jpg","width":599,"height":594},{"@type":"BreadcrumbList","@id":"https:\/\/vinilozona.lt\/parduotuve\/jazz\/ella-fitzgerald-louis-armstrong-%e2%80%8e-porgy-and-bess\/#breadcrumb","itemListElement":[{"@type":"ListItem","position":1,"name":"Home","item":"https:\/\/vinilozona.lt\/"},{"@type":"ListItem","position":2,"name":"Parduotuv\u0117","item":"https:\/\/vinilozona.lt\/parduotuve\/"},{"@type":"ListItem","position":3,"name":"Oscar Peterson \u2013 Montreux &#8217;77"}]},{"@type":"WebSite","@id":"https:\/\/vinilozona.lt\/#website","url":"https:\/\/vinilozona.lt\/","name":"Vinilo Zona","description":"Nup\u016bsk dulkes ir klausyk LP","potentialAction":[{"@type":"SearchAction","target":{"@type":"EntryPoint","urlTemplate":"https:\/\/vinilozona.lt\/?s={search_term_string}"},"query-input":{"@type":"PropertyValueSpecification","valueRequired":true,"valueName":"search_term_string"}}],"inLanguage":"en-GB"}]}},"_links":{"self":[{"href":"https:\/\/vinilozona.lt\/en\/wp-json\/wp\/v2\/product\/15581"}],"collection":[{"href":"https:\/\/vinilozona.lt\/en\/wp-json\/wp\/v2\/product"}],"about":[{"href":"https:\/\/vinilozona.lt\/en\/wp-json\/wp\/v2\/types\/product"}],"wp:featuredmedia":[{"embeddable":true,"href":"https:\/\/vinilozona.lt\/en\/wp-json\/wp\/v2\/media\/23934"}],"wp:attachment":[{"href":"https:\/\/vinilozona.lt\/en\/wp-json\/wp\/v2\/media?parent=15581"}],"wp:term":[{"taxonomy":"product_cat","embeddable":true,"href":"https:\/\/vinilozona.lt\/en\/wp-json\/wp\/v2\/product_cat?post=15581"},{"taxonomy":"product_tag","embeddable":true,"href":"https:\/\/vinilozona.lt\/en\/wp-json\/wp\/v2\/product_tag?post=15581"}],"curies":[{"name":"wp","href":"https:\/\/api.w.org\/{rel}","templated":true}]}}