{"id":15566,"date":"2024-11-21T05:00:16","date_gmt":"2024-11-21T03:00:16","guid":{"rendered":"https:\/\/vinilozona.lt\/?post_type=product&#038;p=15566"},"modified":"2025-03-11T17:29:14","modified_gmt":"2025-03-11T15:29:14","slug":"def-leppard-%e2%80%8e-hysteria-live","status":"publish","type":"product","link":"https:\/\/vinilozona.lt\/en\/parduotuve\/naujos-lp\/def-leppard-%e2%80%8e-hysteria-live\/","title":{"rendered":"Def Leppard \u2013 Mirror Ball &#8211; Live &#038; More"},"content":{"rendered":"<p>A1\t\tRock! Rock! (Till You Drop)  3:56<br \/>\nA2\t\tRocket  4:30<br \/>\nA3\t\tAnimal  4:03<br \/>\nA4\t\tC&#8217;Mon C&#8217;Mon  4:00<br \/>\nA5\t\tMake Love Like A Man  5:57<br \/>\nB1\t\tToo Late For Love  5:17<br \/>\nB2\t\tFoolin&#8217;  5:07<br \/>\nB3\t\tNine Lives  3:36<br \/>\nB4\t\tLove Bites  7:28<br \/>\nC1\t\tRock On<br \/>\nC2\t\tTwo Steps Behind  4:30<br \/>\nC3\t\tBringin&#8217; On The Heartbreak  5:08<br \/>\nC4\t\tSwitch 625  4:14<br \/>\nD1\t\tHysteria  6:21<br \/>\nD2\t\tArmageddon It  5:20<br \/>\nD3\t\tPhotograph  4:36<br \/>\nD4\t\tPour Some Sugar On Me  5:06<br \/>\nE1\t\tRock Of Ages<br \/>\nE2\t\tLet\u2019s Get Rocked<br \/>\nE3\t\tAction  4:01<br \/>\nE4\t\tBad Actress  3:31<br \/>\nF1\t\tUndefeated  4:41<br \/>\nF2\t\tKings Of The World  6:12<br \/>\nF3\t\tIt&#8217;s All About Believin&#8217;  4:22<\/p>","protected":false},"excerpt":{"rendered":"<p>Bludgeon Riffola Ltd. \u2013 MBV 9520WM<br \/>\nFormat:<br \/>\n3 x Vinyl, LP, Limited Edition, Clear<br \/>\nCountry:\tUS<br \/>\nReleased:\t2020<\/p>","protected":false},"featured_media":23476,"template":"","meta":[],"product_cat":[23],"product_tag":[1025],"yoast_head":"<!-- This site is optimized with the Yoast SEO plugin v23.5 - https:\/\/yoast.com\/wordpress\/plugins\/seo\/ -->\n<title>Def Leppard \u2013 Mirror Ball - Live &amp; More Vinilin\u0117 Plok\u0161tel\u0117 | Vinilozona.lt<\/title>\n<meta name=\"robots\" content=\"index, follow, max-snippet:-1, max-image-preview:large, max-video-preview:-1\" \/>\n<link rel=\"canonical\" href=\"https:\/\/vinilozona.lt\/en\/parduotuve\/naujos-lp\/def-leppard-\u200e-hysteria-live\/\" \/>\n<meta property=\"og:locale\" content=\"en_GB\" \/>\n<meta property=\"og:type\" content=\"article\" \/>\n<meta property=\"og:title\" content=\"Def Leppard \u2013 Mirror Ball - Live &amp; More Vinilin\u0117 Plok\u0161tel\u0117 | Vinilozona.lt\" \/>\n<meta property=\"og:description\" content=\"Bludgeon Riffola Ltd. \u2013 MBV 9520WM Format:  3 x Vinyl, LP, Limited Edition, Clear Country: US Released: 2020\" \/>\n<meta property=\"og:url\" content=\"https:\/\/vinilozona.lt\/en\/parduotuve\/naujos-lp\/def-leppard-\u200e-hysteria-live\/\" \/>\n<meta property=\"og:site_name\" content=\"Vinilo Zona\" \/>\n<meta property=\"article:modified_time\" content=\"2025-03-11T15:29:14+00:00\" \/>\n<meta property=\"og:image\" content=\"https:\/\/vinilozona.lt\/wp-content\/uploads\/2022\/01\/R-15718786-1670710926-7019.jpg\" \/>\n\t<meta property=\"og:image:width\" content=\"599\" \/>\n\t<meta property=\"og:image:height\" content=\"590\" \/>\n\t<meta property=\"og:image:type\" content=\"image\/jpeg\" \/>\n<meta name=\"twitter:card\" content=\"summary_large_image\" \/>\n<script type=\"application\/ld+json\" class=\"yoast-schema-graph\">{\"@context\":\"https:\/\/schema.org\",\"@graph\":[{\"@type\":\"WebPage\",\"@id\":\"https:\/\/vinilozona.lt\/parduotuve\/naujos-lp\/def-leppard-%e2%80%8e-hysteria-live\/\",\"url\":\"https:\/\/vinilozona.lt\/parduotuve\/naujos-lp\/def-leppard-%e2%80%8e-hysteria-live\/\",\"name\":\"Def Leppard \u2013 Mirror Ball - Live & More Vinilin\u0117 Plok\u0161tel\u0117 | Vinilozona.lt\",\"isPartOf\":{\"@id\":\"https:\/\/vinilozona.lt\/#website\"},\"primaryImageOfPage\":{\"@id\":\"https:\/\/vinilozona.lt\/parduotuve\/naujos-lp\/def-leppard-%e2%80%8e-hysteria-live\/#primaryimage\"},\"image\":{\"@id\":\"https:\/\/vinilozona.lt\/parduotuve\/naujos-lp\/def-leppard-%e2%80%8e-hysteria-live\/#primaryimage\"},\"thumbnailUrl\":\"https:\/\/vinilozona.lt\/wp-content\/uploads\/2022\/01\/R-15718786-1670710926-7019.jpg\",\"datePublished\":\"2024-11-21T03:00:16+00:00\",\"dateModified\":\"2025-03-11T15:29:14+00:00\",\"breadcrumb\":{\"@id\":\"https:\/\/vinilozona.lt\/parduotuve\/naujos-lp\/def-leppard-%e2%80%8e-hysteria-live\/#breadcrumb\"},\"inLanguage\":\"en-GB\",\"potentialAction\":[{\"@type\":\"ReadAction\",\"target\":[\"https:\/\/vinilozona.lt\/parduotuve\/naujos-lp\/def-leppard-%e2%80%8e-hysteria-live\/\"]}]},{\"@type\":\"ImageObject\",\"inLanguage\":\"en-GB\",\"@id\":\"https:\/\/vinilozona.lt\/parduotuve\/naujos-lp\/def-leppard-%e2%80%8e-hysteria-live\/#primaryimage\",\"url\":\"https:\/\/vinilozona.lt\/wp-content\/uploads\/2022\/01\/R-15718786-1670710926-7019.jpg\",\"contentUrl\":\"https:\/\/vinilozona.lt\/wp-content\/uploads\/2022\/01\/R-15718786-1670710926-7019.jpg\",\"width\":599,\"height\":590},{\"@type\":\"BreadcrumbList\",\"@id\":\"https:\/\/vinilozona.lt\/parduotuve\/naujos-lp\/def-leppard-%e2%80%8e-hysteria-live\/#breadcrumb\",\"itemListElement\":[{\"@type\":\"ListItem\",\"position\":1,\"name\":\"Home\",\"item\":\"https:\/\/vinilozona.lt\/\"},{\"@type\":\"ListItem\",\"position\":2,\"name\":\"Parduotuv\u0117\",\"item\":\"https:\/\/vinilozona.lt\/parduotuve\/\"},{\"@type\":\"ListItem\",\"position\":3,\"name\":\"Def Leppard \u2013 Mirror Ball &#8211; Live &#038; More\"}]},{\"@type\":\"WebSite\",\"@id\":\"https:\/\/vinilozona.lt\/#website\",\"url\":\"https:\/\/vinilozona.lt\/\",\"name\":\"Vinilo Zona\",\"description\":\"Nup\u016bsk dulkes ir klausyk LP\",\"potentialAction\":[{\"@type\":\"SearchAction\",\"target\":{\"@type\":\"EntryPoint\",\"urlTemplate\":\"https:\/\/vinilozona.lt\/?s={search_term_string}\"},\"query-input\":{\"@type\":\"PropertyValueSpecification\",\"valueRequired\":true,\"valueName\":\"search_term_string\"}}],\"inLanguage\":\"en-GB\"}]}<\/script>\n<!-- \/ Yoast SEO plugin. -->","yoast_head_json":{"title":"Def Leppard \u2013 Mirror Ball - Live & More Vinilin\u0117 Plok\u0161tel\u0117 | Vinilozona.lt","robots":{"index":"index","follow":"follow","max-snippet":"max-snippet:-1","max-image-preview":"max-image-preview:large","max-video-preview":"max-video-preview:-1"},"canonical":"https:\/\/vinilozona.lt\/en\/parduotuve\/naujos-lp\/def-leppard-\u200e-hysteria-live\/","og_locale":"en_GB","og_type":"article","og_title":"Def Leppard \u2013 Mirror Ball - Live & More Vinilin\u0117 Plok\u0161tel\u0117 | Vinilozona.lt","og_description":"Bludgeon Riffola Ltd. \u2013 MBV 9520WM Format:  3 x Vinyl, LP, Limited Edition, Clear Country: US Released: 2020","og_url":"https:\/\/vinilozona.lt\/en\/parduotuve\/naujos-lp\/def-leppard-\u200e-hysteria-live\/","og_site_name":"Vinilo Zona","article_modified_time":"2025-03-11T15:29:14+00:00","og_image":[{"width":599,"height":590,"url":"https:\/\/vinilozona.lt\/wp-content\/uploads\/2022\/01\/R-15718786-1670710926-7019.jpg","type":"image\/jpeg"}],"twitter_card":"summary_large_image","schema":{"@context":"https:\/\/schema.org","@graph":[{"@type":"WebPage","@id":"https:\/\/vinilozona.lt\/parduotuve\/naujos-lp\/def-leppard-%e2%80%8e-hysteria-live\/","url":"https:\/\/vinilozona.lt\/parduotuve\/naujos-lp\/def-leppard-%e2%80%8e-hysteria-live\/","name":"Def Leppard \u2013 Mirror Ball - Live & More Vinilin\u0117 Plok\u0161tel\u0117 | Vinilozona.lt","isPartOf":{"@id":"https:\/\/vinilozona.lt\/#website"},"primaryImageOfPage":{"@id":"https:\/\/vinilozona.lt\/parduotuve\/naujos-lp\/def-leppard-%e2%80%8e-hysteria-live\/#primaryimage"},"image":{"@id":"https:\/\/vinilozona.lt\/parduotuve\/naujos-lp\/def-leppard-%e2%80%8e-hysteria-live\/#primaryimage"},"thumbnailUrl":"https:\/\/vinilozona.lt\/wp-content\/uploads\/2022\/01\/R-15718786-1670710926-7019.jpg","datePublished":"2024-11-21T03:00:16+00:00","dateModified":"2025-03-11T15:29:14+00:00","breadcrumb":{"@id":"https:\/\/vinilozona.lt\/parduotuve\/naujos-lp\/def-leppard-%e2%80%8e-hysteria-live\/#breadcrumb"},"inLanguage":"en-GB","potentialAction":[{"@type":"ReadAction","target":["https:\/\/vinilozona.lt\/parduotuve\/naujos-lp\/def-leppard-%e2%80%8e-hysteria-live\/"]}]},{"@type":"ImageObject","inLanguage":"en-GB","@id":"https:\/\/vinilozona.lt\/parduotuve\/naujos-lp\/def-leppard-%e2%80%8e-hysteria-live\/#primaryimage","url":"https:\/\/vinilozona.lt\/wp-content\/uploads\/2022\/01\/R-15718786-1670710926-7019.jpg","contentUrl":"https:\/\/vinilozona.lt\/wp-content\/uploads\/2022\/01\/R-15718786-1670710926-7019.jpg","width":599,"height":590},{"@type":"BreadcrumbList","@id":"https:\/\/vinilozona.lt\/parduotuve\/naujos-lp\/def-leppard-%e2%80%8e-hysteria-live\/#breadcrumb","itemListElement":[{"@type":"ListItem","position":1,"name":"Home","item":"https:\/\/vinilozona.lt\/"},{"@type":"ListItem","position":2,"name":"Parduotuv\u0117","item":"https:\/\/vinilozona.lt\/parduotuve\/"},{"@type":"ListItem","position":3,"name":"Def Leppard \u2013 Mirror Ball &#8211; Live &#038; More"}]},{"@type":"WebSite","@id":"https:\/\/vinilozona.lt\/#website","url":"https:\/\/vinilozona.lt\/","name":"Vinilo Zona","description":"Nup\u016bsk dulkes ir klausyk LP","potentialAction":[{"@type":"SearchAction","target":{"@type":"EntryPoint","urlTemplate":"https:\/\/vinilozona.lt\/?s={search_term_string}"},"query-input":{"@type":"PropertyValueSpecification","valueRequired":true,"valueName":"search_term_string"}}],"inLanguage":"en-GB"}]}},"_links":{"self":[{"href":"https:\/\/vinilozona.lt\/en\/wp-json\/wp\/v2\/product\/15566"}],"collection":[{"href":"https:\/\/vinilozona.lt\/en\/wp-json\/wp\/v2\/product"}],"about":[{"href":"https:\/\/vinilozona.lt\/en\/wp-json\/wp\/v2\/types\/product"}],"wp:featuredmedia":[{"embeddable":true,"href":"https:\/\/vinilozona.lt\/en\/wp-json\/wp\/v2\/media\/23476"}],"wp:attachment":[{"href":"https:\/\/vinilozona.lt\/en\/wp-json\/wp\/v2\/media?parent=15566"}],"wp:term":[{"taxonomy":"product_cat","embeddable":true,"href":"https:\/\/vinilozona.lt\/en\/wp-json\/wp\/v2\/product_cat?post=15566"},{"taxonomy":"product_tag","embeddable":true,"href":"https:\/\/vinilozona.lt\/en\/wp-json\/wp\/v2\/product_tag?post=15566"}],"curies":[{"name":"wp","href":"https:\/\/api.w.org\/{rel}","templated":true}]}}