{"id":15546,"date":"2021-07-23T09:12:50","date_gmt":"2021-07-23T06:12:50","guid":{"rendered":"https:\/\/vinilozona.lt\/?post_type=product&#038;p=15546"},"modified":"2022-06-26T11:49:10","modified_gmt":"2022-06-26T08:49:10","slug":"freddie-mercury-%e2%80%8e-never-boring","status":"publish","type":"product","link":"https:\/\/vinilozona.lt\/en\/parduotuve\/naujos-lp\/freddie-mercury-%e2%80%8e-never-boring\/","title":{"rendered":"Freddie Mercury \u200e\u2013 Never Boring"},"content":{"rendered":"<p>Freddie Mercury\tThe Great Pretender (2019 Special Edition)\t3:26<br \/>\n\u2013Freddie Mercury\tI Was Born To Love You\t3:38<br \/>\n\u2013Freddie Mercury &#038; Montserrat Caball\u00e9\tBarcelona\t5:42<br \/>\n\u2013Freddie Mercury\tIn My Defence (2000 Remix)\t3:52<br \/>\n\u2013Freddie Mercury\tLove Kills (2019 Special Edition)\t4:29<br \/>\n\u2013Freddie Mercury &#038; Montserrat Caball\u00e9\tHow Can I Go On (Single Version)\t3:58<br \/>\n\u2013Freddie Mercury\tLove Me Like There&#8217;s No Tomorrow\t3:45<br \/>\n\u2013Freddie Mercury\tLiving On My Own (Radio Mix)\t3:37<br \/>\n\u2013Freddie Mercury &#038; Montserrat Caball\u00e9\tThe Golden Boy (Single Edit)\t5:12<br \/>\n\u2013Freddie Mercury\tTime Waits For No One\t3:18<br \/>\n\u2013Freddie Mercury\tShe Blows Hot And Cold (2019 Special Edition)\t3:25<br \/>\n\u2013Freddie Mercury\tMade In Heaven\t4:11<\/p>","protected":false},"excerpt":{"rendered":"<p>Mercury \u200e\u2013 0602577404306, Universal Music Group International \u200e\u2013 0602577404306<br \/>\nFormat:<br \/>\nVinyl, LP, Compilation, 180 Gram<br \/>\nCountry:<br \/>\nEurope<br \/>\nReleased:<br \/>\n11 Oct 2019<\/p>","protected":false},"featured_media":15547,"template":"","meta":[],"product_cat":[23],"product_tag":[44],"yoast_head":"<!-- This site is optimized with the Yoast SEO plugin v23.5 - https:\/\/yoast.com\/wordpress\/plugins\/seo\/ -->\n<title>Freddie Mercury \u200e\u2013 Never Boring Vinilin\u0117 Plok\u0161tel\u0117 | Vinilozona.lt<\/title>\n<meta name=\"robots\" content=\"index, follow, max-snippet:-1, max-image-preview:large, max-video-preview:-1\" \/>\n<link rel=\"canonical\" href=\"https:\/\/vinilozona.lt\/en\/parduotuve\/naujos-lp\/freddie-mercury-\u200e-never-boring\/\" \/>\n<meta property=\"og:locale\" content=\"en_GB\" \/>\n<meta property=\"og:type\" content=\"article\" \/>\n<meta property=\"og:title\" content=\"Freddie Mercury \u200e\u2013 Never Boring Vinilin\u0117 Plok\u0161tel\u0117 | Vinilozona.lt\" \/>\n<meta property=\"og:description\" content=\"Mercury \u200e\u2013 0602577404306, Universal Music Group International \u200e\u2013 0602577404306 Format: Vinyl, LP, Compilation, 180 Gram Country: Europe Released: 11 Oct 2019\" \/>\n<meta property=\"og:url\" content=\"https:\/\/vinilozona.lt\/en\/parduotuve\/naujos-lp\/freddie-mercury-\u200e-never-boring\/\" \/>\n<meta property=\"og:site_name\" content=\"Vinilo Zona\" \/>\n<meta property=\"article:modified_time\" content=\"2022-06-26T08:49:10+00:00\" \/>\n<meta property=\"og:image\" content=\"https:\/\/vinilozona.lt\/wp-content\/uploads\/2021\/07\/R-14250969-1570745095-7098.jpeg.jpg\" \/>\n\t<meta property=\"og:image:width\" content=\"600\" \/>\n\t<meta property=\"og:image:height\" content=\"600\" \/>\n\t<meta property=\"og:image:type\" content=\"image\/jpeg\" \/>\n<meta name=\"twitter:card\" content=\"summary_large_image\" \/>\n<script type=\"application\/ld+json\" class=\"yoast-schema-graph\">{\"@context\":\"https:\/\/schema.org\",\"@graph\":[{\"@type\":\"WebPage\",\"@id\":\"https:\/\/vinilozona.lt\/parduotuve\/naujos-lp\/freddie-mercury-%e2%80%8e-never-boring\/\",\"url\":\"https:\/\/vinilozona.lt\/parduotuve\/naujos-lp\/freddie-mercury-%e2%80%8e-never-boring\/\",\"name\":\"Freddie Mercury \u200e\u2013 Never Boring Vinilin\u0117 Plok\u0161tel\u0117 | Vinilozona.lt\",\"isPartOf\":{\"@id\":\"https:\/\/vinilozona.lt\/#website\"},\"primaryImageOfPage\":{\"@id\":\"https:\/\/vinilozona.lt\/parduotuve\/naujos-lp\/freddie-mercury-%e2%80%8e-never-boring\/#primaryimage\"},\"image\":{\"@id\":\"https:\/\/vinilozona.lt\/parduotuve\/naujos-lp\/freddie-mercury-%e2%80%8e-never-boring\/#primaryimage\"},\"thumbnailUrl\":\"https:\/\/vinilozona.lt\/wp-content\/uploads\/2021\/07\/R-14250969-1570745095-7098.jpeg.jpg\",\"datePublished\":\"2021-07-23T06:12:50+00:00\",\"dateModified\":\"2022-06-26T08:49:10+00:00\",\"breadcrumb\":{\"@id\":\"https:\/\/vinilozona.lt\/parduotuve\/naujos-lp\/freddie-mercury-%e2%80%8e-never-boring\/#breadcrumb\"},\"inLanguage\":\"en-GB\",\"potentialAction\":[{\"@type\":\"ReadAction\",\"target\":[\"https:\/\/vinilozona.lt\/parduotuve\/naujos-lp\/freddie-mercury-%e2%80%8e-never-boring\/\"]}]},{\"@type\":\"ImageObject\",\"inLanguage\":\"en-GB\",\"@id\":\"https:\/\/vinilozona.lt\/parduotuve\/naujos-lp\/freddie-mercury-%e2%80%8e-never-boring\/#primaryimage\",\"url\":\"https:\/\/vinilozona.lt\/wp-content\/uploads\/2021\/07\/R-14250969-1570745095-7098.jpeg.jpg\",\"contentUrl\":\"https:\/\/vinilozona.lt\/wp-content\/uploads\/2021\/07\/R-14250969-1570745095-7098.jpeg.jpg\",\"width\":600,\"height\":600},{\"@type\":\"BreadcrumbList\",\"@id\":\"https:\/\/vinilozona.lt\/parduotuve\/naujos-lp\/freddie-mercury-%e2%80%8e-never-boring\/#breadcrumb\",\"itemListElement\":[{\"@type\":\"ListItem\",\"position\":1,\"name\":\"Home\",\"item\":\"https:\/\/vinilozona.lt\/\"},{\"@type\":\"ListItem\",\"position\":2,\"name\":\"Parduotuv\u0117\",\"item\":\"https:\/\/vinilozona.lt\/parduotuve\/\"},{\"@type\":\"ListItem\",\"position\":3,\"name\":\"Freddie Mercury \u200e\u2013 Never Boring\"}]},{\"@type\":\"WebSite\",\"@id\":\"https:\/\/vinilozona.lt\/#website\",\"url\":\"https:\/\/vinilozona.lt\/\",\"name\":\"Vinilo Zona\",\"description\":\"Nup\u016bsk dulkes ir klausyk LP\",\"potentialAction\":[{\"@type\":\"SearchAction\",\"target\":{\"@type\":\"EntryPoint\",\"urlTemplate\":\"https:\/\/vinilozona.lt\/?s={search_term_string}\"},\"query-input\":{\"@type\":\"PropertyValueSpecification\",\"valueRequired\":true,\"valueName\":\"search_term_string\"}}],\"inLanguage\":\"en-GB\"}]}<\/script>\n<!-- \/ Yoast SEO plugin. -->","yoast_head_json":{"title":"Freddie Mercury \u200e\u2013 Never Boring Vinilin\u0117 Plok\u0161tel\u0117 | Vinilozona.lt","robots":{"index":"index","follow":"follow","max-snippet":"max-snippet:-1","max-image-preview":"max-image-preview:large","max-video-preview":"max-video-preview:-1"},"canonical":"https:\/\/vinilozona.lt\/en\/parduotuve\/naujos-lp\/freddie-mercury-\u200e-never-boring\/","og_locale":"en_GB","og_type":"article","og_title":"Freddie Mercury \u200e\u2013 Never Boring Vinilin\u0117 Plok\u0161tel\u0117 | Vinilozona.lt","og_description":"Mercury \u200e\u2013 0602577404306, Universal Music Group International \u200e\u2013 0602577404306 Format: Vinyl, LP, Compilation, 180 Gram Country: Europe Released: 11 Oct 2019","og_url":"https:\/\/vinilozona.lt\/en\/parduotuve\/naujos-lp\/freddie-mercury-\u200e-never-boring\/","og_site_name":"Vinilo Zona","article_modified_time":"2022-06-26T08:49:10+00:00","og_image":[{"width":600,"height":600,"url":"https:\/\/vinilozona.lt\/wp-content\/uploads\/2021\/07\/R-14250969-1570745095-7098.jpeg.jpg","type":"image\/jpeg"}],"twitter_card":"summary_large_image","schema":{"@context":"https:\/\/schema.org","@graph":[{"@type":"WebPage","@id":"https:\/\/vinilozona.lt\/parduotuve\/naujos-lp\/freddie-mercury-%e2%80%8e-never-boring\/","url":"https:\/\/vinilozona.lt\/parduotuve\/naujos-lp\/freddie-mercury-%e2%80%8e-never-boring\/","name":"Freddie Mercury \u200e\u2013 Never Boring Vinilin\u0117 Plok\u0161tel\u0117 | Vinilozona.lt","isPartOf":{"@id":"https:\/\/vinilozona.lt\/#website"},"primaryImageOfPage":{"@id":"https:\/\/vinilozona.lt\/parduotuve\/naujos-lp\/freddie-mercury-%e2%80%8e-never-boring\/#primaryimage"},"image":{"@id":"https:\/\/vinilozona.lt\/parduotuve\/naujos-lp\/freddie-mercury-%e2%80%8e-never-boring\/#primaryimage"},"thumbnailUrl":"https:\/\/vinilozona.lt\/wp-content\/uploads\/2021\/07\/R-14250969-1570745095-7098.jpeg.jpg","datePublished":"2021-07-23T06:12:50+00:00","dateModified":"2022-06-26T08:49:10+00:00","breadcrumb":{"@id":"https:\/\/vinilozona.lt\/parduotuve\/naujos-lp\/freddie-mercury-%e2%80%8e-never-boring\/#breadcrumb"},"inLanguage":"en-GB","potentialAction":[{"@type":"ReadAction","target":["https:\/\/vinilozona.lt\/parduotuve\/naujos-lp\/freddie-mercury-%e2%80%8e-never-boring\/"]}]},{"@type":"ImageObject","inLanguage":"en-GB","@id":"https:\/\/vinilozona.lt\/parduotuve\/naujos-lp\/freddie-mercury-%e2%80%8e-never-boring\/#primaryimage","url":"https:\/\/vinilozona.lt\/wp-content\/uploads\/2021\/07\/R-14250969-1570745095-7098.jpeg.jpg","contentUrl":"https:\/\/vinilozona.lt\/wp-content\/uploads\/2021\/07\/R-14250969-1570745095-7098.jpeg.jpg","width":600,"height":600},{"@type":"BreadcrumbList","@id":"https:\/\/vinilozona.lt\/parduotuve\/naujos-lp\/freddie-mercury-%e2%80%8e-never-boring\/#breadcrumb","itemListElement":[{"@type":"ListItem","position":1,"name":"Home","item":"https:\/\/vinilozona.lt\/"},{"@type":"ListItem","position":2,"name":"Parduotuv\u0117","item":"https:\/\/vinilozona.lt\/parduotuve\/"},{"@type":"ListItem","position":3,"name":"Freddie Mercury \u200e\u2013 Never Boring"}]},{"@type":"WebSite","@id":"https:\/\/vinilozona.lt\/#website","url":"https:\/\/vinilozona.lt\/","name":"Vinilo Zona","description":"Nup\u016bsk dulkes ir klausyk LP","potentialAction":[{"@type":"SearchAction","target":{"@type":"EntryPoint","urlTemplate":"https:\/\/vinilozona.lt\/?s={search_term_string}"},"query-input":{"@type":"PropertyValueSpecification","valueRequired":true,"valueName":"search_term_string"}}],"inLanguage":"en-GB"}]}},"_links":{"self":[{"href":"https:\/\/vinilozona.lt\/en\/wp-json\/wp\/v2\/product\/15546"}],"collection":[{"href":"https:\/\/vinilozona.lt\/en\/wp-json\/wp\/v2\/product"}],"about":[{"href":"https:\/\/vinilozona.lt\/en\/wp-json\/wp\/v2\/types\/product"}],"wp:featuredmedia":[{"embeddable":true,"href":"https:\/\/vinilozona.lt\/en\/wp-json\/wp\/v2\/media\/15547"}],"wp:attachment":[{"href":"https:\/\/vinilozona.lt\/en\/wp-json\/wp\/v2\/media?parent=15546"}],"wp:term":[{"taxonomy":"product_cat","embeddable":true,"href":"https:\/\/vinilozona.lt\/en\/wp-json\/wp\/v2\/product_cat?post=15546"},{"taxonomy":"product_tag","embeddable":true,"href":"https:\/\/vinilozona.lt\/en\/wp-json\/wp\/v2\/product_tag?post=15546"}],"curies":[{"name":"wp","href":"https:\/\/api.w.org\/{rel}","templated":true}]}}