{"id":15534,"date":"2024-05-04T05:03:21","date_gmt":"2024-05-04T02:03:21","guid":{"rendered":"https:\/\/vinilozona.lt\/?post_type=product&#038;p=15534"},"modified":"2024-09-01T16:03:23","modified_gmt":"2024-09-01T13:03:23","slug":"creedence-clearwater-revival-%e2%80%8e-the-complete-hit-album","status":"publish","type":"product","link":"https:\/\/vinilozona.lt\/en\/parduotuve\/rock-pop\/creedence-clearwater-revival-%e2%80%8e-the-complete-hit-album\/","title":{"rendered":"Creedence Clearwater Revival \u200e\u2013 The Complete Hit-Album"},"content":{"rendered":"<p>A1\tWho&#8217;ll Stop The Rain<br \/>\nA2\tProud Mary<br \/>\nA3\tBad Moon Rising<br \/>\nA4\tLodi<br \/>\nA5\tIt Came Out Of THe Sky<br \/>\nA6\tTombstone Shadow<br \/>\nA7\tSuzie Q<br \/>\nB1\tUp Around The Bend<br \/>\nB2\tDown On The Corner<br \/>\nB3\tThe Midnight Special<br \/>\nB4\tGreen River<br \/>\nB5\tFortunate Son<br \/>\nB6\tCommotion<br \/>\nB7\tGood Golly Miss Molly<br \/>\nC1\tHave You Ever Seen The Rain<br \/>\nC2\tHey Tonight<br \/>\nC3\tSweet Hitch Hiker<br \/>\nC4\tLookin&#8217; For A Reason<br \/>\nC5\tHello Mary Lou<br \/>\nC6\tDon&#8217;t Look Now<br \/>\nC7\tSomeday Never Comes<br \/>\nD1\tI Put A Spell On You<br \/>\nD2\tBorn On The Bayou<br \/>\nD3\tLong As I Can See The Light<br \/>\nD4\tI Heard It Through The Gravepine<br \/>\nD5\tRun Through The Jungle<br \/>\nD6\tCottonfields<br \/>\nD7\tTravelin&#8217; Band<\/p>","protected":false},"excerpt":{"rendered":"<p>Arcade \u200e\u2013 ADEH 171<br \/>\nSeries:<br \/>\nDiamond Collection<br \/>\nFormat:<br \/>\n2 \u00d7 Vinyl, LP, Compilation<\/p>","protected":false},"featured_media":15535,"template":"","meta":[],"product_cat":[15],"product_tag":[44],"yoast_head":"<!-- This site is optimized with the Yoast SEO plugin v23.5 - https:\/\/yoast.com\/wordpress\/plugins\/seo\/ -->\n<title>Creedence Clearwater Revival \u200e\u2013 The Complete Hit-Album Vinilin\u0117 Plok\u0161tel\u0117 | Vinilozona.lt<\/title>\n<meta name=\"robots\" content=\"index, follow, max-snippet:-1, max-image-preview:large, max-video-preview:-1\" \/>\n<link rel=\"canonical\" href=\"https:\/\/vinilozona.lt\/en\/parduotuve\/rock-pop\/creedence-clearwater-revival-\u200e-the-complete-hit-album\/\" \/>\n<meta property=\"og:locale\" content=\"en_GB\" \/>\n<meta property=\"og:type\" content=\"article\" \/>\n<meta property=\"og:title\" content=\"Creedence Clearwater Revival \u200e\u2013 The Complete Hit-Album Vinilin\u0117 Plok\u0161tel\u0117 | Vinilozona.lt\" \/>\n<meta property=\"og:description\" content=\"Arcade \u200e\u2013 ADEH 171 Series: Diamond Collection  Format: 2 \u00d7 Vinyl, LP, Compilation\" \/>\n<meta property=\"og:url\" content=\"https:\/\/vinilozona.lt\/en\/parduotuve\/rock-pop\/creedence-clearwater-revival-\u200e-the-complete-hit-album\/\" \/>\n<meta property=\"og:site_name\" content=\"Vinilo Zona\" \/>\n<meta property=\"article:modified_time\" content=\"2024-09-01T13:03:23+00:00\" \/>\n<meta property=\"og:image\" content=\"https:\/\/vinilozona.lt\/wp-content\/uploads\/2021\/07\/R-4191512-1483528448-7085.jpeg.jpg\" \/>\n\t<meta property=\"og:image:width\" content=\"600\" \/>\n\t<meta property=\"og:image:height\" content=\"602\" \/>\n\t<meta property=\"og:image:type\" content=\"image\/jpeg\" \/>\n<meta name=\"twitter:card\" content=\"summary_large_image\" \/>\n<meta name=\"twitter:label1\" content=\"Estimated reading time\" \/>\n\t<meta name=\"twitter:data1\" content=\"1 minute\" \/>\n<script type=\"application\/ld+json\" class=\"yoast-schema-graph\">{\"@context\":\"https:\/\/schema.org\",\"@graph\":[{\"@type\":\"WebPage\",\"@id\":\"https:\/\/vinilozona.lt\/parduotuve\/rock-pop\/creedence-clearwater-revival-%e2%80%8e-the-complete-hit-album\/\",\"url\":\"https:\/\/vinilozona.lt\/parduotuve\/rock-pop\/creedence-clearwater-revival-%e2%80%8e-the-complete-hit-album\/\",\"name\":\"Creedence Clearwater Revival \u200e\u2013 The Complete Hit-Album Vinilin\u0117 Plok\u0161tel\u0117 | Vinilozona.lt\",\"isPartOf\":{\"@id\":\"https:\/\/vinilozona.lt\/#website\"},\"primaryImageOfPage\":{\"@id\":\"https:\/\/vinilozona.lt\/parduotuve\/rock-pop\/creedence-clearwater-revival-%e2%80%8e-the-complete-hit-album\/#primaryimage\"},\"image\":{\"@id\":\"https:\/\/vinilozona.lt\/parduotuve\/rock-pop\/creedence-clearwater-revival-%e2%80%8e-the-complete-hit-album\/#primaryimage\"},\"thumbnailUrl\":\"https:\/\/vinilozona.lt\/wp-content\/uploads\/2021\/07\/R-4191512-1483528448-7085.jpeg.jpg\",\"datePublished\":\"2024-05-04T02:03:21+00:00\",\"dateModified\":\"2024-09-01T13:03:23+00:00\",\"breadcrumb\":{\"@id\":\"https:\/\/vinilozona.lt\/parduotuve\/rock-pop\/creedence-clearwater-revival-%e2%80%8e-the-complete-hit-album\/#breadcrumb\"},\"inLanguage\":\"en-GB\",\"potentialAction\":[{\"@type\":\"ReadAction\",\"target\":[\"https:\/\/vinilozona.lt\/parduotuve\/rock-pop\/creedence-clearwater-revival-%e2%80%8e-the-complete-hit-album\/\"]}]},{\"@type\":\"ImageObject\",\"inLanguage\":\"en-GB\",\"@id\":\"https:\/\/vinilozona.lt\/parduotuve\/rock-pop\/creedence-clearwater-revival-%e2%80%8e-the-complete-hit-album\/#primaryimage\",\"url\":\"https:\/\/vinilozona.lt\/wp-content\/uploads\/2021\/07\/R-4191512-1483528448-7085.jpeg.jpg\",\"contentUrl\":\"https:\/\/vinilozona.lt\/wp-content\/uploads\/2021\/07\/R-4191512-1483528448-7085.jpeg.jpg\",\"width\":600,\"height\":602},{\"@type\":\"BreadcrumbList\",\"@id\":\"https:\/\/vinilozona.lt\/parduotuve\/rock-pop\/creedence-clearwater-revival-%e2%80%8e-the-complete-hit-album\/#breadcrumb\",\"itemListElement\":[{\"@type\":\"ListItem\",\"position\":1,\"name\":\"Home\",\"item\":\"https:\/\/vinilozona.lt\/\"},{\"@type\":\"ListItem\",\"position\":2,\"name\":\"Parduotuv\u0117\",\"item\":\"https:\/\/vinilozona.lt\/parduotuve\/\"},{\"@type\":\"ListItem\",\"position\":3,\"name\":\"Creedence Clearwater Revival \u200e\u2013 The Complete Hit-Album\"}]},{\"@type\":\"WebSite\",\"@id\":\"https:\/\/vinilozona.lt\/#website\",\"url\":\"https:\/\/vinilozona.lt\/\",\"name\":\"Vinilo Zona\",\"description\":\"Nup\u016bsk dulkes ir klausyk LP\",\"potentialAction\":[{\"@type\":\"SearchAction\",\"target\":{\"@type\":\"EntryPoint\",\"urlTemplate\":\"https:\/\/vinilozona.lt\/?s={search_term_string}\"},\"query-input\":{\"@type\":\"PropertyValueSpecification\",\"valueRequired\":true,\"valueName\":\"search_term_string\"}}],\"inLanguage\":\"en-GB\"}]}<\/script>\n<!-- \/ Yoast SEO plugin. -->","yoast_head_json":{"title":"Creedence Clearwater Revival \u200e\u2013 The Complete Hit-Album Vinilin\u0117 Plok\u0161tel\u0117 | Vinilozona.lt","robots":{"index":"index","follow":"follow","max-snippet":"max-snippet:-1","max-image-preview":"max-image-preview:large","max-video-preview":"max-video-preview:-1"},"canonical":"https:\/\/vinilozona.lt\/en\/parduotuve\/rock-pop\/creedence-clearwater-revival-\u200e-the-complete-hit-album\/","og_locale":"en_GB","og_type":"article","og_title":"Creedence Clearwater Revival \u200e\u2013 The Complete Hit-Album Vinilin\u0117 Plok\u0161tel\u0117 | Vinilozona.lt","og_description":"Arcade \u200e\u2013 ADEH 171 Series: Diamond Collection  Format: 2 \u00d7 Vinyl, LP, Compilation","og_url":"https:\/\/vinilozona.lt\/en\/parduotuve\/rock-pop\/creedence-clearwater-revival-\u200e-the-complete-hit-album\/","og_site_name":"Vinilo Zona","article_modified_time":"2024-09-01T13:03:23+00:00","og_image":[{"width":600,"height":602,"url":"https:\/\/vinilozona.lt\/wp-content\/uploads\/2021\/07\/R-4191512-1483528448-7085.jpeg.jpg","type":"image\/jpeg"}],"twitter_card":"summary_large_image","twitter_misc":{"Estimated reading time":"1 minute"},"schema":{"@context":"https:\/\/schema.org","@graph":[{"@type":"WebPage","@id":"https:\/\/vinilozona.lt\/parduotuve\/rock-pop\/creedence-clearwater-revival-%e2%80%8e-the-complete-hit-album\/","url":"https:\/\/vinilozona.lt\/parduotuve\/rock-pop\/creedence-clearwater-revival-%e2%80%8e-the-complete-hit-album\/","name":"Creedence Clearwater Revival \u200e\u2013 The Complete Hit-Album Vinilin\u0117 Plok\u0161tel\u0117 | Vinilozona.lt","isPartOf":{"@id":"https:\/\/vinilozona.lt\/#website"},"primaryImageOfPage":{"@id":"https:\/\/vinilozona.lt\/parduotuve\/rock-pop\/creedence-clearwater-revival-%e2%80%8e-the-complete-hit-album\/#primaryimage"},"image":{"@id":"https:\/\/vinilozona.lt\/parduotuve\/rock-pop\/creedence-clearwater-revival-%e2%80%8e-the-complete-hit-album\/#primaryimage"},"thumbnailUrl":"https:\/\/vinilozona.lt\/wp-content\/uploads\/2021\/07\/R-4191512-1483528448-7085.jpeg.jpg","datePublished":"2024-05-04T02:03:21+00:00","dateModified":"2024-09-01T13:03:23+00:00","breadcrumb":{"@id":"https:\/\/vinilozona.lt\/parduotuve\/rock-pop\/creedence-clearwater-revival-%e2%80%8e-the-complete-hit-album\/#breadcrumb"},"inLanguage":"en-GB","potentialAction":[{"@type":"ReadAction","target":["https:\/\/vinilozona.lt\/parduotuve\/rock-pop\/creedence-clearwater-revival-%e2%80%8e-the-complete-hit-album\/"]}]},{"@type":"ImageObject","inLanguage":"en-GB","@id":"https:\/\/vinilozona.lt\/parduotuve\/rock-pop\/creedence-clearwater-revival-%e2%80%8e-the-complete-hit-album\/#primaryimage","url":"https:\/\/vinilozona.lt\/wp-content\/uploads\/2021\/07\/R-4191512-1483528448-7085.jpeg.jpg","contentUrl":"https:\/\/vinilozona.lt\/wp-content\/uploads\/2021\/07\/R-4191512-1483528448-7085.jpeg.jpg","width":600,"height":602},{"@type":"BreadcrumbList","@id":"https:\/\/vinilozona.lt\/parduotuve\/rock-pop\/creedence-clearwater-revival-%e2%80%8e-the-complete-hit-album\/#breadcrumb","itemListElement":[{"@type":"ListItem","position":1,"name":"Home","item":"https:\/\/vinilozona.lt\/"},{"@type":"ListItem","position":2,"name":"Parduotuv\u0117","item":"https:\/\/vinilozona.lt\/parduotuve\/"},{"@type":"ListItem","position":3,"name":"Creedence Clearwater Revival \u200e\u2013 The Complete Hit-Album"}]},{"@type":"WebSite","@id":"https:\/\/vinilozona.lt\/#website","url":"https:\/\/vinilozona.lt\/","name":"Vinilo Zona","description":"Nup\u016bsk dulkes ir klausyk LP","potentialAction":[{"@type":"SearchAction","target":{"@type":"EntryPoint","urlTemplate":"https:\/\/vinilozona.lt\/?s={search_term_string}"},"query-input":{"@type":"PropertyValueSpecification","valueRequired":true,"valueName":"search_term_string"}}],"inLanguage":"en-GB"}]}},"_links":{"self":[{"href":"https:\/\/vinilozona.lt\/en\/wp-json\/wp\/v2\/product\/15534"}],"collection":[{"href":"https:\/\/vinilozona.lt\/en\/wp-json\/wp\/v2\/product"}],"about":[{"href":"https:\/\/vinilozona.lt\/en\/wp-json\/wp\/v2\/types\/product"}],"wp:featuredmedia":[{"embeddable":true,"href":"https:\/\/vinilozona.lt\/en\/wp-json\/wp\/v2\/media\/15535"}],"wp:attachment":[{"href":"https:\/\/vinilozona.lt\/en\/wp-json\/wp\/v2\/media?parent=15534"}],"wp:term":[{"taxonomy":"product_cat","embeddable":true,"href":"https:\/\/vinilozona.lt\/en\/wp-json\/wp\/v2\/product_cat?post=15534"},{"taxonomy":"product_tag","embeddable":true,"href":"https:\/\/vinilozona.lt\/en\/wp-json\/wp\/v2\/product_tag?post=15534"}],"curies":[{"name":"wp","href":"https:\/\/api.w.org\/{rel}","templated":true}]}}