{"id":15519,"date":"2021-07-07T09:17:58","date_gmt":"2021-07-07T06:17:58","guid":{"rendered":"https:\/\/vinilozona.lt\/?post_type=product&#038;p=15519"},"modified":"2021-07-11T10:37:39","modified_gmt":"2021-07-11T07:37:39","slug":"birth-control-%e2%80%8e-the-best-of-birth-control","status":"publish","type":"product","link":"https:\/\/vinilozona.lt\/en\/parduotuve\/rock-pop\/birth-control-%e2%80%8e-the-best-of-birth-control\/","title":{"rendered":"Birth Control \u200e\u2013 The Best Of Birth Control"},"content":{"rendered":"<p>A1\tPlastic People (You Meet Them Everywhere)\t10:47<br \/>\nA2\tHoodoo Man\t8:25<br \/>\nA3\tShe&#8217;s Got Nothing On You\t5:04<br \/>\nB1\tGamma Ray\t9:47<br \/>\nB2\tTiny Flashlights (Beloved Coffein)\t7:20<br \/>\nB3\tNo Shade Is Real\t4:42<br \/>\nB4\tM.P.C.\t1:56<\/p>","protected":false},"excerpt":{"rendered":"<p>CBS \u200e\u2013 CBS 32353<br \/>\nFormat:<br \/>\nVinyl, LP, Compilation<\/p>","protected":false},"featured_media":15520,"template":"","meta":[],"product_cat":[15],"product_tag":[44],"yoast_head":"<!-- This site is optimized with the Yoast SEO plugin v23.5 - https:\/\/yoast.com\/wordpress\/plugins\/seo\/ -->\n<title>Birth Control \u200e\u2013 The Best Of Birth Control Vinilin\u0117 Plok\u0161tel\u0117 | Vinilozona.lt<\/title>\n<meta name=\"robots\" content=\"index, follow, max-snippet:-1, max-image-preview:large, max-video-preview:-1\" \/>\n<link rel=\"canonical\" href=\"https:\/\/vinilozona.lt\/en\/parduotuve\/rock-pop\/birth-control-\u200e-the-best-of-birth-control\/\" \/>\n<meta property=\"og:locale\" content=\"en_GB\" \/>\n<meta property=\"og:type\" content=\"article\" \/>\n<meta property=\"og:title\" content=\"Birth Control \u200e\u2013 The Best Of Birth Control Vinilin\u0117 Plok\u0161tel\u0117 | Vinilozona.lt\" \/>\n<meta property=\"og:description\" content=\"CBS \u200e\u2013 CBS 32353 Format: Vinyl, LP, Compilation\" \/>\n<meta property=\"og:url\" content=\"https:\/\/vinilozona.lt\/en\/parduotuve\/rock-pop\/birth-control-\u200e-the-best-of-birth-control\/\" \/>\n<meta property=\"og:site_name\" content=\"Vinilo Zona\" \/>\n<meta property=\"article:modified_time\" content=\"2021-07-11T07:37:39+00:00\" \/>\n<meta property=\"og:image\" content=\"https:\/\/vinilozona.lt\/wp-content\/uploads\/2021\/07\/R-2246391-1272120512.jpeg.jpg\" \/>\n\t<meta property=\"og:image:width\" content=\"569\" \/>\n\t<meta property=\"og:image:height\" content=\"600\" \/>\n\t<meta property=\"og:image:type\" content=\"image\/jpeg\" \/>\n<meta name=\"twitter:card\" content=\"summary_large_image\" \/>\n<script type=\"application\/ld+json\" class=\"yoast-schema-graph\">{\"@context\":\"https:\/\/schema.org\",\"@graph\":[{\"@type\":\"WebPage\",\"@id\":\"https:\/\/vinilozona.lt\/parduotuve\/rock-pop\/birth-control-%e2%80%8e-the-best-of-birth-control\/\",\"url\":\"https:\/\/vinilozona.lt\/parduotuve\/rock-pop\/birth-control-%e2%80%8e-the-best-of-birth-control\/\",\"name\":\"Birth Control \u200e\u2013 The Best Of Birth Control Vinilin\u0117 Plok\u0161tel\u0117 | Vinilozona.lt\",\"isPartOf\":{\"@id\":\"https:\/\/vinilozona.lt\/#website\"},\"primaryImageOfPage\":{\"@id\":\"https:\/\/vinilozona.lt\/parduotuve\/rock-pop\/birth-control-%e2%80%8e-the-best-of-birth-control\/#primaryimage\"},\"image\":{\"@id\":\"https:\/\/vinilozona.lt\/parduotuve\/rock-pop\/birth-control-%e2%80%8e-the-best-of-birth-control\/#primaryimage\"},\"thumbnailUrl\":\"https:\/\/vinilozona.lt\/wp-content\/uploads\/2021\/07\/R-2246391-1272120512.jpeg.jpg\",\"datePublished\":\"2021-07-07T06:17:58+00:00\",\"dateModified\":\"2021-07-11T07:37:39+00:00\",\"breadcrumb\":{\"@id\":\"https:\/\/vinilozona.lt\/parduotuve\/rock-pop\/birth-control-%e2%80%8e-the-best-of-birth-control\/#breadcrumb\"},\"inLanguage\":\"en-GB\",\"potentialAction\":[{\"@type\":\"ReadAction\",\"target\":[\"https:\/\/vinilozona.lt\/parduotuve\/rock-pop\/birth-control-%e2%80%8e-the-best-of-birth-control\/\"]}]},{\"@type\":\"ImageObject\",\"inLanguage\":\"en-GB\",\"@id\":\"https:\/\/vinilozona.lt\/parduotuve\/rock-pop\/birth-control-%e2%80%8e-the-best-of-birth-control\/#primaryimage\",\"url\":\"https:\/\/vinilozona.lt\/wp-content\/uploads\/2021\/07\/R-2246391-1272120512.jpeg.jpg\",\"contentUrl\":\"https:\/\/vinilozona.lt\/wp-content\/uploads\/2021\/07\/R-2246391-1272120512.jpeg.jpg\",\"width\":569,\"height\":600},{\"@type\":\"BreadcrumbList\",\"@id\":\"https:\/\/vinilozona.lt\/parduotuve\/rock-pop\/birth-control-%e2%80%8e-the-best-of-birth-control\/#breadcrumb\",\"itemListElement\":[{\"@type\":\"ListItem\",\"position\":1,\"name\":\"Home\",\"item\":\"https:\/\/vinilozona.lt\/\"},{\"@type\":\"ListItem\",\"position\":2,\"name\":\"Parduotuv\u0117\",\"item\":\"https:\/\/vinilozona.lt\/parduotuve\/\"},{\"@type\":\"ListItem\",\"position\":3,\"name\":\"Birth Control \u200e\u2013 The Best Of Birth Control\"}]},{\"@type\":\"WebSite\",\"@id\":\"https:\/\/vinilozona.lt\/#website\",\"url\":\"https:\/\/vinilozona.lt\/\",\"name\":\"Vinilo Zona\",\"description\":\"Nup\u016bsk dulkes ir klausyk LP\",\"potentialAction\":[{\"@type\":\"SearchAction\",\"target\":{\"@type\":\"EntryPoint\",\"urlTemplate\":\"https:\/\/vinilozona.lt\/?s={search_term_string}\"},\"query-input\":{\"@type\":\"PropertyValueSpecification\",\"valueRequired\":true,\"valueName\":\"search_term_string\"}}],\"inLanguage\":\"en-GB\"}]}<\/script>\n<!-- \/ Yoast SEO plugin. -->","yoast_head_json":{"title":"Birth Control \u200e\u2013 The Best Of Birth Control Vinilin\u0117 Plok\u0161tel\u0117 | Vinilozona.lt","robots":{"index":"index","follow":"follow","max-snippet":"max-snippet:-1","max-image-preview":"max-image-preview:large","max-video-preview":"max-video-preview:-1"},"canonical":"https:\/\/vinilozona.lt\/en\/parduotuve\/rock-pop\/birth-control-\u200e-the-best-of-birth-control\/","og_locale":"en_GB","og_type":"article","og_title":"Birth Control \u200e\u2013 The Best Of Birth Control Vinilin\u0117 Plok\u0161tel\u0117 | Vinilozona.lt","og_description":"CBS \u200e\u2013 CBS 32353 Format: Vinyl, LP, Compilation","og_url":"https:\/\/vinilozona.lt\/en\/parduotuve\/rock-pop\/birth-control-\u200e-the-best-of-birth-control\/","og_site_name":"Vinilo Zona","article_modified_time":"2021-07-11T07:37:39+00:00","og_image":[{"width":569,"height":600,"url":"https:\/\/vinilozona.lt\/wp-content\/uploads\/2021\/07\/R-2246391-1272120512.jpeg.jpg","type":"image\/jpeg"}],"twitter_card":"summary_large_image","schema":{"@context":"https:\/\/schema.org","@graph":[{"@type":"WebPage","@id":"https:\/\/vinilozona.lt\/parduotuve\/rock-pop\/birth-control-%e2%80%8e-the-best-of-birth-control\/","url":"https:\/\/vinilozona.lt\/parduotuve\/rock-pop\/birth-control-%e2%80%8e-the-best-of-birth-control\/","name":"Birth Control \u200e\u2013 The Best Of Birth Control Vinilin\u0117 Plok\u0161tel\u0117 | Vinilozona.lt","isPartOf":{"@id":"https:\/\/vinilozona.lt\/#website"},"primaryImageOfPage":{"@id":"https:\/\/vinilozona.lt\/parduotuve\/rock-pop\/birth-control-%e2%80%8e-the-best-of-birth-control\/#primaryimage"},"image":{"@id":"https:\/\/vinilozona.lt\/parduotuve\/rock-pop\/birth-control-%e2%80%8e-the-best-of-birth-control\/#primaryimage"},"thumbnailUrl":"https:\/\/vinilozona.lt\/wp-content\/uploads\/2021\/07\/R-2246391-1272120512.jpeg.jpg","datePublished":"2021-07-07T06:17:58+00:00","dateModified":"2021-07-11T07:37:39+00:00","breadcrumb":{"@id":"https:\/\/vinilozona.lt\/parduotuve\/rock-pop\/birth-control-%e2%80%8e-the-best-of-birth-control\/#breadcrumb"},"inLanguage":"en-GB","potentialAction":[{"@type":"ReadAction","target":["https:\/\/vinilozona.lt\/parduotuve\/rock-pop\/birth-control-%e2%80%8e-the-best-of-birth-control\/"]}]},{"@type":"ImageObject","inLanguage":"en-GB","@id":"https:\/\/vinilozona.lt\/parduotuve\/rock-pop\/birth-control-%e2%80%8e-the-best-of-birth-control\/#primaryimage","url":"https:\/\/vinilozona.lt\/wp-content\/uploads\/2021\/07\/R-2246391-1272120512.jpeg.jpg","contentUrl":"https:\/\/vinilozona.lt\/wp-content\/uploads\/2021\/07\/R-2246391-1272120512.jpeg.jpg","width":569,"height":600},{"@type":"BreadcrumbList","@id":"https:\/\/vinilozona.lt\/parduotuve\/rock-pop\/birth-control-%e2%80%8e-the-best-of-birth-control\/#breadcrumb","itemListElement":[{"@type":"ListItem","position":1,"name":"Home","item":"https:\/\/vinilozona.lt\/"},{"@type":"ListItem","position":2,"name":"Parduotuv\u0117","item":"https:\/\/vinilozona.lt\/parduotuve\/"},{"@type":"ListItem","position":3,"name":"Birth Control \u200e\u2013 The Best Of Birth Control"}]},{"@type":"WebSite","@id":"https:\/\/vinilozona.lt\/#website","url":"https:\/\/vinilozona.lt\/","name":"Vinilo Zona","description":"Nup\u016bsk dulkes ir klausyk LP","potentialAction":[{"@type":"SearchAction","target":{"@type":"EntryPoint","urlTemplate":"https:\/\/vinilozona.lt\/?s={search_term_string}"},"query-input":{"@type":"PropertyValueSpecification","valueRequired":true,"valueName":"search_term_string"}}],"inLanguage":"en-GB"}]}},"_links":{"self":[{"href":"https:\/\/vinilozona.lt\/en\/wp-json\/wp\/v2\/product\/15519"}],"collection":[{"href":"https:\/\/vinilozona.lt\/en\/wp-json\/wp\/v2\/product"}],"about":[{"href":"https:\/\/vinilozona.lt\/en\/wp-json\/wp\/v2\/types\/product"}],"wp:featuredmedia":[{"embeddable":true,"href":"https:\/\/vinilozona.lt\/en\/wp-json\/wp\/v2\/media\/15520"}],"wp:attachment":[{"href":"https:\/\/vinilozona.lt\/en\/wp-json\/wp\/v2\/media?parent=15519"}],"wp:term":[{"taxonomy":"product_cat","embeddable":true,"href":"https:\/\/vinilozona.lt\/en\/wp-json\/wp\/v2\/product_cat?post=15519"},{"taxonomy":"product_tag","embeddable":true,"href":"https:\/\/vinilozona.lt\/en\/wp-json\/wp\/v2\/product_tag?post=15519"}],"curies":[{"name":"wp","href":"https:\/\/api.w.org\/{rel}","templated":true}]}}