{"id":15497,"date":"2021-07-02T13:18:26","date_gmt":"2021-07-02T10:18:26","guid":{"rendered":"https:\/\/vinilozona.lt\/?post_type=product&#038;p=15497"},"modified":"2022-01-30T14:31:48","modified_gmt":"2022-01-30T12:31:48","slug":"t-rex-the-best-of-t-rex","status":"publish","type":"product","link":"https:\/\/vinilozona.lt\/en\/parduotuve\/rock-pop\/t-rex-the-best-of-t-rex\/","title":{"rendered":"T. Rex \u2013 The Best Of T. Rex"},"content":{"rendered":"<p>A1\t\tDebora\t3:08<br \/>\nA2\t\tChild Star\t2:45<br \/>\nA3\t\tCat Black\t2:48<br \/>\nA4\t\tConesuela\t2:20<br \/>\nA5\t\tStrange Orchestras\t1:45<br \/>\nA6\t\tFind A Little Wood\t2:00<br \/>\nA7\t\tOnce Upon The Seas Of Abyssinia\t2:00<br \/>\nB1\t\tOne Inch Rock\t1:43<br \/>\nB2\t\tSalamanda Palaganda\t2:13<br \/>\nB3\t\tLofty Skies\t2:52<br \/>\nB4\t\tStacey Grove\t1:54<br \/>\nB5\t\tKing Of The Rumbling Spires\t2:08<br \/>\nB6\t\tBlessed Wild Apple Girl\t2:30<br \/>\nB7\t\tElemental Child\t5:27<\/p>","protected":false},"excerpt":{"rendered":"<p>Karussell \u2013 2345 021<\/p>","protected":false},"featured_media":15498,"template":"","meta":[],"product_cat":[15],"product_tag":[44],"yoast_head":"<!-- This site is optimized with the Yoast SEO plugin v23.5 - https:\/\/yoast.com\/wordpress\/plugins\/seo\/ -->\n<title>T. Rex \u2013 The Best Of T. Rex Vinilin\u0117 Plok\u0161tel\u0117 | Vinilozona.lt<\/title>\n<meta name=\"robots\" content=\"index, follow, max-snippet:-1, max-image-preview:large, max-video-preview:-1\" \/>\n<link rel=\"canonical\" href=\"https:\/\/vinilozona.lt\/en\/parduotuve\/rock-pop\/t-rex-the-best-of-t-rex\/\" \/>\n<meta property=\"og:locale\" content=\"en_GB\" \/>\n<meta property=\"og:type\" content=\"article\" \/>\n<meta property=\"og:title\" content=\"T. Rex \u2013 The Best Of T. Rex Vinilin\u0117 Plok\u0161tel\u0117 | Vinilozona.lt\" \/>\n<meta property=\"og:description\" content=\"Karussell \u2013 2345 021\" \/>\n<meta property=\"og:url\" content=\"https:\/\/vinilozona.lt\/en\/parduotuve\/rock-pop\/t-rex-the-best-of-t-rex\/\" \/>\n<meta property=\"og:site_name\" content=\"Vinilo Zona\" \/>\n<meta property=\"article:modified_time\" content=\"2022-01-30T12:31:48+00:00\" \/>\n<meta property=\"og:image\" content=\"https:\/\/vinilozona.lt\/wp-content\/uploads\/2021\/06\/R-736361-1492889118-8108.jpeg.jpg\" \/>\n\t<meta property=\"og:image:width\" content=\"600\" \/>\n\t<meta property=\"og:image:height\" content=\"600\" \/>\n\t<meta property=\"og:image:type\" content=\"image\/jpeg\" \/>\n<meta name=\"twitter:card\" content=\"summary_large_image\" \/>\n<script type=\"application\/ld+json\" class=\"yoast-schema-graph\">{\"@context\":\"https:\/\/schema.org\",\"@graph\":[{\"@type\":\"WebPage\",\"@id\":\"https:\/\/vinilozona.lt\/parduotuve\/rock-pop\/t-rex-the-best-of-t-rex\/\",\"url\":\"https:\/\/vinilozona.lt\/parduotuve\/rock-pop\/t-rex-the-best-of-t-rex\/\",\"name\":\"T. Rex \u2013 The Best Of T. Rex Vinilin\u0117 Plok\u0161tel\u0117 | Vinilozona.lt\",\"isPartOf\":{\"@id\":\"https:\/\/vinilozona.lt\/#website\"},\"primaryImageOfPage\":{\"@id\":\"https:\/\/vinilozona.lt\/parduotuve\/rock-pop\/t-rex-the-best-of-t-rex\/#primaryimage\"},\"image\":{\"@id\":\"https:\/\/vinilozona.lt\/parduotuve\/rock-pop\/t-rex-the-best-of-t-rex\/#primaryimage\"},\"thumbnailUrl\":\"https:\/\/vinilozona.lt\/wp-content\/uploads\/2021\/06\/R-736361-1492889118-8108.jpeg.jpg\",\"datePublished\":\"2021-07-02T10:18:26+00:00\",\"dateModified\":\"2022-01-30T12:31:48+00:00\",\"breadcrumb\":{\"@id\":\"https:\/\/vinilozona.lt\/parduotuve\/rock-pop\/t-rex-the-best-of-t-rex\/#breadcrumb\"},\"inLanguage\":\"en-GB\",\"potentialAction\":[{\"@type\":\"ReadAction\",\"target\":[\"https:\/\/vinilozona.lt\/parduotuve\/rock-pop\/t-rex-the-best-of-t-rex\/\"]}]},{\"@type\":\"ImageObject\",\"inLanguage\":\"en-GB\",\"@id\":\"https:\/\/vinilozona.lt\/parduotuve\/rock-pop\/t-rex-the-best-of-t-rex\/#primaryimage\",\"url\":\"https:\/\/vinilozona.lt\/wp-content\/uploads\/2021\/06\/R-736361-1492889118-8108.jpeg.jpg\",\"contentUrl\":\"https:\/\/vinilozona.lt\/wp-content\/uploads\/2021\/06\/R-736361-1492889118-8108.jpeg.jpg\",\"width\":600,\"height\":600},{\"@type\":\"BreadcrumbList\",\"@id\":\"https:\/\/vinilozona.lt\/parduotuve\/rock-pop\/t-rex-the-best-of-t-rex\/#breadcrumb\",\"itemListElement\":[{\"@type\":\"ListItem\",\"position\":1,\"name\":\"Home\",\"item\":\"https:\/\/vinilozona.lt\/\"},{\"@type\":\"ListItem\",\"position\":2,\"name\":\"Parduotuv\u0117\",\"item\":\"https:\/\/vinilozona.lt\/parduotuve\/\"},{\"@type\":\"ListItem\",\"position\":3,\"name\":\"T. Rex \u2013 The Best Of T. Rex\"}]},{\"@type\":\"WebSite\",\"@id\":\"https:\/\/vinilozona.lt\/#website\",\"url\":\"https:\/\/vinilozona.lt\/\",\"name\":\"Vinilo Zona\",\"description\":\"Nup\u016bsk dulkes ir klausyk LP\",\"potentialAction\":[{\"@type\":\"SearchAction\",\"target\":{\"@type\":\"EntryPoint\",\"urlTemplate\":\"https:\/\/vinilozona.lt\/?s={search_term_string}\"},\"query-input\":{\"@type\":\"PropertyValueSpecification\",\"valueRequired\":true,\"valueName\":\"search_term_string\"}}],\"inLanguage\":\"en-GB\"}]}<\/script>\n<!-- \/ Yoast SEO plugin. -->","yoast_head_json":{"title":"T. Rex \u2013 The Best Of T. Rex Vinilin\u0117 Plok\u0161tel\u0117 | Vinilozona.lt","robots":{"index":"index","follow":"follow","max-snippet":"max-snippet:-1","max-image-preview":"max-image-preview:large","max-video-preview":"max-video-preview:-1"},"canonical":"https:\/\/vinilozona.lt\/en\/parduotuve\/rock-pop\/t-rex-the-best-of-t-rex\/","og_locale":"en_GB","og_type":"article","og_title":"T. Rex \u2013 The Best Of T. Rex Vinilin\u0117 Plok\u0161tel\u0117 | Vinilozona.lt","og_description":"Karussell \u2013 2345 021","og_url":"https:\/\/vinilozona.lt\/en\/parduotuve\/rock-pop\/t-rex-the-best-of-t-rex\/","og_site_name":"Vinilo Zona","article_modified_time":"2022-01-30T12:31:48+00:00","og_image":[{"width":600,"height":600,"url":"https:\/\/vinilozona.lt\/wp-content\/uploads\/2021\/06\/R-736361-1492889118-8108.jpeg.jpg","type":"image\/jpeg"}],"twitter_card":"summary_large_image","schema":{"@context":"https:\/\/schema.org","@graph":[{"@type":"WebPage","@id":"https:\/\/vinilozona.lt\/parduotuve\/rock-pop\/t-rex-the-best-of-t-rex\/","url":"https:\/\/vinilozona.lt\/parduotuve\/rock-pop\/t-rex-the-best-of-t-rex\/","name":"T. Rex \u2013 The Best Of T. Rex Vinilin\u0117 Plok\u0161tel\u0117 | Vinilozona.lt","isPartOf":{"@id":"https:\/\/vinilozona.lt\/#website"},"primaryImageOfPage":{"@id":"https:\/\/vinilozona.lt\/parduotuve\/rock-pop\/t-rex-the-best-of-t-rex\/#primaryimage"},"image":{"@id":"https:\/\/vinilozona.lt\/parduotuve\/rock-pop\/t-rex-the-best-of-t-rex\/#primaryimage"},"thumbnailUrl":"https:\/\/vinilozona.lt\/wp-content\/uploads\/2021\/06\/R-736361-1492889118-8108.jpeg.jpg","datePublished":"2021-07-02T10:18:26+00:00","dateModified":"2022-01-30T12:31:48+00:00","breadcrumb":{"@id":"https:\/\/vinilozona.lt\/parduotuve\/rock-pop\/t-rex-the-best-of-t-rex\/#breadcrumb"},"inLanguage":"en-GB","potentialAction":[{"@type":"ReadAction","target":["https:\/\/vinilozona.lt\/parduotuve\/rock-pop\/t-rex-the-best-of-t-rex\/"]}]},{"@type":"ImageObject","inLanguage":"en-GB","@id":"https:\/\/vinilozona.lt\/parduotuve\/rock-pop\/t-rex-the-best-of-t-rex\/#primaryimage","url":"https:\/\/vinilozona.lt\/wp-content\/uploads\/2021\/06\/R-736361-1492889118-8108.jpeg.jpg","contentUrl":"https:\/\/vinilozona.lt\/wp-content\/uploads\/2021\/06\/R-736361-1492889118-8108.jpeg.jpg","width":600,"height":600},{"@type":"BreadcrumbList","@id":"https:\/\/vinilozona.lt\/parduotuve\/rock-pop\/t-rex-the-best-of-t-rex\/#breadcrumb","itemListElement":[{"@type":"ListItem","position":1,"name":"Home","item":"https:\/\/vinilozona.lt\/"},{"@type":"ListItem","position":2,"name":"Parduotuv\u0117","item":"https:\/\/vinilozona.lt\/parduotuve\/"},{"@type":"ListItem","position":3,"name":"T. Rex \u2013 The Best Of T. Rex"}]},{"@type":"WebSite","@id":"https:\/\/vinilozona.lt\/#website","url":"https:\/\/vinilozona.lt\/","name":"Vinilo Zona","description":"Nup\u016bsk dulkes ir klausyk LP","potentialAction":[{"@type":"SearchAction","target":{"@type":"EntryPoint","urlTemplate":"https:\/\/vinilozona.lt\/?s={search_term_string}"},"query-input":{"@type":"PropertyValueSpecification","valueRequired":true,"valueName":"search_term_string"}}],"inLanguage":"en-GB"}]}},"_links":{"self":[{"href":"https:\/\/vinilozona.lt\/en\/wp-json\/wp\/v2\/product\/15497"}],"collection":[{"href":"https:\/\/vinilozona.lt\/en\/wp-json\/wp\/v2\/product"}],"about":[{"href":"https:\/\/vinilozona.lt\/en\/wp-json\/wp\/v2\/types\/product"}],"wp:featuredmedia":[{"embeddable":true,"href":"https:\/\/vinilozona.lt\/en\/wp-json\/wp\/v2\/media\/15498"}],"wp:attachment":[{"href":"https:\/\/vinilozona.lt\/en\/wp-json\/wp\/v2\/media?parent=15497"}],"wp:term":[{"taxonomy":"product_cat","embeddable":true,"href":"https:\/\/vinilozona.lt\/en\/wp-json\/wp\/v2\/product_cat?post=15497"},{"taxonomy":"product_tag","embeddable":true,"href":"https:\/\/vinilozona.lt\/en\/wp-json\/wp\/v2\/product_tag?post=15497"}],"curies":[{"name":"wp","href":"https:\/\/api.w.org\/{rel}","templated":true}]}}