{"id":15435,"date":"2022-11-19T07:16:45","date_gmt":"2022-11-19T05:16:45","guid":{"rendered":"https:\/\/vinilozona.lt\/?post_type=product&#038;p=15435"},"modified":"2024-09-01T16:10:58","modified_gmt":"2024-09-01T13:10:58","slug":"mike-oldfield-%e2%80%8e-the-killing-fields-original-film-soundtrack","status":"publish","type":"product","link":"https:\/\/vinilozona.lt\/en\/parduotuve\/rock-pop\/mike-oldfield-%e2%80%8e-the-killing-fields-original-film-soundtrack\/","title":{"rendered":"Mike Oldfield \u200e\u2013 The Killing Fields (Original Film Soundtrack)"},"content":{"rendered":"<p>A1\tPran&#8217;s Theme\t0:45<br \/>\nA2\tRequiem For A City\t1:45<br \/>\nA3\tEvacuation\t5:10<br \/>\nA4\tPran&#8217;s Theme &#8211; 2\t1:40<br \/>\nA5\tCapture\t2:01<br \/>\nA6\tExecution\t4:10<br \/>\nA7\tBad News\t1:10<br \/>\nA8\tPran&#8217;s Departure\t2:03<br \/>\nB1\tWorksite\t1:18<br \/>\nB2\tThe Year Zero\t0:27<br \/>\nB3\tBlood Sucking\t1:18<br \/>\nB4\tThe Year Zero &#8211; 2\t0:36<br \/>\nB5\tPran&#8217;s Escape \/ The Killing Fields\t3:11<br \/>\nB6\tThe Trek\t1:58<br \/>\nB7\tThe Boy&#8217;s Burial \/ Pran Sees The Red Cross\t2:40<br \/>\nB8\tGood News\t1:44<br \/>\nB9\t\u00c9tude<br \/>\nArranged By \u2013 M.Oldfield*<br \/>\n4:38<\/p>","protected":false},"excerpt":{"rendered":"<p>Virgin \u200e\u2013 V 2328<\/p>","protected":false},"featured_media":15436,"template":"","meta":[],"product_cat":[15],"product_tag":[44],"yoast_head":"<!-- This site is optimized with the Yoast SEO plugin v23.5 - https:\/\/yoast.com\/wordpress\/plugins\/seo\/ -->\n<title>Mike Oldfield \u200e\u2013 The Killing Fields (Original Film Soundtrack) Vinilin\u0117 Plok\u0161tel\u0117 | Vinilozona.lt<\/title>\n<meta name=\"robots\" content=\"index, follow, max-snippet:-1, max-image-preview:large, max-video-preview:-1\" \/>\n<link rel=\"canonical\" href=\"https:\/\/vinilozona.lt\/en\/parduotuve\/rock-pop\/mike-oldfield-\u200e-the-killing-fields-original-film-soundtrack\/\" \/>\n<meta property=\"og:locale\" content=\"en_GB\" \/>\n<meta property=\"og:type\" content=\"article\" \/>\n<meta property=\"og:title\" content=\"Mike Oldfield \u200e\u2013 The Killing Fields (Original Film Soundtrack) Vinilin\u0117 Plok\u0161tel\u0117 | Vinilozona.lt\" \/>\n<meta property=\"og:description\" content=\"Virgin \u200e\u2013 V 2328\" \/>\n<meta property=\"og:url\" content=\"https:\/\/vinilozona.lt\/en\/parduotuve\/rock-pop\/mike-oldfield-\u200e-the-killing-fields-original-film-soundtrack\/\" \/>\n<meta property=\"og:site_name\" content=\"Vinilo Zona\" \/>\n<meta property=\"article:modified_time\" content=\"2024-09-01T13:10:58+00:00\" \/>\n<meta property=\"og:image\" content=\"https:\/\/vinilozona.lt\/wp-content\/uploads\/2021\/06\/R-305418-1274894643.jpeg.jpg\" \/>\n\t<meta property=\"og:image:width\" content=\"500\" \/>\n\t<meta property=\"og:image:height\" content=\"500\" \/>\n\t<meta property=\"og:image:type\" content=\"image\/jpeg\" \/>\n<meta name=\"twitter:card\" content=\"summary_large_image\" \/>\n<script type=\"application\/ld+json\" class=\"yoast-schema-graph\">{\"@context\":\"https:\/\/schema.org\",\"@graph\":[{\"@type\":\"WebPage\",\"@id\":\"https:\/\/vinilozona.lt\/parduotuve\/rock-pop\/mike-oldfield-%e2%80%8e-the-killing-fields-original-film-soundtrack\/\",\"url\":\"https:\/\/vinilozona.lt\/parduotuve\/rock-pop\/mike-oldfield-%e2%80%8e-the-killing-fields-original-film-soundtrack\/\",\"name\":\"Mike Oldfield \u200e\u2013 The Killing Fields (Original Film Soundtrack) Vinilin\u0117 Plok\u0161tel\u0117 | Vinilozona.lt\",\"isPartOf\":{\"@id\":\"https:\/\/vinilozona.lt\/#website\"},\"primaryImageOfPage\":{\"@id\":\"https:\/\/vinilozona.lt\/parduotuve\/rock-pop\/mike-oldfield-%e2%80%8e-the-killing-fields-original-film-soundtrack\/#primaryimage\"},\"image\":{\"@id\":\"https:\/\/vinilozona.lt\/parduotuve\/rock-pop\/mike-oldfield-%e2%80%8e-the-killing-fields-original-film-soundtrack\/#primaryimage\"},\"thumbnailUrl\":\"https:\/\/vinilozona.lt\/wp-content\/uploads\/2021\/06\/R-305418-1274894643.jpeg.jpg\",\"datePublished\":\"2022-11-19T05:16:45+00:00\",\"dateModified\":\"2024-09-01T13:10:58+00:00\",\"breadcrumb\":{\"@id\":\"https:\/\/vinilozona.lt\/parduotuve\/rock-pop\/mike-oldfield-%e2%80%8e-the-killing-fields-original-film-soundtrack\/#breadcrumb\"},\"inLanguage\":\"en-GB\",\"potentialAction\":[{\"@type\":\"ReadAction\",\"target\":[\"https:\/\/vinilozona.lt\/parduotuve\/rock-pop\/mike-oldfield-%e2%80%8e-the-killing-fields-original-film-soundtrack\/\"]}]},{\"@type\":\"ImageObject\",\"inLanguage\":\"en-GB\",\"@id\":\"https:\/\/vinilozona.lt\/parduotuve\/rock-pop\/mike-oldfield-%e2%80%8e-the-killing-fields-original-film-soundtrack\/#primaryimage\",\"url\":\"https:\/\/vinilozona.lt\/wp-content\/uploads\/2021\/06\/R-305418-1274894643.jpeg.jpg\",\"contentUrl\":\"https:\/\/vinilozona.lt\/wp-content\/uploads\/2021\/06\/R-305418-1274894643.jpeg.jpg\",\"width\":500,\"height\":500},{\"@type\":\"BreadcrumbList\",\"@id\":\"https:\/\/vinilozona.lt\/parduotuve\/rock-pop\/mike-oldfield-%e2%80%8e-the-killing-fields-original-film-soundtrack\/#breadcrumb\",\"itemListElement\":[{\"@type\":\"ListItem\",\"position\":1,\"name\":\"Home\",\"item\":\"https:\/\/vinilozona.lt\/\"},{\"@type\":\"ListItem\",\"position\":2,\"name\":\"Parduotuv\u0117\",\"item\":\"https:\/\/vinilozona.lt\/parduotuve\/\"},{\"@type\":\"ListItem\",\"position\":3,\"name\":\"Mike Oldfield \u200e\u2013 The Killing Fields (Original Film Soundtrack)\"}]},{\"@type\":\"WebSite\",\"@id\":\"https:\/\/vinilozona.lt\/#website\",\"url\":\"https:\/\/vinilozona.lt\/\",\"name\":\"Vinilo Zona\",\"description\":\"Nup\u016bsk dulkes ir klausyk LP\",\"potentialAction\":[{\"@type\":\"SearchAction\",\"target\":{\"@type\":\"EntryPoint\",\"urlTemplate\":\"https:\/\/vinilozona.lt\/?s={search_term_string}\"},\"query-input\":{\"@type\":\"PropertyValueSpecification\",\"valueRequired\":true,\"valueName\":\"search_term_string\"}}],\"inLanguage\":\"en-GB\"}]}<\/script>\n<!-- \/ Yoast SEO plugin. -->","yoast_head_json":{"title":"Mike Oldfield \u200e\u2013 The Killing Fields (Original Film Soundtrack) Vinilin\u0117 Plok\u0161tel\u0117 | Vinilozona.lt","robots":{"index":"index","follow":"follow","max-snippet":"max-snippet:-1","max-image-preview":"max-image-preview:large","max-video-preview":"max-video-preview:-1"},"canonical":"https:\/\/vinilozona.lt\/en\/parduotuve\/rock-pop\/mike-oldfield-\u200e-the-killing-fields-original-film-soundtrack\/","og_locale":"en_GB","og_type":"article","og_title":"Mike Oldfield \u200e\u2013 The Killing Fields (Original Film Soundtrack) Vinilin\u0117 Plok\u0161tel\u0117 | Vinilozona.lt","og_description":"Virgin \u200e\u2013 V 2328","og_url":"https:\/\/vinilozona.lt\/en\/parduotuve\/rock-pop\/mike-oldfield-\u200e-the-killing-fields-original-film-soundtrack\/","og_site_name":"Vinilo Zona","article_modified_time":"2024-09-01T13:10:58+00:00","og_image":[{"width":500,"height":500,"url":"https:\/\/vinilozona.lt\/wp-content\/uploads\/2021\/06\/R-305418-1274894643.jpeg.jpg","type":"image\/jpeg"}],"twitter_card":"summary_large_image","schema":{"@context":"https:\/\/schema.org","@graph":[{"@type":"WebPage","@id":"https:\/\/vinilozona.lt\/parduotuve\/rock-pop\/mike-oldfield-%e2%80%8e-the-killing-fields-original-film-soundtrack\/","url":"https:\/\/vinilozona.lt\/parduotuve\/rock-pop\/mike-oldfield-%e2%80%8e-the-killing-fields-original-film-soundtrack\/","name":"Mike Oldfield \u200e\u2013 The Killing Fields (Original Film Soundtrack) Vinilin\u0117 Plok\u0161tel\u0117 | Vinilozona.lt","isPartOf":{"@id":"https:\/\/vinilozona.lt\/#website"},"primaryImageOfPage":{"@id":"https:\/\/vinilozona.lt\/parduotuve\/rock-pop\/mike-oldfield-%e2%80%8e-the-killing-fields-original-film-soundtrack\/#primaryimage"},"image":{"@id":"https:\/\/vinilozona.lt\/parduotuve\/rock-pop\/mike-oldfield-%e2%80%8e-the-killing-fields-original-film-soundtrack\/#primaryimage"},"thumbnailUrl":"https:\/\/vinilozona.lt\/wp-content\/uploads\/2021\/06\/R-305418-1274894643.jpeg.jpg","datePublished":"2022-11-19T05:16:45+00:00","dateModified":"2024-09-01T13:10:58+00:00","breadcrumb":{"@id":"https:\/\/vinilozona.lt\/parduotuve\/rock-pop\/mike-oldfield-%e2%80%8e-the-killing-fields-original-film-soundtrack\/#breadcrumb"},"inLanguage":"en-GB","potentialAction":[{"@type":"ReadAction","target":["https:\/\/vinilozona.lt\/parduotuve\/rock-pop\/mike-oldfield-%e2%80%8e-the-killing-fields-original-film-soundtrack\/"]}]},{"@type":"ImageObject","inLanguage":"en-GB","@id":"https:\/\/vinilozona.lt\/parduotuve\/rock-pop\/mike-oldfield-%e2%80%8e-the-killing-fields-original-film-soundtrack\/#primaryimage","url":"https:\/\/vinilozona.lt\/wp-content\/uploads\/2021\/06\/R-305418-1274894643.jpeg.jpg","contentUrl":"https:\/\/vinilozona.lt\/wp-content\/uploads\/2021\/06\/R-305418-1274894643.jpeg.jpg","width":500,"height":500},{"@type":"BreadcrumbList","@id":"https:\/\/vinilozona.lt\/parduotuve\/rock-pop\/mike-oldfield-%e2%80%8e-the-killing-fields-original-film-soundtrack\/#breadcrumb","itemListElement":[{"@type":"ListItem","position":1,"name":"Home","item":"https:\/\/vinilozona.lt\/"},{"@type":"ListItem","position":2,"name":"Parduotuv\u0117","item":"https:\/\/vinilozona.lt\/parduotuve\/"},{"@type":"ListItem","position":3,"name":"Mike Oldfield \u200e\u2013 The Killing Fields (Original Film Soundtrack)"}]},{"@type":"WebSite","@id":"https:\/\/vinilozona.lt\/#website","url":"https:\/\/vinilozona.lt\/","name":"Vinilo Zona","description":"Nup\u016bsk dulkes ir klausyk LP","potentialAction":[{"@type":"SearchAction","target":{"@type":"EntryPoint","urlTemplate":"https:\/\/vinilozona.lt\/?s={search_term_string}"},"query-input":{"@type":"PropertyValueSpecification","valueRequired":true,"valueName":"search_term_string"}}],"inLanguage":"en-GB"}]}},"_links":{"self":[{"href":"https:\/\/vinilozona.lt\/en\/wp-json\/wp\/v2\/product\/15435"}],"collection":[{"href":"https:\/\/vinilozona.lt\/en\/wp-json\/wp\/v2\/product"}],"about":[{"href":"https:\/\/vinilozona.lt\/en\/wp-json\/wp\/v2\/types\/product"}],"wp:featuredmedia":[{"embeddable":true,"href":"https:\/\/vinilozona.lt\/en\/wp-json\/wp\/v2\/media\/15436"}],"wp:attachment":[{"href":"https:\/\/vinilozona.lt\/en\/wp-json\/wp\/v2\/media?parent=15435"}],"wp:term":[{"taxonomy":"product_cat","embeddable":true,"href":"https:\/\/vinilozona.lt\/en\/wp-json\/wp\/v2\/product_cat?post=15435"},{"taxonomy":"product_tag","embeddable":true,"href":"https:\/\/vinilozona.lt\/en\/wp-json\/wp\/v2\/product_tag?post=15435"}],"curies":[{"name":"wp","href":"https:\/\/api.w.org\/{rel}","templated":true}]}}