{"id":15433,"date":"2024-05-24T05:05:08","date_gmt":"2024-05-24T02:05:08","guid":{"rendered":"https:\/\/vinilozona.lt\/?post_type=product&#038;p=15433"},"modified":"2024-05-22T16:46:35","modified_gmt":"2024-05-22T13:46:35","slug":"moody-blues-%e2%80%8e-caught-live-5","status":"publish","type":"product","link":"https:\/\/vinilozona.lt\/en\/parduotuve\/rock-pop\/moody-blues-%e2%80%8e-caught-live-5\/","title":{"rendered":"Moody Blues \u200e\u2013 Caught Live +5"},"content":{"rendered":"<p>A1\tGypsy (Of A Strange And Distant Time)\t3:22<br \/>\nA2\tThe Sunset\t4:05<br \/>\nA3\tDr. Livingstone, I Presume\t3:00<br \/>\nA4\tNever Comes The Day\t4:45<br \/>\nB1\tPeak Hour\t5:00<br \/>\nB2\tTuesday Afternoon\t4:25<br \/>\nB3\tAre You Sitting Comfortably ?\t4:00<br \/>\nB4\tThe Dream\t0:55<br \/>\nB5\tHave You Heard (Pt. 1)\t2:10<br \/>\nB6\tThe Voyage\t2:47<br \/>\nB7\tHave You Heard (Pt. 2)\t2:17<br \/>\nC1\tNights In White Satin\t5:10<br \/>\nC2\tLegend Of A Mind\t6:15<br \/>\nC3\tRide My See-Saw\t3:38<br \/>\n+5<br \/>\nD1\tGimme A Little Somethin&#8217;\t3:13<br \/>\nD2\tPlease Think About It\t3:43<br \/>\nD3\tLong Summer Days\t3:13<br \/>\nD4\tKing And Queen\t3:54<br \/>\nD5\tWhat Am I Doing Here ?\t3:35<\/p>","protected":false},"excerpt":{"rendered":"<p>Nova  \u2013 6.28412, Decca \u2013 6.28412<br \/>\nFormat:<br \/>\n2 x Vinyl, LP, Album, Gatefold Sleeve<br \/>\nCountry:\tGermany<br \/>\nReleased:\t1977<\/p>","protected":false},"featured_media":15434,"template":"","meta":[],"product_cat":[15],"product_tag":[44],"yoast_head":"<!-- This site is optimized with the Yoast SEO plugin v23.5 - https:\/\/yoast.com\/wordpress\/plugins\/seo\/ -->\n<title>Moody Blues \u200e\u2013 Caught Live +5 Vinilin\u0117 Plok\u0161tel\u0117 | Vinilozona.lt<\/title>\n<meta name=\"robots\" content=\"index, follow, max-snippet:-1, max-image-preview:large, max-video-preview:-1\" \/>\n<link rel=\"canonical\" href=\"https:\/\/vinilozona.lt\/en\/parduotuve\/rock-pop\/moody-blues-\u200e-caught-live-5\/\" \/>\n<meta property=\"og:locale\" content=\"en_GB\" \/>\n<meta property=\"og:type\" content=\"article\" \/>\n<meta property=\"og:title\" content=\"Moody Blues \u200e\u2013 Caught Live +5 Vinilin\u0117 Plok\u0161tel\u0117 | Vinilozona.lt\" \/>\n<meta property=\"og:description\" content=\"Nova \u2013 6.28412, Decca \u2013 6.28412 Format:  2 x Vinyl, LP, Album, Gatefold Sleeve Country: Germany Released: 1977\" \/>\n<meta property=\"og:url\" content=\"https:\/\/vinilozona.lt\/en\/parduotuve\/rock-pop\/moody-blues-\u200e-caught-live-5\/\" \/>\n<meta property=\"og:site_name\" content=\"Vinilo Zona\" \/>\n<meta property=\"article:modified_time\" content=\"2024-05-22T13:46:35+00:00\" \/>\n<meta property=\"og:image\" content=\"https:\/\/vinilozona.lt\/wp-content\/uploads\/2021\/06\/R-3334820-1326296958.jpeg.jpg\" \/>\n\t<meta property=\"og:image:width\" content=\"600\" \/>\n\t<meta property=\"og:image:height\" content=\"597\" \/>\n\t<meta property=\"og:image:type\" content=\"image\/jpeg\" \/>\n<meta name=\"twitter:card\" content=\"summary_large_image\" \/>\n<script type=\"application\/ld+json\" class=\"yoast-schema-graph\">{\"@context\":\"https:\/\/schema.org\",\"@graph\":[{\"@type\":\"WebPage\",\"@id\":\"https:\/\/vinilozona.lt\/parduotuve\/rock-pop\/moody-blues-%e2%80%8e-caught-live-5\/\",\"url\":\"https:\/\/vinilozona.lt\/parduotuve\/rock-pop\/moody-blues-%e2%80%8e-caught-live-5\/\",\"name\":\"Moody Blues \u200e\u2013 Caught Live +5 Vinilin\u0117 Plok\u0161tel\u0117 | Vinilozona.lt\",\"isPartOf\":{\"@id\":\"https:\/\/vinilozona.lt\/#website\"},\"primaryImageOfPage\":{\"@id\":\"https:\/\/vinilozona.lt\/parduotuve\/rock-pop\/moody-blues-%e2%80%8e-caught-live-5\/#primaryimage\"},\"image\":{\"@id\":\"https:\/\/vinilozona.lt\/parduotuve\/rock-pop\/moody-blues-%e2%80%8e-caught-live-5\/#primaryimage\"},\"thumbnailUrl\":\"https:\/\/vinilozona.lt\/wp-content\/uploads\/2021\/06\/R-3334820-1326296958.jpeg.jpg\",\"datePublished\":\"2024-05-24T02:05:08+00:00\",\"dateModified\":\"2024-05-22T13:46:35+00:00\",\"breadcrumb\":{\"@id\":\"https:\/\/vinilozona.lt\/parduotuve\/rock-pop\/moody-blues-%e2%80%8e-caught-live-5\/#breadcrumb\"},\"inLanguage\":\"en-GB\",\"potentialAction\":[{\"@type\":\"ReadAction\",\"target\":[\"https:\/\/vinilozona.lt\/parduotuve\/rock-pop\/moody-blues-%e2%80%8e-caught-live-5\/\"]}]},{\"@type\":\"ImageObject\",\"inLanguage\":\"en-GB\",\"@id\":\"https:\/\/vinilozona.lt\/parduotuve\/rock-pop\/moody-blues-%e2%80%8e-caught-live-5\/#primaryimage\",\"url\":\"https:\/\/vinilozona.lt\/wp-content\/uploads\/2021\/06\/R-3334820-1326296958.jpeg.jpg\",\"contentUrl\":\"https:\/\/vinilozona.lt\/wp-content\/uploads\/2021\/06\/R-3334820-1326296958.jpeg.jpg\",\"width\":600,\"height\":597},{\"@type\":\"BreadcrumbList\",\"@id\":\"https:\/\/vinilozona.lt\/parduotuve\/rock-pop\/moody-blues-%e2%80%8e-caught-live-5\/#breadcrumb\",\"itemListElement\":[{\"@type\":\"ListItem\",\"position\":1,\"name\":\"Home\",\"item\":\"https:\/\/vinilozona.lt\/\"},{\"@type\":\"ListItem\",\"position\":2,\"name\":\"Parduotuv\u0117\",\"item\":\"https:\/\/vinilozona.lt\/parduotuve\/\"},{\"@type\":\"ListItem\",\"position\":3,\"name\":\"Moody Blues \u200e\u2013 Caught Live +5\"}]},{\"@type\":\"WebSite\",\"@id\":\"https:\/\/vinilozona.lt\/#website\",\"url\":\"https:\/\/vinilozona.lt\/\",\"name\":\"Vinilo Zona\",\"description\":\"Nup\u016bsk dulkes ir klausyk LP\",\"potentialAction\":[{\"@type\":\"SearchAction\",\"target\":{\"@type\":\"EntryPoint\",\"urlTemplate\":\"https:\/\/vinilozona.lt\/?s={search_term_string}\"},\"query-input\":{\"@type\":\"PropertyValueSpecification\",\"valueRequired\":true,\"valueName\":\"search_term_string\"}}],\"inLanguage\":\"en-GB\"}]}<\/script>\n<!-- \/ Yoast SEO plugin. -->","yoast_head_json":{"title":"Moody Blues \u200e\u2013 Caught Live +5 Vinilin\u0117 Plok\u0161tel\u0117 | Vinilozona.lt","robots":{"index":"index","follow":"follow","max-snippet":"max-snippet:-1","max-image-preview":"max-image-preview:large","max-video-preview":"max-video-preview:-1"},"canonical":"https:\/\/vinilozona.lt\/en\/parduotuve\/rock-pop\/moody-blues-\u200e-caught-live-5\/","og_locale":"en_GB","og_type":"article","og_title":"Moody Blues \u200e\u2013 Caught Live +5 Vinilin\u0117 Plok\u0161tel\u0117 | Vinilozona.lt","og_description":"Nova \u2013 6.28412, Decca \u2013 6.28412 Format:  2 x Vinyl, LP, Album, Gatefold Sleeve Country: Germany Released: 1977","og_url":"https:\/\/vinilozona.lt\/en\/parduotuve\/rock-pop\/moody-blues-\u200e-caught-live-5\/","og_site_name":"Vinilo Zona","article_modified_time":"2024-05-22T13:46:35+00:00","og_image":[{"width":600,"height":597,"url":"https:\/\/vinilozona.lt\/wp-content\/uploads\/2021\/06\/R-3334820-1326296958.jpeg.jpg","type":"image\/jpeg"}],"twitter_card":"summary_large_image","schema":{"@context":"https:\/\/schema.org","@graph":[{"@type":"WebPage","@id":"https:\/\/vinilozona.lt\/parduotuve\/rock-pop\/moody-blues-%e2%80%8e-caught-live-5\/","url":"https:\/\/vinilozona.lt\/parduotuve\/rock-pop\/moody-blues-%e2%80%8e-caught-live-5\/","name":"Moody Blues \u200e\u2013 Caught Live +5 Vinilin\u0117 Plok\u0161tel\u0117 | Vinilozona.lt","isPartOf":{"@id":"https:\/\/vinilozona.lt\/#website"},"primaryImageOfPage":{"@id":"https:\/\/vinilozona.lt\/parduotuve\/rock-pop\/moody-blues-%e2%80%8e-caught-live-5\/#primaryimage"},"image":{"@id":"https:\/\/vinilozona.lt\/parduotuve\/rock-pop\/moody-blues-%e2%80%8e-caught-live-5\/#primaryimage"},"thumbnailUrl":"https:\/\/vinilozona.lt\/wp-content\/uploads\/2021\/06\/R-3334820-1326296958.jpeg.jpg","datePublished":"2024-05-24T02:05:08+00:00","dateModified":"2024-05-22T13:46:35+00:00","breadcrumb":{"@id":"https:\/\/vinilozona.lt\/parduotuve\/rock-pop\/moody-blues-%e2%80%8e-caught-live-5\/#breadcrumb"},"inLanguage":"en-GB","potentialAction":[{"@type":"ReadAction","target":["https:\/\/vinilozona.lt\/parduotuve\/rock-pop\/moody-blues-%e2%80%8e-caught-live-5\/"]}]},{"@type":"ImageObject","inLanguage":"en-GB","@id":"https:\/\/vinilozona.lt\/parduotuve\/rock-pop\/moody-blues-%e2%80%8e-caught-live-5\/#primaryimage","url":"https:\/\/vinilozona.lt\/wp-content\/uploads\/2021\/06\/R-3334820-1326296958.jpeg.jpg","contentUrl":"https:\/\/vinilozona.lt\/wp-content\/uploads\/2021\/06\/R-3334820-1326296958.jpeg.jpg","width":600,"height":597},{"@type":"BreadcrumbList","@id":"https:\/\/vinilozona.lt\/parduotuve\/rock-pop\/moody-blues-%e2%80%8e-caught-live-5\/#breadcrumb","itemListElement":[{"@type":"ListItem","position":1,"name":"Home","item":"https:\/\/vinilozona.lt\/"},{"@type":"ListItem","position":2,"name":"Parduotuv\u0117","item":"https:\/\/vinilozona.lt\/parduotuve\/"},{"@type":"ListItem","position":3,"name":"Moody Blues \u200e\u2013 Caught Live +5"}]},{"@type":"WebSite","@id":"https:\/\/vinilozona.lt\/#website","url":"https:\/\/vinilozona.lt\/","name":"Vinilo Zona","description":"Nup\u016bsk dulkes ir klausyk LP","potentialAction":[{"@type":"SearchAction","target":{"@type":"EntryPoint","urlTemplate":"https:\/\/vinilozona.lt\/?s={search_term_string}"},"query-input":{"@type":"PropertyValueSpecification","valueRequired":true,"valueName":"search_term_string"}}],"inLanguage":"en-GB"}]}},"_links":{"self":[{"href":"https:\/\/vinilozona.lt\/en\/wp-json\/wp\/v2\/product\/15433"}],"collection":[{"href":"https:\/\/vinilozona.lt\/en\/wp-json\/wp\/v2\/product"}],"about":[{"href":"https:\/\/vinilozona.lt\/en\/wp-json\/wp\/v2\/types\/product"}],"wp:featuredmedia":[{"embeddable":true,"href":"https:\/\/vinilozona.lt\/en\/wp-json\/wp\/v2\/media\/15434"}],"wp:attachment":[{"href":"https:\/\/vinilozona.lt\/en\/wp-json\/wp\/v2\/media?parent=15433"}],"wp:term":[{"taxonomy":"product_cat","embeddable":true,"href":"https:\/\/vinilozona.lt\/en\/wp-json\/wp\/v2\/product_cat?post=15433"},{"taxonomy":"product_tag","embeddable":true,"href":"https:\/\/vinilozona.lt\/en\/wp-json\/wp\/v2\/product_tag?post=15433"}],"curies":[{"name":"wp","href":"https:\/\/api.w.org\/{rel}","templated":true}]}}