{"id":15425,"date":"2025-01-27T05:12:05","date_gmt":"2025-01-27T03:12:05","guid":{"rendered":"https:\/\/vinilozona.lt\/?post_type=product&#038;p=15425"},"modified":"2025-04-04T10:31:28","modified_gmt":"2025-04-04T07:31:28","slug":"emerson-lake-palmer-%e2%80%8e-works-volume-1","status":"publish","type":"product","link":"https:\/\/vinilozona.lt\/en\/parduotuve\/rock-pop\/emerson-lake-palmer-%e2%80%8e-works-volume-1\/","title":{"rendered":"Emerson, Lake &#038; Palmer \u200e\u2013 Works (Volume 1)  2LP"},"content":{"rendered":"<p>\u2013Keith Emerson\tPiano Concerto No. 1<br \/>\n\u2013\tFirst Movement: Allegro Giojoso\t9:18<br \/>\n\u2013\tSecond Movement: Andante Molto Cantabile\t2:09<br \/>\n\u2013\tThird Movement: Toccata Con Fuoco\t6:50<br \/>\n\u2013Greg Lake\tLend Your Love To Me Tonight\t4:00<br \/>\n\u2013Greg Lake\tC&#8217;est La Vie\t4:17<br \/>\n\u2013Greg Lake\tHallowed Be Thy Name\t4:35<br \/>\n\u2013Greg Lake\tNobody Loves You Like I Do\t3:56<br \/>\n\u2013Greg Lake\tCloser To Believing\t5:34<br \/>\n\u2013Carl Palmer\tThe Enemy God Dances With The Black Spirits (Excerpt From &#8222;The Scythian Suite&#8221;)\t3:16<br \/>\n\u2013Carl Palmer\tL.A.Nights\t5:42<br \/>\n\u2013Carl Palmer\tNew Orleans\t2:45<br \/>\n\u2013Carl Palmer\tTwo Part Invention In D Minor\t1:53<br \/>\n\u2013Carl Palmer\tFood For Your Soul\t3:58<br \/>\n\u2013Carl Palmer\tTank\t5:09<br \/>\n\u2013Emerson Lake &#038; Palmer*\tFanfare For The Common Man\t9:38<br \/>\n\u2013Emerson Lake &#038; Palmer*\tPirates\t13:20<\/p>","protected":false},"excerpt":{"rendered":"<p>Ariola \u2013 28 614 XDU<br \/>\nFormat:<br \/>\n2 x Vinyl, LP, Album, Stereo, Tri-fold<br \/>\nCountry:<br \/>\nGermany<br \/>\nReleased:<br \/>\nMar 17, 1977<\/p>","protected":false},"featured_media":15426,"template":"","meta":[],"product_cat":[15],"product_tag":[44],"yoast_head":"<!-- This site is optimized with the Yoast SEO plugin v23.5 - https:\/\/yoast.com\/wordpress\/plugins\/seo\/ -->\n<title>Emerson, Lake &amp; Palmer \u200e\u2013 Works (Volume 1) 2LP Vinilin\u0117 Plok\u0161tel\u0117 | Vinilozona.lt<\/title>\n<meta name=\"robots\" content=\"index, follow, max-snippet:-1, max-image-preview:large, max-video-preview:-1\" \/>\n<link rel=\"canonical\" href=\"https:\/\/vinilozona.lt\/en\/parduotuve\/rock-pop\/emerson-lake-palmer-\u200e-works-volume-1\/\" \/>\n<meta property=\"og:locale\" content=\"en_GB\" \/>\n<meta property=\"og:type\" content=\"article\" \/>\n<meta property=\"og:title\" content=\"Emerson, Lake &amp; Palmer \u200e\u2013 Works (Volume 1) 2LP Vinilin\u0117 Plok\u0161tel\u0117 | Vinilozona.lt\" \/>\n<meta property=\"og:description\" content=\"Ariola \u2013 28 614 XDU Format: 2 x Vinyl, LP, Album, Stereo, Tri-fold Country: Germany Released: Mar 17, 1977\" \/>\n<meta property=\"og:url\" content=\"https:\/\/vinilozona.lt\/en\/parduotuve\/rock-pop\/emerson-lake-palmer-\u200e-works-volume-1\/\" \/>\n<meta property=\"og:site_name\" content=\"Vinilo Zona\" \/>\n<meta property=\"article:modified_time\" content=\"2025-04-04T07:31:28+00:00\" \/>\n<meta property=\"og:image\" content=\"https:\/\/vinilozona.lt\/wp-content\/uploads\/2021\/06\/R-5376042-1391862125-2457.jpeg.jpg\" \/>\n\t<meta property=\"og:image:width\" content=\"595\" \/>\n\t<meta property=\"og:image:height\" content=\"590\" \/>\n\t<meta property=\"og:image:type\" content=\"image\/jpeg\" \/>\n<meta name=\"twitter:card\" content=\"summary_large_image\" \/>\n<meta name=\"twitter:label1\" content=\"Estimated reading time\" \/>\n\t<meta name=\"twitter:data1\" content=\"1 minute\" \/>\n<script type=\"application\/ld+json\" class=\"yoast-schema-graph\">{\"@context\":\"https:\/\/schema.org\",\"@graph\":[{\"@type\":\"WebPage\",\"@id\":\"https:\/\/vinilozona.lt\/parduotuve\/rock-pop\/emerson-lake-palmer-%e2%80%8e-works-volume-1\/\",\"url\":\"https:\/\/vinilozona.lt\/parduotuve\/rock-pop\/emerson-lake-palmer-%e2%80%8e-works-volume-1\/\",\"name\":\"Emerson, Lake & Palmer \u200e\u2013 Works (Volume 1) 2LP Vinilin\u0117 Plok\u0161tel\u0117 | Vinilozona.lt\",\"isPartOf\":{\"@id\":\"https:\/\/vinilozona.lt\/#website\"},\"primaryImageOfPage\":{\"@id\":\"https:\/\/vinilozona.lt\/parduotuve\/rock-pop\/emerson-lake-palmer-%e2%80%8e-works-volume-1\/#primaryimage\"},\"image\":{\"@id\":\"https:\/\/vinilozona.lt\/parduotuve\/rock-pop\/emerson-lake-palmer-%e2%80%8e-works-volume-1\/#primaryimage\"},\"thumbnailUrl\":\"https:\/\/vinilozona.lt\/wp-content\/uploads\/2021\/06\/R-5376042-1391862125-2457.jpeg.jpg\",\"datePublished\":\"2025-01-27T03:12:05+00:00\",\"dateModified\":\"2025-04-04T07:31:28+00:00\",\"breadcrumb\":{\"@id\":\"https:\/\/vinilozona.lt\/parduotuve\/rock-pop\/emerson-lake-palmer-%e2%80%8e-works-volume-1\/#breadcrumb\"},\"inLanguage\":\"en-GB\",\"potentialAction\":[{\"@type\":\"ReadAction\",\"target\":[\"https:\/\/vinilozona.lt\/parduotuve\/rock-pop\/emerson-lake-palmer-%e2%80%8e-works-volume-1\/\"]}]},{\"@type\":\"ImageObject\",\"inLanguage\":\"en-GB\",\"@id\":\"https:\/\/vinilozona.lt\/parduotuve\/rock-pop\/emerson-lake-palmer-%e2%80%8e-works-volume-1\/#primaryimage\",\"url\":\"https:\/\/vinilozona.lt\/wp-content\/uploads\/2021\/06\/R-5376042-1391862125-2457.jpeg.jpg\",\"contentUrl\":\"https:\/\/vinilozona.lt\/wp-content\/uploads\/2021\/06\/R-5376042-1391862125-2457.jpeg.jpg\",\"width\":595,\"height\":590},{\"@type\":\"BreadcrumbList\",\"@id\":\"https:\/\/vinilozona.lt\/parduotuve\/rock-pop\/emerson-lake-palmer-%e2%80%8e-works-volume-1\/#breadcrumb\",\"itemListElement\":[{\"@type\":\"ListItem\",\"position\":1,\"name\":\"Home\",\"item\":\"https:\/\/vinilozona.lt\/\"},{\"@type\":\"ListItem\",\"position\":2,\"name\":\"Parduotuv\u0117\",\"item\":\"https:\/\/vinilozona.lt\/parduotuve\/\"},{\"@type\":\"ListItem\",\"position\":3,\"name\":\"Emerson, Lake &#038; Palmer \u200e\u2013 Works (Volume 1) 2LP\"}]},{\"@type\":\"WebSite\",\"@id\":\"https:\/\/vinilozona.lt\/#website\",\"url\":\"https:\/\/vinilozona.lt\/\",\"name\":\"Vinilo Zona\",\"description\":\"Nup\u016bsk dulkes ir klausyk LP\",\"potentialAction\":[{\"@type\":\"SearchAction\",\"target\":{\"@type\":\"EntryPoint\",\"urlTemplate\":\"https:\/\/vinilozona.lt\/?s={search_term_string}\"},\"query-input\":{\"@type\":\"PropertyValueSpecification\",\"valueRequired\":true,\"valueName\":\"search_term_string\"}}],\"inLanguage\":\"en-GB\"}]}<\/script>\n<!-- \/ Yoast SEO plugin. -->","yoast_head_json":{"title":"Emerson, Lake & Palmer \u200e\u2013 Works (Volume 1) 2LP Vinilin\u0117 Plok\u0161tel\u0117 | Vinilozona.lt","robots":{"index":"index","follow":"follow","max-snippet":"max-snippet:-1","max-image-preview":"max-image-preview:large","max-video-preview":"max-video-preview:-1"},"canonical":"https:\/\/vinilozona.lt\/en\/parduotuve\/rock-pop\/emerson-lake-palmer-\u200e-works-volume-1\/","og_locale":"en_GB","og_type":"article","og_title":"Emerson, Lake & Palmer \u200e\u2013 Works (Volume 1) 2LP Vinilin\u0117 Plok\u0161tel\u0117 | Vinilozona.lt","og_description":"Ariola \u2013 28 614 XDU Format: 2 x Vinyl, LP, Album, Stereo, Tri-fold Country: Germany Released: Mar 17, 1977","og_url":"https:\/\/vinilozona.lt\/en\/parduotuve\/rock-pop\/emerson-lake-palmer-\u200e-works-volume-1\/","og_site_name":"Vinilo Zona","article_modified_time":"2025-04-04T07:31:28+00:00","og_image":[{"width":595,"height":590,"url":"https:\/\/vinilozona.lt\/wp-content\/uploads\/2021\/06\/R-5376042-1391862125-2457.jpeg.jpg","type":"image\/jpeg"}],"twitter_card":"summary_large_image","twitter_misc":{"Estimated reading time":"1 minute"},"schema":{"@context":"https:\/\/schema.org","@graph":[{"@type":"WebPage","@id":"https:\/\/vinilozona.lt\/parduotuve\/rock-pop\/emerson-lake-palmer-%e2%80%8e-works-volume-1\/","url":"https:\/\/vinilozona.lt\/parduotuve\/rock-pop\/emerson-lake-palmer-%e2%80%8e-works-volume-1\/","name":"Emerson, Lake & Palmer \u200e\u2013 Works (Volume 1) 2LP Vinilin\u0117 Plok\u0161tel\u0117 | Vinilozona.lt","isPartOf":{"@id":"https:\/\/vinilozona.lt\/#website"},"primaryImageOfPage":{"@id":"https:\/\/vinilozona.lt\/parduotuve\/rock-pop\/emerson-lake-palmer-%e2%80%8e-works-volume-1\/#primaryimage"},"image":{"@id":"https:\/\/vinilozona.lt\/parduotuve\/rock-pop\/emerson-lake-palmer-%e2%80%8e-works-volume-1\/#primaryimage"},"thumbnailUrl":"https:\/\/vinilozona.lt\/wp-content\/uploads\/2021\/06\/R-5376042-1391862125-2457.jpeg.jpg","datePublished":"2025-01-27T03:12:05+00:00","dateModified":"2025-04-04T07:31:28+00:00","breadcrumb":{"@id":"https:\/\/vinilozona.lt\/parduotuve\/rock-pop\/emerson-lake-palmer-%e2%80%8e-works-volume-1\/#breadcrumb"},"inLanguage":"en-GB","potentialAction":[{"@type":"ReadAction","target":["https:\/\/vinilozona.lt\/parduotuve\/rock-pop\/emerson-lake-palmer-%e2%80%8e-works-volume-1\/"]}]},{"@type":"ImageObject","inLanguage":"en-GB","@id":"https:\/\/vinilozona.lt\/parduotuve\/rock-pop\/emerson-lake-palmer-%e2%80%8e-works-volume-1\/#primaryimage","url":"https:\/\/vinilozona.lt\/wp-content\/uploads\/2021\/06\/R-5376042-1391862125-2457.jpeg.jpg","contentUrl":"https:\/\/vinilozona.lt\/wp-content\/uploads\/2021\/06\/R-5376042-1391862125-2457.jpeg.jpg","width":595,"height":590},{"@type":"BreadcrumbList","@id":"https:\/\/vinilozona.lt\/parduotuve\/rock-pop\/emerson-lake-palmer-%e2%80%8e-works-volume-1\/#breadcrumb","itemListElement":[{"@type":"ListItem","position":1,"name":"Home","item":"https:\/\/vinilozona.lt\/"},{"@type":"ListItem","position":2,"name":"Parduotuv\u0117","item":"https:\/\/vinilozona.lt\/parduotuve\/"},{"@type":"ListItem","position":3,"name":"Emerson, Lake &#038; Palmer \u200e\u2013 Works (Volume 1) 2LP"}]},{"@type":"WebSite","@id":"https:\/\/vinilozona.lt\/#website","url":"https:\/\/vinilozona.lt\/","name":"Vinilo Zona","description":"Nup\u016bsk dulkes ir klausyk LP","potentialAction":[{"@type":"SearchAction","target":{"@type":"EntryPoint","urlTemplate":"https:\/\/vinilozona.lt\/?s={search_term_string}"},"query-input":{"@type":"PropertyValueSpecification","valueRequired":true,"valueName":"search_term_string"}}],"inLanguage":"en-GB"}]}},"_links":{"self":[{"href":"https:\/\/vinilozona.lt\/en\/wp-json\/wp\/v2\/product\/15425"}],"collection":[{"href":"https:\/\/vinilozona.lt\/en\/wp-json\/wp\/v2\/product"}],"about":[{"href":"https:\/\/vinilozona.lt\/en\/wp-json\/wp\/v2\/types\/product"}],"wp:featuredmedia":[{"embeddable":true,"href":"https:\/\/vinilozona.lt\/en\/wp-json\/wp\/v2\/media\/15426"}],"wp:attachment":[{"href":"https:\/\/vinilozona.lt\/en\/wp-json\/wp\/v2\/media?parent=15425"}],"wp:term":[{"taxonomy":"product_cat","embeddable":true,"href":"https:\/\/vinilozona.lt\/en\/wp-json\/wp\/v2\/product_cat?post=15425"},{"taxonomy":"product_tag","embeddable":true,"href":"https:\/\/vinilozona.lt\/en\/wp-json\/wp\/v2\/product_tag?post=15425"}],"curies":[{"name":"wp","href":"https:\/\/api.w.org\/{rel}","templated":true}]}}