{"id":15419,"date":"2021-06-23T09:55:50","date_gmt":"2021-06-23T06:55:50","guid":{"rendered":"https:\/\/vinilozona.lt\/?post_type=product&#038;p=15419"},"modified":"2024-03-10T13:30:22","modified_gmt":"2024-03-10T11:30:22","slug":"joe-walsh-%e2%80%8e-the-smoker-you-drink-the-player-you-get","status":"publish","type":"product","link":"https:\/\/vinilozona.lt\/en\/parduotuve\/rock-pop\/joe-walsh-%e2%80%8e-the-smoker-you-drink-the-player-you-get\/","title":{"rendered":"Joe Walsh \u200e\u2013 The Smoker You Drink, The Player You Get"},"content":{"rendered":"<p>A1\tRocky Mountain Way\t5:14<br \/>\nA2\tBookends\t2:47<br \/>\nA3\tWolf\t3:11<br \/>\nA4\tMidnight Moodies\t3:39<br \/>\nA5\tHappy Ways\t2:42<br \/>\nB1\tMeadows\t4:44<br \/>\nB2\tDreams\t5:38<br \/>\nB3\tDays Gone By\t5:58<br \/>\nB4\tDaydream (Prayer)\t2:01<\/p>","protected":false},"excerpt":{"rendered":"<p>ABC Records \u200e\u2013 ABCL 5033<\/p>","protected":false},"featured_media":15420,"template":"","meta":[],"product_cat":[15],"product_tag":[44],"yoast_head":"<!-- This site is optimized with the Yoast SEO plugin v23.5 - https:\/\/yoast.com\/wordpress\/plugins\/seo\/ -->\n<title>Joe Walsh \u200e\u2013 The Smoker You Drink, The Player You Get Vinilin\u0117 Plok\u0161tel\u0117 | Vinilozona.lt<\/title>\n<meta name=\"robots\" content=\"index, follow, max-snippet:-1, max-image-preview:large, max-video-preview:-1\" \/>\n<link rel=\"canonical\" href=\"https:\/\/vinilozona.lt\/en\/parduotuve\/rock-pop\/joe-walsh-\u200e-the-smoker-you-drink-the-player-you-get\/\" \/>\n<meta property=\"og:locale\" content=\"en_GB\" \/>\n<meta property=\"og:type\" content=\"article\" \/>\n<meta property=\"og:title\" content=\"Joe Walsh \u200e\u2013 The Smoker You Drink, The Player You Get Vinilin\u0117 Plok\u0161tel\u0117 | Vinilozona.lt\" \/>\n<meta property=\"og:description\" content=\"ABC Records \u200e\u2013 ABCL 5033\" \/>\n<meta property=\"og:url\" content=\"https:\/\/vinilozona.lt\/en\/parduotuve\/rock-pop\/joe-walsh-\u200e-the-smoker-you-drink-the-player-you-get\/\" \/>\n<meta property=\"og:site_name\" content=\"Vinilo Zona\" \/>\n<meta property=\"article:modified_time\" content=\"2024-03-10T11:30:22+00:00\" \/>\n<meta property=\"og:image\" content=\"https:\/\/vinilozona.lt\/wp-content\/uploads\/2021\/06\/R-2337519-1505054222-2576.jpeg.jpg\" \/>\n\t<meta property=\"og:image:width\" content=\"442\" \/>\n\t<meta property=\"og:image:height\" content=\"449\" \/>\n\t<meta property=\"og:image:type\" content=\"image\/jpeg\" \/>\n<meta name=\"twitter:card\" content=\"summary_large_image\" \/>\n<script type=\"application\/ld+json\" class=\"yoast-schema-graph\">{\"@context\":\"https:\/\/schema.org\",\"@graph\":[{\"@type\":\"WebPage\",\"@id\":\"https:\/\/vinilozona.lt\/parduotuve\/rock-pop\/joe-walsh-%e2%80%8e-the-smoker-you-drink-the-player-you-get\/\",\"url\":\"https:\/\/vinilozona.lt\/parduotuve\/rock-pop\/joe-walsh-%e2%80%8e-the-smoker-you-drink-the-player-you-get\/\",\"name\":\"Joe Walsh \u200e\u2013 The Smoker You Drink, The Player You Get Vinilin\u0117 Plok\u0161tel\u0117 | Vinilozona.lt\",\"isPartOf\":{\"@id\":\"https:\/\/vinilozona.lt\/#website\"},\"primaryImageOfPage\":{\"@id\":\"https:\/\/vinilozona.lt\/parduotuve\/rock-pop\/joe-walsh-%e2%80%8e-the-smoker-you-drink-the-player-you-get\/#primaryimage\"},\"image\":{\"@id\":\"https:\/\/vinilozona.lt\/parduotuve\/rock-pop\/joe-walsh-%e2%80%8e-the-smoker-you-drink-the-player-you-get\/#primaryimage\"},\"thumbnailUrl\":\"https:\/\/vinilozona.lt\/wp-content\/uploads\/2021\/06\/R-2337519-1505054222-2576.jpeg.jpg\",\"datePublished\":\"2021-06-23T06:55:50+00:00\",\"dateModified\":\"2024-03-10T11:30:22+00:00\",\"breadcrumb\":{\"@id\":\"https:\/\/vinilozona.lt\/parduotuve\/rock-pop\/joe-walsh-%e2%80%8e-the-smoker-you-drink-the-player-you-get\/#breadcrumb\"},\"inLanguage\":\"en-GB\",\"potentialAction\":[{\"@type\":\"ReadAction\",\"target\":[\"https:\/\/vinilozona.lt\/parduotuve\/rock-pop\/joe-walsh-%e2%80%8e-the-smoker-you-drink-the-player-you-get\/\"]}]},{\"@type\":\"ImageObject\",\"inLanguage\":\"en-GB\",\"@id\":\"https:\/\/vinilozona.lt\/parduotuve\/rock-pop\/joe-walsh-%e2%80%8e-the-smoker-you-drink-the-player-you-get\/#primaryimage\",\"url\":\"https:\/\/vinilozona.lt\/wp-content\/uploads\/2021\/06\/R-2337519-1505054222-2576.jpeg.jpg\",\"contentUrl\":\"https:\/\/vinilozona.lt\/wp-content\/uploads\/2021\/06\/R-2337519-1505054222-2576.jpeg.jpg\",\"width\":442,\"height\":449},{\"@type\":\"BreadcrumbList\",\"@id\":\"https:\/\/vinilozona.lt\/parduotuve\/rock-pop\/joe-walsh-%e2%80%8e-the-smoker-you-drink-the-player-you-get\/#breadcrumb\",\"itemListElement\":[{\"@type\":\"ListItem\",\"position\":1,\"name\":\"Home\",\"item\":\"https:\/\/vinilozona.lt\/\"},{\"@type\":\"ListItem\",\"position\":2,\"name\":\"Parduotuv\u0117\",\"item\":\"https:\/\/vinilozona.lt\/parduotuve\/\"},{\"@type\":\"ListItem\",\"position\":3,\"name\":\"Joe Walsh \u200e\u2013 The Smoker You Drink, The Player You Get\"}]},{\"@type\":\"WebSite\",\"@id\":\"https:\/\/vinilozona.lt\/#website\",\"url\":\"https:\/\/vinilozona.lt\/\",\"name\":\"Vinilo Zona\",\"description\":\"Nup\u016bsk dulkes ir klausyk LP\",\"potentialAction\":[{\"@type\":\"SearchAction\",\"target\":{\"@type\":\"EntryPoint\",\"urlTemplate\":\"https:\/\/vinilozona.lt\/?s={search_term_string}\"},\"query-input\":{\"@type\":\"PropertyValueSpecification\",\"valueRequired\":true,\"valueName\":\"search_term_string\"}}],\"inLanguage\":\"en-GB\"}]}<\/script>\n<!-- \/ Yoast SEO plugin. -->","yoast_head_json":{"title":"Joe Walsh \u200e\u2013 The Smoker You Drink, The Player You Get Vinilin\u0117 Plok\u0161tel\u0117 | Vinilozona.lt","robots":{"index":"index","follow":"follow","max-snippet":"max-snippet:-1","max-image-preview":"max-image-preview:large","max-video-preview":"max-video-preview:-1"},"canonical":"https:\/\/vinilozona.lt\/en\/parduotuve\/rock-pop\/joe-walsh-\u200e-the-smoker-you-drink-the-player-you-get\/","og_locale":"en_GB","og_type":"article","og_title":"Joe Walsh \u200e\u2013 The Smoker You Drink, The Player You Get Vinilin\u0117 Plok\u0161tel\u0117 | Vinilozona.lt","og_description":"ABC Records \u200e\u2013 ABCL 5033","og_url":"https:\/\/vinilozona.lt\/en\/parduotuve\/rock-pop\/joe-walsh-\u200e-the-smoker-you-drink-the-player-you-get\/","og_site_name":"Vinilo Zona","article_modified_time":"2024-03-10T11:30:22+00:00","og_image":[{"width":442,"height":449,"url":"https:\/\/vinilozona.lt\/wp-content\/uploads\/2021\/06\/R-2337519-1505054222-2576.jpeg.jpg","type":"image\/jpeg"}],"twitter_card":"summary_large_image","schema":{"@context":"https:\/\/schema.org","@graph":[{"@type":"WebPage","@id":"https:\/\/vinilozona.lt\/parduotuve\/rock-pop\/joe-walsh-%e2%80%8e-the-smoker-you-drink-the-player-you-get\/","url":"https:\/\/vinilozona.lt\/parduotuve\/rock-pop\/joe-walsh-%e2%80%8e-the-smoker-you-drink-the-player-you-get\/","name":"Joe Walsh \u200e\u2013 The Smoker You Drink, The Player You Get Vinilin\u0117 Plok\u0161tel\u0117 | Vinilozona.lt","isPartOf":{"@id":"https:\/\/vinilozona.lt\/#website"},"primaryImageOfPage":{"@id":"https:\/\/vinilozona.lt\/parduotuve\/rock-pop\/joe-walsh-%e2%80%8e-the-smoker-you-drink-the-player-you-get\/#primaryimage"},"image":{"@id":"https:\/\/vinilozona.lt\/parduotuve\/rock-pop\/joe-walsh-%e2%80%8e-the-smoker-you-drink-the-player-you-get\/#primaryimage"},"thumbnailUrl":"https:\/\/vinilozona.lt\/wp-content\/uploads\/2021\/06\/R-2337519-1505054222-2576.jpeg.jpg","datePublished":"2021-06-23T06:55:50+00:00","dateModified":"2024-03-10T11:30:22+00:00","breadcrumb":{"@id":"https:\/\/vinilozona.lt\/parduotuve\/rock-pop\/joe-walsh-%e2%80%8e-the-smoker-you-drink-the-player-you-get\/#breadcrumb"},"inLanguage":"en-GB","potentialAction":[{"@type":"ReadAction","target":["https:\/\/vinilozona.lt\/parduotuve\/rock-pop\/joe-walsh-%e2%80%8e-the-smoker-you-drink-the-player-you-get\/"]}]},{"@type":"ImageObject","inLanguage":"en-GB","@id":"https:\/\/vinilozona.lt\/parduotuve\/rock-pop\/joe-walsh-%e2%80%8e-the-smoker-you-drink-the-player-you-get\/#primaryimage","url":"https:\/\/vinilozona.lt\/wp-content\/uploads\/2021\/06\/R-2337519-1505054222-2576.jpeg.jpg","contentUrl":"https:\/\/vinilozona.lt\/wp-content\/uploads\/2021\/06\/R-2337519-1505054222-2576.jpeg.jpg","width":442,"height":449},{"@type":"BreadcrumbList","@id":"https:\/\/vinilozona.lt\/parduotuve\/rock-pop\/joe-walsh-%e2%80%8e-the-smoker-you-drink-the-player-you-get\/#breadcrumb","itemListElement":[{"@type":"ListItem","position":1,"name":"Home","item":"https:\/\/vinilozona.lt\/"},{"@type":"ListItem","position":2,"name":"Parduotuv\u0117","item":"https:\/\/vinilozona.lt\/parduotuve\/"},{"@type":"ListItem","position":3,"name":"Joe Walsh \u200e\u2013 The Smoker You Drink, The Player You Get"}]},{"@type":"WebSite","@id":"https:\/\/vinilozona.lt\/#website","url":"https:\/\/vinilozona.lt\/","name":"Vinilo Zona","description":"Nup\u016bsk dulkes ir klausyk LP","potentialAction":[{"@type":"SearchAction","target":{"@type":"EntryPoint","urlTemplate":"https:\/\/vinilozona.lt\/?s={search_term_string}"},"query-input":{"@type":"PropertyValueSpecification","valueRequired":true,"valueName":"search_term_string"}}],"inLanguage":"en-GB"}]}},"_links":{"self":[{"href":"https:\/\/vinilozona.lt\/en\/wp-json\/wp\/v2\/product\/15419"}],"collection":[{"href":"https:\/\/vinilozona.lt\/en\/wp-json\/wp\/v2\/product"}],"about":[{"href":"https:\/\/vinilozona.lt\/en\/wp-json\/wp\/v2\/types\/product"}],"wp:featuredmedia":[{"embeddable":true,"href":"https:\/\/vinilozona.lt\/en\/wp-json\/wp\/v2\/media\/15420"}],"wp:attachment":[{"href":"https:\/\/vinilozona.lt\/en\/wp-json\/wp\/v2\/media?parent=15419"}],"wp:term":[{"taxonomy":"product_cat","embeddable":true,"href":"https:\/\/vinilozona.lt\/en\/wp-json\/wp\/v2\/product_cat?post=15419"},{"taxonomy":"product_tag","embeddable":true,"href":"https:\/\/vinilozona.lt\/en\/wp-json\/wp\/v2\/product_tag?post=15419"}],"curies":[{"name":"wp","href":"https:\/\/api.w.org\/{rel}","templated":true}]}}