{"id":1539,"date":"2023-12-05T05:20:53","date_gmt":"2023-12-05T03:20:53","guid":{"rendered":"https:\/\/vinylhome.lt\/?post_type=product&#038;p=1539"},"modified":"2023-12-04T17:58:53","modified_gmt":"2023-12-04T15:58:53","slug":"blood-sweat-4","status":"publish","type":"product","link":"https:\/\/vinilozona.lt\/en\/parduotuve\/rock-pop\/blood-sweat-4\/","title":{"rendered":"Blood, Sweat &#038; Tears \u200e\u2013 B, S &#038; T; 4"},"content":{"rendered":"<p>A1\t\tGo Down Gamblin&#8217;  4:14<br \/>\nA2\t\tCowboys And Indians  3:07<br \/>\nA3\t\tJohn The Baptist (Holy John)  3:35<br \/>\nA4\t\tRedemption   5:11<br \/>\nA5\t\tLisa, Listen To Me  2:58<br \/>\nA6\t\tA Look To My Heart  0:52<br \/>\nB1\t\tHigh On A Mountain  3:13<br \/>\nB2\t\tValentine&#8217;s Day  3:56<br \/>\nB3\t\tTake Me In Your Arms (Rock Me A Little While)  3:27<br \/>\nB4\t\tFor My Lady  3:23<br \/>\nB5\t\tMama Gets High  4:09<br \/>\nB6\t\tA Look To My Heart (Duet)  2:07<\/p>","protected":false},"excerpt":{"rendered":"<p>CBS \u2013 S 64355, CBS \u2013 64355<br \/>\nFormat:<br \/>\nVinyl, LP, Album, Stereo<br \/>\nCountry:\tUK<br \/>\nReleased:\t1971<\/p>","protected":false},"featured_media":1540,"template":"","meta":[],"product_cat":[15,20],"product_tag":[44],"yoast_head":"<!-- This site is optimized with the Yoast SEO plugin v23.5 - https:\/\/yoast.com\/wordpress\/plugins\/seo\/ -->\n<title>Blood, Sweat &amp; Tears \u200e\u2013 B, S &amp; T; 4 Vinilin\u0117 Plok\u0161tel\u0117 | Vinilozona.lt<\/title>\n<meta name=\"robots\" content=\"index, follow, max-snippet:-1, max-image-preview:large, max-video-preview:-1\" \/>\n<link rel=\"canonical\" href=\"https:\/\/vinilozona.lt\/en\/parduotuve\/rock-pop\/blood-sweat-4\/\" \/>\n<meta property=\"og:locale\" content=\"en_GB\" \/>\n<meta property=\"og:type\" content=\"article\" \/>\n<meta property=\"og:title\" content=\"Blood, Sweat &amp; Tears \u200e\u2013 B, S &amp; T; 4 Vinilin\u0117 Plok\u0161tel\u0117 | Vinilozona.lt\" \/>\n<meta property=\"og:description\" content=\"CBS \u2013 S 64355, CBS \u2013 64355 Format:  Vinyl, LP, Album, Stereo Country: UK Released: 1971\" \/>\n<meta property=\"og:url\" content=\"https:\/\/vinilozona.lt\/en\/parduotuve\/rock-pop\/blood-sweat-4\/\" \/>\n<meta property=\"og:site_name\" content=\"Vinilo Zona\" \/>\n<meta property=\"article:modified_time\" content=\"2023-12-04T15:58:53+00:00\" \/>\n<meta property=\"og:image\" content=\"https:\/\/vinilozona.lt\/wp-content\/uploads\/2019\/12\/blood-sweat-tears-b-s-t-4-1.jpg\" \/>\n\t<meta property=\"og:image:width\" content=\"800\" \/>\n\t<meta property=\"og:image:height\" content=\"600\" \/>\n\t<meta property=\"og:image:type\" content=\"image\/jpeg\" \/>\n<meta name=\"twitter:card\" content=\"summary_large_image\" \/>\n<script type=\"application\/ld+json\" class=\"yoast-schema-graph\">{\"@context\":\"https:\/\/schema.org\",\"@graph\":[{\"@type\":\"WebPage\",\"@id\":\"https:\/\/vinilozona.lt\/parduotuve\/rock-pop\/blood-sweat-4\/\",\"url\":\"https:\/\/vinilozona.lt\/parduotuve\/rock-pop\/blood-sweat-4\/\",\"name\":\"Blood, Sweat & Tears \u200e\u2013 B, S & T; 4 Vinilin\u0117 Plok\u0161tel\u0117 | Vinilozona.lt\",\"isPartOf\":{\"@id\":\"https:\/\/vinilozona.lt\/#website\"},\"primaryImageOfPage\":{\"@id\":\"https:\/\/vinilozona.lt\/parduotuve\/rock-pop\/blood-sweat-4\/#primaryimage\"},\"image\":{\"@id\":\"https:\/\/vinilozona.lt\/parduotuve\/rock-pop\/blood-sweat-4\/#primaryimage\"},\"thumbnailUrl\":\"https:\/\/vinilozona.lt\/wp-content\/uploads\/2019\/12\/blood-sweat-tears-b-s-t-4-1.jpg\",\"datePublished\":\"2023-12-05T03:20:53+00:00\",\"dateModified\":\"2023-12-04T15:58:53+00:00\",\"breadcrumb\":{\"@id\":\"https:\/\/vinilozona.lt\/parduotuve\/rock-pop\/blood-sweat-4\/#breadcrumb\"},\"inLanguage\":\"en-GB\",\"potentialAction\":[{\"@type\":\"ReadAction\",\"target\":[\"https:\/\/vinilozona.lt\/parduotuve\/rock-pop\/blood-sweat-4\/\"]}]},{\"@type\":\"ImageObject\",\"inLanguage\":\"en-GB\",\"@id\":\"https:\/\/vinilozona.lt\/parduotuve\/rock-pop\/blood-sweat-4\/#primaryimage\",\"url\":\"https:\/\/vinilozona.lt\/wp-content\/uploads\/2019\/12\/blood-sweat-tears-b-s-t-4-1.jpg\",\"contentUrl\":\"https:\/\/vinilozona.lt\/wp-content\/uploads\/2019\/12\/blood-sweat-tears-b-s-t-4-1.jpg\",\"width\":800,\"height\":600},{\"@type\":\"BreadcrumbList\",\"@id\":\"https:\/\/vinilozona.lt\/parduotuve\/rock-pop\/blood-sweat-4\/#breadcrumb\",\"itemListElement\":[{\"@type\":\"ListItem\",\"position\":1,\"name\":\"Home\",\"item\":\"https:\/\/vinilozona.lt\/\"},{\"@type\":\"ListItem\",\"position\":2,\"name\":\"Parduotuv\u0117\",\"item\":\"https:\/\/vinilozona.lt\/parduotuve\/\"},{\"@type\":\"ListItem\",\"position\":3,\"name\":\"Blood, Sweat &#038; Tears \u200e\u2013 B, S &#038; T; 4\"}]},{\"@type\":\"WebSite\",\"@id\":\"https:\/\/vinilozona.lt\/#website\",\"url\":\"https:\/\/vinilozona.lt\/\",\"name\":\"Vinilo Zona\",\"description\":\"Nup\u016bsk dulkes ir klausyk LP\",\"potentialAction\":[{\"@type\":\"SearchAction\",\"target\":{\"@type\":\"EntryPoint\",\"urlTemplate\":\"https:\/\/vinilozona.lt\/?s={search_term_string}\"},\"query-input\":{\"@type\":\"PropertyValueSpecification\",\"valueRequired\":true,\"valueName\":\"search_term_string\"}}],\"inLanguage\":\"en-GB\"}]}<\/script>\n<!-- \/ Yoast SEO plugin. -->","yoast_head_json":{"title":"Blood, Sweat & Tears \u200e\u2013 B, S & T; 4 Vinilin\u0117 Plok\u0161tel\u0117 | Vinilozona.lt","robots":{"index":"index","follow":"follow","max-snippet":"max-snippet:-1","max-image-preview":"max-image-preview:large","max-video-preview":"max-video-preview:-1"},"canonical":"https:\/\/vinilozona.lt\/en\/parduotuve\/rock-pop\/blood-sweat-4\/","og_locale":"en_GB","og_type":"article","og_title":"Blood, Sweat & Tears \u200e\u2013 B, S & T; 4 Vinilin\u0117 Plok\u0161tel\u0117 | Vinilozona.lt","og_description":"CBS \u2013 S 64355, CBS \u2013 64355 Format:  Vinyl, LP, Album, Stereo Country: UK Released: 1971","og_url":"https:\/\/vinilozona.lt\/en\/parduotuve\/rock-pop\/blood-sweat-4\/","og_site_name":"Vinilo Zona","article_modified_time":"2023-12-04T15:58:53+00:00","og_image":[{"width":800,"height":600,"url":"https:\/\/vinilozona.lt\/wp-content\/uploads\/2019\/12\/blood-sweat-tears-b-s-t-4-1.jpg","type":"image\/jpeg"}],"twitter_card":"summary_large_image","schema":{"@context":"https:\/\/schema.org","@graph":[{"@type":"WebPage","@id":"https:\/\/vinilozona.lt\/parduotuve\/rock-pop\/blood-sweat-4\/","url":"https:\/\/vinilozona.lt\/parduotuve\/rock-pop\/blood-sweat-4\/","name":"Blood, Sweat & Tears \u200e\u2013 B, S & T; 4 Vinilin\u0117 Plok\u0161tel\u0117 | Vinilozona.lt","isPartOf":{"@id":"https:\/\/vinilozona.lt\/#website"},"primaryImageOfPage":{"@id":"https:\/\/vinilozona.lt\/parduotuve\/rock-pop\/blood-sweat-4\/#primaryimage"},"image":{"@id":"https:\/\/vinilozona.lt\/parduotuve\/rock-pop\/blood-sweat-4\/#primaryimage"},"thumbnailUrl":"https:\/\/vinilozona.lt\/wp-content\/uploads\/2019\/12\/blood-sweat-tears-b-s-t-4-1.jpg","datePublished":"2023-12-05T03:20:53+00:00","dateModified":"2023-12-04T15:58:53+00:00","breadcrumb":{"@id":"https:\/\/vinilozona.lt\/parduotuve\/rock-pop\/blood-sweat-4\/#breadcrumb"},"inLanguage":"en-GB","potentialAction":[{"@type":"ReadAction","target":["https:\/\/vinilozona.lt\/parduotuve\/rock-pop\/blood-sweat-4\/"]}]},{"@type":"ImageObject","inLanguage":"en-GB","@id":"https:\/\/vinilozona.lt\/parduotuve\/rock-pop\/blood-sweat-4\/#primaryimage","url":"https:\/\/vinilozona.lt\/wp-content\/uploads\/2019\/12\/blood-sweat-tears-b-s-t-4-1.jpg","contentUrl":"https:\/\/vinilozona.lt\/wp-content\/uploads\/2019\/12\/blood-sweat-tears-b-s-t-4-1.jpg","width":800,"height":600},{"@type":"BreadcrumbList","@id":"https:\/\/vinilozona.lt\/parduotuve\/rock-pop\/blood-sweat-4\/#breadcrumb","itemListElement":[{"@type":"ListItem","position":1,"name":"Home","item":"https:\/\/vinilozona.lt\/"},{"@type":"ListItem","position":2,"name":"Parduotuv\u0117","item":"https:\/\/vinilozona.lt\/parduotuve\/"},{"@type":"ListItem","position":3,"name":"Blood, Sweat &#038; Tears \u200e\u2013 B, S &#038; T; 4"}]},{"@type":"WebSite","@id":"https:\/\/vinilozona.lt\/#website","url":"https:\/\/vinilozona.lt\/","name":"Vinilo Zona","description":"Nup\u016bsk dulkes ir klausyk LP","potentialAction":[{"@type":"SearchAction","target":{"@type":"EntryPoint","urlTemplate":"https:\/\/vinilozona.lt\/?s={search_term_string}"},"query-input":{"@type":"PropertyValueSpecification","valueRequired":true,"valueName":"search_term_string"}}],"inLanguage":"en-GB"}]}},"_links":{"self":[{"href":"https:\/\/vinilozona.lt\/en\/wp-json\/wp\/v2\/product\/1539"}],"collection":[{"href":"https:\/\/vinilozona.lt\/en\/wp-json\/wp\/v2\/product"}],"about":[{"href":"https:\/\/vinilozona.lt\/en\/wp-json\/wp\/v2\/types\/product"}],"wp:featuredmedia":[{"embeddable":true,"href":"https:\/\/vinilozona.lt\/en\/wp-json\/wp\/v2\/media\/1540"}],"wp:attachment":[{"href":"https:\/\/vinilozona.lt\/en\/wp-json\/wp\/v2\/media?parent=1539"}],"wp:term":[{"taxonomy":"product_cat","embeddable":true,"href":"https:\/\/vinilozona.lt\/en\/wp-json\/wp\/v2\/product_cat?post=1539"},{"taxonomy":"product_tag","embeddable":true,"href":"https:\/\/vinilozona.lt\/en\/wp-json\/wp\/v2\/product_tag?post=1539"}],"curies":[{"name":"wp","href":"https:\/\/api.w.org\/{rel}","templated":true}]}}