{"id":15374,"date":"2023-04-13T05:12:31","date_gmt":"2023-04-13T02:12:31","guid":{"rendered":"https:\/\/vinilozona.lt\/?post_type=product&#038;p=15374"},"modified":"2024-03-26T17:44:29","modified_gmt":"2024-03-26T15:44:29","slug":"various-%e2%80%8e-ursprung-falco-depeche-mode-elo-peter-maffat-etc","status":"publish","type":"product","link":"https:\/\/vinilozona.lt\/en\/parduotuve\/rock-pop\/various-%e2%80%8e-ursprung-falco-depeche-mode-elo-peter-maffat-etc\/","title":{"rendered":"Barclay James Harvest \u2013 Everyone Is Everybody Else"},"content":{"rendered":"<p>A1\t\tChild Of The Universe  5:04<br \/>\nA2\t\tNegative Earth 5:32<br \/>\nA3\t\tPaper Wings  4:15<br \/>\nA4\t\tThe Great 1974 Mining Disaster  4:47<br \/>\nB1\t\tCrazy City  4:05<br \/>\nB2\t\tSee Me See You  4:32<br \/>\nB3\t\tPoor Boy Blues  3:00<br \/>\nB4\t\tMill Boys  3:00<br \/>\nB5\t\tFor No One  5:00<\/p>","protected":false},"excerpt":{"rendered":"<p>Polydor \u2013 2383 286<br \/>\nFormat:<br \/>\nVinyl, LP, Album, Stereo<br \/>\nCountry:\tGermany<br \/>\nReleased:\tJun 14, 1974<\/p>","protected":false},"featured_media":22004,"template":"","meta":[],"product_cat":[15],"product_tag":[44],"yoast_head":"<!-- This site is optimized with the Yoast SEO plugin v23.5 - https:\/\/yoast.com\/wordpress\/plugins\/seo\/ -->\n<title>Barclay James Harvest \u2013 Everyone Is Everybody Else Vinilin\u0117 Plok\u0161tel\u0117 | Vinilozona.lt<\/title>\n<meta name=\"robots\" content=\"index, follow, max-snippet:-1, max-image-preview:large, max-video-preview:-1\" \/>\n<link rel=\"canonical\" href=\"https:\/\/vinilozona.lt\/en\/parduotuve\/rock-pop\/various-\u200e-ursprung-falco-depeche-mode-elo-peter-maffat-etc\/\" \/>\n<meta property=\"og:locale\" content=\"en_GB\" \/>\n<meta property=\"og:type\" content=\"article\" \/>\n<meta property=\"og:title\" content=\"Barclay James Harvest \u2013 Everyone Is Everybody Else Vinilin\u0117 Plok\u0161tel\u0117 | Vinilozona.lt\" \/>\n<meta property=\"og:description\" content=\"Polydor \u2013 2383 286 Format:  Vinyl, LP, Album, Stereo Country: Germany Released: Jun 14, 1974\" \/>\n<meta property=\"og:url\" content=\"https:\/\/vinilozona.lt\/en\/parduotuve\/rock-pop\/various-\u200e-ursprung-falco-depeche-mode-elo-peter-maffat-etc\/\" \/>\n<meta property=\"og:site_name\" content=\"Vinilo Zona\" \/>\n<meta property=\"article:modified_time\" content=\"2024-03-26T15:44:29+00:00\" \/>\n<meta property=\"og:image\" content=\"https:\/\/vinilozona.lt\/wp-content\/uploads\/2021\/06\/R-2134964-1449597285-8385.jpg\" \/>\n\t<meta property=\"og:image:width\" content=\"325\" \/>\n\t<meta property=\"og:image:height\" content=\"325\" \/>\n\t<meta property=\"og:image:type\" content=\"image\/jpeg\" \/>\n<meta name=\"twitter:card\" content=\"summary_large_image\" \/>\n<script type=\"application\/ld+json\" class=\"yoast-schema-graph\">{\"@context\":\"https:\/\/schema.org\",\"@graph\":[{\"@type\":\"WebPage\",\"@id\":\"https:\/\/vinilozona.lt\/parduotuve\/rock-pop\/various-%e2%80%8e-ursprung-falco-depeche-mode-elo-peter-maffat-etc\/\",\"url\":\"https:\/\/vinilozona.lt\/parduotuve\/rock-pop\/various-%e2%80%8e-ursprung-falco-depeche-mode-elo-peter-maffat-etc\/\",\"name\":\"Barclay James Harvest \u2013 Everyone Is Everybody Else Vinilin\u0117 Plok\u0161tel\u0117 | Vinilozona.lt\",\"isPartOf\":{\"@id\":\"https:\/\/vinilozona.lt\/#website\"},\"primaryImageOfPage\":{\"@id\":\"https:\/\/vinilozona.lt\/parduotuve\/rock-pop\/various-%e2%80%8e-ursprung-falco-depeche-mode-elo-peter-maffat-etc\/#primaryimage\"},\"image\":{\"@id\":\"https:\/\/vinilozona.lt\/parduotuve\/rock-pop\/various-%e2%80%8e-ursprung-falco-depeche-mode-elo-peter-maffat-etc\/#primaryimage\"},\"thumbnailUrl\":\"https:\/\/vinilozona.lt\/wp-content\/uploads\/2021\/06\/R-2134964-1449597285-8385.jpg\",\"datePublished\":\"2023-04-13T02:12:31+00:00\",\"dateModified\":\"2024-03-26T15:44:29+00:00\",\"breadcrumb\":{\"@id\":\"https:\/\/vinilozona.lt\/parduotuve\/rock-pop\/various-%e2%80%8e-ursprung-falco-depeche-mode-elo-peter-maffat-etc\/#breadcrumb\"},\"inLanguage\":\"en-GB\",\"potentialAction\":[{\"@type\":\"ReadAction\",\"target\":[\"https:\/\/vinilozona.lt\/parduotuve\/rock-pop\/various-%e2%80%8e-ursprung-falco-depeche-mode-elo-peter-maffat-etc\/\"]}]},{\"@type\":\"ImageObject\",\"inLanguage\":\"en-GB\",\"@id\":\"https:\/\/vinilozona.lt\/parduotuve\/rock-pop\/various-%e2%80%8e-ursprung-falco-depeche-mode-elo-peter-maffat-etc\/#primaryimage\",\"url\":\"https:\/\/vinilozona.lt\/wp-content\/uploads\/2021\/06\/R-2134964-1449597285-8385.jpg\",\"contentUrl\":\"https:\/\/vinilozona.lt\/wp-content\/uploads\/2021\/06\/R-2134964-1449597285-8385.jpg\",\"width\":325,\"height\":325},{\"@type\":\"BreadcrumbList\",\"@id\":\"https:\/\/vinilozona.lt\/parduotuve\/rock-pop\/various-%e2%80%8e-ursprung-falco-depeche-mode-elo-peter-maffat-etc\/#breadcrumb\",\"itemListElement\":[{\"@type\":\"ListItem\",\"position\":1,\"name\":\"Home\",\"item\":\"https:\/\/vinilozona.lt\/\"},{\"@type\":\"ListItem\",\"position\":2,\"name\":\"Parduotuv\u0117\",\"item\":\"https:\/\/vinilozona.lt\/parduotuve\/\"},{\"@type\":\"ListItem\",\"position\":3,\"name\":\"Barclay James Harvest \u2013 Everyone Is Everybody Else\"}]},{\"@type\":\"WebSite\",\"@id\":\"https:\/\/vinilozona.lt\/#website\",\"url\":\"https:\/\/vinilozona.lt\/\",\"name\":\"Vinilo Zona\",\"description\":\"Nup\u016bsk dulkes ir klausyk LP\",\"potentialAction\":[{\"@type\":\"SearchAction\",\"target\":{\"@type\":\"EntryPoint\",\"urlTemplate\":\"https:\/\/vinilozona.lt\/?s={search_term_string}\"},\"query-input\":{\"@type\":\"PropertyValueSpecification\",\"valueRequired\":true,\"valueName\":\"search_term_string\"}}],\"inLanguage\":\"en-GB\"}]}<\/script>\n<!-- \/ Yoast SEO plugin. -->","yoast_head_json":{"title":"Barclay James Harvest \u2013 Everyone Is Everybody Else Vinilin\u0117 Plok\u0161tel\u0117 | Vinilozona.lt","robots":{"index":"index","follow":"follow","max-snippet":"max-snippet:-1","max-image-preview":"max-image-preview:large","max-video-preview":"max-video-preview:-1"},"canonical":"https:\/\/vinilozona.lt\/en\/parduotuve\/rock-pop\/various-\u200e-ursprung-falco-depeche-mode-elo-peter-maffat-etc\/","og_locale":"en_GB","og_type":"article","og_title":"Barclay James Harvest \u2013 Everyone Is Everybody Else Vinilin\u0117 Plok\u0161tel\u0117 | Vinilozona.lt","og_description":"Polydor \u2013 2383 286 Format:  Vinyl, LP, Album, Stereo Country: Germany Released: Jun 14, 1974","og_url":"https:\/\/vinilozona.lt\/en\/parduotuve\/rock-pop\/various-\u200e-ursprung-falco-depeche-mode-elo-peter-maffat-etc\/","og_site_name":"Vinilo Zona","article_modified_time":"2024-03-26T15:44:29+00:00","og_image":[{"width":325,"height":325,"url":"https:\/\/vinilozona.lt\/wp-content\/uploads\/2021\/06\/R-2134964-1449597285-8385.jpg","type":"image\/jpeg"}],"twitter_card":"summary_large_image","schema":{"@context":"https:\/\/schema.org","@graph":[{"@type":"WebPage","@id":"https:\/\/vinilozona.lt\/parduotuve\/rock-pop\/various-%e2%80%8e-ursprung-falco-depeche-mode-elo-peter-maffat-etc\/","url":"https:\/\/vinilozona.lt\/parduotuve\/rock-pop\/various-%e2%80%8e-ursprung-falco-depeche-mode-elo-peter-maffat-etc\/","name":"Barclay James Harvest \u2013 Everyone Is Everybody Else Vinilin\u0117 Plok\u0161tel\u0117 | Vinilozona.lt","isPartOf":{"@id":"https:\/\/vinilozona.lt\/#website"},"primaryImageOfPage":{"@id":"https:\/\/vinilozona.lt\/parduotuve\/rock-pop\/various-%e2%80%8e-ursprung-falco-depeche-mode-elo-peter-maffat-etc\/#primaryimage"},"image":{"@id":"https:\/\/vinilozona.lt\/parduotuve\/rock-pop\/various-%e2%80%8e-ursprung-falco-depeche-mode-elo-peter-maffat-etc\/#primaryimage"},"thumbnailUrl":"https:\/\/vinilozona.lt\/wp-content\/uploads\/2021\/06\/R-2134964-1449597285-8385.jpg","datePublished":"2023-04-13T02:12:31+00:00","dateModified":"2024-03-26T15:44:29+00:00","breadcrumb":{"@id":"https:\/\/vinilozona.lt\/parduotuve\/rock-pop\/various-%e2%80%8e-ursprung-falco-depeche-mode-elo-peter-maffat-etc\/#breadcrumb"},"inLanguage":"en-GB","potentialAction":[{"@type":"ReadAction","target":["https:\/\/vinilozona.lt\/parduotuve\/rock-pop\/various-%e2%80%8e-ursprung-falco-depeche-mode-elo-peter-maffat-etc\/"]}]},{"@type":"ImageObject","inLanguage":"en-GB","@id":"https:\/\/vinilozona.lt\/parduotuve\/rock-pop\/various-%e2%80%8e-ursprung-falco-depeche-mode-elo-peter-maffat-etc\/#primaryimage","url":"https:\/\/vinilozona.lt\/wp-content\/uploads\/2021\/06\/R-2134964-1449597285-8385.jpg","contentUrl":"https:\/\/vinilozona.lt\/wp-content\/uploads\/2021\/06\/R-2134964-1449597285-8385.jpg","width":325,"height":325},{"@type":"BreadcrumbList","@id":"https:\/\/vinilozona.lt\/parduotuve\/rock-pop\/various-%e2%80%8e-ursprung-falco-depeche-mode-elo-peter-maffat-etc\/#breadcrumb","itemListElement":[{"@type":"ListItem","position":1,"name":"Home","item":"https:\/\/vinilozona.lt\/"},{"@type":"ListItem","position":2,"name":"Parduotuv\u0117","item":"https:\/\/vinilozona.lt\/parduotuve\/"},{"@type":"ListItem","position":3,"name":"Barclay James Harvest \u2013 Everyone Is Everybody Else"}]},{"@type":"WebSite","@id":"https:\/\/vinilozona.lt\/#website","url":"https:\/\/vinilozona.lt\/","name":"Vinilo Zona","description":"Nup\u016bsk dulkes ir klausyk LP","potentialAction":[{"@type":"SearchAction","target":{"@type":"EntryPoint","urlTemplate":"https:\/\/vinilozona.lt\/?s={search_term_string}"},"query-input":{"@type":"PropertyValueSpecification","valueRequired":true,"valueName":"search_term_string"}}],"inLanguage":"en-GB"}]}},"_links":{"self":[{"href":"https:\/\/vinilozona.lt\/en\/wp-json\/wp\/v2\/product\/15374"}],"collection":[{"href":"https:\/\/vinilozona.lt\/en\/wp-json\/wp\/v2\/product"}],"about":[{"href":"https:\/\/vinilozona.lt\/en\/wp-json\/wp\/v2\/types\/product"}],"wp:featuredmedia":[{"embeddable":true,"href":"https:\/\/vinilozona.lt\/en\/wp-json\/wp\/v2\/media\/22004"}],"wp:attachment":[{"href":"https:\/\/vinilozona.lt\/en\/wp-json\/wp\/v2\/media?parent=15374"}],"wp:term":[{"taxonomy":"product_cat","embeddable":true,"href":"https:\/\/vinilozona.lt\/en\/wp-json\/wp\/v2\/product_cat?post=15374"},{"taxonomy":"product_tag","embeddable":true,"href":"https:\/\/vinilozona.lt\/en\/wp-json\/wp\/v2\/product_tag?post=15374"}],"curies":[{"name":"wp","href":"https:\/\/api.w.org\/{rel}","templated":true}]}}