{"id":15371,"date":"2021-06-09T11:58:48","date_gmt":"2021-06-09T08:58:48","guid":{"rendered":"https:\/\/vinilozona.lt\/?post_type=product&#038;p=15371"},"modified":"2023-06-03T07:39:29","modified_gmt":"2023-06-03T04:39:29","slug":"jethro-tull-%e2%80%8e-living-in-the-past","status":"publish","type":"product","link":"https:\/\/vinilozona.lt\/en\/parduotuve\/rock-pop\/jethro-tull-%e2%80%8e-living-in-the-past\/","title":{"rendered":"Jethro Tull \u200e\u2013 Living In The Past"},"content":{"rendered":"<p>Song For Jeffrey<br \/>\nLove Story<br \/>\nChristmas Song<br \/>\nLiving In The Past<br \/>\nDriving Song<br \/>\nBouree<br \/>\nSweet Dream<br \/>\nSinging All Day<br \/>\nTeacher<br \/>\nWitches Promise<br \/>\nInside<br \/>\nJust Trying To Be<br \/>\nBy Kind Permission Of<br \/>\nDharma For One<br \/>\nWond&#8217;ring Again<br \/>\nLocomotive Breath<br \/>\nLife Is A Long Song<br \/>\nUp The &#8216;Pool<br \/>\nDr. Bogenbroom<br \/>\nFrom Later<br \/>\nNursie<\/p>","protected":false},"excerpt":{"rendered":"<p>Chrysalis \u200e\u2013 6641 145<br \/>\nFormat:<br \/>\n2 \u00d7 Vinyl, LP, Compilation<br \/>\n(\u017dalias lable&#8217;as, n\u0117ra bukleto)<\/p>","protected":false},"featured_media":15372,"template":"","meta":[],"product_cat":[15],"product_tag":[44],"yoast_head":"<!-- This site is optimized with the Yoast SEO plugin v23.5 - https:\/\/yoast.com\/wordpress\/plugins\/seo\/ -->\n<title>Jethro Tull \u200e\u2013 Living In The Past Vinilin\u0117 Plok\u0161tel\u0117 | Vinilozona.lt<\/title>\n<meta name=\"robots\" content=\"index, follow, max-snippet:-1, max-image-preview:large, max-video-preview:-1\" \/>\n<link rel=\"canonical\" href=\"https:\/\/vinilozona.lt\/en\/parduotuve\/rock-pop\/jethro-tull-\u200e-living-in-the-past\/\" \/>\n<meta property=\"og:locale\" content=\"en_GB\" \/>\n<meta property=\"og:type\" content=\"article\" \/>\n<meta property=\"og:title\" content=\"Jethro Tull \u200e\u2013 Living In The Past Vinilin\u0117 Plok\u0161tel\u0117 | Vinilozona.lt\" \/>\n<meta property=\"og:description\" content=\"Chrysalis \u200e\u2013 6641 145 Format: 2 \u00d7 Vinyl, LP, Compilation (\u017dalias lable&#039;as, n\u0117ra bukleto)\" \/>\n<meta property=\"og:url\" content=\"https:\/\/vinilozona.lt\/en\/parduotuve\/rock-pop\/jethro-tull-\u200e-living-in-the-past\/\" \/>\n<meta property=\"og:site_name\" content=\"Vinilo Zona\" \/>\n<meta property=\"article:modified_time\" content=\"2023-06-03T04:39:29+00:00\" \/>\n<meta property=\"og:image\" content=\"https:\/\/vinilozona.lt\/wp-content\/uploads\/2021\/06\/R-1101470-1192118621.jpeg.jpg\" \/>\n\t<meta property=\"og:image:width\" content=\"594\" \/>\n\t<meta property=\"og:image:height\" content=\"600\" \/>\n\t<meta property=\"og:image:type\" content=\"image\/jpeg\" \/>\n<meta name=\"twitter:card\" content=\"summary_large_image\" \/>\n<script type=\"application\/ld+json\" class=\"yoast-schema-graph\">{\"@context\":\"https:\/\/schema.org\",\"@graph\":[{\"@type\":\"WebPage\",\"@id\":\"https:\/\/vinilozona.lt\/parduotuve\/rock-pop\/jethro-tull-%e2%80%8e-living-in-the-past\/\",\"url\":\"https:\/\/vinilozona.lt\/parduotuve\/rock-pop\/jethro-tull-%e2%80%8e-living-in-the-past\/\",\"name\":\"Jethro Tull \u200e\u2013 Living In The Past Vinilin\u0117 Plok\u0161tel\u0117 | Vinilozona.lt\",\"isPartOf\":{\"@id\":\"https:\/\/vinilozona.lt\/#website\"},\"primaryImageOfPage\":{\"@id\":\"https:\/\/vinilozona.lt\/parduotuve\/rock-pop\/jethro-tull-%e2%80%8e-living-in-the-past\/#primaryimage\"},\"image\":{\"@id\":\"https:\/\/vinilozona.lt\/parduotuve\/rock-pop\/jethro-tull-%e2%80%8e-living-in-the-past\/#primaryimage\"},\"thumbnailUrl\":\"https:\/\/vinilozona.lt\/wp-content\/uploads\/2021\/06\/R-1101470-1192118621.jpeg.jpg\",\"datePublished\":\"2021-06-09T08:58:48+00:00\",\"dateModified\":\"2023-06-03T04:39:29+00:00\",\"breadcrumb\":{\"@id\":\"https:\/\/vinilozona.lt\/parduotuve\/rock-pop\/jethro-tull-%e2%80%8e-living-in-the-past\/#breadcrumb\"},\"inLanguage\":\"en-GB\",\"potentialAction\":[{\"@type\":\"ReadAction\",\"target\":[\"https:\/\/vinilozona.lt\/parduotuve\/rock-pop\/jethro-tull-%e2%80%8e-living-in-the-past\/\"]}]},{\"@type\":\"ImageObject\",\"inLanguage\":\"en-GB\",\"@id\":\"https:\/\/vinilozona.lt\/parduotuve\/rock-pop\/jethro-tull-%e2%80%8e-living-in-the-past\/#primaryimage\",\"url\":\"https:\/\/vinilozona.lt\/wp-content\/uploads\/2021\/06\/R-1101470-1192118621.jpeg.jpg\",\"contentUrl\":\"https:\/\/vinilozona.lt\/wp-content\/uploads\/2021\/06\/R-1101470-1192118621.jpeg.jpg\",\"width\":594,\"height\":600},{\"@type\":\"BreadcrumbList\",\"@id\":\"https:\/\/vinilozona.lt\/parduotuve\/rock-pop\/jethro-tull-%e2%80%8e-living-in-the-past\/#breadcrumb\",\"itemListElement\":[{\"@type\":\"ListItem\",\"position\":1,\"name\":\"Home\",\"item\":\"https:\/\/vinilozona.lt\/\"},{\"@type\":\"ListItem\",\"position\":2,\"name\":\"Parduotuv\u0117\",\"item\":\"https:\/\/vinilozona.lt\/parduotuve\/\"},{\"@type\":\"ListItem\",\"position\":3,\"name\":\"Jethro Tull \u200e\u2013 Living In The Past\"}]},{\"@type\":\"WebSite\",\"@id\":\"https:\/\/vinilozona.lt\/#website\",\"url\":\"https:\/\/vinilozona.lt\/\",\"name\":\"Vinilo Zona\",\"description\":\"Nup\u016bsk dulkes ir klausyk LP\",\"potentialAction\":[{\"@type\":\"SearchAction\",\"target\":{\"@type\":\"EntryPoint\",\"urlTemplate\":\"https:\/\/vinilozona.lt\/?s={search_term_string}\"},\"query-input\":{\"@type\":\"PropertyValueSpecification\",\"valueRequired\":true,\"valueName\":\"search_term_string\"}}],\"inLanguage\":\"en-GB\"}]}<\/script>\n<!-- \/ Yoast SEO plugin. -->","yoast_head_json":{"title":"Jethro Tull \u200e\u2013 Living In The Past Vinilin\u0117 Plok\u0161tel\u0117 | Vinilozona.lt","robots":{"index":"index","follow":"follow","max-snippet":"max-snippet:-1","max-image-preview":"max-image-preview:large","max-video-preview":"max-video-preview:-1"},"canonical":"https:\/\/vinilozona.lt\/en\/parduotuve\/rock-pop\/jethro-tull-\u200e-living-in-the-past\/","og_locale":"en_GB","og_type":"article","og_title":"Jethro Tull \u200e\u2013 Living In The Past Vinilin\u0117 Plok\u0161tel\u0117 | Vinilozona.lt","og_description":"Chrysalis \u200e\u2013 6641 145 Format: 2 \u00d7 Vinyl, LP, Compilation (\u017dalias lable'as, n\u0117ra bukleto)","og_url":"https:\/\/vinilozona.lt\/en\/parduotuve\/rock-pop\/jethro-tull-\u200e-living-in-the-past\/","og_site_name":"Vinilo Zona","article_modified_time":"2023-06-03T04:39:29+00:00","og_image":[{"width":594,"height":600,"url":"https:\/\/vinilozona.lt\/wp-content\/uploads\/2021\/06\/R-1101470-1192118621.jpeg.jpg","type":"image\/jpeg"}],"twitter_card":"summary_large_image","schema":{"@context":"https:\/\/schema.org","@graph":[{"@type":"WebPage","@id":"https:\/\/vinilozona.lt\/parduotuve\/rock-pop\/jethro-tull-%e2%80%8e-living-in-the-past\/","url":"https:\/\/vinilozona.lt\/parduotuve\/rock-pop\/jethro-tull-%e2%80%8e-living-in-the-past\/","name":"Jethro Tull \u200e\u2013 Living In The Past Vinilin\u0117 Plok\u0161tel\u0117 | Vinilozona.lt","isPartOf":{"@id":"https:\/\/vinilozona.lt\/#website"},"primaryImageOfPage":{"@id":"https:\/\/vinilozona.lt\/parduotuve\/rock-pop\/jethro-tull-%e2%80%8e-living-in-the-past\/#primaryimage"},"image":{"@id":"https:\/\/vinilozona.lt\/parduotuve\/rock-pop\/jethro-tull-%e2%80%8e-living-in-the-past\/#primaryimage"},"thumbnailUrl":"https:\/\/vinilozona.lt\/wp-content\/uploads\/2021\/06\/R-1101470-1192118621.jpeg.jpg","datePublished":"2021-06-09T08:58:48+00:00","dateModified":"2023-06-03T04:39:29+00:00","breadcrumb":{"@id":"https:\/\/vinilozona.lt\/parduotuve\/rock-pop\/jethro-tull-%e2%80%8e-living-in-the-past\/#breadcrumb"},"inLanguage":"en-GB","potentialAction":[{"@type":"ReadAction","target":["https:\/\/vinilozona.lt\/parduotuve\/rock-pop\/jethro-tull-%e2%80%8e-living-in-the-past\/"]}]},{"@type":"ImageObject","inLanguage":"en-GB","@id":"https:\/\/vinilozona.lt\/parduotuve\/rock-pop\/jethro-tull-%e2%80%8e-living-in-the-past\/#primaryimage","url":"https:\/\/vinilozona.lt\/wp-content\/uploads\/2021\/06\/R-1101470-1192118621.jpeg.jpg","contentUrl":"https:\/\/vinilozona.lt\/wp-content\/uploads\/2021\/06\/R-1101470-1192118621.jpeg.jpg","width":594,"height":600},{"@type":"BreadcrumbList","@id":"https:\/\/vinilozona.lt\/parduotuve\/rock-pop\/jethro-tull-%e2%80%8e-living-in-the-past\/#breadcrumb","itemListElement":[{"@type":"ListItem","position":1,"name":"Home","item":"https:\/\/vinilozona.lt\/"},{"@type":"ListItem","position":2,"name":"Parduotuv\u0117","item":"https:\/\/vinilozona.lt\/parduotuve\/"},{"@type":"ListItem","position":3,"name":"Jethro Tull \u200e\u2013 Living In The Past"}]},{"@type":"WebSite","@id":"https:\/\/vinilozona.lt\/#website","url":"https:\/\/vinilozona.lt\/","name":"Vinilo Zona","description":"Nup\u016bsk dulkes ir klausyk LP","potentialAction":[{"@type":"SearchAction","target":{"@type":"EntryPoint","urlTemplate":"https:\/\/vinilozona.lt\/?s={search_term_string}"},"query-input":{"@type":"PropertyValueSpecification","valueRequired":true,"valueName":"search_term_string"}}],"inLanguage":"en-GB"}]}},"_links":{"self":[{"href":"https:\/\/vinilozona.lt\/en\/wp-json\/wp\/v2\/product\/15371"}],"collection":[{"href":"https:\/\/vinilozona.lt\/en\/wp-json\/wp\/v2\/product"}],"about":[{"href":"https:\/\/vinilozona.lt\/en\/wp-json\/wp\/v2\/types\/product"}],"wp:featuredmedia":[{"embeddable":true,"href":"https:\/\/vinilozona.lt\/en\/wp-json\/wp\/v2\/media\/15372"}],"wp:attachment":[{"href":"https:\/\/vinilozona.lt\/en\/wp-json\/wp\/v2\/media?parent=15371"}],"wp:term":[{"taxonomy":"product_cat","embeddable":true,"href":"https:\/\/vinilozona.lt\/en\/wp-json\/wp\/v2\/product_cat?post=15371"},{"taxonomy":"product_tag","embeddable":true,"href":"https:\/\/vinilozona.lt\/en\/wp-json\/wp\/v2\/product_tag?post=15371"}],"curies":[{"name":"wp","href":"https:\/\/api.w.org\/{rel}","templated":true}]}}