{"id":15346,"date":"2024-09-28T05:06:07","date_gmt":"2024-09-28T02:06:07","guid":{"rendered":"https:\/\/vinilozona.lt\/?post_type=product&#038;p=15346"},"modified":"2026-02-06T20:17:21","modified_gmt":"2026-02-06T18:17:21","slug":"u2-%e2%80%8e-pop","status":"publish","type":"product","link":"https:\/\/vinilozona.lt\/en\/parduotuve\/naujos-lp\/u2-%e2%80%8e-pop\/","title":{"rendered":"U2 \u200e\u2013 Songs of surrender (New acoustic recordings) 2LP"},"content":{"rendered":"<p>A1\t\tOne\t3:36<br \/>\nA2\t\tWhere The Streets Have No Name\t4:17<br \/>\nA3\t\tStories For Boys\t2:51<br \/>\nA4\t\tBeautiful Day\t3:53<br \/>\nA5\t\tWalk On (Ukraine)\t4:07<br \/>\nB1\t\tPride (In The Name Of Love)\t3:57<br \/>\nB2\t\tCity Of Blinding Lights\t4:55<br \/>\nB3\t\tRed Hill Mining Town\t5:02<br \/>\nB4\t\tOrdinary Love\t3:13<br \/>\nB5\t\tInvisible\t4:23<br \/>\nC1\t\tVertigo\t3:29<br \/>\nC2\t\tI Still Haven&#8217;t Found What I&#8217;m Looking For\t4:15<br \/>\nC3\t\tThe Fly\t4:02<br \/>\nC4\t\tIf God Will Send His Angels\t5:15<br \/>\nC5\t\tUntil The End Of The World\t4:44<br \/>\nD1\t\tWith Or Without You\t3:14<br \/>\nD2\t\tStay (Faraway, So Close)\t5:03<br \/>\nD3\t\tSunday Bloody Sunday\t4:13<br \/>\nD4\t\tI Will Follow\t3:40<br \/>\nD5\t\t&#8222;40&#8221;\t3:03<\/p>","protected":false},"excerpt":{"rendered":"<p>Island Records \u2013 4867762<br \/>\nFormat:<br \/>\n2 x Vinyl, LP, Album, Deluxe Edition, Limited Edition, Crystal Clear, 180g, Gatefold<br \/>\nCountry:\tWorldwide<br \/>\nReleased:\t 2023<\/p>","protected":false},"featured_media":25857,"template":"","meta":[],"product_cat":[23],"product_tag":[74],"yoast_head":"<!-- This site is optimized with the Yoast SEO plugin v23.5 - https:\/\/yoast.com\/wordpress\/plugins\/seo\/ -->\n<title>U2 \u200e\u2013 Songs of surrender (New acoustic recordings) 2LP Vinilin\u0117 Plok\u0161tel\u0117 | Vinilozona.lt<\/title>\n<meta name=\"robots\" content=\"index, follow, max-snippet:-1, max-image-preview:large, max-video-preview:-1\" \/>\n<link rel=\"canonical\" href=\"https:\/\/vinilozona.lt\/en\/parduotuve\/naujos-lp\/u2-\u200e-pop\/\" \/>\n<meta property=\"og:locale\" content=\"en_GB\" \/>\n<meta property=\"og:type\" content=\"article\" \/>\n<meta property=\"og:title\" content=\"U2 \u200e\u2013 Songs of surrender (New acoustic recordings) 2LP Vinilin\u0117 Plok\u0161tel\u0117 | Vinilozona.lt\" \/>\n<meta property=\"og:description\" content=\"Island Records \u2013 4867762 Format:  2 x Vinyl, LP, Album, Deluxe Edition, Limited Edition, Crystal Clear, 180g, Gatefold Country: Worldwide Released: 2023\" \/>\n<meta property=\"og:url\" content=\"https:\/\/vinilozona.lt\/en\/parduotuve\/naujos-lp\/u2-\u200e-pop\/\" \/>\n<meta property=\"og:site_name\" content=\"Vinilo Zona\" \/>\n<meta property=\"article:modified_time\" content=\"2026-02-06T18:17:21+00:00\" \/>\n<meta property=\"og:image\" content=\"https:\/\/vinilozona.lt\/wp-content\/uploads\/2021\/06\/R-26449010-1679054488-8293.jpg\" \/>\n\t<meta property=\"og:image:width\" content=\"596\" \/>\n\t<meta property=\"og:image:height\" content=\"599\" \/>\n\t<meta property=\"og:image:type\" content=\"image\/jpeg\" \/>\n<meta name=\"twitter:card\" content=\"summary_large_image\" \/>\n<script type=\"application\/ld+json\" class=\"yoast-schema-graph\">{\"@context\":\"https:\/\/schema.org\",\"@graph\":[{\"@type\":\"WebPage\",\"@id\":\"https:\/\/vinilozona.lt\/parduotuve\/naujos-lp\/u2-%e2%80%8e-pop\/\",\"url\":\"https:\/\/vinilozona.lt\/parduotuve\/naujos-lp\/u2-%e2%80%8e-pop\/\",\"name\":\"U2 \u200e\u2013 Songs of surrender (New acoustic recordings) 2LP Vinilin\u0117 Plok\u0161tel\u0117 | Vinilozona.lt\",\"isPartOf\":{\"@id\":\"https:\/\/vinilozona.lt\/#website\"},\"primaryImageOfPage\":{\"@id\":\"https:\/\/vinilozona.lt\/parduotuve\/naujos-lp\/u2-%e2%80%8e-pop\/#primaryimage\"},\"image\":{\"@id\":\"https:\/\/vinilozona.lt\/parduotuve\/naujos-lp\/u2-%e2%80%8e-pop\/#primaryimage\"},\"thumbnailUrl\":\"https:\/\/vinilozona.lt\/wp-content\/uploads\/2021\/06\/R-26449010-1679054488-8293.jpg\",\"datePublished\":\"2024-09-28T02:06:07+00:00\",\"dateModified\":\"2026-02-06T18:17:21+00:00\",\"breadcrumb\":{\"@id\":\"https:\/\/vinilozona.lt\/parduotuve\/naujos-lp\/u2-%e2%80%8e-pop\/#breadcrumb\"},\"inLanguage\":\"en-GB\",\"potentialAction\":[{\"@type\":\"ReadAction\",\"target\":[\"https:\/\/vinilozona.lt\/parduotuve\/naujos-lp\/u2-%e2%80%8e-pop\/\"]}]},{\"@type\":\"ImageObject\",\"inLanguage\":\"en-GB\",\"@id\":\"https:\/\/vinilozona.lt\/parduotuve\/naujos-lp\/u2-%e2%80%8e-pop\/#primaryimage\",\"url\":\"https:\/\/vinilozona.lt\/wp-content\/uploads\/2021\/06\/R-26449010-1679054488-8293.jpg\",\"contentUrl\":\"https:\/\/vinilozona.lt\/wp-content\/uploads\/2021\/06\/R-26449010-1679054488-8293.jpg\",\"width\":596,\"height\":599},{\"@type\":\"BreadcrumbList\",\"@id\":\"https:\/\/vinilozona.lt\/parduotuve\/naujos-lp\/u2-%e2%80%8e-pop\/#breadcrumb\",\"itemListElement\":[{\"@type\":\"ListItem\",\"position\":1,\"name\":\"Home\",\"item\":\"https:\/\/vinilozona.lt\/\"},{\"@type\":\"ListItem\",\"position\":2,\"name\":\"Parduotuv\u0117\",\"item\":\"https:\/\/vinilozona.lt\/parduotuve\/\"},{\"@type\":\"ListItem\",\"position\":3,\"name\":\"U2 \u200e\u2013 Songs of surrender (New acoustic recordings) 2LP\"}]},{\"@type\":\"WebSite\",\"@id\":\"https:\/\/vinilozona.lt\/#website\",\"url\":\"https:\/\/vinilozona.lt\/\",\"name\":\"Vinilo Zona\",\"description\":\"Nup\u016bsk dulkes ir klausyk LP\",\"potentialAction\":[{\"@type\":\"SearchAction\",\"target\":{\"@type\":\"EntryPoint\",\"urlTemplate\":\"https:\/\/vinilozona.lt\/?s={search_term_string}\"},\"query-input\":{\"@type\":\"PropertyValueSpecification\",\"valueRequired\":true,\"valueName\":\"search_term_string\"}}],\"inLanguage\":\"en-GB\"}]}<\/script>\n<!-- \/ Yoast SEO plugin. -->","yoast_head_json":{"title":"U2 \u200e\u2013 Songs of surrender (New acoustic recordings) 2LP Vinilin\u0117 Plok\u0161tel\u0117 | Vinilozona.lt","robots":{"index":"index","follow":"follow","max-snippet":"max-snippet:-1","max-image-preview":"max-image-preview:large","max-video-preview":"max-video-preview:-1"},"canonical":"https:\/\/vinilozona.lt\/en\/parduotuve\/naujos-lp\/u2-\u200e-pop\/","og_locale":"en_GB","og_type":"article","og_title":"U2 \u200e\u2013 Songs of surrender (New acoustic recordings) 2LP Vinilin\u0117 Plok\u0161tel\u0117 | Vinilozona.lt","og_description":"Island Records \u2013 4867762 Format:  2 x Vinyl, LP, Album, Deluxe Edition, Limited Edition, Crystal Clear, 180g, Gatefold Country: Worldwide Released: 2023","og_url":"https:\/\/vinilozona.lt\/en\/parduotuve\/naujos-lp\/u2-\u200e-pop\/","og_site_name":"Vinilo Zona","article_modified_time":"2026-02-06T18:17:21+00:00","og_image":[{"width":596,"height":599,"url":"https:\/\/vinilozona.lt\/wp-content\/uploads\/2021\/06\/R-26449010-1679054488-8293.jpg","type":"image\/jpeg"}],"twitter_card":"summary_large_image","schema":{"@context":"https:\/\/schema.org","@graph":[{"@type":"WebPage","@id":"https:\/\/vinilozona.lt\/parduotuve\/naujos-lp\/u2-%e2%80%8e-pop\/","url":"https:\/\/vinilozona.lt\/parduotuve\/naujos-lp\/u2-%e2%80%8e-pop\/","name":"U2 \u200e\u2013 Songs of surrender (New acoustic recordings) 2LP Vinilin\u0117 Plok\u0161tel\u0117 | Vinilozona.lt","isPartOf":{"@id":"https:\/\/vinilozona.lt\/#website"},"primaryImageOfPage":{"@id":"https:\/\/vinilozona.lt\/parduotuve\/naujos-lp\/u2-%e2%80%8e-pop\/#primaryimage"},"image":{"@id":"https:\/\/vinilozona.lt\/parduotuve\/naujos-lp\/u2-%e2%80%8e-pop\/#primaryimage"},"thumbnailUrl":"https:\/\/vinilozona.lt\/wp-content\/uploads\/2021\/06\/R-26449010-1679054488-8293.jpg","datePublished":"2024-09-28T02:06:07+00:00","dateModified":"2026-02-06T18:17:21+00:00","breadcrumb":{"@id":"https:\/\/vinilozona.lt\/parduotuve\/naujos-lp\/u2-%e2%80%8e-pop\/#breadcrumb"},"inLanguage":"en-GB","potentialAction":[{"@type":"ReadAction","target":["https:\/\/vinilozona.lt\/parduotuve\/naujos-lp\/u2-%e2%80%8e-pop\/"]}]},{"@type":"ImageObject","inLanguage":"en-GB","@id":"https:\/\/vinilozona.lt\/parduotuve\/naujos-lp\/u2-%e2%80%8e-pop\/#primaryimage","url":"https:\/\/vinilozona.lt\/wp-content\/uploads\/2021\/06\/R-26449010-1679054488-8293.jpg","contentUrl":"https:\/\/vinilozona.lt\/wp-content\/uploads\/2021\/06\/R-26449010-1679054488-8293.jpg","width":596,"height":599},{"@type":"BreadcrumbList","@id":"https:\/\/vinilozona.lt\/parduotuve\/naujos-lp\/u2-%e2%80%8e-pop\/#breadcrumb","itemListElement":[{"@type":"ListItem","position":1,"name":"Home","item":"https:\/\/vinilozona.lt\/"},{"@type":"ListItem","position":2,"name":"Parduotuv\u0117","item":"https:\/\/vinilozona.lt\/parduotuve\/"},{"@type":"ListItem","position":3,"name":"U2 \u200e\u2013 Songs of surrender (New acoustic recordings) 2LP"}]},{"@type":"WebSite","@id":"https:\/\/vinilozona.lt\/#website","url":"https:\/\/vinilozona.lt\/","name":"Vinilo Zona","description":"Nup\u016bsk dulkes ir klausyk LP","potentialAction":[{"@type":"SearchAction","target":{"@type":"EntryPoint","urlTemplate":"https:\/\/vinilozona.lt\/?s={search_term_string}"},"query-input":{"@type":"PropertyValueSpecification","valueRequired":true,"valueName":"search_term_string"}}],"inLanguage":"en-GB"}]}},"_links":{"self":[{"href":"https:\/\/vinilozona.lt\/en\/wp-json\/wp\/v2\/product\/15346"}],"collection":[{"href":"https:\/\/vinilozona.lt\/en\/wp-json\/wp\/v2\/product"}],"about":[{"href":"https:\/\/vinilozona.lt\/en\/wp-json\/wp\/v2\/types\/product"}],"wp:featuredmedia":[{"embeddable":true,"href":"https:\/\/vinilozona.lt\/en\/wp-json\/wp\/v2\/media\/25857"}],"wp:attachment":[{"href":"https:\/\/vinilozona.lt\/en\/wp-json\/wp\/v2\/media?parent=15346"}],"wp:term":[{"taxonomy":"product_cat","embeddable":true,"href":"https:\/\/vinilozona.lt\/en\/wp-json\/wp\/v2\/product_cat?post=15346"},{"taxonomy":"product_tag","embeddable":true,"href":"https:\/\/vinilozona.lt\/en\/wp-json\/wp\/v2\/product_tag?post=15346"}],"curies":[{"name":"wp","href":"https:\/\/api.w.org\/{rel}","templated":true}]}}