{"id":15338,"date":"2023-11-30T05:03:45","date_gmt":"2023-11-30T03:03:45","guid":{"rendered":"https:\/\/vinilozona.lt\/?post_type=product&#038;p=15338"},"modified":"2023-12-03T16:30:34","modified_gmt":"2023-12-03T14:30:34","slug":"greta-van-fleet-%e2%80%8e-the-battle-at-gardens-gate","status":"publish","type":"product","link":"https:\/\/vinilozona.lt\/en\/parduotuve\/naujos-lp\/greta-van-fleet-%e2%80%8e-the-battle-at-gardens-gate\/","title":{"rendered":"Greta Van Fleet \u200e\u2013 The Battle At Garden&#8217;s Gate"},"content":{"rendered":"<p>A1\tHeat Above<br \/>\nA2\tMy Way, Soon<br \/>\nA3\tBroken Bells<br \/>\nB1\tBuilt By Nations<br \/>\nB2\tAge Of Machine<br \/>\nB3\tTears Of Rain<br \/>\nC1\tStardust Chords<br \/>\nC2\tLight My Love<br \/>\nC3\tCaravel<br \/>\nD1\tThe Barbarians<br \/>\nD2\tTrip The Light Fantastic<br \/>\nD3\tThe Weight Of Dreams<\/p>","protected":false},"excerpt":{"rendered":"<p> Republic Records \u2013 B0033380-01, Lava \u2013 B0033380-01<br \/>\nFormat:<br \/>\n2 x Vinyl, LP, Album, Stereo<br \/>\nCountry:\tEurope<br \/>\nReleased:\tApr 16, 2021<\/p>","protected":false},"featured_media":15339,"template":"","meta":[],"product_cat":[23],"product_tag":[74],"yoast_head":"<!-- This site is optimized with the Yoast SEO plugin v23.5 - https:\/\/yoast.com\/wordpress\/plugins\/seo\/ -->\n<title>Greta Van Fleet \u200e\u2013 The Battle At Garden&#039;s Gate Vinilin\u0117 Plok\u0161tel\u0117 | Vinilozona.lt<\/title>\n<meta name=\"robots\" content=\"index, follow, max-snippet:-1, max-image-preview:large, max-video-preview:-1\" \/>\n<link rel=\"canonical\" href=\"https:\/\/vinilozona.lt\/en\/parduotuve\/naujos-lp\/greta-van-fleet-\u200e-the-battle-at-gardens-gate\/\" \/>\n<meta property=\"og:locale\" content=\"en_GB\" \/>\n<meta property=\"og:type\" content=\"article\" \/>\n<meta property=\"og:title\" content=\"Greta Van Fleet \u200e\u2013 The Battle At Garden&#039;s Gate Vinilin\u0117 Plok\u0161tel\u0117 | Vinilozona.lt\" \/>\n<meta property=\"og:description\" content=\"Republic Records \u2013 B0033380-01, Lava \u2013 B0033380-01 Format:  2 x Vinyl, LP, Album, Stereo Country: Europe Released: Apr 16, 2021\" \/>\n<meta property=\"og:url\" content=\"https:\/\/vinilozona.lt\/en\/parduotuve\/naujos-lp\/greta-van-fleet-\u200e-the-battle-at-gardens-gate\/\" \/>\n<meta property=\"og:site_name\" content=\"Vinilo Zona\" \/>\n<meta property=\"article:modified_time\" content=\"2023-12-03T14:30:34+00:00\" \/>\n<meta property=\"og:image\" content=\"https:\/\/vinilozona.lt\/wp-content\/uploads\/2021\/06\/R-18241738-1618619838-2706.jpeg.jpg\" \/>\n\t<meta property=\"og:image:width\" content=\"600\" \/>\n\t<meta property=\"og:image:height\" content=\"590\" \/>\n\t<meta property=\"og:image:type\" content=\"image\/jpeg\" \/>\n<meta name=\"twitter:card\" content=\"summary_large_image\" \/>\n<script type=\"application\/ld+json\" class=\"yoast-schema-graph\">{\"@context\":\"https:\/\/schema.org\",\"@graph\":[{\"@type\":\"WebPage\",\"@id\":\"https:\/\/vinilozona.lt\/parduotuve\/naujos-lp\/greta-van-fleet-%e2%80%8e-the-battle-at-gardens-gate\/\",\"url\":\"https:\/\/vinilozona.lt\/parduotuve\/naujos-lp\/greta-van-fleet-%e2%80%8e-the-battle-at-gardens-gate\/\",\"name\":\"Greta Van Fleet \u200e\u2013 The Battle At Garden's Gate Vinilin\u0117 Plok\u0161tel\u0117 | Vinilozona.lt\",\"isPartOf\":{\"@id\":\"https:\/\/vinilozona.lt\/#website\"},\"primaryImageOfPage\":{\"@id\":\"https:\/\/vinilozona.lt\/parduotuve\/naujos-lp\/greta-van-fleet-%e2%80%8e-the-battle-at-gardens-gate\/#primaryimage\"},\"image\":{\"@id\":\"https:\/\/vinilozona.lt\/parduotuve\/naujos-lp\/greta-van-fleet-%e2%80%8e-the-battle-at-gardens-gate\/#primaryimage\"},\"thumbnailUrl\":\"https:\/\/vinilozona.lt\/wp-content\/uploads\/2021\/06\/R-18241738-1618619838-2706.jpeg.jpg\",\"datePublished\":\"2023-11-30T03:03:45+00:00\",\"dateModified\":\"2023-12-03T14:30:34+00:00\",\"breadcrumb\":{\"@id\":\"https:\/\/vinilozona.lt\/parduotuve\/naujos-lp\/greta-van-fleet-%e2%80%8e-the-battle-at-gardens-gate\/#breadcrumb\"},\"inLanguage\":\"en-GB\",\"potentialAction\":[{\"@type\":\"ReadAction\",\"target\":[\"https:\/\/vinilozona.lt\/parduotuve\/naujos-lp\/greta-van-fleet-%e2%80%8e-the-battle-at-gardens-gate\/\"]}]},{\"@type\":\"ImageObject\",\"inLanguage\":\"en-GB\",\"@id\":\"https:\/\/vinilozona.lt\/parduotuve\/naujos-lp\/greta-van-fleet-%e2%80%8e-the-battle-at-gardens-gate\/#primaryimage\",\"url\":\"https:\/\/vinilozona.lt\/wp-content\/uploads\/2021\/06\/R-18241738-1618619838-2706.jpeg.jpg\",\"contentUrl\":\"https:\/\/vinilozona.lt\/wp-content\/uploads\/2021\/06\/R-18241738-1618619838-2706.jpeg.jpg\",\"width\":600,\"height\":590},{\"@type\":\"BreadcrumbList\",\"@id\":\"https:\/\/vinilozona.lt\/parduotuve\/naujos-lp\/greta-van-fleet-%e2%80%8e-the-battle-at-gardens-gate\/#breadcrumb\",\"itemListElement\":[{\"@type\":\"ListItem\",\"position\":1,\"name\":\"Home\",\"item\":\"https:\/\/vinilozona.lt\/\"},{\"@type\":\"ListItem\",\"position\":2,\"name\":\"Parduotuv\u0117\",\"item\":\"https:\/\/vinilozona.lt\/parduotuve\/\"},{\"@type\":\"ListItem\",\"position\":3,\"name\":\"Greta Van Fleet \u200e\u2013 The Battle At Garden&#8217;s Gate\"}]},{\"@type\":\"WebSite\",\"@id\":\"https:\/\/vinilozona.lt\/#website\",\"url\":\"https:\/\/vinilozona.lt\/\",\"name\":\"Vinilo Zona\",\"description\":\"Nup\u016bsk dulkes ir klausyk LP\",\"potentialAction\":[{\"@type\":\"SearchAction\",\"target\":{\"@type\":\"EntryPoint\",\"urlTemplate\":\"https:\/\/vinilozona.lt\/?s={search_term_string}\"},\"query-input\":{\"@type\":\"PropertyValueSpecification\",\"valueRequired\":true,\"valueName\":\"search_term_string\"}}],\"inLanguage\":\"en-GB\"}]}<\/script>\n<!-- \/ Yoast SEO plugin. -->","yoast_head_json":{"title":"Greta Van Fleet \u200e\u2013 The Battle At Garden's Gate Vinilin\u0117 Plok\u0161tel\u0117 | Vinilozona.lt","robots":{"index":"index","follow":"follow","max-snippet":"max-snippet:-1","max-image-preview":"max-image-preview:large","max-video-preview":"max-video-preview:-1"},"canonical":"https:\/\/vinilozona.lt\/en\/parduotuve\/naujos-lp\/greta-van-fleet-\u200e-the-battle-at-gardens-gate\/","og_locale":"en_GB","og_type":"article","og_title":"Greta Van Fleet \u200e\u2013 The Battle At Garden's Gate Vinilin\u0117 Plok\u0161tel\u0117 | Vinilozona.lt","og_description":"Republic Records \u2013 B0033380-01, Lava \u2013 B0033380-01 Format:  2 x Vinyl, LP, Album, Stereo Country: Europe Released: Apr 16, 2021","og_url":"https:\/\/vinilozona.lt\/en\/parduotuve\/naujos-lp\/greta-van-fleet-\u200e-the-battle-at-gardens-gate\/","og_site_name":"Vinilo Zona","article_modified_time":"2023-12-03T14:30:34+00:00","og_image":[{"width":600,"height":590,"url":"https:\/\/vinilozona.lt\/wp-content\/uploads\/2021\/06\/R-18241738-1618619838-2706.jpeg.jpg","type":"image\/jpeg"}],"twitter_card":"summary_large_image","schema":{"@context":"https:\/\/schema.org","@graph":[{"@type":"WebPage","@id":"https:\/\/vinilozona.lt\/parduotuve\/naujos-lp\/greta-van-fleet-%e2%80%8e-the-battle-at-gardens-gate\/","url":"https:\/\/vinilozona.lt\/parduotuve\/naujos-lp\/greta-van-fleet-%e2%80%8e-the-battle-at-gardens-gate\/","name":"Greta Van Fleet \u200e\u2013 The Battle At Garden's Gate Vinilin\u0117 Plok\u0161tel\u0117 | Vinilozona.lt","isPartOf":{"@id":"https:\/\/vinilozona.lt\/#website"},"primaryImageOfPage":{"@id":"https:\/\/vinilozona.lt\/parduotuve\/naujos-lp\/greta-van-fleet-%e2%80%8e-the-battle-at-gardens-gate\/#primaryimage"},"image":{"@id":"https:\/\/vinilozona.lt\/parduotuve\/naujos-lp\/greta-van-fleet-%e2%80%8e-the-battle-at-gardens-gate\/#primaryimage"},"thumbnailUrl":"https:\/\/vinilozona.lt\/wp-content\/uploads\/2021\/06\/R-18241738-1618619838-2706.jpeg.jpg","datePublished":"2023-11-30T03:03:45+00:00","dateModified":"2023-12-03T14:30:34+00:00","breadcrumb":{"@id":"https:\/\/vinilozona.lt\/parduotuve\/naujos-lp\/greta-van-fleet-%e2%80%8e-the-battle-at-gardens-gate\/#breadcrumb"},"inLanguage":"en-GB","potentialAction":[{"@type":"ReadAction","target":["https:\/\/vinilozona.lt\/parduotuve\/naujos-lp\/greta-van-fleet-%e2%80%8e-the-battle-at-gardens-gate\/"]}]},{"@type":"ImageObject","inLanguage":"en-GB","@id":"https:\/\/vinilozona.lt\/parduotuve\/naujos-lp\/greta-van-fleet-%e2%80%8e-the-battle-at-gardens-gate\/#primaryimage","url":"https:\/\/vinilozona.lt\/wp-content\/uploads\/2021\/06\/R-18241738-1618619838-2706.jpeg.jpg","contentUrl":"https:\/\/vinilozona.lt\/wp-content\/uploads\/2021\/06\/R-18241738-1618619838-2706.jpeg.jpg","width":600,"height":590},{"@type":"BreadcrumbList","@id":"https:\/\/vinilozona.lt\/parduotuve\/naujos-lp\/greta-van-fleet-%e2%80%8e-the-battle-at-gardens-gate\/#breadcrumb","itemListElement":[{"@type":"ListItem","position":1,"name":"Home","item":"https:\/\/vinilozona.lt\/"},{"@type":"ListItem","position":2,"name":"Parduotuv\u0117","item":"https:\/\/vinilozona.lt\/parduotuve\/"},{"@type":"ListItem","position":3,"name":"Greta Van Fleet \u200e\u2013 The Battle At Garden&#8217;s Gate"}]},{"@type":"WebSite","@id":"https:\/\/vinilozona.lt\/#website","url":"https:\/\/vinilozona.lt\/","name":"Vinilo Zona","description":"Nup\u016bsk dulkes ir klausyk LP","potentialAction":[{"@type":"SearchAction","target":{"@type":"EntryPoint","urlTemplate":"https:\/\/vinilozona.lt\/?s={search_term_string}"},"query-input":{"@type":"PropertyValueSpecification","valueRequired":true,"valueName":"search_term_string"}}],"inLanguage":"en-GB"}]}},"_links":{"self":[{"href":"https:\/\/vinilozona.lt\/en\/wp-json\/wp\/v2\/product\/15338"}],"collection":[{"href":"https:\/\/vinilozona.lt\/en\/wp-json\/wp\/v2\/product"}],"about":[{"href":"https:\/\/vinilozona.lt\/en\/wp-json\/wp\/v2\/types\/product"}],"wp:featuredmedia":[{"embeddable":true,"href":"https:\/\/vinilozona.lt\/en\/wp-json\/wp\/v2\/media\/15339"}],"wp:attachment":[{"href":"https:\/\/vinilozona.lt\/en\/wp-json\/wp\/v2\/media?parent=15338"}],"wp:term":[{"taxonomy":"product_cat","embeddable":true,"href":"https:\/\/vinilozona.lt\/en\/wp-json\/wp\/v2\/product_cat?post=15338"},{"taxonomy":"product_tag","embeddable":true,"href":"https:\/\/vinilozona.lt\/en\/wp-json\/wp\/v2\/product_tag?post=15338"}],"curies":[{"name":"wp","href":"https:\/\/api.w.org\/{rel}","templated":true}]}}