{"id":15334,"date":"2024-12-20T05:10:01","date_gmt":"2024-12-20T03:10:01","guid":{"rendered":"https:\/\/vinilozona.lt\/?post_type=product&#038;p=15334"},"modified":"2025-02-25T15:08:45","modified_gmt":"2025-02-25T13:08:45","slug":"kraftwerk-%e2%80%8e-trans-europe-express","status":"publish","type":"product","link":"https:\/\/vinilozona.lt\/en\/parduotuve\/naujos-lp\/kraftwerk-%e2%80%8e-trans-europe-express\/","title":{"rendered":"Kraftwerk \u200e\u2013 Trans Europe Express"},"content":{"rendered":"<p>A1\tEurope Endless 9:41<br \/>\nA2\tThe Hall Of Mirrors 7:57<br \/>\nA3\tShowroom Dummies\t6:15<br \/>\nB1\tTrans Europe Express 6:32<br \/>\nB2\tMetal On Metal\t2:12<br \/>\nB3\tAbzug\t4:54<br \/>\nB4\tFranz Schubert\t4:26<br \/>\nB5\tEndless Endless 0:55<\/p>","protected":false},"excerpt":{"rendered":"<p>Kling Klang \u2013 50999 9 66020 1 0, Parlophone \u2013 50999 9 66020 1 0<br \/>\nSeries:\tKling Klang Digital Master<br \/>\nFormat:<br \/>\nVinyl, LP, Album, Limited Edition, Reissue, Remastered, Special Edition, Clear, 180g<br \/>\nCountry:\tEurope<br \/>\nReleased:\tOct 9, 2020<\/p>","protected":false},"featured_media":15335,"template":"","meta":[],"product_cat":[23],"product_tag":[74],"yoast_head":"<!-- This site is optimized with the Yoast SEO plugin v23.5 - https:\/\/yoast.com\/wordpress\/plugins\/seo\/ -->\n<title>Kraftwerk \u200e\u2013 Trans Europe Express Vinilin\u0117 Plok\u0161tel\u0117 | Vinilozona.lt<\/title>\n<meta name=\"robots\" content=\"index, follow, max-snippet:-1, max-image-preview:large, max-video-preview:-1\" \/>\n<link rel=\"canonical\" href=\"https:\/\/vinilozona.lt\/en\/parduotuve\/naujos-lp\/kraftwerk-\u200e-trans-europe-express\/\" \/>\n<meta property=\"og:locale\" content=\"en_GB\" \/>\n<meta property=\"og:type\" content=\"article\" \/>\n<meta property=\"og:title\" content=\"Kraftwerk \u200e\u2013 Trans Europe Express Vinilin\u0117 Plok\u0161tel\u0117 | Vinilozona.lt\" \/>\n<meta property=\"og:description\" content=\"Kling Klang \u2013 50999 9 66020 1 0, Parlophone \u2013 50999 9 66020 1 0 Series: Kling Klang Digital Master Format:  Vinyl, LP, Album, Limited Edition, Reissue, Remastered, Special Edition, Clear, 180g Country: Europe Released: Oct 9, 2020\" \/>\n<meta property=\"og:url\" content=\"https:\/\/vinilozona.lt\/en\/parduotuve\/naujos-lp\/kraftwerk-\u200e-trans-europe-express\/\" \/>\n<meta property=\"og:site_name\" content=\"Vinilo Zona\" \/>\n<meta property=\"article:modified_time\" content=\"2025-02-25T13:08:45+00:00\" \/>\n<meta property=\"og:image\" content=\"https:\/\/vinilozona.lt\/wp-content\/uploads\/2021\/06\/R-2064238-1262046128.jpeg.jpg\" \/>\n\t<meta property=\"og:image:width\" content=\"300\" \/>\n\t<meta property=\"og:image:height\" content=\"300\" \/>\n\t<meta property=\"og:image:type\" content=\"image\/jpeg\" \/>\n<meta name=\"twitter:card\" content=\"summary_large_image\" \/>\n<meta name=\"twitter:label1\" content=\"Estimated reading time\" \/>\n\t<meta name=\"twitter:data1\" content=\"1 minute\" \/>\n<script type=\"application\/ld+json\" class=\"yoast-schema-graph\">{\"@context\":\"https:\/\/schema.org\",\"@graph\":[{\"@type\":\"WebPage\",\"@id\":\"https:\/\/vinilozona.lt\/parduotuve\/naujos-lp\/kraftwerk-%e2%80%8e-trans-europe-express\/\",\"url\":\"https:\/\/vinilozona.lt\/parduotuve\/naujos-lp\/kraftwerk-%e2%80%8e-trans-europe-express\/\",\"name\":\"Kraftwerk \u200e\u2013 Trans Europe Express Vinilin\u0117 Plok\u0161tel\u0117 | Vinilozona.lt\",\"isPartOf\":{\"@id\":\"https:\/\/vinilozona.lt\/#website\"},\"primaryImageOfPage\":{\"@id\":\"https:\/\/vinilozona.lt\/parduotuve\/naujos-lp\/kraftwerk-%e2%80%8e-trans-europe-express\/#primaryimage\"},\"image\":{\"@id\":\"https:\/\/vinilozona.lt\/parduotuve\/naujos-lp\/kraftwerk-%e2%80%8e-trans-europe-express\/#primaryimage\"},\"thumbnailUrl\":\"https:\/\/vinilozona.lt\/wp-content\/uploads\/2021\/06\/R-2064238-1262046128.jpeg.jpg\",\"datePublished\":\"2024-12-20T03:10:01+00:00\",\"dateModified\":\"2025-02-25T13:08:45+00:00\",\"breadcrumb\":{\"@id\":\"https:\/\/vinilozona.lt\/parduotuve\/naujos-lp\/kraftwerk-%e2%80%8e-trans-europe-express\/#breadcrumb\"},\"inLanguage\":\"en-GB\",\"potentialAction\":[{\"@type\":\"ReadAction\",\"target\":[\"https:\/\/vinilozona.lt\/parduotuve\/naujos-lp\/kraftwerk-%e2%80%8e-trans-europe-express\/\"]}]},{\"@type\":\"ImageObject\",\"inLanguage\":\"en-GB\",\"@id\":\"https:\/\/vinilozona.lt\/parduotuve\/naujos-lp\/kraftwerk-%e2%80%8e-trans-europe-express\/#primaryimage\",\"url\":\"https:\/\/vinilozona.lt\/wp-content\/uploads\/2021\/06\/R-2064238-1262046128.jpeg.jpg\",\"contentUrl\":\"https:\/\/vinilozona.lt\/wp-content\/uploads\/2021\/06\/R-2064238-1262046128.jpeg.jpg\",\"width\":300,\"height\":300},{\"@type\":\"BreadcrumbList\",\"@id\":\"https:\/\/vinilozona.lt\/parduotuve\/naujos-lp\/kraftwerk-%e2%80%8e-trans-europe-express\/#breadcrumb\",\"itemListElement\":[{\"@type\":\"ListItem\",\"position\":1,\"name\":\"Home\",\"item\":\"https:\/\/vinilozona.lt\/\"},{\"@type\":\"ListItem\",\"position\":2,\"name\":\"Parduotuv\u0117\",\"item\":\"https:\/\/vinilozona.lt\/parduotuve\/\"},{\"@type\":\"ListItem\",\"position\":3,\"name\":\"Kraftwerk \u200e\u2013 Trans Europe Express\"}]},{\"@type\":\"WebSite\",\"@id\":\"https:\/\/vinilozona.lt\/#website\",\"url\":\"https:\/\/vinilozona.lt\/\",\"name\":\"Vinilo Zona\",\"description\":\"Nup\u016bsk dulkes ir klausyk LP\",\"potentialAction\":[{\"@type\":\"SearchAction\",\"target\":{\"@type\":\"EntryPoint\",\"urlTemplate\":\"https:\/\/vinilozona.lt\/?s={search_term_string}\"},\"query-input\":{\"@type\":\"PropertyValueSpecification\",\"valueRequired\":true,\"valueName\":\"search_term_string\"}}],\"inLanguage\":\"en-GB\"}]}<\/script>\n<!-- \/ Yoast SEO plugin. -->","yoast_head_json":{"title":"Kraftwerk \u200e\u2013 Trans Europe Express Vinilin\u0117 Plok\u0161tel\u0117 | Vinilozona.lt","robots":{"index":"index","follow":"follow","max-snippet":"max-snippet:-1","max-image-preview":"max-image-preview:large","max-video-preview":"max-video-preview:-1"},"canonical":"https:\/\/vinilozona.lt\/en\/parduotuve\/naujos-lp\/kraftwerk-\u200e-trans-europe-express\/","og_locale":"en_GB","og_type":"article","og_title":"Kraftwerk \u200e\u2013 Trans Europe Express Vinilin\u0117 Plok\u0161tel\u0117 | Vinilozona.lt","og_description":"Kling Klang \u2013 50999 9 66020 1 0, Parlophone \u2013 50999 9 66020 1 0 Series: Kling Klang Digital Master Format:  Vinyl, LP, Album, Limited Edition, Reissue, Remastered, Special Edition, Clear, 180g Country: Europe Released: Oct 9, 2020","og_url":"https:\/\/vinilozona.lt\/en\/parduotuve\/naujos-lp\/kraftwerk-\u200e-trans-europe-express\/","og_site_name":"Vinilo Zona","article_modified_time":"2025-02-25T13:08:45+00:00","og_image":[{"width":300,"height":300,"url":"https:\/\/vinilozona.lt\/wp-content\/uploads\/2021\/06\/R-2064238-1262046128.jpeg.jpg","type":"image\/jpeg"}],"twitter_card":"summary_large_image","twitter_misc":{"Estimated reading time":"1 minute"},"schema":{"@context":"https:\/\/schema.org","@graph":[{"@type":"WebPage","@id":"https:\/\/vinilozona.lt\/parduotuve\/naujos-lp\/kraftwerk-%e2%80%8e-trans-europe-express\/","url":"https:\/\/vinilozona.lt\/parduotuve\/naujos-lp\/kraftwerk-%e2%80%8e-trans-europe-express\/","name":"Kraftwerk \u200e\u2013 Trans Europe Express Vinilin\u0117 Plok\u0161tel\u0117 | Vinilozona.lt","isPartOf":{"@id":"https:\/\/vinilozona.lt\/#website"},"primaryImageOfPage":{"@id":"https:\/\/vinilozona.lt\/parduotuve\/naujos-lp\/kraftwerk-%e2%80%8e-trans-europe-express\/#primaryimage"},"image":{"@id":"https:\/\/vinilozona.lt\/parduotuve\/naujos-lp\/kraftwerk-%e2%80%8e-trans-europe-express\/#primaryimage"},"thumbnailUrl":"https:\/\/vinilozona.lt\/wp-content\/uploads\/2021\/06\/R-2064238-1262046128.jpeg.jpg","datePublished":"2024-12-20T03:10:01+00:00","dateModified":"2025-02-25T13:08:45+00:00","breadcrumb":{"@id":"https:\/\/vinilozona.lt\/parduotuve\/naujos-lp\/kraftwerk-%e2%80%8e-trans-europe-express\/#breadcrumb"},"inLanguage":"en-GB","potentialAction":[{"@type":"ReadAction","target":["https:\/\/vinilozona.lt\/parduotuve\/naujos-lp\/kraftwerk-%e2%80%8e-trans-europe-express\/"]}]},{"@type":"ImageObject","inLanguage":"en-GB","@id":"https:\/\/vinilozona.lt\/parduotuve\/naujos-lp\/kraftwerk-%e2%80%8e-trans-europe-express\/#primaryimage","url":"https:\/\/vinilozona.lt\/wp-content\/uploads\/2021\/06\/R-2064238-1262046128.jpeg.jpg","contentUrl":"https:\/\/vinilozona.lt\/wp-content\/uploads\/2021\/06\/R-2064238-1262046128.jpeg.jpg","width":300,"height":300},{"@type":"BreadcrumbList","@id":"https:\/\/vinilozona.lt\/parduotuve\/naujos-lp\/kraftwerk-%e2%80%8e-trans-europe-express\/#breadcrumb","itemListElement":[{"@type":"ListItem","position":1,"name":"Home","item":"https:\/\/vinilozona.lt\/"},{"@type":"ListItem","position":2,"name":"Parduotuv\u0117","item":"https:\/\/vinilozona.lt\/parduotuve\/"},{"@type":"ListItem","position":3,"name":"Kraftwerk \u200e\u2013 Trans Europe Express"}]},{"@type":"WebSite","@id":"https:\/\/vinilozona.lt\/#website","url":"https:\/\/vinilozona.lt\/","name":"Vinilo Zona","description":"Nup\u016bsk dulkes ir klausyk LP","potentialAction":[{"@type":"SearchAction","target":{"@type":"EntryPoint","urlTemplate":"https:\/\/vinilozona.lt\/?s={search_term_string}"},"query-input":{"@type":"PropertyValueSpecification","valueRequired":true,"valueName":"search_term_string"}}],"inLanguage":"en-GB"}]}},"_links":{"self":[{"href":"https:\/\/vinilozona.lt\/en\/wp-json\/wp\/v2\/product\/15334"}],"collection":[{"href":"https:\/\/vinilozona.lt\/en\/wp-json\/wp\/v2\/product"}],"about":[{"href":"https:\/\/vinilozona.lt\/en\/wp-json\/wp\/v2\/types\/product"}],"wp:featuredmedia":[{"embeddable":true,"href":"https:\/\/vinilozona.lt\/en\/wp-json\/wp\/v2\/media\/15335"}],"wp:attachment":[{"href":"https:\/\/vinilozona.lt\/en\/wp-json\/wp\/v2\/media?parent=15334"}],"wp:term":[{"taxonomy":"product_cat","embeddable":true,"href":"https:\/\/vinilozona.lt\/en\/wp-json\/wp\/v2\/product_cat?post=15334"},{"taxonomy":"product_tag","embeddable":true,"href":"https:\/\/vinilozona.lt\/en\/wp-json\/wp\/v2\/product_tag?post=15334"}],"curies":[{"name":"wp","href":"https:\/\/api.w.org\/{rel}","templated":true}]}}