{"id":15330,"date":"2023-11-22T17:55:31","date_gmt":"2023-11-22T15:55:31","guid":{"rendered":"https:\/\/vinilozona.lt\/?post_type=product&#038;p=15330"},"modified":"2024-11-22T17:52:35","modified_gmt":"2024-11-22T15:52:35","slug":"michael-buble-%e2%80%8e-love","status":"publish","type":"product","link":"https:\/\/vinilozona.lt\/en\/parduotuve\/naujos-lp\/michael-buble-%e2%80%8e-love\/","title":{"rendered":"Thirty Seconds To Mars \u2013 This Is War"},"content":{"rendered":"<p>A1\t\tEscape\t2:24<br \/>\nA2\t\tNight Of The Hunter\t5:41<br \/>\nA3\t\tKings And Queens\t5:47<br \/>\nB1\t\tThis Is War\t5:27<br \/>\nB2\t\t100 Suns\t1:58<br \/>\nB3\t\tHurricane\t6:11<br \/>\nC1\t\tCloser To The Edge\t4:33<br \/>\nC2\t\tVox Populi\t5:43<br \/>\nC3\t\tSearch And Destroy\t5:38<br \/>\nD1\t\tAlibi\t6:00<br \/>\nD2\t\tStranger In A Strange Land\t6:54<br \/>\nD3\t\tL490\t4:26<br \/>\nCD-1\t\tEscape\t2:24<br \/>\nCD-2\t\tNight Of The Hunter\t5:41<br \/>\nCD-3\t\tKings And Queens\t5:47<br \/>\nCD-4\t\tThis Is War\t5:27<br \/>\nCD-5\t\t100 Suns\t1:58<br \/>\nCD-6\t\tHurricane\t6:11<br \/>\nCD-7\t\tCloser To The Edge\t4:33<br \/>\nCD-8\t\tVox Populi\t5:43<br \/>\nCD-9\t\tSearch And Destroy\t5:38<br \/>\nCD-10\t\tAlibi\t6:00<br \/>\nCD-11\t\tStranger In A Strange Land\t6:54<br \/>\nCD-12\t\tL490\t4:26<\/p>","protected":false},"excerpt":{"rendered":"<p>Virgin \u2013 509993 09433 1 5, Immortal Records (3) \u2013 509993 09433 1 5<br \/>\nFormat:<br \/>\n2 x Vinyl, LP, Album<br \/>\nCD, Album<br \/>\nCountry:\tEU<br \/>\nReleased:\t2009<\/p>","protected":false},"featured_media":23670,"template":"","meta":[],"product_cat":[23],"product_tag":[55],"yoast_head":"<!-- This site is optimized with the Yoast SEO plugin v23.5 - https:\/\/yoast.com\/wordpress\/plugins\/seo\/ -->\n<title>Thirty Seconds To Mars \u2013 This Is War Vinilin\u0117 Plok\u0161tel\u0117 | Vinilozona.lt<\/title>\n<meta name=\"robots\" content=\"index, follow, max-snippet:-1, max-image-preview:large, max-video-preview:-1\" \/>\n<link rel=\"canonical\" href=\"https:\/\/vinilozona.lt\/en\/parduotuve\/naujos-lp\/michael-buble-\u200e-love\/\" \/>\n<meta property=\"og:locale\" content=\"en_GB\" \/>\n<meta property=\"og:type\" content=\"article\" \/>\n<meta property=\"og:title\" content=\"Thirty Seconds To Mars \u2013 This Is War Vinilin\u0117 Plok\u0161tel\u0117 | Vinilozona.lt\" \/>\n<meta property=\"og:description\" content=\"Virgin \u2013 509993 09433 1 5, Immortal Records (3) \u2013 509993 09433 1 5 Format:  2 x Vinyl, LP, Album CD, Album Country: EU Released: 2009\" \/>\n<meta property=\"og:url\" content=\"https:\/\/vinilozona.lt\/en\/parduotuve\/naujos-lp\/michael-buble-\u200e-love\/\" \/>\n<meta property=\"og:site_name\" content=\"Vinilo Zona\" \/>\n<meta property=\"article:modified_time\" content=\"2024-11-22T15:52:35+00:00\" \/>\n<meta property=\"og:image\" content=\"https:\/\/vinilozona.lt\/wp-content\/uploads\/2023\/11\/R-4202883-1358441695-9739.jpg\" \/>\n\t<meta property=\"og:image:width\" content=\"600\" \/>\n\t<meta property=\"og:image:height\" content=\"600\" \/>\n\t<meta property=\"og:image:type\" content=\"image\/jpeg\" \/>\n<meta name=\"twitter:card\" content=\"summary_large_image\" \/>\n<script type=\"application\/ld+json\" class=\"yoast-schema-graph\">{\"@context\":\"https:\/\/schema.org\",\"@graph\":[{\"@type\":\"WebPage\",\"@id\":\"https:\/\/vinilozona.lt\/parduotuve\/naujos-lp\/michael-buble-%e2%80%8e-love\/\",\"url\":\"https:\/\/vinilozona.lt\/parduotuve\/naujos-lp\/michael-buble-%e2%80%8e-love\/\",\"name\":\"Thirty Seconds To Mars \u2013 This Is War Vinilin\u0117 Plok\u0161tel\u0117 | Vinilozona.lt\",\"isPartOf\":{\"@id\":\"https:\/\/vinilozona.lt\/#website\"},\"primaryImageOfPage\":{\"@id\":\"https:\/\/vinilozona.lt\/parduotuve\/naujos-lp\/michael-buble-%e2%80%8e-love\/#primaryimage\"},\"image\":{\"@id\":\"https:\/\/vinilozona.lt\/parduotuve\/naujos-lp\/michael-buble-%e2%80%8e-love\/#primaryimage\"},\"thumbnailUrl\":\"https:\/\/vinilozona.lt\/wp-content\/uploads\/2023\/11\/R-4202883-1358441695-9739.jpg\",\"datePublished\":\"2023-11-22T15:55:31+00:00\",\"dateModified\":\"2024-11-22T15:52:35+00:00\",\"breadcrumb\":{\"@id\":\"https:\/\/vinilozona.lt\/parduotuve\/naujos-lp\/michael-buble-%e2%80%8e-love\/#breadcrumb\"},\"inLanguage\":\"en-GB\",\"potentialAction\":[{\"@type\":\"ReadAction\",\"target\":[\"https:\/\/vinilozona.lt\/parduotuve\/naujos-lp\/michael-buble-%e2%80%8e-love\/\"]}]},{\"@type\":\"ImageObject\",\"inLanguage\":\"en-GB\",\"@id\":\"https:\/\/vinilozona.lt\/parduotuve\/naujos-lp\/michael-buble-%e2%80%8e-love\/#primaryimage\",\"url\":\"https:\/\/vinilozona.lt\/wp-content\/uploads\/2023\/11\/R-4202883-1358441695-9739.jpg\",\"contentUrl\":\"https:\/\/vinilozona.lt\/wp-content\/uploads\/2023\/11\/R-4202883-1358441695-9739.jpg\",\"width\":600,\"height\":600},{\"@type\":\"BreadcrumbList\",\"@id\":\"https:\/\/vinilozona.lt\/parduotuve\/naujos-lp\/michael-buble-%e2%80%8e-love\/#breadcrumb\",\"itemListElement\":[{\"@type\":\"ListItem\",\"position\":1,\"name\":\"Home\",\"item\":\"https:\/\/vinilozona.lt\/\"},{\"@type\":\"ListItem\",\"position\":2,\"name\":\"Parduotuv\u0117\",\"item\":\"https:\/\/vinilozona.lt\/parduotuve\/\"},{\"@type\":\"ListItem\",\"position\":3,\"name\":\"Thirty Seconds To Mars \u2013 This Is War\"}]},{\"@type\":\"WebSite\",\"@id\":\"https:\/\/vinilozona.lt\/#website\",\"url\":\"https:\/\/vinilozona.lt\/\",\"name\":\"Vinilo Zona\",\"description\":\"Nup\u016bsk dulkes ir klausyk LP\",\"potentialAction\":[{\"@type\":\"SearchAction\",\"target\":{\"@type\":\"EntryPoint\",\"urlTemplate\":\"https:\/\/vinilozona.lt\/?s={search_term_string}\"},\"query-input\":{\"@type\":\"PropertyValueSpecification\",\"valueRequired\":true,\"valueName\":\"search_term_string\"}}],\"inLanguage\":\"en-GB\"}]}<\/script>\n<!-- \/ Yoast SEO plugin. -->","yoast_head_json":{"title":"Thirty Seconds To Mars \u2013 This Is War Vinilin\u0117 Plok\u0161tel\u0117 | Vinilozona.lt","robots":{"index":"index","follow":"follow","max-snippet":"max-snippet:-1","max-image-preview":"max-image-preview:large","max-video-preview":"max-video-preview:-1"},"canonical":"https:\/\/vinilozona.lt\/en\/parduotuve\/naujos-lp\/michael-buble-\u200e-love\/","og_locale":"en_GB","og_type":"article","og_title":"Thirty Seconds To Mars \u2013 This Is War Vinilin\u0117 Plok\u0161tel\u0117 | Vinilozona.lt","og_description":"Virgin \u2013 509993 09433 1 5, Immortal Records (3) \u2013 509993 09433 1 5 Format:  2 x Vinyl, LP, Album CD, Album Country: EU Released: 2009","og_url":"https:\/\/vinilozona.lt\/en\/parduotuve\/naujos-lp\/michael-buble-\u200e-love\/","og_site_name":"Vinilo Zona","article_modified_time":"2024-11-22T15:52:35+00:00","og_image":[{"width":600,"height":600,"url":"https:\/\/vinilozona.lt\/wp-content\/uploads\/2023\/11\/R-4202883-1358441695-9739.jpg","type":"image\/jpeg"}],"twitter_card":"summary_large_image","schema":{"@context":"https:\/\/schema.org","@graph":[{"@type":"WebPage","@id":"https:\/\/vinilozona.lt\/parduotuve\/naujos-lp\/michael-buble-%e2%80%8e-love\/","url":"https:\/\/vinilozona.lt\/parduotuve\/naujos-lp\/michael-buble-%e2%80%8e-love\/","name":"Thirty Seconds To Mars \u2013 This Is War Vinilin\u0117 Plok\u0161tel\u0117 | Vinilozona.lt","isPartOf":{"@id":"https:\/\/vinilozona.lt\/#website"},"primaryImageOfPage":{"@id":"https:\/\/vinilozona.lt\/parduotuve\/naujos-lp\/michael-buble-%e2%80%8e-love\/#primaryimage"},"image":{"@id":"https:\/\/vinilozona.lt\/parduotuve\/naujos-lp\/michael-buble-%e2%80%8e-love\/#primaryimage"},"thumbnailUrl":"https:\/\/vinilozona.lt\/wp-content\/uploads\/2023\/11\/R-4202883-1358441695-9739.jpg","datePublished":"2023-11-22T15:55:31+00:00","dateModified":"2024-11-22T15:52:35+00:00","breadcrumb":{"@id":"https:\/\/vinilozona.lt\/parduotuve\/naujos-lp\/michael-buble-%e2%80%8e-love\/#breadcrumb"},"inLanguage":"en-GB","potentialAction":[{"@type":"ReadAction","target":["https:\/\/vinilozona.lt\/parduotuve\/naujos-lp\/michael-buble-%e2%80%8e-love\/"]}]},{"@type":"ImageObject","inLanguage":"en-GB","@id":"https:\/\/vinilozona.lt\/parduotuve\/naujos-lp\/michael-buble-%e2%80%8e-love\/#primaryimage","url":"https:\/\/vinilozona.lt\/wp-content\/uploads\/2023\/11\/R-4202883-1358441695-9739.jpg","contentUrl":"https:\/\/vinilozona.lt\/wp-content\/uploads\/2023\/11\/R-4202883-1358441695-9739.jpg","width":600,"height":600},{"@type":"BreadcrumbList","@id":"https:\/\/vinilozona.lt\/parduotuve\/naujos-lp\/michael-buble-%e2%80%8e-love\/#breadcrumb","itemListElement":[{"@type":"ListItem","position":1,"name":"Home","item":"https:\/\/vinilozona.lt\/"},{"@type":"ListItem","position":2,"name":"Parduotuv\u0117","item":"https:\/\/vinilozona.lt\/parduotuve\/"},{"@type":"ListItem","position":3,"name":"Thirty Seconds To Mars \u2013 This Is War"}]},{"@type":"WebSite","@id":"https:\/\/vinilozona.lt\/#website","url":"https:\/\/vinilozona.lt\/","name":"Vinilo Zona","description":"Nup\u016bsk dulkes ir klausyk LP","potentialAction":[{"@type":"SearchAction","target":{"@type":"EntryPoint","urlTemplate":"https:\/\/vinilozona.lt\/?s={search_term_string}"},"query-input":{"@type":"PropertyValueSpecification","valueRequired":true,"valueName":"search_term_string"}}],"inLanguage":"en-GB"}]}},"_links":{"self":[{"href":"https:\/\/vinilozona.lt\/en\/wp-json\/wp\/v2\/product\/15330"}],"collection":[{"href":"https:\/\/vinilozona.lt\/en\/wp-json\/wp\/v2\/product"}],"about":[{"href":"https:\/\/vinilozona.lt\/en\/wp-json\/wp\/v2\/types\/product"}],"wp:featuredmedia":[{"embeddable":true,"href":"https:\/\/vinilozona.lt\/en\/wp-json\/wp\/v2\/media\/23670"}],"wp:attachment":[{"href":"https:\/\/vinilozona.lt\/en\/wp-json\/wp\/v2\/media?parent=15330"}],"wp:term":[{"taxonomy":"product_cat","embeddable":true,"href":"https:\/\/vinilozona.lt\/en\/wp-json\/wp\/v2\/product_cat?post=15330"},{"taxonomy":"product_tag","embeddable":true,"href":"https:\/\/vinilozona.lt\/en\/wp-json\/wp\/v2\/product_tag?post=15330"}],"curies":[{"name":"wp","href":"https:\/\/api.w.org\/{rel}","templated":true}]}}