{"id":15304,"date":"2021-05-31T22:50:07","date_gmt":"2021-05-31T19:50:07","guid":{"rendered":"https:\/\/vinilozona.lt\/?post_type=product&#038;p=15304"},"modified":"2021-05-31T23:03:13","modified_gmt":"2021-05-31T20:03:13","slug":"marvin-stamm-stammpede","status":"publish","type":"product","link":"https:\/\/vinilozona.lt\/en\/parduotuve\/jazz\/marvin-stamm-stammpede\/","title":{"rendered":"Marvin Stamm \u2013 Stammpede"},"content":{"rendered":"<p>A1\tOriental Spice\t4:21<br \/>\nA2\tLos Samana\t4:15<br \/>\nA3\tPowerplay\t3:35<br \/>\nA4\tComing Attractions\t4:22<br \/>\nB1\tStammpede\t3:56<br \/>\nB2\tMasque Afrique\t5:20<br \/>\nB3\tBy Torchlight\t4:51<br \/>\nB4\tCarnevale\t3:25<\/p>","protected":false},"excerpt":{"rendered":"<p>PA 8022-N<\/p>","protected":false},"featured_media":15308,"template":"","meta":[],"product_cat":[20],"product_tag":[55],"yoast_head":"<!-- This site is optimized with the Yoast SEO plugin v23.5 - https:\/\/yoast.com\/wordpress\/plugins\/seo\/ -->\n<title>Marvin Stamm \u2013 Stammpede Vinilin\u0117 Plok\u0161tel\u0117 | Vinilozona.lt<\/title>\n<meta name=\"robots\" content=\"index, follow, max-snippet:-1, max-image-preview:large, max-video-preview:-1\" \/>\n<link rel=\"canonical\" href=\"https:\/\/vinilozona.lt\/en\/parduotuve\/jazz\/marvin-stamm-stammpede\/\" \/>\n<meta property=\"og:locale\" content=\"en_GB\" \/>\n<meta property=\"og:type\" content=\"article\" \/>\n<meta property=\"og:title\" content=\"Marvin Stamm \u2013 Stammpede Vinilin\u0117 Plok\u0161tel\u0117 | Vinilozona.lt\" \/>\n<meta property=\"og:description\" content=\"PA 8022-N\" \/>\n<meta property=\"og:url\" content=\"https:\/\/vinilozona.lt\/en\/parduotuve\/jazz\/marvin-stamm-stammpede\/\" \/>\n<meta property=\"og:site_name\" content=\"Vinilo Zona\" \/>\n<meta property=\"article:modified_time\" content=\"2021-05-31T20:03:13+00:00\" \/>\n<meta property=\"og:image\" content=\"https:\/\/vinilozona.lt\/wp-content\/uploads\/2021\/05\/R-3145270-1360435241-7428.jpeg-1.jpg\" \/>\n\t<meta property=\"og:image:width\" content=\"450\" \/>\n\t<meta property=\"og:image:height\" content=\"439\" \/>\n\t<meta property=\"og:image:type\" content=\"image\/jpeg\" \/>\n<meta name=\"twitter:card\" content=\"summary_large_image\" \/>\n<script type=\"application\/ld+json\" class=\"yoast-schema-graph\">{\"@context\":\"https:\/\/schema.org\",\"@graph\":[{\"@type\":\"WebPage\",\"@id\":\"https:\/\/vinilozona.lt\/parduotuve\/jazz\/marvin-stamm-stammpede\/\",\"url\":\"https:\/\/vinilozona.lt\/parduotuve\/jazz\/marvin-stamm-stammpede\/\",\"name\":\"Marvin Stamm \u2013 Stammpede Vinilin\u0117 Plok\u0161tel\u0117 | Vinilozona.lt\",\"isPartOf\":{\"@id\":\"https:\/\/vinilozona.lt\/#website\"},\"primaryImageOfPage\":{\"@id\":\"https:\/\/vinilozona.lt\/parduotuve\/jazz\/marvin-stamm-stammpede\/#primaryimage\"},\"image\":{\"@id\":\"https:\/\/vinilozona.lt\/parduotuve\/jazz\/marvin-stamm-stammpede\/#primaryimage\"},\"thumbnailUrl\":\"https:\/\/vinilozona.lt\/wp-content\/uploads\/2021\/05\/R-3145270-1360435241-7428.jpeg-1.jpg\",\"datePublished\":\"2021-05-31T19:50:07+00:00\",\"dateModified\":\"2021-05-31T20:03:13+00:00\",\"breadcrumb\":{\"@id\":\"https:\/\/vinilozona.lt\/parduotuve\/jazz\/marvin-stamm-stammpede\/#breadcrumb\"},\"inLanguage\":\"en-GB\",\"potentialAction\":[{\"@type\":\"ReadAction\",\"target\":[\"https:\/\/vinilozona.lt\/parduotuve\/jazz\/marvin-stamm-stammpede\/\"]}]},{\"@type\":\"ImageObject\",\"inLanguage\":\"en-GB\",\"@id\":\"https:\/\/vinilozona.lt\/parduotuve\/jazz\/marvin-stamm-stammpede\/#primaryimage\",\"url\":\"https:\/\/vinilozona.lt\/wp-content\/uploads\/2021\/05\/R-3145270-1360435241-7428.jpeg-1.jpg\",\"contentUrl\":\"https:\/\/vinilozona.lt\/wp-content\/uploads\/2021\/05\/R-3145270-1360435241-7428.jpeg-1.jpg\",\"width\":450,\"height\":439},{\"@type\":\"BreadcrumbList\",\"@id\":\"https:\/\/vinilozona.lt\/parduotuve\/jazz\/marvin-stamm-stammpede\/#breadcrumb\",\"itemListElement\":[{\"@type\":\"ListItem\",\"position\":1,\"name\":\"Home\",\"item\":\"https:\/\/vinilozona.lt\/\"},{\"@type\":\"ListItem\",\"position\":2,\"name\":\"Parduotuv\u0117\",\"item\":\"https:\/\/vinilozona.lt\/parduotuve\/\"},{\"@type\":\"ListItem\",\"position\":3,\"name\":\"Marvin Stamm \u2013 Stammpede\"}]},{\"@type\":\"WebSite\",\"@id\":\"https:\/\/vinilozona.lt\/#website\",\"url\":\"https:\/\/vinilozona.lt\/\",\"name\":\"Vinilo Zona\",\"description\":\"Nup\u016bsk dulkes ir klausyk LP\",\"potentialAction\":[{\"@type\":\"SearchAction\",\"target\":{\"@type\":\"EntryPoint\",\"urlTemplate\":\"https:\/\/vinilozona.lt\/?s={search_term_string}\"},\"query-input\":{\"@type\":\"PropertyValueSpecification\",\"valueRequired\":true,\"valueName\":\"search_term_string\"}}],\"inLanguage\":\"en-GB\"}]}<\/script>\n<!-- \/ Yoast SEO plugin. -->","yoast_head_json":{"title":"Marvin Stamm \u2013 Stammpede Vinilin\u0117 Plok\u0161tel\u0117 | Vinilozona.lt","robots":{"index":"index","follow":"follow","max-snippet":"max-snippet:-1","max-image-preview":"max-image-preview:large","max-video-preview":"max-video-preview:-1"},"canonical":"https:\/\/vinilozona.lt\/en\/parduotuve\/jazz\/marvin-stamm-stammpede\/","og_locale":"en_GB","og_type":"article","og_title":"Marvin Stamm \u2013 Stammpede Vinilin\u0117 Plok\u0161tel\u0117 | Vinilozona.lt","og_description":"PA 8022-N","og_url":"https:\/\/vinilozona.lt\/en\/parduotuve\/jazz\/marvin-stamm-stammpede\/","og_site_name":"Vinilo Zona","article_modified_time":"2021-05-31T20:03:13+00:00","og_image":[{"width":450,"height":439,"url":"https:\/\/vinilozona.lt\/wp-content\/uploads\/2021\/05\/R-3145270-1360435241-7428.jpeg-1.jpg","type":"image\/jpeg"}],"twitter_card":"summary_large_image","schema":{"@context":"https:\/\/schema.org","@graph":[{"@type":"WebPage","@id":"https:\/\/vinilozona.lt\/parduotuve\/jazz\/marvin-stamm-stammpede\/","url":"https:\/\/vinilozona.lt\/parduotuve\/jazz\/marvin-stamm-stammpede\/","name":"Marvin Stamm \u2013 Stammpede Vinilin\u0117 Plok\u0161tel\u0117 | Vinilozona.lt","isPartOf":{"@id":"https:\/\/vinilozona.lt\/#website"},"primaryImageOfPage":{"@id":"https:\/\/vinilozona.lt\/parduotuve\/jazz\/marvin-stamm-stammpede\/#primaryimage"},"image":{"@id":"https:\/\/vinilozona.lt\/parduotuve\/jazz\/marvin-stamm-stammpede\/#primaryimage"},"thumbnailUrl":"https:\/\/vinilozona.lt\/wp-content\/uploads\/2021\/05\/R-3145270-1360435241-7428.jpeg-1.jpg","datePublished":"2021-05-31T19:50:07+00:00","dateModified":"2021-05-31T20:03:13+00:00","breadcrumb":{"@id":"https:\/\/vinilozona.lt\/parduotuve\/jazz\/marvin-stamm-stammpede\/#breadcrumb"},"inLanguage":"en-GB","potentialAction":[{"@type":"ReadAction","target":["https:\/\/vinilozona.lt\/parduotuve\/jazz\/marvin-stamm-stammpede\/"]}]},{"@type":"ImageObject","inLanguage":"en-GB","@id":"https:\/\/vinilozona.lt\/parduotuve\/jazz\/marvin-stamm-stammpede\/#primaryimage","url":"https:\/\/vinilozona.lt\/wp-content\/uploads\/2021\/05\/R-3145270-1360435241-7428.jpeg-1.jpg","contentUrl":"https:\/\/vinilozona.lt\/wp-content\/uploads\/2021\/05\/R-3145270-1360435241-7428.jpeg-1.jpg","width":450,"height":439},{"@type":"BreadcrumbList","@id":"https:\/\/vinilozona.lt\/parduotuve\/jazz\/marvin-stamm-stammpede\/#breadcrumb","itemListElement":[{"@type":"ListItem","position":1,"name":"Home","item":"https:\/\/vinilozona.lt\/"},{"@type":"ListItem","position":2,"name":"Parduotuv\u0117","item":"https:\/\/vinilozona.lt\/parduotuve\/"},{"@type":"ListItem","position":3,"name":"Marvin Stamm \u2013 Stammpede"}]},{"@type":"WebSite","@id":"https:\/\/vinilozona.lt\/#website","url":"https:\/\/vinilozona.lt\/","name":"Vinilo Zona","description":"Nup\u016bsk dulkes ir klausyk LP","potentialAction":[{"@type":"SearchAction","target":{"@type":"EntryPoint","urlTemplate":"https:\/\/vinilozona.lt\/?s={search_term_string}"},"query-input":{"@type":"PropertyValueSpecification","valueRequired":true,"valueName":"search_term_string"}}],"inLanguage":"en-GB"}]}},"_links":{"self":[{"href":"https:\/\/vinilozona.lt\/en\/wp-json\/wp\/v2\/product\/15304"}],"collection":[{"href":"https:\/\/vinilozona.lt\/en\/wp-json\/wp\/v2\/product"}],"about":[{"href":"https:\/\/vinilozona.lt\/en\/wp-json\/wp\/v2\/types\/product"}],"wp:featuredmedia":[{"embeddable":true,"href":"https:\/\/vinilozona.lt\/en\/wp-json\/wp\/v2\/media\/15308"}],"wp:attachment":[{"href":"https:\/\/vinilozona.lt\/en\/wp-json\/wp\/v2\/media?parent=15304"}],"wp:term":[{"taxonomy":"product_cat","embeddable":true,"href":"https:\/\/vinilozona.lt\/en\/wp-json\/wp\/v2\/product_cat?post=15304"},{"taxonomy":"product_tag","embeddable":true,"href":"https:\/\/vinilozona.lt\/en\/wp-json\/wp\/v2\/product_tag?post=15304"}],"curies":[{"name":"wp","href":"https:\/\/api.w.org\/{rel}","templated":true}]}}