{"id":15302,"date":"2021-05-31T22:47:18","date_gmt":"2021-05-31T19:47:18","guid":{"rendered":"https:\/\/vinilozona.lt\/?post_type=product&#038;p=15302"},"modified":"2021-05-31T23:03:49","modified_gmt":"2021-05-31T20:03:49","slug":"schumann-annerose-schmidt-carnaval-op-9-humoreske-b-dur-op-20","status":"publish","type":"product","link":"https:\/\/vinilozona.lt\/en\/parduotuve\/classic\/schumann-annerose-schmidt-carnaval-op-9-humoreske-b-dur-op-20\/","title":{"rendered":"Schumann, Annerose Schmidt \u2013 Carnaval Op. 9 \/ Humoreske B-dur Op. 20"},"content":{"rendered":"<p>Carneval Op. 9\t(33:10)<br \/>\nA1\t1. Pr\u00e9ambule<br \/>\nA2\t2. Pierrot<br \/>\nA3\t3. Arlequin<br \/>\nA4\t4. Valse Noble<br \/>\nA5\t5. Eusebius<br \/>\nA6\t6. Florestan<br \/>\nA7\t7. Coquette<br \/>\nA8\t8. R\u00e9plique<br \/>\nA9\t9. Papill\u00f3ns<br \/>\nA10\t10. A.S.C.H. &#8211; S.C.H.A. (Lettres Dansantes)<br \/>\nA11\t11. Chiarina<br \/>\nA12\t12. Chopin<br \/>\nA13\t13. Estrella<br \/>\nA14\t14. Reconnaissance<br \/>\nA15\t15. Pantalin Et Colombine<br \/>\nA16\t16. Valse Allemande Paganini<br \/>\nA17\t17. Aveu<br \/>\nA18\t18. Promenade<br \/>\nA19\t19. Pause<br \/>\nA20\t20. Marche Des Davidsb\u00fcndler Contre Les Philistins<br \/>\nB\tHumoreske B-dur Op. 20\t34:12<\/p>","protected":false},"excerpt":{"rendered":"<p>8 26 922<\/p>","protected":false},"featured_media":15303,"template":"","meta":[],"product_cat":[22],"product_tag":[55],"yoast_head":"<!-- This site is optimized with the Yoast SEO plugin v23.5 - https:\/\/yoast.com\/wordpress\/plugins\/seo\/ -->\n<title>Schumann, Annerose Schmidt \u2013 Carnaval Op. 9 \/ Humoreske B-dur Op. 20 Vinilin\u0117 Plok\u0161tel\u0117 | Vinilozona.lt<\/title>\n<meta name=\"robots\" content=\"index, follow, max-snippet:-1, max-image-preview:large, max-video-preview:-1\" \/>\n<link rel=\"canonical\" href=\"https:\/\/vinilozona.lt\/en\/parduotuve\/classic\/schumann-annerose-schmidt-carnaval-op-9-humoreske-b-dur-op-20\/\" \/>\n<meta property=\"og:locale\" content=\"en_GB\" \/>\n<meta property=\"og:type\" content=\"article\" \/>\n<meta property=\"og:title\" content=\"Schumann, Annerose Schmidt \u2013 Carnaval Op. 9 \/ Humoreske B-dur Op. 20 Vinilin\u0117 Plok\u0161tel\u0117 | Vinilozona.lt\" \/>\n<meta property=\"og:description\" content=\"8 26 922\" \/>\n<meta property=\"og:url\" content=\"https:\/\/vinilozona.lt\/en\/parduotuve\/classic\/schumann-annerose-schmidt-carnaval-op-9-humoreske-b-dur-op-20\/\" \/>\n<meta property=\"og:site_name\" content=\"Vinilo Zona\" \/>\n<meta property=\"article:modified_time\" content=\"2021-05-31T20:03:49+00:00\" \/>\n<meta property=\"og:image\" content=\"https:\/\/vinilozona.lt\/wp-content\/uploads\/2021\/05\/R-5105406-1599440883-4539.jpeg.jpg\" \/>\n\t<meta property=\"og:image:width\" content=\"600\" \/>\n\t<meta property=\"og:image:height\" content=\"600\" \/>\n\t<meta property=\"og:image:type\" content=\"image\/jpeg\" \/>\n<meta name=\"twitter:card\" content=\"summary_large_image\" \/>\n<script type=\"application\/ld+json\" class=\"yoast-schema-graph\">{\"@context\":\"https:\/\/schema.org\",\"@graph\":[{\"@type\":\"WebPage\",\"@id\":\"https:\/\/vinilozona.lt\/parduotuve\/classic\/schumann-annerose-schmidt-carnaval-op-9-humoreske-b-dur-op-20\/\",\"url\":\"https:\/\/vinilozona.lt\/parduotuve\/classic\/schumann-annerose-schmidt-carnaval-op-9-humoreske-b-dur-op-20\/\",\"name\":\"Schumann, Annerose Schmidt \u2013 Carnaval Op. 9 \/ Humoreske B-dur Op. 20 Vinilin\u0117 Plok\u0161tel\u0117 | Vinilozona.lt\",\"isPartOf\":{\"@id\":\"https:\/\/vinilozona.lt\/#website\"},\"primaryImageOfPage\":{\"@id\":\"https:\/\/vinilozona.lt\/parduotuve\/classic\/schumann-annerose-schmidt-carnaval-op-9-humoreske-b-dur-op-20\/#primaryimage\"},\"image\":{\"@id\":\"https:\/\/vinilozona.lt\/parduotuve\/classic\/schumann-annerose-schmidt-carnaval-op-9-humoreske-b-dur-op-20\/#primaryimage\"},\"thumbnailUrl\":\"https:\/\/vinilozona.lt\/wp-content\/uploads\/2021\/05\/R-5105406-1599440883-4539.jpeg.jpg\",\"datePublished\":\"2021-05-31T19:47:18+00:00\",\"dateModified\":\"2021-05-31T20:03:49+00:00\",\"breadcrumb\":{\"@id\":\"https:\/\/vinilozona.lt\/parduotuve\/classic\/schumann-annerose-schmidt-carnaval-op-9-humoreske-b-dur-op-20\/#breadcrumb\"},\"inLanguage\":\"en-GB\",\"potentialAction\":[{\"@type\":\"ReadAction\",\"target\":[\"https:\/\/vinilozona.lt\/parduotuve\/classic\/schumann-annerose-schmidt-carnaval-op-9-humoreske-b-dur-op-20\/\"]}]},{\"@type\":\"ImageObject\",\"inLanguage\":\"en-GB\",\"@id\":\"https:\/\/vinilozona.lt\/parduotuve\/classic\/schumann-annerose-schmidt-carnaval-op-9-humoreske-b-dur-op-20\/#primaryimage\",\"url\":\"https:\/\/vinilozona.lt\/wp-content\/uploads\/2021\/05\/R-5105406-1599440883-4539.jpeg.jpg\",\"contentUrl\":\"https:\/\/vinilozona.lt\/wp-content\/uploads\/2021\/05\/R-5105406-1599440883-4539.jpeg.jpg\",\"width\":600,\"height\":600},{\"@type\":\"BreadcrumbList\",\"@id\":\"https:\/\/vinilozona.lt\/parduotuve\/classic\/schumann-annerose-schmidt-carnaval-op-9-humoreske-b-dur-op-20\/#breadcrumb\",\"itemListElement\":[{\"@type\":\"ListItem\",\"position\":1,\"name\":\"Home\",\"item\":\"https:\/\/vinilozona.lt\/\"},{\"@type\":\"ListItem\",\"position\":2,\"name\":\"Parduotuv\u0117\",\"item\":\"https:\/\/vinilozona.lt\/parduotuve\/\"},{\"@type\":\"ListItem\",\"position\":3,\"name\":\"Schumann, Annerose Schmidt \u2013 Carnaval Op. 9 \/ Humoreske B-dur Op. 20\"}]},{\"@type\":\"WebSite\",\"@id\":\"https:\/\/vinilozona.lt\/#website\",\"url\":\"https:\/\/vinilozona.lt\/\",\"name\":\"Vinilo Zona\",\"description\":\"Nup\u016bsk dulkes ir klausyk LP\",\"potentialAction\":[{\"@type\":\"SearchAction\",\"target\":{\"@type\":\"EntryPoint\",\"urlTemplate\":\"https:\/\/vinilozona.lt\/?s={search_term_string}\"},\"query-input\":{\"@type\":\"PropertyValueSpecification\",\"valueRequired\":true,\"valueName\":\"search_term_string\"}}],\"inLanguage\":\"en-GB\"}]}<\/script>\n<!-- \/ Yoast SEO plugin. -->","yoast_head_json":{"title":"Schumann, Annerose Schmidt \u2013 Carnaval Op. 9 \/ Humoreske B-dur Op. 20 Vinilin\u0117 Plok\u0161tel\u0117 | Vinilozona.lt","robots":{"index":"index","follow":"follow","max-snippet":"max-snippet:-1","max-image-preview":"max-image-preview:large","max-video-preview":"max-video-preview:-1"},"canonical":"https:\/\/vinilozona.lt\/en\/parduotuve\/classic\/schumann-annerose-schmidt-carnaval-op-9-humoreske-b-dur-op-20\/","og_locale":"en_GB","og_type":"article","og_title":"Schumann, Annerose Schmidt \u2013 Carnaval Op. 9 \/ Humoreske B-dur Op. 20 Vinilin\u0117 Plok\u0161tel\u0117 | Vinilozona.lt","og_description":"8 26 922","og_url":"https:\/\/vinilozona.lt\/en\/parduotuve\/classic\/schumann-annerose-schmidt-carnaval-op-9-humoreske-b-dur-op-20\/","og_site_name":"Vinilo Zona","article_modified_time":"2021-05-31T20:03:49+00:00","og_image":[{"width":600,"height":600,"url":"https:\/\/vinilozona.lt\/wp-content\/uploads\/2021\/05\/R-5105406-1599440883-4539.jpeg.jpg","type":"image\/jpeg"}],"twitter_card":"summary_large_image","schema":{"@context":"https:\/\/schema.org","@graph":[{"@type":"WebPage","@id":"https:\/\/vinilozona.lt\/parduotuve\/classic\/schumann-annerose-schmidt-carnaval-op-9-humoreske-b-dur-op-20\/","url":"https:\/\/vinilozona.lt\/parduotuve\/classic\/schumann-annerose-schmidt-carnaval-op-9-humoreske-b-dur-op-20\/","name":"Schumann, Annerose Schmidt \u2013 Carnaval Op. 9 \/ Humoreske B-dur Op. 20 Vinilin\u0117 Plok\u0161tel\u0117 | Vinilozona.lt","isPartOf":{"@id":"https:\/\/vinilozona.lt\/#website"},"primaryImageOfPage":{"@id":"https:\/\/vinilozona.lt\/parduotuve\/classic\/schumann-annerose-schmidt-carnaval-op-9-humoreske-b-dur-op-20\/#primaryimage"},"image":{"@id":"https:\/\/vinilozona.lt\/parduotuve\/classic\/schumann-annerose-schmidt-carnaval-op-9-humoreske-b-dur-op-20\/#primaryimage"},"thumbnailUrl":"https:\/\/vinilozona.lt\/wp-content\/uploads\/2021\/05\/R-5105406-1599440883-4539.jpeg.jpg","datePublished":"2021-05-31T19:47:18+00:00","dateModified":"2021-05-31T20:03:49+00:00","breadcrumb":{"@id":"https:\/\/vinilozona.lt\/parduotuve\/classic\/schumann-annerose-schmidt-carnaval-op-9-humoreske-b-dur-op-20\/#breadcrumb"},"inLanguage":"en-GB","potentialAction":[{"@type":"ReadAction","target":["https:\/\/vinilozona.lt\/parduotuve\/classic\/schumann-annerose-schmidt-carnaval-op-9-humoreske-b-dur-op-20\/"]}]},{"@type":"ImageObject","inLanguage":"en-GB","@id":"https:\/\/vinilozona.lt\/parduotuve\/classic\/schumann-annerose-schmidt-carnaval-op-9-humoreske-b-dur-op-20\/#primaryimage","url":"https:\/\/vinilozona.lt\/wp-content\/uploads\/2021\/05\/R-5105406-1599440883-4539.jpeg.jpg","contentUrl":"https:\/\/vinilozona.lt\/wp-content\/uploads\/2021\/05\/R-5105406-1599440883-4539.jpeg.jpg","width":600,"height":600},{"@type":"BreadcrumbList","@id":"https:\/\/vinilozona.lt\/parduotuve\/classic\/schumann-annerose-schmidt-carnaval-op-9-humoreske-b-dur-op-20\/#breadcrumb","itemListElement":[{"@type":"ListItem","position":1,"name":"Home","item":"https:\/\/vinilozona.lt\/"},{"@type":"ListItem","position":2,"name":"Parduotuv\u0117","item":"https:\/\/vinilozona.lt\/parduotuve\/"},{"@type":"ListItem","position":3,"name":"Schumann, Annerose Schmidt \u2013 Carnaval Op. 9 \/ Humoreske B-dur Op. 20"}]},{"@type":"WebSite","@id":"https:\/\/vinilozona.lt\/#website","url":"https:\/\/vinilozona.lt\/","name":"Vinilo Zona","description":"Nup\u016bsk dulkes ir klausyk LP","potentialAction":[{"@type":"SearchAction","target":{"@type":"EntryPoint","urlTemplate":"https:\/\/vinilozona.lt\/?s={search_term_string}"},"query-input":{"@type":"PropertyValueSpecification","valueRequired":true,"valueName":"search_term_string"}}],"inLanguage":"en-GB"}]}},"_links":{"self":[{"href":"https:\/\/vinilozona.lt\/en\/wp-json\/wp\/v2\/product\/15302"}],"collection":[{"href":"https:\/\/vinilozona.lt\/en\/wp-json\/wp\/v2\/product"}],"about":[{"href":"https:\/\/vinilozona.lt\/en\/wp-json\/wp\/v2\/types\/product"}],"wp:featuredmedia":[{"embeddable":true,"href":"https:\/\/vinilozona.lt\/en\/wp-json\/wp\/v2\/media\/15303"}],"wp:attachment":[{"href":"https:\/\/vinilozona.lt\/en\/wp-json\/wp\/v2\/media?parent=15302"}],"wp:term":[{"taxonomy":"product_cat","embeddable":true,"href":"https:\/\/vinilozona.lt\/en\/wp-json\/wp\/v2\/product_cat?post=15302"},{"taxonomy":"product_tag","embeddable":true,"href":"https:\/\/vinilozona.lt\/en\/wp-json\/wp\/v2\/product_tag?post=15302"}],"curies":[{"name":"wp","href":"https:\/\/api.w.org\/{rel}","templated":true}]}}