{"id":15258,"date":"2023-02-09T05:20:44","date_gmt":"2023-02-09T03:20:44","guid":{"rendered":"https:\/\/vinilozona.lt\/?post_type=product&#038;p=15258"},"modified":"2024-04-10T12:45:13","modified_gmt":"2024-04-10T09:45:13","slug":"joe-dassin-joe-dassin","status":"publish","type":"product","link":"https:\/\/vinilozona.lt\/en\/parduotuve\/naujos-lp\/joe-dassin-joe-dassin\/","title":{"rendered":"Joe Dassin \u2013 Joe Dassin"},"content":{"rendered":"<p>A1\t\tL&#8217;ete Indien  4:33<br \/>\nA2\t\tEt Si Tu N&#8217;Existais Pas  3:25<br \/>\nA3\t\tIl Faut Na\u00eetre A Monaco  2:02<br \/>\nA4\t\tChanson Triste  3:14<br \/>\nA5\t\tLe Costume Blanc  3:06<br \/>\nA6\t\tL&#8217;Albatros  3:05<br \/>\nA7\t\tAlors Qu&#8217;Est-Ce Que C&#8217;Est? (Harm Our Love)  2:41<br \/>\nB1\t\tCa Va Pas Changer Le Monde  3:00<br \/>\nB2\t\tSalut  3:20<br \/>\nB3\t\tCarolina (Sad Sweet Dreamer)  3:14<br \/>\nB4\t\tC&#8217;Est La Nuit (Dance With Me)  2:50<br \/>\nB5\t\tMa Musique (Sailing)  2:50<br \/>\nB6\t\tPiano M\u00e9canique   2:38<\/p>","protected":false},"excerpt":{"rendered":"<p>Sony Music \u2013 0190758041919<br \/>\nFormat:<br \/>\nVinyl, LP, Album, Reissue<br \/>\nCountry:\tEurope<br \/>\nReleased:\tJul 6, 2018<\/p>","protected":false},"featured_media":21412,"template":"","meta":[],"product_cat":[23],"product_tag":[74],"yoast_head":"<!-- This site is optimized with the Yoast SEO plugin v23.5 - https:\/\/yoast.com\/wordpress\/plugins\/seo\/ -->\n<title>Joe Dassin \u2013 Joe Dassin Vinilin\u0117 Plok\u0161tel\u0117 | Vinilozona.lt<\/title>\n<meta name=\"robots\" content=\"index, follow, max-snippet:-1, max-image-preview:large, max-video-preview:-1\" \/>\n<link rel=\"canonical\" href=\"https:\/\/vinilozona.lt\/en\/parduotuve\/naujos-lp\/joe-dassin-joe-dassin\/\" \/>\n<meta property=\"og:locale\" content=\"en_GB\" \/>\n<meta property=\"og:type\" content=\"article\" \/>\n<meta property=\"og:title\" content=\"Joe Dassin \u2013 Joe Dassin Vinilin\u0117 Plok\u0161tel\u0117 | Vinilozona.lt\" \/>\n<meta property=\"og:description\" content=\"Sony Music \u2013 0190758041919 Format:  Vinyl, LP, Album, Reissue Country: Europe Released: Jul 6, 2018\" \/>\n<meta property=\"og:url\" content=\"https:\/\/vinilozona.lt\/en\/parduotuve\/naujos-lp\/joe-dassin-joe-dassin\/\" \/>\n<meta property=\"og:site_name\" content=\"Vinilo Zona\" \/>\n<meta property=\"article:modified_time\" content=\"2024-04-10T09:45:13+00:00\" \/>\n<meta property=\"og:image\" content=\"https:\/\/vinilozona.lt\/wp-content\/uploads\/2021\/05\/R-12228621-1530957982-2794.jpg\" \/>\n\t<meta property=\"og:image:width\" content=\"600\" \/>\n\t<meta property=\"og:image:height\" content=\"600\" \/>\n\t<meta property=\"og:image:type\" content=\"image\/jpeg\" \/>\n<meta name=\"twitter:card\" content=\"summary_large_image\" \/>\n<script type=\"application\/ld+json\" class=\"yoast-schema-graph\">{\"@context\":\"https:\/\/schema.org\",\"@graph\":[{\"@type\":\"WebPage\",\"@id\":\"https:\/\/vinilozona.lt\/parduotuve\/naujos-lp\/joe-dassin-joe-dassin\/\",\"url\":\"https:\/\/vinilozona.lt\/parduotuve\/naujos-lp\/joe-dassin-joe-dassin\/\",\"name\":\"Joe Dassin \u2013 Joe Dassin Vinilin\u0117 Plok\u0161tel\u0117 | Vinilozona.lt\",\"isPartOf\":{\"@id\":\"https:\/\/vinilozona.lt\/#website\"},\"primaryImageOfPage\":{\"@id\":\"https:\/\/vinilozona.lt\/parduotuve\/naujos-lp\/joe-dassin-joe-dassin\/#primaryimage\"},\"image\":{\"@id\":\"https:\/\/vinilozona.lt\/parduotuve\/naujos-lp\/joe-dassin-joe-dassin\/#primaryimage\"},\"thumbnailUrl\":\"https:\/\/vinilozona.lt\/wp-content\/uploads\/2021\/05\/R-12228621-1530957982-2794.jpg\",\"datePublished\":\"2023-02-09T03:20:44+00:00\",\"dateModified\":\"2024-04-10T09:45:13+00:00\",\"breadcrumb\":{\"@id\":\"https:\/\/vinilozona.lt\/parduotuve\/naujos-lp\/joe-dassin-joe-dassin\/#breadcrumb\"},\"inLanguage\":\"en-GB\",\"potentialAction\":[{\"@type\":\"ReadAction\",\"target\":[\"https:\/\/vinilozona.lt\/parduotuve\/naujos-lp\/joe-dassin-joe-dassin\/\"]}]},{\"@type\":\"ImageObject\",\"inLanguage\":\"en-GB\",\"@id\":\"https:\/\/vinilozona.lt\/parduotuve\/naujos-lp\/joe-dassin-joe-dassin\/#primaryimage\",\"url\":\"https:\/\/vinilozona.lt\/wp-content\/uploads\/2021\/05\/R-12228621-1530957982-2794.jpg\",\"contentUrl\":\"https:\/\/vinilozona.lt\/wp-content\/uploads\/2021\/05\/R-12228621-1530957982-2794.jpg\",\"width\":600,\"height\":600},{\"@type\":\"BreadcrumbList\",\"@id\":\"https:\/\/vinilozona.lt\/parduotuve\/naujos-lp\/joe-dassin-joe-dassin\/#breadcrumb\",\"itemListElement\":[{\"@type\":\"ListItem\",\"position\":1,\"name\":\"Home\",\"item\":\"https:\/\/vinilozona.lt\/\"},{\"@type\":\"ListItem\",\"position\":2,\"name\":\"Parduotuv\u0117\",\"item\":\"https:\/\/vinilozona.lt\/parduotuve\/\"},{\"@type\":\"ListItem\",\"position\":3,\"name\":\"Joe Dassin \u2013 Joe Dassin\"}]},{\"@type\":\"WebSite\",\"@id\":\"https:\/\/vinilozona.lt\/#website\",\"url\":\"https:\/\/vinilozona.lt\/\",\"name\":\"Vinilo Zona\",\"description\":\"Nup\u016bsk dulkes ir klausyk LP\",\"potentialAction\":[{\"@type\":\"SearchAction\",\"target\":{\"@type\":\"EntryPoint\",\"urlTemplate\":\"https:\/\/vinilozona.lt\/?s={search_term_string}\"},\"query-input\":{\"@type\":\"PropertyValueSpecification\",\"valueRequired\":true,\"valueName\":\"search_term_string\"}}],\"inLanguage\":\"en-GB\"}]}<\/script>\n<!-- \/ Yoast SEO plugin. -->","yoast_head_json":{"title":"Joe Dassin \u2013 Joe Dassin Vinilin\u0117 Plok\u0161tel\u0117 | Vinilozona.lt","robots":{"index":"index","follow":"follow","max-snippet":"max-snippet:-1","max-image-preview":"max-image-preview:large","max-video-preview":"max-video-preview:-1"},"canonical":"https:\/\/vinilozona.lt\/en\/parduotuve\/naujos-lp\/joe-dassin-joe-dassin\/","og_locale":"en_GB","og_type":"article","og_title":"Joe Dassin \u2013 Joe Dassin Vinilin\u0117 Plok\u0161tel\u0117 | Vinilozona.lt","og_description":"Sony Music \u2013 0190758041919 Format:  Vinyl, LP, Album, Reissue Country: Europe Released: Jul 6, 2018","og_url":"https:\/\/vinilozona.lt\/en\/parduotuve\/naujos-lp\/joe-dassin-joe-dassin\/","og_site_name":"Vinilo Zona","article_modified_time":"2024-04-10T09:45:13+00:00","og_image":[{"width":600,"height":600,"url":"https:\/\/vinilozona.lt\/wp-content\/uploads\/2021\/05\/R-12228621-1530957982-2794.jpg","type":"image\/jpeg"}],"twitter_card":"summary_large_image","schema":{"@context":"https:\/\/schema.org","@graph":[{"@type":"WebPage","@id":"https:\/\/vinilozona.lt\/parduotuve\/naujos-lp\/joe-dassin-joe-dassin\/","url":"https:\/\/vinilozona.lt\/parduotuve\/naujos-lp\/joe-dassin-joe-dassin\/","name":"Joe Dassin \u2013 Joe Dassin Vinilin\u0117 Plok\u0161tel\u0117 | Vinilozona.lt","isPartOf":{"@id":"https:\/\/vinilozona.lt\/#website"},"primaryImageOfPage":{"@id":"https:\/\/vinilozona.lt\/parduotuve\/naujos-lp\/joe-dassin-joe-dassin\/#primaryimage"},"image":{"@id":"https:\/\/vinilozona.lt\/parduotuve\/naujos-lp\/joe-dassin-joe-dassin\/#primaryimage"},"thumbnailUrl":"https:\/\/vinilozona.lt\/wp-content\/uploads\/2021\/05\/R-12228621-1530957982-2794.jpg","datePublished":"2023-02-09T03:20:44+00:00","dateModified":"2024-04-10T09:45:13+00:00","breadcrumb":{"@id":"https:\/\/vinilozona.lt\/parduotuve\/naujos-lp\/joe-dassin-joe-dassin\/#breadcrumb"},"inLanguage":"en-GB","potentialAction":[{"@type":"ReadAction","target":["https:\/\/vinilozona.lt\/parduotuve\/naujos-lp\/joe-dassin-joe-dassin\/"]}]},{"@type":"ImageObject","inLanguage":"en-GB","@id":"https:\/\/vinilozona.lt\/parduotuve\/naujos-lp\/joe-dassin-joe-dassin\/#primaryimage","url":"https:\/\/vinilozona.lt\/wp-content\/uploads\/2021\/05\/R-12228621-1530957982-2794.jpg","contentUrl":"https:\/\/vinilozona.lt\/wp-content\/uploads\/2021\/05\/R-12228621-1530957982-2794.jpg","width":600,"height":600},{"@type":"BreadcrumbList","@id":"https:\/\/vinilozona.lt\/parduotuve\/naujos-lp\/joe-dassin-joe-dassin\/#breadcrumb","itemListElement":[{"@type":"ListItem","position":1,"name":"Home","item":"https:\/\/vinilozona.lt\/"},{"@type":"ListItem","position":2,"name":"Parduotuv\u0117","item":"https:\/\/vinilozona.lt\/parduotuve\/"},{"@type":"ListItem","position":3,"name":"Joe Dassin \u2013 Joe Dassin"}]},{"@type":"WebSite","@id":"https:\/\/vinilozona.lt\/#website","url":"https:\/\/vinilozona.lt\/","name":"Vinilo Zona","description":"Nup\u016bsk dulkes ir klausyk LP","potentialAction":[{"@type":"SearchAction","target":{"@type":"EntryPoint","urlTemplate":"https:\/\/vinilozona.lt\/?s={search_term_string}"},"query-input":{"@type":"PropertyValueSpecification","valueRequired":true,"valueName":"search_term_string"}}],"inLanguage":"en-GB"}]}},"_links":{"self":[{"href":"https:\/\/vinilozona.lt\/en\/wp-json\/wp\/v2\/product\/15258"}],"collection":[{"href":"https:\/\/vinilozona.lt\/en\/wp-json\/wp\/v2\/product"}],"about":[{"href":"https:\/\/vinilozona.lt\/en\/wp-json\/wp\/v2\/types\/product"}],"wp:featuredmedia":[{"embeddable":true,"href":"https:\/\/vinilozona.lt\/en\/wp-json\/wp\/v2\/media\/21412"}],"wp:attachment":[{"href":"https:\/\/vinilozona.lt\/en\/wp-json\/wp\/v2\/media?parent=15258"}],"wp:term":[{"taxonomy":"product_cat","embeddable":true,"href":"https:\/\/vinilozona.lt\/en\/wp-json\/wp\/v2\/product_cat?post=15258"},{"taxonomy":"product_tag","embeddable":true,"href":"https:\/\/vinilozona.lt\/en\/wp-json\/wp\/v2\/product_tag?post=15258"}],"curies":[{"name":"wp","href":"https:\/\/api.w.org\/{rel}","templated":true}]}}