{"id":15248,"date":"2021-05-31T21:44:42","date_gmt":"2021-05-31T18:44:42","guid":{"rendered":"https:\/\/vinilozona.lt\/?post_type=product&#038;p=15248"},"modified":"2023-09-09T11:09:11","modified_gmt":"2023-09-09T08:09:11","slug":"daryl-hall-john-oates-daryl-hall-john-oates","status":"publish","type":"product","link":"https:\/\/vinilozona.lt\/en\/parduotuve\/rock-pop\/daryl-hall-john-oates-daryl-hall-john-oates\/","title":{"rendered":"Daryl Hall &#038; John Oates \u2013 Daryl Hall &#038; John Oates"},"content":{"rendered":"<p>Camellia\t2:47<br \/>\nSara Smile\t3:07<br \/>\nAlone Too Long\t3:22<br \/>\nOut Of Me, Out Of You\t3:29<br \/>\nNothing At All\t4:22<br \/>\nGino (The Manager)\t4:15<br \/>\n(You Know) It Doesn&#8217;t Matter Anymore\t3:06<br \/>\nEnnui On The Mountain\t3:10<br \/>\nGrounds For Separation\t4:11<br \/>\nSoldering\t3:23<\/p>","protected":false},"excerpt":{"rendered":"<p>APL1-1144<\/p>","protected":false},"featured_media":15251,"template":"","meta":[],"product_cat":[15],"product_tag":[74],"yoast_head":"<!-- This site is optimized with the Yoast SEO plugin v23.5 - https:\/\/yoast.com\/wordpress\/plugins\/seo\/ -->\n<title>Daryl Hall &amp; John Oates \u2013 Daryl Hall &amp; John Oates Vinilin\u0117 Plok\u0161tel\u0117 | Vinilozona.lt<\/title>\n<meta name=\"robots\" content=\"index, follow, max-snippet:-1, max-image-preview:large, max-video-preview:-1\" \/>\n<link rel=\"canonical\" href=\"https:\/\/vinilozona.lt\/en\/parduotuve\/rock-pop\/daryl-hall-john-oates-daryl-hall-john-oates\/\" \/>\n<meta property=\"og:locale\" content=\"en_GB\" \/>\n<meta property=\"og:type\" content=\"article\" \/>\n<meta property=\"og:title\" content=\"Daryl Hall &amp; John Oates \u2013 Daryl Hall &amp; John Oates Vinilin\u0117 Plok\u0161tel\u0117 | Vinilozona.lt\" \/>\n<meta property=\"og:description\" content=\"APL1-1144\" \/>\n<meta property=\"og:url\" content=\"https:\/\/vinilozona.lt\/en\/parduotuve\/rock-pop\/daryl-hall-john-oates-daryl-hall-john-oates\/\" \/>\n<meta property=\"og:site_name\" content=\"Vinilo Zona\" \/>\n<meta property=\"article:modified_time\" content=\"2023-09-09T08:09:11+00:00\" \/>\n<meta property=\"og:image\" content=\"https:\/\/vinilozona.lt\/wp-content\/uploads\/2021\/05\/R-1260960-1441677369-2432.jpeg.jpg\" \/>\n\t<meta property=\"og:image:width\" content=\"599\" \/>\n\t<meta property=\"og:image:height\" content=\"597\" \/>\n\t<meta property=\"og:image:type\" content=\"image\/jpeg\" \/>\n<meta name=\"twitter:card\" content=\"summary_large_image\" \/>\n<script type=\"application\/ld+json\" class=\"yoast-schema-graph\">{\"@context\":\"https:\/\/schema.org\",\"@graph\":[{\"@type\":\"WebPage\",\"@id\":\"https:\/\/vinilozona.lt\/parduotuve\/rock-pop\/daryl-hall-john-oates-daryl-hall-john-oates\/\",\"url\":\"https:\/\/vinilozona.lt\/parduotuve\/rock-pop\/daryl-hall-john-oates-daryl-hall-john-oates\/\",\"name\":\"Daryl Hall & John Oates \u2013 Daryl Hall & John Oates Vinilin\u0117 Plok\u0161tel\u0117 | Vinilozona.lt\",\"isPartOf\":{\"@id\":\"https:\/\/vinilozona.lt\/#website\"},\"primaryImageOfPage\":{\"@id\":\"https:\/\/vinilozona.lt\/parduotuve\/rock-pop\/daryl-hall-john-oates-daryl-hall-john-oates\/#primaryimage\"},\"image\":{\"@id\":\"https:\/\/vinilozona.lt\/parduotuve\/rock-pop\/daryl-hall-john-oates-daryl-hall-john-oates\/#primaryimage\"},\"thumbnailUrl\":\"https:\/\/vinilozona.lt\/wp-content\/uploads\/2021\/05\/R-1260960-1441677369-2432.jpeg.jpg\",\"datePublished\":\"2021-05-31T18:44:42+00:00\",\"dateModified\":\"2023-09-09T08:09:11+00:00\",\"breadcrumb\":{\"@id\":\"https:\/\/vinilozona.lt\/parduotuve\/rock-pop\/daryl-hall-john-oates-daryl-hall-john-oates\/#breadcrumb\"},\"inLanguage\":\"en-GB\",\"potentialAction\":[{\"@type\":\"ReadAction\",\"target\":[\"https:\/\/vinilozona.lt\/parduotuve\/rock-pop\/daryl-hall-john-oates-daryl-hall-john-oates\/\"]}]},{\"@type\":\"ImageObject\",\"inLanguage\":\"en-GB\",\"@id\":\"https:\/\/vinilozona.lt\/parduotuve\/rock-pop\/daryl-hall-john-oates-daryl-hall-john-oates\/#primaryimage\",\"url\":\"https:\/\/vinilozona.lt\/wp-content\/uploads\/2021\/05\/R-1260960-1441677369-2432.jpeg.jpg\",\"contentUrl\":\"https:\/\/vinilozona.lt\/wp-content\/uploads\/2021\/05\/R-1260960-1441677369-2432.jpeg.jpg\",\"width\":599,\"height\":597},{\"@type\":\"BreadcrumbList\",\"@id\":\"https:\/\/vinilozona.lt\/parduotuve\/rock-pop\/daryl-hall-john-oates-daryl-hall-john-oates\/#breadcrumb\",\"itemListElement\":[{\"@type\":\"ListItem\",\"position\":1,\"name\":\"Home\",\"item\":\"https:\/\/vinilozona.lt\/\"},{\"@type\":\"ListItem\",\"position\":2,\"name\":\"Parduotuv\u0117\",\"item\":\"https:\/\/vinilozona.lt\/parduotuve\/\"},{\"@type\":\"ListItem\",\"position\":3,\"name\":\"Daryl Hall &#038; John Oates \u2013 Daryl Hall &#038; John Oates\"}]},{\"@type\":\"WebSite\",\"@id\":\"https:\/\/vinilozona.lt\/#website\",\"url\":\"https:\/\/vinilozona.lt\/\",\"name\":\"Vinilo Zona\",\"description\":\"Nup\u016bsk dulkes ir klausyk LP\",\"potentialAction\":[{\"@type\":\"SearchAction\",\"target\":{\"@type\":\"EntryPoint\",\"urlTemplate\":\"https:\/\/vinilozona.lt\/?s={search_term_string}\"},\"query-input\":{\"@type\":\"PropertyValueSpecification\",\"valueRequired\":true,\"valueName\":\"search_term_string\"}}],\"inLanguage\":\"en-GB\"}]}<\/script>\n<!-- \/ Yoast SEO plugin. -->","yoast_head_json":{"title":"Daryl Hall & John Oates \u2013 Daryl Hall & John Oates Vinilin\u0117 Plok\u0161tel\u0117 | Vinilozona.lt","robots":{"index":"index","follow":"follow","max-snippet":"max-snippet:-1","max-image-preview":"max-image-preview:large","max-video-preview":"max-video-preview:-1"},"canonical":"https:\/\/vinilozona.lt\/en\/parduotuve\/rock-pop\/daryl-hall-john-oates-daryl-hall-john-oates\/","og_locale":"en_GB","og_type":"article","og_title":"Daryl Hall & John Oates \u2013 Daryl Hall & John Oates Vinilin\u0117 Plok\u0161tel\u0117 | Vinilozona.lt","og_description":"APL1-1144","og_url":"https:\/\/vinilozona.lt\/en\/parduotuve\/rock-pop\/daryl-hall-john-oates-daryl-hall-john-oates\/","og_site_name":"Vinilo Zona","article_modified_time":"2023-09-09T08:09:11+00:00","og_image":[{"width":599,"height":597,"url":"https:\/\/vinilozona.lt\/wp-content\/uploads\/2021\/05\/R-1260960-1441677369-2432.jpeg.jpg","type":"image\/jpeg"}],"twitter_card":"summary_large_image","schema":{"@context":"https:\/\/schema.org","@graph":[{"@type":"WebPage","@id":"https:\/\/vinilozona.lt\/parduotuve\/rock-pop\/daryl-hall-john-oates-daryl-hall-john-oates\/","url":"https:\/\/vinilozona.lt\/parduotuve\/rock-pop\/daryl-hall-john-oates-daryl-hall-john-oates\/","name":"Daryl Hall & John Oates \u2013 Daryl Hall & John Oates Vinilin\u0117 Plok\u0161tel\u0117 | Vinilozona.lt","isPartOf":{"@id":"https:\/\/vinilozona.lt\/#website"},"primaryImageOfPage":{"@id":"https:\/\/vinilozona.lt\/parduotuve\/rock-pop\/daryl-hall-john-oates-daryl-hall-john-oates\/#primaryimage"},"image":{"@id":"https:\/\/vinilozona.lt\/parduotuve\/rock-pop\/daryl-hall-john-oates-daryl-hall-john-oates\/#primaryimage"},"thumbnailUrl":"https:\/\/vinilozona.lt\/wp-content\/uploads\/2021\/05\/R-1260960-1441677369-2432.jpeg.jpg","datePublished":"2021-05-31T18:44:42+00:00","dateModified":"2023-09-09T08:09:11+00:00","breadcrumb":{"@id":"https:\/\/vinilozona.lt\/parduotuve\/rock-pop\/daryl-hall-john-oates-daryl-hall-john-oates\/#breadcrumb"},"inLanguage":"en-GB","potentialAction":[{"@type":"ReadAction","target":["https:\/\/vinilozona.lt\/parduotuve\/rock-pop\/daryl-hall-john-oates-daryl-hall-john-oates\/"]}]},{"@type":"ImageObject","inLanguage":"en-GB","@id":"https:\/\/vinilozona.lt\/parduotuve\/rock-pop\/daryl-hall-john-oates-daryl-hall-john-oates\/#primaryimage","url":"https:\/\/vinilozona.lt\/wp-content\/uploads\/2021\/05\/R-1260960-1441677369-2432.jpeg.jpg","contentUrl":"https:\/\/vinilozona.lt\/wp-content\/uploads\/2021\/05\/R-1260960-1441677369-2432.jpeg.jpg","width":599,"height":597},{"@type":"BreadcrumbList","@id":"https:\/\/vinilozona.lt\/parduotuve\/rock-pop\/daryl-hall-john-oates-daryl-hall-john-oates\/#breadcrumb","itemListElement":[{"@type":"ListItem","position":1,"name":"Home","item":"https:\/\/vinilozona.lt\/"},{"@type":"ListItem","position":2,"name":"Parduotuv\u0117","item":"https:\/\/vinilozona.lt\/parduotuve\/"},{"@type":"ListItem","position":3,"name":"Daryl Hall &#038; John Oates \u2013 Daryl Hall &#038; John Oates"}]},{"@type":"WebSite","@id":"https:\/\/vinilozona.lt\/#website","url":"https:\/\/vinilozona.lt\/","name":"Vinilo Zona","description":"Nup\u016bsk dulkes ir klausyk LP","potentialAction":[{"@type":"SearchAction","target":{"@type":"EntryPoint","urlTemplate":"https:\/\/vinilozona.lt\/?s={search_term_string}"},"query-input":{"@type":"PropertyValueSpecification","valueRequired":true,"valueName":"search_term_string"}}],"inLanguage":"en-GB"}]}},"_links":{"self":[{"href":"https:\/\/vinilozona.lt\/en\/wp-json\/wp\/v2\/product\/15248"}],"collection":[{"href":"https:\/\/vinilozona.lt\/en\/wp-json\/wp\/v2\/product"}],"about":[{"href":"https:\/\/vinilozona.lt\/en\/wp-json\/wp\/v2\/types\/product"}],"wp:featuredmedia":[{"embeddable":true,"href":"https:\/\/vinilozona.lt\/en\/wp-json\/wp\/v2\/media\/15251"}],"wp:attachment":[{"href":"https:\/\/vinilozona.lt\/en\/wp-json\/wp\/v2\/media?parent=15248"}],"wp:term":[{"taxonomy":"product_cat","embeddable":true,"href":"https:\/\/vinilozona.lt\/en\/wp-json\/wp\/v2\/product_cat?post=15248"},{"taxonomy":"product_tag","embeddable":true,"href":"https:\/\/vinilozona.lt\/en\/wp-json\/wp\/v2\/product_tag?post=15248"}],"curies":[{"name":"wp","href":"https:\/\/api.w.org\/{rel}","templated":true}]}}