{"id":15244,"date":"2025-05-13T05:15:29","date_gmt":"2025-05-13T02:15:29","guid":{"rendered":"https:\/\/vinilozona.lt\/?post_type=product&#038;p=15244"},"modified":"2025-05-13T06:55:48","modified_gmt":"2025-05-13T03:55:48","slug":"noel-deschamps-le-long-de-lavenue-inedits-versions-rare-1965","status":"publish","type":"product","link":"https:\/\/vinilozona.lt\/en\/parduotuve\/rock-pop\/noel-deschamps-le-long-de-lavenue-inedits-versions-rare-1965\/","title":{"rendered":"Noel Deschamps \u2013 Le Long De L&#8217;avenue, In\u00e9dits &#038; Versions Rare 1965"},"content":{"rendered":"<p>A1\tLe Long De L&#8217;Avenue<br \/>\nA2\tC&#8217;est Pas Vraiment Comme Ca Que J&#8217;me Voyais<br \/>\nA3\tTout Ira Tr\u00e8s Bien<br \/>\nA4\tJe N&#8217;ai A T&#8217;offrir Que Mon Amour<br \/>\nA5\tEcoute Moi Bien<br \/>\nA6\tA Chacun Pour Soi<br \/>\nA7\tDu Bleu Pas Du Blues<br \/>\nB1\tSi J&#8217;ai D&#8217;la Fi\u00e8vre<br \/>\nB2\tC&#8217;est La Vie<br \/>\nB3\tPour Le Pied<br \/>\nB4\tNoir Mon Frere<br \/>\nB5\tLe Rock&#8217;n&#8217;Roll Et Moi<br \/>\nB6\tTu N&#8217;y Peux Plus Rien<br \/>\nB7\tTouche Pas A Mon Jardin Secret<\/p>","protected":false},"excerpt":{"rendered":"<p>Jukebox Magazine \u2013 30001<br \/>\nFormat:<br \/>\nVinyl, LP, Compilation<br \/>\nCountry:<br \/>\nFrance<br \/>\nReleased:<br \/>\n1985<\/p>","protected":false},"featured_media":15247,"template":"","meta":[],"product_cat":[15],"product_tag":[55],"yoast_head":"<!-- This site is optimized with the Yoast SEO plugin v23.5 - https:\/\/yoast.com\/wordpress\/plugins\/seo\/ -->\n<title>Noel Deschamps \u2013 Le Long De L&#039;avenue, In\u00e9dits &amp; Versions Rare 1965 Vinilin\u0117 Plok\u0161tel\u0117 | Vinilozona.lt<\/title>\n<meta name=\"robots\" content=\"index, follow, max-snippet:-1, max-image-preview:large, max-video-preview:-1\" \/>\n<link rel=\"canonical\" href=\"https:\/\/vinilozona.lt\/en\/parduotuve\/rock-pop\/noel-deschamps-le-long-de-lavenue-inedits-versions-rare-1965\/\" \/>\n<meta property=\"og:locale\" content=\"en_GB\" \/>\n<meta property=\"og:type\" content=\"article\" \/>\n<meta property=\"og:title\" content=\"Noel Deschamps \u2013 Le Long De L&#039;avenue, In\u00e9dits &amp; Versions Rare 1965 Vinilin\u0117 Plok\u0161tel\u0117 | Vinilozona.lt\" \/>\n<meta property=\"og:description\" content=\"Jukebox Magazine \u2013 30001 Format: Vinyl, LP, Compilation Country: France Released: 1985\" \/>\n<meta property=\"og:url\" content=\"https:\/\/vinilozona.lt\/en\/parduotuve\/rock-pop\/noel-deschamps-le-long-de-lavenue-inedits-versions-rare-1965\/\" \/>\n<meta property=\"og:site_name\" content=\"Vinilo Zona\" \/>\n<meta property=\"article:modified_time\" content=\"2025-05-13T03:55:48+00:00\" \/>\n<meta property=\"og:image\" content=\"https:\/\/vinilozona.lt\/wp-content\/uploads\/2021\/05\/R-5574471-1396956793-3174.jpeg.jpg\" \/>\n\t<meta property=\"og:image:width\" content=\"200\" \/>\n\t<meta property=\"og:image:height\" content=\"200\" \/>\n\t<meta property=\"og:image:type\" content=\"image\/jpeg\" \/>\n<meta name=\"twitter:card\" content=\"summary_large_image\" \/>\n<meta name=\"twitter:label1\" content=\"Estimated reading time\" \/>\n\t<meta name=\"twitter:data1\" content=\"1 minute\" \/>\n<script type=\"application\/ld+json\" class=\"yoast-schema-graph\">{\"@context\":\"https:\/\/schema.org\",\"@graph\":[{\"@type\":\"WebPage\",\"@id\":\"https:\/\/vinilozona.lt\/parduotuve\/rock-pop\/noel-deschamps-le-long-de-lavenue-inedits-versions-rare-1965\/\",\"url\":\"https:\/\/vinilozona.lt\/parduotuve\/rock-pop\/noel-deschamps-le-long-de-lavenue-inedits-versions-rare-1965\/\",\"name\":\"Noel Deschamps \u2013 Le Long De L'avenue, In\u00e9dits & Versions Rare 1965 Vinilin\u0117 Plok\u0161tel\u0117 | Vinilozona.lt\",\"isPartOf\":{\"@id\":\"https:\/\/vinilozona.lt\/#website\"},\"primaryImageOfPage\":{\"@id\":\"https:\/\/vinilozona.lt\/parduotuve\/rock-pop\/noel-deschamps-le-long-de-lavenue-inedits-versions-rare-1965\/#primaryimage\"},\"image\":{\"@id\":\"https:\/\/vinilozona.lt\/parduotuve\/rock-pop\/noel-deschamps-le-long-de-lavenue-inedits-versions-rare-1965\/#primaryimage\"},\"thumbnailUrl\":\"https:\/\/vinilozona.lt\/wp-content\/uploads\/2021\/05\/R-5574471-1396956793-3174.jpeg.jpg\",\"datePublished\":\"2025-05-13T02:15:29+00:00\",\"dateModified\":\"2025-05-13T03:55:48+00:00\",\"breadcrumb\":{\"@id\":\"https:\/\/vinilozona.lt\/parduotuve\/rock-pop\/noel-deschamps-le-long-de-lavenue-inedits-versions-rare-1965\/#breadcrumb\"},\"inLanguage\":\"en-GB\",\"potentialAction\":[{\"@type\":\"ReadAction\",\"target\":[\"https:\/\/vinilozona.lt\/parduotuve\/rock-pop\/noel-deschamps-le-long-de-lavenue-inedits-versions-rare-1965\/\"]}]},{\"@type\":\"ImageObject\",\"inLanguage\":\"en-GB\",\"@id\":\"https:\/\/vinilozona.lt\/parduotuve\/rock-pop\/noel-deschamps-le-long-de-lavenue-inedits-versions-rare-1965\/#primaryimage\",\"url\":\"https:\/\/vinilozona.lt\/wp-content\/uploads\/2021\/05\/R-5574471-1396956793-3174.jpeg.jpg\",\"contentUrl\":\"https:\/\/vinilozona.lt\/wp-content\/uploads\/2021\/05\/R-5574471-1396956793-3174.jpeg.jpg\",\"width\":200,\"height\":200},{\"@type\":\"BreadcrumbList\",\"@id\":\"https:\/\/vinilozona.lt\/parduotuve\/rock-pop\/noel-deschamps-le-long-de-lavenue-inedits-versions-rare-1965\/#breadcrumb\",\"itemListElement\":[{\"@type\":\"ListItem\",\"position\":1,\"name\":\"Home\",\"item\":\"https:\/\/vinilozona.lt\/\"},{\"@type\":\"ListItem\",\"position\":2,\"name\":\"Parduotuv\u0117\",\"item\":\"https:\/\/vinilozona.lt\/parduotuve\/\"},{\"@type\":\"ListItem\",\"position\":3,\"name\":\"Noel Deschamps \u2013 Le Long De L&#8217;avenue, In\u00e9dits &#038; Versions Rare 1965\"}]},{\"@type\":\"WebSite\",\"@id\":\"https:\/\/vinilozona.lt\/#website\",\"url\":\"https:\/\/vinilozona.lt\/\",\"name\":\"Vinilo Zona\",\"description\":\"Nup\u016bsk dulkes ir klausyk LP\",\"potentialAction\":[{\"@type\":\"SearchAction\",\"target\":{\"@type\":\"EntryPoint\",\"urlTemplate\":\"https:\/\/vinilozona.lt\/?s={search_term_string}\"},\"query-input\":{\"@type\":\"PropertyValueSpecification\",\"valueRequired\":true,\"valueName\":\"search_term_string\"}}],\"inLanguage\":\"en-GB\"}]}<\/script>\n<!-- \/ Yoast SEO plugin. -->","yoast_head_json":{"title":"Noel Deschamps \u2013 Le Long De L'avenue, In\u00e9dits & Versions Rare 1965 Vinilin\u0117 Plok\u0161tel\u0117 | Vinilozona.lt","robots":{"index":"index","follow":"follow","max-snippet":"max-snippet:-1","max-image-preview":"max-image-preview:large","max-video-preview":"max-video-preview:-1"},"canonical":"https:\/\/vinilozona.lt\/en\/parduotuve\/rock-pop\/noel-deschamps-le-long-de-lavenue-inedits-versions-rare-1965\/","og_locale":"en_GB","og_type":"article","og_title":"Noel Deschamps \u2013 Le Long De L'avenue, In\u00e9dits & Versions Rare 1965 Vinilin\u0117 Plok\u0161tel\u0117 | Vinilozona.lt","og_description":"Jukebox Magazine \u2013 30001 Format: Vinyl, LP, Compilation Country: France Released: 1985","og_url":"https:\/\/vinilozona.lt\/en\/parduotuve\/rock-pop\/noel-deschamps-le-long-de-lavenue-inedits-versions-rare-1965\/","og_site_name":"Vinilo Zona","article_modified_time":"2025-05-13T03:55:48+00:00","og_image":[{"width":200,"height":200,"url":"https:\/\/vinilozona.lt\/wp-content\/uploads\/2021\/05\/R-5574471-1396956793-3174.jpeg.jpg","type":"image\/jpeg"}],"twitter_card":"summary_large_image","twitter_misc":{"Estimated reading time":"1 minute"},"schema":{"@context":"https:\/\/schema.org","@graph":[{"@type":"WebPage","@id":"https:\/\/vinilozona.lt\/parduotuve\/rock-pop\/noel-deschamps-le-long-de-lavenue-inedits-versions-rare-1965\/","url":"https:\/\/vinilozona.lt\/parduotuve\/rock-pop\/noel-deschamps-le-long-de-lavenue-inedits-versions-rare-1965\/","name":"Noel Deschamps \u2013 Le Long De L'avenue, In\u00e9dits & Versions Rare 1965 Vinilin\u0117 Plok\u0161tel\u0117 | Vinilozona.lt","isPartOf":{"@id":"https:\/\/vinilozona.lt\/#website"},"primaryImageOfPage":{"@id":"https:\/\/vinilozona.lt\/parduotuve\/rock-pop\/noel-deschamps-le-long-de-lavenue-inedits-versions-rare-1965\/#primaryimage"},"image":{"@id":"https:\/\/vinilozona.lt\/parduotuve\/rock-pop\/noel-deschamps-le-long-de-lavenue-inedits-versions-rare-1965\/#primaryimage"},"thumbnailUrl":"https:\/\/vinilozona.lt\/wp-content\/uploads\/2021\/05\/R-5574471-1396956793-3174.jpeg.jpg","datePublished":"2025-05-13T02:15:29+00:00","dateModified":"2025-05-13T03:55:48+00:00","breadcrumb":{"@id":"https:\/\/vinilozona.lt\/parduotuve\/rock-pop\/noel-deschamps-le-long-de-lavenue-inedits-versions-rare-1965\/#breadcrumb"},"inLanguage":"en-GB","potentialAction":[{"@type":"ReadAction","target":["https:\/\/vinilozona.lt\/parduotuve\/rock-pop\/noel-deschamps-le-long-de-lavenue-inedits-versions-rare-1965\/"]}]},{"@type":"ImageObject","inLanguage":"en-GB","@id":"https:\/\/vinilozona.lt\/parduotuve\/rock-pop\/noel-deschamps-le-long-de-lavenue-inedits-versions-rare-1965\/#primaryimage","url":"https:\/\/vinilozona.lt\/wp-content\/uploads\/2021\/05\/R-5574471-1396956793-3174.jpeg.jpg","contentUrl":"https:\/\/vinilozona.lt\/wp-content\/uploads\/2021\/05\/R-5574471-1396956793-3174.jpeg.jpg","width":200,"height":200},{"@type":"BreadcrumbList","@id":"https:\/\/vinilozona.lt\/parduotuve\/rock-pop\/noel-deschamps-le-long-de-lavenue-inedits-versions-rare-1965\/#breadcrumb","itemListElement":[{"@type":"ListItem","position":1,"name":"Home","item":"https:\/\/vinilozona.lt\/"},{"@type":"ListItem","position":2,"name":"Parduotuv\u0117","item":"https:\/\/vinilozona.lt\/parduotuve\/"},{"@type":"ListItem","position":3,"name":"Noel Deschamps \u2013 Le Long De L&#8217;avenue, In\u00e9dits &#038; Versions Rare 1965"}]},{"@type":"WebSite","@id":"https:\/\/vinilozona.lt\/#website","url":"https:\/\/vinilozona.lt\/","name":"Vinilo Zona","description":"Nup\u016bsk dulkes ir klausyk LP","potentialAction":[{"@type":"SearchAction","target":{"@type":"EntryPoint","urlTemplate":"https:\/\/vinilozona.lt\/?s={search_term_string}"},"query-input":{"@type":"PropertyValueSpecification","valueRequired":true,"valueName":"search_term_string"}}],"inLanguage":"en-GB"}]}},"_links":{"self":[{"href":"https:\/\/vinilozona.lt\/en\/wp-json\/wp\/v2\/product\/15244"}],"collection":[{"href":"https:\/\/vinilozona.lt\/en\/wp-json\/wp\/v2\/product"}],"about":[{"href":"https:\/\/vinilozona.lt\/en\/wp-json\/wp\/v2\/types\/product"}],"wp:featuredmedia":[{"embeddable":true,"href":"https:\/\/vinilozona.lt\/en\/wp-json\/wp\/v2\/media\/15247"}],"wp:attachment":[{"href":"https:\/\/vinilozona.lt\/en\/wp-json\/wp\/v2\/media?parent=15244"}],"wp:term":[{"taxonomy":"product_cat","embeddable":true,"href":"https:\/\/vinilozona.lt\/en\/wp-json\/wp\/v2\/product_cat?post=15244"},{"taxonomy":"product_tag","embeddable":true,"href":"https:\/\/vinilozona.lt\/en\/wp-json\/wp\/v2\/product_tag?post=15244"}],"curies":[{"name":"wp","href":"https:\/\/api.w.org\/{rel}","templated":true}]}}